{"id":4594,"date":"2016-08-06T04:56:52","date_gmt":"2016-08-06T01:56:52","guid":{"rendered":"http:\/\/blogs.magicjudges.org\/rules\/?page_id=4594"},"modified":"2018-04-23T17:41:59","modified_gmt":"2018-04-23T14:41:59","slug":"ipg3-9-fr","status":"publish","type":"page","link":"https:\/\/blogs.magicjudges.org\/rules\/ipg3-9-fr\/","title":{"rendered":"IPG 3.9 Erreur de tournoi \u2014 M\u00e9lange insuffisant"},"content":{"rendered":"<div style=\"padding-right: 20px;float: left;width: 80%;margin-top: 0px\">\n<h2>D\u00e9finition<\/h2>\n<p>Un joueur, de mani\u00e8re non intentionnelle, ne m\u00e9lange pas suffisamment tout ou partie de son deck avant de le pr\u00e9senter \u00e0 son adversaire ou ne le pr\u00e9sente pas \u00e0 son adversaire pour que celui-ci le m\u00e9lange aussi. Un deck n&#8217;est pas m\u00e9lang\u00e9 si l&#8217;arbitre pense qu&#8217;un joueur peut conna\u00eetre la position ou la r\u00e9partition d&#8217;une ou plusieurs cartes dans sa biblioth\u00e8que.<\/p>\n<\/div>\n<div style=\"float: right;width: 20%;margin-top: 0px;margin-bottom: -20px;text-align: center\"><div class=\"alert alert-warning\" role=\"alert\"> <\/p>\n<p style=\"text-align: center;margin-top: 10px;margin-left: -10px\"><strong>P\u00e9nalit\u00e9<\/strong><\/p>\n<p style=\"text-align: center;margin-bottom: 10px;margin-left: -12px\">Warning<\/p>\n<p><\/div><\/p>\n<\/div>\n<br style=\"clear: both; height: 1px; margin: -1px 0pt 0pt; overflow: hidden;\">\n<p style=\"margin-top: -30px\"><div class=\"alert alert-info\" role=\"alert\"> <em>Quand les joueurs m\u00e9langent leurs biblioth\u00e8ques, l&#8217;objectif est de perdre la trace des cartes dans la biblioth\u00e8que et de mettre la biblioth\u00e8que dans un ordre inconnu. Si vous pensez qu&#8217;il est possible qu&#8217;un joueur connaisse la position approximative d&#8217;une carte voire de plusieurs cartes au sein d&#8217;une biblioth\u00e8que (ex : le joueur sait dans quel quart une carte donn\u00e9e se trouve, ou il n&#8217;a pas assez m\u00e9lang\u00e9 pour casser l&#8217;ordre : sort, sort, terrain) alors la biblioth\u00e8que n&#8217;est pas assez m\u00e9lang\u00e9e. Le nombre exact de m\u00e9langes requis n&#8217;est pas quelque chose que nous pouvons d\u00e9finir avec pr\u00e9cision, parce que \u00e7a d\u00e9pend du nombre de cartes \u00e0 r\u00e9partir al\u00e9atoirement, mais si vous sentez qu&#8217;une biblioth\u00e8que pourrait ne pas avoir \u00e9t\u00e9 m\u00e9lang\u00e9 assez scrupuleusement alors cela correspond probablement \u00e0 cette infraction. Une fois qu\u2019un joueur a m\u00e9lang\u00e9 sa blbioth\u00e8que pour quelque raison que ce soit, il doit la pr\u00e9senter \u00e0 son adversaire pour que ce dernier puisse la m\u00e9langer \u00e0 son tour. Ne pas le faire est p\u00e9nalis\u00e9 par cette infraction.<\/em><\/p>\n<p><em>G\u00e9n\u00e9ralement cela arrive parce que le joueur est paresseux, qu&#8217;il a pris de mauvaises habitudes de m\u00e9lange, ou qu&#8217;il a juste la t\u00eate dans les nuages pendant qu&#8217;il m\u00e9lange. Toutefois, si vous croyez qu&#8217;un joueur ne m\u00e9lange pas assez minutieusement de fa\u00e7on intentionnelle, envisagez qu&#8217;il <a href=\"http:\/\/blogs.magicjudges.org\/rules\/ipg4-8-fr\/\">triche<\/a>.<\/em><\/div><\/p>\n<h2 style=\"text-align: justify\">Exemples<\/h2>\n<ul class=\"list-group\" style=\"text-align: justify;margin-left: 0px;margin-bottom: 5px\">\n<li class=\"list-group-item\"><strong>A.<\/strong> Un joueur oublie de m\u00e9langer sa biblioth\u00e8que apr\u00e8s avoir cherch\u00e9 une carte dedans.<\/li>\n<li class=\"list-group-item\"><strong>B.<\/strong> Un joueur cherche une carte dans sa biblioth\u00e8que puis ne fait qu&#8217;un seul riffle-shuffle (m\u00e9lange poker) pour la m\u00e9langer avant de la pr\u00e9senter \u00e0 son adversaire.<\/li>\n<li class=\"list-group-item\"><strong>C.<\/strong> Un joueur \u00e9choue \u00e0 m\u00e9langer de mani\u00e8re suffisante la partie de sa biblioth\u00e8que r\u00e9v\u00e9l\u00e9e durant la r\u00e9solution de la capacit\u00e9 \u00ab cascade. \u00bb<\/li>\n<\/ul>\n<div class=\"alert alert-info\" role=\"alert\"> <em>Le premier exemple est tr\u00e8s simple : \u00ab\u00a0Oups, j&#8217;ai oubli\u00e9 de m\u00e9langer\u00a0\u00bb. Vous pourriez penser que des choses comme celles-l\u00e0 n&#8217;arrivent jamais, mais c&#8217;est tout \u00e0 fait possible avec tout ce qui se passe pendant la partie. Le deuxi\u00e8me exemple est probablement le plus r\u00e9pandu parmi les joueurs inexp\u00e9riment\u00e9s, ou les joueurs qui sont press\u00e9s \u2014 ceux qui se contentent de ne donner \u00e0 la biblioth\u00e8que qu&#8217;un ou deux m\u00e9langes rapides et de couper. Le troisi\u00e8me exemple est simplement une extension du premier, o\u00f9 quelqu&#8217;un ne m\u00e9lange pas une partie de sa biblioth\u00e8que, ou une pile de cartes qui doivent \u00eatre m\u00e9lang\u00e9es, soit parce qu&#8217;il oublie de le faire ou parce qu&#8217;il pense qu&#8217;il n&#8217;est pas oblig\u00e9 de le faire.<\/em><\/div>\n<h2 style=\"text-align: justify\">Philosophie<\/h2>\n<p style=\"text-align: justify;margin-bottom: 0px\">Les joueurs doivent faire attention \u00e0 bien m\u00e9langer leur deck lorsqu&#8217;il le faut. Ils doivent \u00e9galement comprendre ce que m\u00e9langer de mani\u00e8re al\u00e9atoire signifie et pouvoir le faire.<\/p>\n<div class=\"alert alert-info\" role=\"alert\"> Il s&#8217;agit d&#8217;un jeu de cartes. Cela requiert de manipuler des cartes. Il est de la responsabilit\u00e9 des joueurs d&#8217;\u00eatre capables de r\u00e9partir ses cartes al\u00e9atoirement et il est raisonnable d&#8217;attendre d\u2019eux qu&#8217;ils sachent le faire.<\/div>\n<p style=\"text-align: justify;margin-bottom: 0px\">Cependant, comme l&#8217;adversaire a la possibilit\u00e9 de m\u00e9langer la biblioth\u00e8que apr\u00e8s que son propri\u00e9taire l&#8217;a m\u00e9lang\u00e9e, la possibilit\u00e9 qu&#8217;un joueur en tire un avantage est minimis\u00e9e si les proc\u00e9dures de tournoi sont respect\u00e9es.<\/p>\n<div class=\"alert alert-info\" role=\"alert\"> <em>Il est ais\u00e9 d&#8217;essayer de tirer avantage d&#8217;un m\u00e9lange insuffisant, depuis la tentative complexe de manipuler la biblioth\u00e8que tout enti\u00e8re et la r\u00e9partition de son mana, jusqu&#8217;au simple essai de manipuler la position g\u00e9n\u00e9rale d&#8217;un ou deux cartes dans la biblioth\u00e8que. Auparavant la p\u00e9nalit\u00e9 \u00e9tait un Game Loss pour refl\u00e9ter ce potentiel d&#8217;abus. Cela avait pour cons\u00e9quence que de nombreux joueurs d\u00e9butants ou paresseux recevaient des Game Loss parce qu&#8217;ils n&#8217;\u00e9taient pas au courant ou qu&#8217;ils ne pensaient pas que m\u00e9langer f\u00fbt si important. Toutefois, d\u00e9sormais, l&#8217;adversaire a l&#8217;obligation de m\u00e9langer la biblioth\u00e8que quand on la lui pr\u00e9sente. Cela \u00e9limine virtuellement le potentiel d&#8217;abus. Depuis que cette r\u00e8gle a \u00e9t\u00e9 instaur\u00e9e, nous sommes \u00e0 l&#8217;aise avec l&#8217;id\u00e9e que la p\u00e9nalit\u00e9 normale soit d\u00e9sormais un Warning.<\/em><\/div>\n<p style=\"text-align: justify;margin-bottom: 0px\">\u00c0 tout moment o\u00f9 des cartes d&#8217;une biblioth\u00e8que ont pu \u00eatre vues, m\u00eame au milieu d&#8217;un m\u00e9lange, la biblioth\u00e8que n&#8217;est plus m\u00e9lang\u00e9e, m\u00eame si le joueur ne conna\u00eet les positions que d&#8217;une ou deux cartes. Lorsqu&#8217;ils m\u00e9langent, les joueurs doivent faire attention \u00e0 ne pas voir de cartes, ni en montrer \u00e0 leurs adversaires ou co\u00e9quipiers.<\/p>\n<div class=\"alert alert-info\" role=\"alert\"> <em>Les cartes dans la biblioth\u00e8que ne doivent \u00eatre r\u00e9v\u00e9l\u00e9es \u00e0 personne pendant qu&#8217;elle est m\u00e9lang\u00e9e, sinon elle n&#8217;est pas al\u00e9atoire (m\u00eame si la plus grande partie de la biblioth\u00e8que l&#8217;est). Si vous effectuez un m\u00e9lange \u00ab\u00a0poker\u00a0\u00bb dix fois, puis que vous effectuez un dernier m\u00e9lange face visible pour plier les cartes dans l&#8217;autre sens, alors il n&#8217;est plus m\u00e9lang\u00e9\u00a0; vous devez recommencer \u00e0 z\u00e9ro. Dans les parties en \u00e9quipe, m\u00e9langer sans regarder mais en direction de votre partenaire ne convient pas non plus. M\u00e9langer de telle sorte que votre adversaire voit vos cartes n&#8217;est pas une bonne id\u00e9e, strat\u00e9giquement parlant, mais cela ne m\u00e9rite aucune p\u00e9nalit\u00e9.<\/em><\/div>\n<p style=\"text-align: justify;margin-bottom: 0px\">Les joueurs devraient m\u00e9langer leur deck avec des m\u00e9thodes multiples. Faire des tas de fa\u00e7on r\u00e9guli\u00e8re ne suffit pas \u00e0 m\u00e9langer un deck et n&#8217;est autoris\u00e9 qu&#8217;en d\u00e9but de partie.<\/p>\n<div class=\"alert alert-info\" role=\"alert\"> <em>Pendant le m\u00e9lange, plusieurs types de m\u00e9langes doivent \u00eatre utilis\u00e9s pour garantir que la biblioth\u00e8que est bien al\u00e9atoire. Six \u00e0 huit m\u00e9langes \u00ab\u00a0poker\u00a0\u00bb ou \u00ab\u00a0sur le c\u00f4t\u00e9\u00a0\u00bb suffisent \u00e0 rendre une biblioth\u00e8que al\u00e9atoire. Un \u00ab\u00a0m\u00e9lange\u00a0\u00bb courant est le m\u00e9lange en piles. Ce n&#8217;est pas vraiment du m\u00e9lange. Ce n&#8217;est m\u00eame pas une \u00e9tape de m\u00e9lange. \u00c7a ne compte pas. Si un joueur fait plus d\u2019un m\u00e9lange en pile, ne donnez pas de p\u00e9nalit\u00e9, mais rappelez que ce n\u2019est pas autoris\u00e9 et proposez une m\u00e9thode plus ad\u00e9quate.<\/em><\/div>\n<p style=\"text-align: justify;margin-bottom: 0px\">La manipulation, le \u00ab mana-weaving \u00bb (r\u00e9partition uniforme entre terrains et sorts) ou le classement avant un m\u00e9lange sont autoris\u00e9s tant que le deck est suffisamment m\u00e9lang\u00e9 apr\u00e8s coup.<\/p>\n<div class=\"alert alert-info\" role=\"alert\"> Quand un joueur s\u2019assoit \u00e0 sa table, son deck est dans un ordre donn\u00e9. Il peut \u00eatre class\u00e9 par ordre alphab\u00e9tique, \u00ab\u00a0deux sorts, un terrain\u00a0\u00bb ou m\u00eame avoir des cartes sp\u00e9cifiques \u00e0 des endroits bien pr\u00e9cis. Bien que cela puisse susciter quelques inqui\u00e9tudes, il n\u2019y a pas de probl\u00e8me tant que le deck est suffisamment m\u00e9lang\u00e9 par la suite\u00a0: un m\u00e9lange ad\u00e9quat d\u00e9truit toute trace de manipulation ant\u00e9rieure. Le fait que l\u2019adversaire m\u00e9lange \u00e9galement est une garantie suppl\u00e9mentaire que la biblioth\u00e8que sera dans un ordre al\u00e9atoire. Manipuler un deck avant un m\u00e9lange suffisant est une simple question de tranquillit\u00e9 d\u2019esprit. Manipuler un deck avant un m\u00e9lange insuffisant est un Warning si c&#8217;est accidentel ou une disqualification si c&#8217;est intentionnel.<\/div>\n<h2 style=\"text-align: justify\">Proc\u00e9dure suppl\u00e9mentaire<\/h2>\n<p style=\"text-align: justify;margin-bottom: 0px\">M\u00e9langez minutieusement la partie al\u00e9atoire du deck.<\/p>\n<div class=\"alert alert-info\" role=\"alert\"> La proc\u00e9dure est simple \u2014 fa\u00eetes-lui m\u00e9langer ses cartes. Vous devriez prendre quelques instants pour expliquer rapidement quels types de m\u00e9langes sont requis et pourquoi ils sont n\u00e9cessaires, tout en rappelant \u00e0 l&#8217;autre joueur qu&#8217;il doit m\u00e9langer la biblioth\u00e8que de son adversaire. En r\u00e8gle g\u00e9n\u00e9rale, ce ne sont pas les arbitres qui m\u00e9langent, mais les joueurs. Cela \u00e9vite que les arbitres se retrouvent mis en cause si des pochettes sont ab\u00eem\u00e9es pendant le m\u00e9lange ou si une carte tombe du deck. Cela \u00e9vite aussi \u00e0 l&#8217;arbitre d&#8217;\u00eatre bl\u00e2m\u00e9 si le joueur pioche une mauvaise main apr\u00e8s le m\u00e9lange.<\/p>\n<p>Gardez \u00e0 l&#8217;esprit que certaines cartes peuvent \u00eatre tri\u00e9es dans la biblioth\u00e8que, donc leur position doit \u00eatre pr\u00e9serv\u00e9e si elles ne sont pas cens\u00e9es faire partie du m\u00e9lange. Quand vous tentez de r\u00e9parer les probl\u00e8mes de m\u00e9lange insuffisant, c&#8217;est une bonne id\u00e9e de jeter un coup d&#8217;\u0153il dans les cimeti\u00e8res des deux joueurs ainsi qu&#8217;aux permanents sur le champ de bataille. Il est \u00e9galement n\u00e9cessaire de poser des questions \u00e0 propos des cartes connues dans la biblioth\u00e8que. Prenez cela en consid\u00e9ration \u00e0 chaque fois que vous traitez un probl\u00e8me de m\u00e9lange.<\/div>\n","protected":false},"excerpt":{"rendered":"<p>D\u00e9finition Un joueur, de mani\u00e8re non intentionnelle, ne m\u00e9lange pas suffisamment tout ou partie de son deck avant de le pr\u00e9senter \u00e0 son adversaire ou ne le pr\u00e9sente pas \u00e0 son adversaire pour que celui-ci le m\u00e9lange aussi. Un deck n&#8217;est pas m\u00e9lang\u00e9 si l&#8217;arbitre pense qu&#8217;un joueur peut conna\u00eetre la position ou la r\u00e9partition [&hellip;]<\/p>\n","protected":false},"author":249,"featured_media":0,"parent":0,"menu_order":0,"comment_status":"closed","ping_status":"closed","template":"page_width-index.php","meta":{"footnotes":"","_links_to":"","_links_to_target":""},"language":[9],"class_list":["post-4594","page","type-page","status-publish","hentry","language-fr"],"_links":{"self":[{"href":"https:\/\/blogs.magicjudges.org\/rules\/wp-json\/wp\/v2\/pages\/4594","targetHints":{"allow":["GET"]}}],"collection":[{"href":"https:\/\/blogs.magicjudges.org\/rules\/wp-json\/wp\/v2\/pages"}],"about":[{"href":"https:\/\/blogs.magicjudges.org\/rules\/wp-json\/wp\/v2\/types\/page"}],"author":[{"embeddable":true,"href":"https:\/\/blogs.magicjudges.org\/rules\/wp-json\/wp\/v2\/users\/249"}],"replies":[{"embeddable":true,"href":"https:\/\/blogs.magicjudges.org\/rules\/wp-json\/wp\/v2\/comments?post=4594"}],"version-history":[{"count":7,"href":"https:\/\/blogs.magicjudges.org\/rules\/wp-json\/wp\/v2\/pages\/4594\/revisions"}],"predecessor-version":[{"id":7734,"href":"https:\/\/blogs.magicjudges.org\/rules\/wp-json\/wp\/v2\/pages\/4594\/revisions\/7734"}],"wp:attachment":[{"href":"https:\/\/blogs.magicjudges.org\/rules\/wp-json\/wp\/v2\/media?parent=4594"}],"wp:term":[{"taxonomy":"language","embeddable":true,"href":"https:\/\/blogs.magicjudges.org\/rules\/wp-json\/wp\/v2\/language?post=4594"}],"curies":[{"name":"wp","href":"https:\/\/api.w.org\/{rel}","templated":true}]}}