{"id":4598,"date":"2016-08-06T04:45:17","date_gmt":"2016-08-06T01:45:17","guid":{"rendered":"http:\/\/blogs.magicjudges.org\/rules\/?page_id=4598"},"modified":"2018-04-05T18:51:45","modified_gmt":"2018-04-05T15:51:45","slug":"ipg3-2-fr","status":"publish","type":"page","link":"https:\/\/blogs.magicjudges.org\/rules\/ipg3-2-fr\/","title":{"rendered":"3.2 Erreur de tournoi \u2014 Assistance ext\u00e9rieure"},"content":{"rendered":"<div style=\"padding-right: 20px;float: left;width: 80%;margin-top: 0px\">\n<h2>D\u00e9finition<\/h2>\n<p>Un joueur, un spectateur ou tout autre participant au tournoi commet l&#8217;un des actes suivants :<\/p>\n<\/div>\n<div style=\"float: right;width: 20%;margin-top: 0px;margin-bottom: -20px;text-align: center\">\n<div class=\"alert alert-warning\" role=\"alert\"> <\/p>\n<p style=\"text-align: center;margin-top: 10px;margin-left: -10px\"><strong>P\u00e9nalit\u00e9<\/strong><\/p>\n<p style=\"text-align: center;margin-bottom: 10px;margin-left: -6px\">Match Loss<\/p>\n<p><\/div>\n<\/div>\n<br style=\"clear: both; height: 1px; margin: -1px 0pt 0pt; overflow: hidden;\">\n<ul style=\"margin-top: 0px\">\n<li>Il recherche des conseils de jeu ou des informations cach\u00e9es de la part d&#8217;autres personnes alors qu&#8217;il est d\u00e9j\u00e0 assis \u00e0 sa table pour la ronde.<br \/>\n<div class=\"alert alert-info\" role=\"alert\"> <em>D\u00e8s qu&#8217;un joueur s&#8217;est assis \u00e0 sa table de match, il n&#8217;a plus le droit de recevoir des instructions ou des informations \u00e0 propos de ce match. Il n&#8217;est pas interdit de parler avec un spectateur ou un autre joueur, tant que cette discussion ne comporte aucune information susceptible d&#8217;influencer le match du joueur. Cela n&#8217;inclut pas une demande de conseils pr\u00e8s du panneau d&#8217;affichage ou du stand d&#8217;un marchand, ou \u00e0 l&#8217;ext\u00e9rieur en fumant une cigarette. Il est normal que les joueurs discutent des decks qu&#8217;ils ont affront\u00e9s ou contre lesquels ils pensent jouer. Nous ne pouvons pas contr\u00f4ler ce dont ils parlent dans les espaces de d\u00e9tente.<\/em><\/div><\/li>\n<li>Il donne des conseils de jeu ou des informations cach\u00e9es \u00e0 un joueur d\u00e9j\u00e0 assis \u00e0 sa table pour la ronde.<br \/>\n<div class=\"alert alert-info\" role=\"alert\"> <em>Ce sc\u00e9nario se produit souvent lorsqu&#8217;un spectateur, ou un joueur qui vient de terminer son match, observe un ami en train de jouer. Tout particuli\u00e8rement pour les joueurs qui participent encore au tournoi, un tel comportement doit \u00eatre sanctionn\u00e9 et le Match Loss doit \u00eatre inflig\u00e9. Gardez \u00e0 l&#8217;esprit que nous parlons de \u00ab conseils de jeu \u00bb. \u00ab N&#8217;oublie pas d&#8217;attaquer \u00bb est un conseil de jeu ; \u00ab Abandonne, histoire qu&#8217;on puisse aller manger \u00bb n&#8217;est pas un conseil de jeu \u2013 bien que ces deux phrases peuvent amener \u00e0 ce que la partie se termine. <\/em><\/div><\/li>\n<li>Pendant une partie, il consulte des notes (autres que des pages Oracle\u2122) prises avant le d\u00e9but officiel de cette ronde.<br \/>\n<div class=\"alert alert-info\" role=\"alert\"> <em>Les notes peuvent prendre des formes vari\u00e9es ; g\u00e9n\u00e9ralement elles sont manuscrites. Bien que regarder ses notes entre deux parties soit acceptable, \u00e7a reste interdit pendant une partie. Une exception existe : il est permis de consulter le texte officiel Oracle \u00e0 tout moment pendant un match. Le plus souvent les joueurs appelleront un arbitre, mais ils peuvent aussi consulter un texte Oracle imprim\u00e9, du moment qu&#8217;ils le font <strong>rapidement<\/strong> (ex : si quelqu&#8217;un a imprim\u00e9 tous les textes Oracle de toutes les cartes du format).<\/em><\/div><\/li>\n<\/ul>\n<p style=\"text-align: justify;margin-bottom: 0px\">Tout ceci s&#8217;applique \u00e0 n&#8217;importe quelle p\u00e9riode de construction et de draft dans un tournoi en limit\u00e9. Qui plus est, aucune note ne peut \u00eatre prise au cours d&#8217;un draft. Certains formats par \u00e9quipes ont des r\u00e8gles suppl\u00e9mentaires sur la communication qui peuvent modifier la d\u00e9finition de cette infraction.<\/p>\n<div class=\"alert alert-info\" role=\"alert\"> <em>Pendant un \u00e9v\u00e9nement en format Limit\u00e9, que ce soit un draft ou un scell\u00e9, pendant la construction de deck ou la phase de draft les joueurs doivent \u00eatre trait\u00e9s comme s&#8217;ils \u00e9taient \u00ab\u00a0dans un match \u00bb, et tout comportement qui correspond \u00e0 la d\u00e9finition ci-dessus sera consid\u00e9r\u00e9 comme de \u00ab l&#8217;assistance ext\u00e9rieure \u00bb. Demander quel pick choisir en draft, ou combien de For\u00eats jouer, ou \u00ab As-tu forc\u00e9 le Blanc ? \u00bb en sont quelques exemples. Dans certains formats, comme le Troll \u00e0 Deux T\u00eates et les tournois en \u00e9quipes, les membres d&#8217;une m\u00eame \u00e9quipe peuvent discuter entre eux des decks et des strat\u00e9gies donc l&#8217;Outside Assistance ne s&#8217;applique pas \u00e0 ces discussions.<\/em><\/div>\n<p style=\"text-align: justify;margin-bottom: 0px\">Les notes prises en dehors du match en cours peuvent uniquement \u00eatre consult\u00e9es entre les parties, et doivent \u00eatre en possession du joueur depuis le d\u00e9but du match.<\/p>\n<div class=\"alert alert-info\" role=\"alert\"> <em>Ces notes peuvent contenir par exemple des strat\u00e9gies d&#8217;utilisation du sideboard en fonction des matchups. Des notes prises pendant la premi\u00e8re partie peuvent \u00eatre relues pendant la deuxi\u00e8me partie. Le \u00ab d\u00e9but du match \u00bb est la fronti\u00e8re parce qu&#8217;il en faut bien une, et que celle-ci est la plus pertinente. Les joueurs ne peuvent pas surfer sur internet entre deux parties \u00e0 la recherche de strat\u00e9gie d&#8217;utilisation du sideboard.<\/em><\/div>\n<h2 style=\"text-align: justify\">Exemples<\/h2>\n<ul class=\"list-group\" style=\"text-align: justify;margin-left: 0px\">\n<li class=\"list-group-item\"><strong>A.<\/strong> Pendant une partie, un joueur consulte des notes sur le jeu qui ont \u00e9t\u00e9 faites avant le tournoi.<\/li>\n<li class=\"list-group-item\"><strong>B.<\/strong> Un spectateur indique la mani\u00e8re dont un joueur devrait jouer alors que ce dernier n&#8217;a rien demand\u00e9.<\/li>\n<\/ul>\n<h2 style=\"text-align: justify;margin-top: 20px\">Philosophie<\/h2>\n<p style=\"text-align: justify;margin-bottom: 0px\">Les tournois \u00e9valuent les comp\u00e9tences d&#8217;un joueur et non sa capacit\u00e9 \u00e0 suivre des conseils ou des instructions ext\u00e9rieures. Tout conseil d&#8217;ordre strat\u00e9gique, de jeu ou de construction provenant d&#8217;une source ext\u00e9rieure rel\u00e8ve du domaine de l&#8217;Outside Assistance.<\/p>\n<div class=\"alert alert-info\" role=\"alert\"> <em>Une partie est une confrontation entre deux joueurs. Pas entre un joueur, et un autre joueur avec son copain, ou Google, ou la galaxie Twitter. Pour n&#8217;importe quelle instruction \u2014 un mot, un bout de papier, ou m\u00eame un simple geste \u2014 ou n&#8217;importe quelle demande d&#8217;information, si l&#8217;arbitre croit qu&#8217;elle a fourni un conseil de strat\u00e9gie, de jeu ou de construction, il la traitera comme de l&#8217;assistance ext\u00e9rieure.<\/em><\/p>\n<p><em>Toutefois gardez \u00e0 l&#8217;esprit (et ceci est controvers\u00e9 dans certains milieux) que demander ou dire \u00e0 un joueur les r\u00e9sultats d&#8217;un autre match n&#8217;est pas de l&#8217;assistance ext\u00e9rieure, m\u00eame si cette information est utilis\u00e9e pour finir la partie.<\/em><\/div>\n<p style=\"text-align: justify;margin-bottom: 0px\">Les modifications visuelles sur les cartes, incluant de brefs textes qui donnent des informations strat\u00e9giques mineures ou des indices, sont accept\u00e9es et ne sont pas consid\u00e9r\u00e9es comme des notes. Les cartes ne peuvent cependant pas contenir d&#8217;instructions d\u00e9taill\u00e9es ou de conseils strat\u00e9giques complexes. Le Head-Judge est l&#8217;autorit\u00e9 finale pour d\u00e9cider quelles cartes et notes sont acceptables pour le tournoi.<\/p>\n<div class=\"alert alert-info\" role=\"alert\"> <em>Certains joueurs r\u00e9digent leurs notes sur des cartes, lesquelles peuvent contenir des informations strat\u00e9giques. Quelques mots, une marque, ou un dessin sont tol\u00e9r\u00e9s, mais une phrase enti\u00e8re d\u00e9passe la limite autoris\u00e9e. En guise d&#8217;exemples citons des points sur le recto des cartes du sideboard, ou \u00ab fais-moi attaquer \u00bb sur une <a href=\"https:\/\/blogs.magicjudges.org\/rules\/wp-content\/plugins\/lems-mtg-helper\/lems-mtg-helper-cardfinder.php?find=Boule+fulgurante&width=223&height=310\" class=\"jTip\" name=\"\">Boule fulgurante<\/a>, ou un <a href=\"https:\/\/blogs.magicjudges.org\/rules\/wp-content\/plugins\/lems-mtg-helper\/lems-mtg-helper-cardfinder.php?find=Mage+aux+breloques&width=223&height=310\" class=\"jTip\" name=\"\">Mage aux breloques<\/a> alter\u00e9 pour le montrer en train d&#8217;examiner un artefact sp\u00e9cifique (celui \u00e0 r\u00e9cup\u00e9rer). Si vous n&#8217;\u00eates pas s\u00fbr que ce type de modification visuelle soit acceptable, demandez au Head-Judge.<\/em><\/div>\n<p style=\"text-align: justify;margin-bottom: 0px\">L&#8217;arbitre peut demander \u00e0 un spectateur commettant cette infraction de quitter la salle s&#8217;il ne participe pas au tournoi.<\/p>\n<div class=\"alert alert-info\" role=\"alert\"> <em>Pour les joueurs qui participent encore au tournoi, Outside Assistance est l&#8217;\u00c9p\u00e9e de Damocl\u00e8s qui les dissuade de donner des conseils aux autres ou de solliciter leur aide. N\u00e9anmoins les spectateurs n&#8217;ont pas besoin de s&#8217;inqui\u00e9ter de l&#8217;\u00e9ventuelle punition parce qu&#8217;ils n&#8217;ont pas de \u00ab\u00a0prochain match \u00bb auquel un Match Loss s&#8217;appliquerait. Dans ces cas-l\u00e0, les arbitres doivent demander poliment aux spectateurs de quitter les lieux ; cela adresse un avertissement aux autres spectateurs qui ne peuvent pas s&#8217;emp\u00eacher de parler \u00e0 propos de la partie en cours pendant qu&#8217;ils regardent les autres.<\/em><\/p>\n<p>Ne pas \u00eatre inscrit au tournoi ne vous prot\u00e8ge pas de cette infraction. Si un spectateur commet cette infraction et n&#8217;est pas inscrit au tournoi, inscrivez-le, attribuez-lui l&#8217;infraction, puis retirez-le de l&#8217;\u00e9v\u00e9nement.<\/div>\n<h5 style=\"width: 140px;text-align: center\"><div class=\"card\"><div class=\"card-header\">Diminution<\/div><\/div><\/h5>\n<p>Si le joueur aurait pu avoir l\u00e9galement acc\u00e8s \u00e0 l&#8217;information entre deux parties, la p\u00e9nalit\u00e9 est un Game Loss.<\/p>\n<div class=\"alert alert-info\" role=\"alert\"> Dans cette situation, l&#8217;avantage que le joueur tire de son infraction ne dure pas au del\u00e0 de la partie en cours : il aurait eu acc\u00e8s \u00e0 ces information d\u00e8s la fin de cette partie. La p\u00e9nalit\u00e9 est donc diminu\u00e9e en un Game Loss.<\/div>\n","protected":false},"excerpt":{"rendered":"<p>D\u00e9finition Un joueur, un spectateur ou tout autre participant au tournoi commet l&#8217;un des actes suivants : Il recherche des conseils de jeu ou des informations cach\u00e9es de la part d&#8217;autres personnes alors qu&#8217;il est d\u00e9j\u00e0 assis \u00e0 sa table pour la ronde. Il donne des conseils de jeu ou des informations cach\u00e9es \u00e0 un [&hellip;]<\/p>\n","protected":false},"author":249,"featured_media":0,"parent":0,"menu_order":0,"comment_status":"closed","ping_status":"closed","template":"page_width-index.php","meta":{"footnotes":"","_links_to":"","_links_to_target":""},"language":[9],"class_list":["post-4598","page","type-page","status-publish","hentry","language-fr"],"_links":{"self":[{"href":"https:\/\/blogs.magicjudges.org\/rules\/wp-json\/wp\/v2\/pages\/4598","targetHints":{"allow":["GET"]}}],"collection":[{"href":"https:\/\/blogs.magicjudges.org\/rules\/wp-json\/wp\/v2\/pages"}],"about":[{"href":"https:\/\/blogs.magicjudges.org\/rules\/wp-json\/wp\/v2\/types\/page"}],"author":[{"embeddable":true,"href":"https:\/\/blogs.magicjudges.org\/rules\/wp-json\/wp\/v2\/users\/249"}],"replies":[{"embeddable":true,"href":"https:\/\/blogs.magicjudges.org\/rules\/wp-json\/wp\/v2\/comments?post=4598"}],"version-history":[{"count":9,"href":"https:\/\/blogs.magicjudges.org\/rules\/wp-json\/wp\/v2\/pages\/4598\/revisions"}],"predecessor-version":[{"id":7684,"href":"https:\/\/blogs.magicjudges.org\/rules\/wp-json\/wp\/v2\/pages\/4598\/revisions\/7684"}],"wp:attachment":[{"href":"https:\/\/blogs.magicjudges.org\/rules\/wp-json\/wp\/v2\/media?parent=4598"}],"wp:term":[{"taxonomy":"language","embeddable":true,"href":"https:\/\/blogs.magicjudges.org\/rules\/wp-json\/wp\/v2\/language?post=4598"}],"curies":[{"name":"wp","href":"https:\/\/api.w.org\/{rel}","templated":true}]}}