{"id":4602,"date":"2016-08-06T04:29:08","date_gmt":"2016-08-06T01:29:08","guid":{"rendered":"http:\/\/blogs.magicjudges.org\/rules\/?page_id=4602"},"modified":"2018-04-05T18:48:03","modified_gmt":"2018-04-05T15:48:03","slug":"ipg3-fr","status":"publish","type":"page","link":"https:\/\/blogs.magicjudges.org\/rules\/ipg3-fr\/","title":{"rendered":"IPG 3. Erreurs de tournoi"},"content":{"rendered":"<table class=\"table table-hover table-condensed\" style=\"width: 100%\">\n<tbody>\n<tr>\n<td style=\"width: 50%;text-align: left\">3.1. <a href=\"http:\/\/blogs.magicjudges.org\/rules\/ipg3-1-fr\/\">Erreur de tournoi \u2014 Retard<\/a><\/td>\n<td style=\"width: 50%;text-align: left\">3.5. <a href=\"http:\/\/blogs.magicjudges.org\/rules\/ipg3-5-fr\/\">Erreur de tournoi \u2014 Probl\u00e8me de deck<\/a><\/td>\n<\/tr>\n<tr>\n<td style=\"width: 50%;text-align: left\">3.2. <a href=\"http:\/\/blogs.magicjudges.org\/rules\/ipg3-2-fr\/\">Erreur de tournoi \u2014 Assistance ext\u00e9rieure<\/a><\/td>\n<td style=\"width: 50%;text-align: left\">3.6. <a href=\"http:\/\/blogs.magicjudges.org\/rules\/ipg3-6-fr\/\">Erreur de tournoi \u2014 Violation des proc\u00e9dures en format limit\u00e9<\/a><\/td>\n<\/tr>\n<tr>\n<td style=\"width: 50%;text-align: left\">3.3. <a href=\"http:\/\/blogs.magicjudges.org\/rules\/ipg3-3-fr\/\">Erreur de tournoi \u2014 Rythme de jeu trop lent<\/a><\/td>\n<td style=\"width: 50%;text-align: left\">3.7. <a href=\"http:\/\/blogs.magicjudges.org\/rules\/ipg3-7-fr\/\">Erreur de tournoi \u2014 Violation des r\u00e8gles de communication<\/a><\/td>\n<\/tr>\n<tr>\n<td style=\"width: 50%;text-align: left\">3.4. <a href=\"http:\/\/blogs.magicjudges.org\/rules\/ipg3-4-fr\/\">Erreur de tournoi \u2014 Probl\u00e8me de liste de deck<\/a><\/td>\n<td style=\"width: 50%;text-align: left\">3.8. <a href=\"http:\/\/blogs.magicjudges.org\/rules\/ipg3-8-fr\/\">Erreur de tournoi \u2014 Cartes marqu\u00e9es<\/a><\/td>\n<\/tr>\n<tr>\n<td style=\"width: 50%;text-align: left\"><\/td>\n<td style=\"width: 50%;text-align: left\">3.9 <a href=\"http:\/\/blogs.magicjudges.org\/rules\/ipg3-9-fr\/\">Erreur de tournoi \u2014 M\u00e9lange insuffisant<\/a><\/td>\n<\/tr>\n<\/tbody>\n<\/table>\n<p>Les erreurs de tournoi (Tournament Errors) sont des infractions aux <a href=\"http:\/\/blogs.magicjudges.org\/rules\/mtr\/\">r\u00e8gles de tournoi de <strong>Magic<\/strong><\/a> (Magic Tournament Rules ou MTR).<\/p>\n<div class=\"alert alert-info\" role=\"alert\"> De m\u00eame que les erreurs de jeu (Game Play Errors) sont des infractions aux R\u00e8gles Compl\u00e8tes, les erreurs de tournoi (Tournament Errors) sont des infractions aux Magic Tournament Rules. Cependant toute violation des r\u00e8gles de tournoi ne constitue pas forc\u00e9ment une infraction.<\/div>\n<p>Si l&#8217;arbitre estime que l&#8217;erreur a \u00e9t\u00e9 commise de mani\u00e8re intentionnelle, il doit envisager l&#8217;infraction <a href=\"http:\/\/blogs.magicjudges.org\/rules\/ipg4-8-fr\/\">Conduite antisportive \u2014 Triche<\/a>. Les r\u00e9visions pr\u00e9c\u00e9dentes de ce document indiquaient dans chaque section comment g\u00e9rer une erreur intentionnelle ; \u00e0 l&#8217;exception du <a href=\"http:\/\/blogs.magicjudges.org\/rules\/ipg3-3-fr\/\">rythme de jeu trop lent<\/a> (Slow Play), toutes les erreurs intentionnelles doivent \u00eatre potentiellement consid\u00e9r\u00e9es comme des infractions de la <a href=\"http:\/\/blogs.magicjudges.org\/rules\/ipg4-8-fr\/\">Triche<\/a>.<\/p>\n<div class=\"alert alert-info\" role=\"alert\"> <em>Ce passage parle des cas o\u00f9 le joueur enfreint intentionnellement une r\u00e8gle de tournoi. Le joueur pourrait \u00eatre en train de tricher mais cela pourrait ne pas correspondre \u00e0 la d\u00e9finition de la triche dans l&#8217;IPG. Prenez la peine de r\u00e9viser la <a href=\"http:\/\/blogs.magicjudges.org\/rules\/ipg4-8-fr\/\">section 4.8 sur USC \u2013 Cheating<\/a> avant d&#8217;agir.<\/em><\/div>\n<p style=\"text-align: justify;margin-bottom: 0px\">Si un joueur enfreint les r\u00e8gles de tournoi de Magic d&#8217;une mani\u00e8re qui n&#8217;est pas prise en compte par l&#8217;une des infractions list\u00e9es ci-dessous, l&#8217;arbitre doit expliquer au joueur quelle est la proc\u00e9dure appropri\u00e9e mais il ne doit pas attribuer de p\u00e9nalit\u00e9.<\/p>\n<div class=\"alert alert-info\" role=\"alert\"> <em>Seules les plus graves violations des r\u00e8gles de tournoi de Magic m\u00e9ritent une p\u00e9nalit\u00e9. Un manquement envers ces r\u00e8gles peut s\u00e9rieusement pertuber le d\u00e9roulement global du tournoi, en engendrant un retard anormal ou en conf\u00e9rant \u00e0 un joueur un avantage significatif. Si une infraction au r\u00e8gles de tournoi de Magic n&#8217;est pas consid\u00e9r\u00e9e comme nuisible par rapport au d\u00e9roulement global de l&#8217;\u00e9v\u00e8nement, alors une p\u00e9nalit\u00e9 n&#8217;est pas n\u00e9cessaire : l&#8217;arbitre \u00e9duquera simplement le joueur par une action correctrice.<br \/>\n<\/em><\/div>\n<p style=\"text-align: justify;margin-bottom: 0px\">Un m\u00e9pris persistant ou volontaire de ces r\u00e8gles peut n\u00e9cessiter de plus amples investigations.<\/p>\n<div class=\"alert alert-info\" role=\"alert\"> <em>Bien que toutes les violations des r\u00e8gles de tournoi de Magic ne soient pas p\u00e9nalis\u00e9es, m\u00eame la plus infime perturbation peut quand m\u00eame ralentir un \u00e9v\u00e8nement si elle se r\u00e9p\u00e8te encore et encore. Si cela se produit, il peut \u00eatre n\u00e9cessaire d&#8217;enqu\u00eater pour d\u00e9terminer si la perturbation est faite pour g\u00eaner intentionnellement l&#8217;\u00e9v\u00e8nement ou si un joueur a peut-\u00eatre simplement besoin de davantage d&#8217;encadrement.<br \/>\n<\/em><\/div>\n<p style=\"text-align: justify;margin-bottom: 0px\">Le deuxi\u00e8me Warning pour Tournament Error dans une m\u00eame cat\u00e9gorie et tous les Warnings suivants sont augment\u00e9s en Game Loss.<\/p>\n<div class=\"alert alert-info\" role=\"alert\"> <em>Les erreurs relatives au tournoi sont g\u00e9n\u00e9ralement plus g\u00eanantes et moins \u00ab facile \u00e0 commettre \u00bb que les erreurs relatives au jeu. En cons\u00e9quence, la deuxi\u00e8me occurrence d&#8217;un Warning pour une Tournament Error de m\u00eame cat\u00e9gorie est augment\u00e9e en Game Loss. Toutes les occurrences suivantes dans la m\u00eame cat\u00e9gorie seront aussi des Game Loss. Nous ne continuons pas \u00e0 augmenter la p\u00e9nalit\u00e9 jusqu&#8217;\u00e0 la Disqualification.<br \/>\n<\/em><\/div>\n<p style=\"text-align: justify;margin-bottom: 0px\">Lors des tournois qui durent plusieurs jours, le d\u00e9compte des p\u00e9nalit\u00e9s pour ces infractions est remis \u00e0 z\u00e9ro chaque jour.<\/p>\n<div class=\"alert alert-info\" role=\"alert\"> <em>Comme pour les erreurs relatives au jeu (Game Play Errors), il y a plus de risques que quelqu&#8217;un r\u00e9it\u00e8re une erreur de tournoi (Tournament Error) au cours des 15 rondes d&#8217;un Grand Prix que lors des 5 rondes d&#8217;un PPTQ. La r\u00e9initialisation du d\u00e9compte des p\u00e9nalit\u00e9s refl\u00e8te cela.<br \/>\n<\/em><\/div>\n","protected":false},"excerpt":{"rendered":"<p>3.1. Erreur de tournoi \u2014 Retard 3.5. Erreur de tournoi \u2014 Probl\u00e8me de deck 3.2. Erreur de tournoi \u2014 Assistance ext\u00e9rieure 3.6. Erreur de tournoi \u2014 Violation des proc\u00e9dures en format limit\u00e9 3.3. Erreur de tournoi \u2014 Rythme de jeu trop lent 3.7. Erreur de tournoi \u2014 Violation des r\u00e8gles de communication 3.4. Erreur de [&hellip;]<\/p>\n","protected":false},"author":249,"featured_media":0,"parent":0,"menu_order":0,"comment_status":"closed","ping_status":"closed","template":"page_width-index.php","meta":{"footnotes":"","_links_to":"","_links_to_target":""},"language":[9],"class_list":["post-4602","page","type-page","status-publish","hentry","language-fr"],"_links":{"self":[{"href":"https:\/\/blogs.magicjudges.org\/rules\/wp-json\/wp\/v2\/pages\/4602","targetHints":{"allow":["GET"]}}],"collection":[{"href":"https:\/\/blogs.magicjudges.org\/rules\/wp-json\/wp\/v2\/pages"}],"about":[{"href":"https:\/\/blogs.magicjudges.org\/rules\/wp-json\/wp\/v2\/types\/page"}],"author":[{"embeddable":true,"href":"https:\/\/blogs.magicjudges.org\/rules\/wp-json\/wp\/v2\/users\/249"}],"replies":[{"embeddable":true,"href":"https:\/\/blogs.magicjudges.org\/rules\/wp-json\/wp\/v2\/comments?post=4602"}],"version-history":[{"count":9,"href":"https:\/\/blogs.magicjudges.org\/rules\/wp-json\/wp\/v2\/pages\/4602\/revisions"}],"predecessor-version":[{"id":7551,"href":"https:\/\/blogs.magicjudges.org\/rules\/wp-json\/wp\/v2\/pages\/4602\/revisions\/7551"}],"wp:attachment":[{"href":"https:\/\/blogs.magicjudges.org\/rules\/wp-json\/wp\/v2\/media?parent=4602"}],"wp:term":[{"taxonomy":"language","embeddable":true,"href":"https:\/\/blogs.magicjudges.org\/rules\/wp-json\/wp\/v2\/language?post=4602"}],"curies":[{"name":"wp","href":"https:\/\/api.w.org\/{rel}","templated":true}]}}