{"id":4604,"date":"2016-08-06T02:15:36","date_gmt":"2016-08-05T23:15:36","guid":{"rendered":"http:\/\/blogs.magicjudges.org\/rules\/?page_id=4604"},"modified":"2018-03-27T00:44:34","modified_gmt":"2018-03-26T21:44:34","slug":"ipg2-6-fr","status":"publish","type":"page","link":"https:\/\/blogs.magicjudges.org\/rules\/ipg2-6-fr\/","title":{"rendered":"IPG 2.6 Erreur de jeu \u2014 \u00c9chec \u00e0 conserver un \u00e9tat de la partie l\u00e9gal"},"content":{"rendered":"<div style=\"padding-right: 20px;float: left;width: 80%;margin-top: 0px\">\n<h2>D\u00e9finition<\/h2>\n<p>Un joueur a laiss\u00e9 un autre joueur dans la partie commettre une <a href=\"http:\/\/blogs.magicjudges.org\/rules\/ipg2-fr\/\">Game Play Error<\/a> et ne l&#8217;a pas signal\u00e9 imm\u00e9diatement.<\/p>\n<\/div>\n<div style=\"float: right;width: 20%;margin-top: 0px;margin-bottom: -20px;text-align: center\"><div class=\"alert alert-warning\" role=\"alert\"> <\/p>\n<p style=\"text-align: center;margin-top: 10px;margin-left: -10px\"><strong>P\u00e9nalit\u00e9<\/strong><\/p>\n<p style=\"text-align: center;margin-bottom: 10px;margin-left: -12px\">Warning<\/p>\n<p><\/div><\/p>\n<\/div>\n<br style=\"clear: both; height: 1px; margin: -1px 0pt 0pt; overflow: hidden;\">\n<p style=\"margin-top: -10px\"><div class=\"alert alert-info\" role=\"alert\"> Il y a plusieurs \u00e9l\u00e9ments \u00e0 prendre en compte dans cette phrase. Tout d&#8217;abord, le joueur qui commet l&#8217;erreur ne re\u00e7oit pas Failure to Maintain Game State. Seul son adversaire peut recevoir cette p\u00e9nalit\u00e9. Un joueur re\u00e7oit Failure to Maintain Game State quand il ne rep\u00e8re pas une erreur commise par son adversaire. Notez aussi que, si un joueur remarque imm\u00e9diatement l&#8217;erreur de son adversaire, il ne commet pas d&#8217;infraction. Par exemple, si Ath\u00e9na lance <a href=\"https:\/\/blogs.magicjudges.org\/rules\/wp-content\/plugins\/lems-mtg-helper\/lems-mtg-helper-cardfinder.php?find=Col%C3%A8re+de+Dieu&width=223&height=310\" class=\"jTip\" name=\"\">Col\u00e8re de Dieu<\/a> pour RRRW et que Nik\u00ea s&#8217;en rend compte avant que d&#8217;autres actions ne soient effectu\u00e9es, Nik\u00ea ne re\u00e7oit pas Failure to Maintain Game State.<\/div><\/p>\n<p>Si un arbitre pense qu&#8217;un joueur n&#8217;a intentionnellement pas signal\u00e9 l&#8217;erreur d&#8217;un autre joueur parce qu&#8217;elle l&#8217;avantage ou parce qu&#8217;il esp\u00e8re pouvoir la signaler \u00e0 un moment plus avantageux strat\u00e9giquement, l&#8217;arbitre doit envisager l&#8217;infraction <a href=\"http:\/\/blogs.magicjudges.org\/rules\/ipg4-8-fr\/\">Conduite antisportive \u2014 Triche<\/a>.<\/p>\n<div class=\"alert alert-info\" role=\"alert\"> En g\u00e9n\u00e9ral nous pensons \u00e0 la triche comme le fait d&#8217;agir activement \u00e0 l&#8217;encontre des r\u00e8gles pour gagner un avantage. Pourtant, c&#8217;est aussi de la triche de remarquer que votre adversaire fait quelque chose d&#8217;ill\u00e9gal et de ne pas appeler un arbitre, ou d&#8217;appeler l&#8217;arbitre seulement quand \u00e7a tourne \u00e0 votre avantage. Par exemple, Abel contr\u00f4le un <a href=\"https:\/\/blogs.magicjudges.org\/rules\/wp-content\/plugins\/lems-mtg-helper\/lems-mtg-helper-cardfinder.php?find=Djaggernaut&width=223&height=310\" class=\"jTip\" name=\"\">Djaggernaut<\/a> et oublie d&#8217;attaquer avec. No\u00ebl ne dit rien, parce qu&#8217;il ne veut pas subir de blessures. Selon les connaissances de No\u00ebl sur les r\u00e8gles du jeu et les responsabilit\u00e9s des joueurs, cela pourrait \u00eatre de la Triche.<\/div>\n<p>Ne pas signaler \u00e0 un adversaire ses capacit\u00e9s d\u00e9clench\u00e9es n&#8217;est jamais trait\u00e9 comme \u00c9chec \u00e0 conserver un \u00e9tat de la partie l\u00e9gal ni comme Triche.<\/p>\n<div class=\"alert alert-info\" role=\"alert\"> Ceci est une exception tr\u00e8s importante au principe \u00ab vous devez signaler les erreurs de vos adversaires \u00bb. Les capacit\u00e9s d\u00e9clench\u00e9es manqu\u00e9es sont g\u00e9r\u00e9es diff\u00e9remment. Un joueur est autoris\u00e9 \u00e0 ne pas signaler les capacit\u00e9s d\u00e9clench\u00e9es manqu\u00e9es de son adversaire, sans qu&#8217;il s&#8217;agisse d&#8217;une infraction (\u00e0 moins qu&#8217;elles n&#8217;aient \u00e9t\u00e9 signal\u00e9es &#8211; lisez la section sur les <a href=\"http:\/\/blogs.magicjudges.org\/rules\/ipg2-1-fr\/\">capacit\u00e9s d\u00e9clench\u00e9es manqu\u00e9es<\/a> pour plus de pr\u00e9cisions).<\/div>\n<h2 style=\"text-align: justify\">Exemples<\/h2>\n<ul class=\"list-group\" style=\"text-align: justify;margin-left: 0px;margin-bottom: 5px\">\n<li class=\"list-group-item\"><strong>A.<\/strong> L&#8217;adversaire d&#8217;un joueur oublie de r\u00e9v\u00e9ler la carte qu&#8217;il a cherch\u00e9e pour <a href=\"https:\/\/blogs.magicjudges.org\/rules\/wp-content\/plugins\/lems-mtg-helper\/lems-mtg-helper-cardfinder.php?find=Pr%C3%A9cepteur+mat%C3%A9rialiste&width=223&height=310\" class=\"jTip\" name=\"\">Pr\u00e9cepteur mat\u00e9rialiste<\/a>. Cela n&#8217;est remarqu\u00e9 qu&#8217;\u00e0 la fin du tour.<\/li>\n<li class=\"list-group-item\"><strong>B.<\/strong> Un joueur n&#8217;a pas remarqu\u00e9 que son adversaire avait une <a href=\"https:\/\/blogs.magicjudges.org\/rules\/wp-content\/plugins\/lems-mtg-helper\/lems-mtg-helper-cardfinder.php?find=Cape+de+Tatou&width=223&height=310\" class=\"jTip\" name=\"\">Cape de Tatou<\/a> attach\u00e9e \u00e0 une cr\u00e9ature avec la protection contre le vert.<\/li>\n<\/ul>\n<p style=\"margin-top: 5px\"><div class=\"alert alert-info\" role=\"alert\"> Dans ces deux cas, l&#8217;adversaire du joueur a commis une <a href=\"http:\/\/blogs.magicjudges.org\/rules\/ipg2-5-fr\/\">Game Rule Violation<\/a> et le joueur ne l&#8217;a pas remarqu\u00e9e imm\u00e9diatement.<\/div><\/p>\n<h2 style=\"text-align: justify\">Philosophie<\/h2>\n<p>Si l&#8217;erreur est d\u00e9couverte avant qu&#8217;un joueur ne puisse en tirer avantage, la probabilit\u00e9 que l&#8217;\u00e9tat de la partie soit d\u00e9grad\u00e9 est nettement r\u00e9duite.<\/p>\n<div class=\"alert alert-info\" role=\"alert\"> Il ne s&#8217;agit l\u00e0 que d&#8217;une fa\u00e7on d\u00e9guis\u00e9e de dire \u00ab Plus une erreur est d\u00e9tect\u00e9e rapidement, moins il y a de risques qu&#8217;elle ne provoque un grave probl\u00e8me \u00bb. Cette affirmation devrait \u00eatre \u00e9vidente pour tout le monde.<\/div>\n<p>Si l&#8217;on permet que l&#8217;erreur persiste, une certaine responsabilit\u00e9 repose sur l&#8217;adversaire, qui a lui aussi \u00e9chou\u00e9 \u00e0 remarquer l&#8217;erreur.<br \/>\n<div class=\"alert alert-info\" role=\"alert\"> Ici le point-clef est que les deux joueurs sont responsables de l&#8217;\u00e9tat de la partie. Si l&#8217;adversaire d&#8217;un joueur est vigilant, il peut aider ce joueur \u00e0 d\u00e9tecter son erreur avant que le probl\u00e8me ne devienne plus grave. Qui en a b\u00e9n\u00e9fici\u00e9 est sans importance. Remarquez qu&#8217;il y a certaines situations o\u00f9 un joueur contr\u00f4le l&#8217;effet et o\u00f9 c&#8217;est l&#8217;autre joueur qui effectue l&#8217;action. Dans ce cas-l\u00e0, veuillez vous r\u00e9f\u00e9rer \u00e0 la section sur les <a href=\"http:\/\/blogs.magicjudges.org\/rules\/ipg2-5-fr\/\">violations des r\u00e8gles du jeu<\/a>, parce qu&#8217;il y a des cas o\u00f9 les deux joueurs auront commis la m\u00eame infraction.<\/div><\/p>\n","protected":false},"excerpt":{"rendered":"<p>D\u00e9finition Un joueur a laiss\u00e9 un autre joueur dans la partie commettre une Game Play Error et ne l&#8217;a pas signal\u00e9 imm\u00e9diatement. Si un arbitre pense qu&#8217;un joueur n&#8217;a intentionnellement pas signal\u00e9 l&#8217;erreur d&#8217;un autre joueur parce qu&#8217;elle l&#8217;avantage ou parce qu&#8217;il esp\u00e8re pouvoir la signaler \u00e0 un moment plus avantageux strat\u00e9giquement, l&#8217;arbitre doit envisager [&hellip;]<\/p>\n","protected":false},"author":249,"featured_media":0,"parent":0,"menu_order":0,"comment_status":"closed","ping_status":"closed","template":"page_width-index.php","meta":{"footnotes":"","_links_to":"","_links_to_target":""},"language":[9],"class_list":["post-4604","page","type-page","status-publish","hentry","language-fr"],"_links":{"self":[{"href":"https:\/\/blogs.magicjudges.org\/rules\/wp-json\/wp\/v2\/pages\/4604","targetHints":{"allow":["GET"]}}],"collection":[{"href":"https:\/\/blogs.magicjudges.org\/rules\/wp-json\/wp\/v2\/pages"}],"about":[{"href":"https:\/\/blogs.magicjudges.org\/rules\/wp-json\/wp\/v2\/types\/page"}],"author":[{"embeddable":true,"href":"https:\/\/blogs.magicjudges.org\/rules\/wp-json\/wp\/v2\/users\/249"}],"replies":[{"embeddable":true,"href":"https:\/\/blogs.magicjudges.org\/rules\/wp-json\/wp\/v2\/comments?post=4604"}],"version-history":[{"count":9,"href":"https:\/\/blogs.magicjudges.org\/rules\/wp-json\/wp\/v2\/pages\/4604\/revisions"}],"predecessor-version":[{"id":7674,"href":"https:\/\/blogs.magicjudges.org\/rules\/wp-json\/wp\/v2\/pages\/4604\/revisions\/7674"}],"wp:attachment":[{"href":"https:\/\/blogs.magicjudges.org\/rules\/wp-json\/wp\/v2\/media?parent=4604"}],"wp:term":[{"taxonomy":"language","embeddable":true,"href":"https:\/\/blogs.magicjudges.org\/rules\/wp-json\/wp\/v2\/language?post=4604"}],"curies":[{"name":"wp","href":"https:\/\/api.w.org\/{rel}","templated":true}]}}