{"id":4608,"date":"2016-08-06T02:20:23","date_gmt":"2016-08-05T23:20:23","guid":{"rendered":"http:\/\/blogs.magicjudges.org\/rules\/?page_id=4608"},"modified":"2018-03-27T00:39:34","modified_gmt":"2018-03-26T21:39:34","slug":"ipg2-4-fr","status":"publish","type":"page","link":"https:\/\/blogs.magicjudges.org\/rules\/ipg2-4-fr\/","title":{"rendered":"IPG 2.4 Erreur de jeu \u2014 Erreur lors de la proc\u00e9dure de mulligan"},"content":{"rendered":"<div style=\"padding-right: 20px;float: left;width: 80%;margin-top: 0px\">\n<h2>D\u00e9finition<\/h2>\n<p style=\"text-align: justify\">Un joueur commet une erreur pendant la proc\u00e9dure de mulligan. Cette infraction ne s\u2019applique pas aux erreurs commises apr\u00e8s avoir termin\u00e9 les proc\u00e9dures de pr\u00e9paration de la partie.<\/p>\n<\/div>\n<div style=\"float: right;width: 20%;margin-top: 0px;margin-bottom: -20px;text-align: center\">\n<div class=\"alert alert-warning\" role=\"alert\"> <\/p>\n<p style=\"text-align: center;margin-top: 10px;margin-left: -10px\"><strong>P\u00e9nalit\u00e9<\/strong><\/p>\n<p style=\"text-align: center;margin-bottom: 10px;margin-left: -12px\">Warning<\/p>\n<p><\/div>\n<\/div>\n<br style=\"clear: both; height: 1px; margin: -1px 0pt 0pt; overflow: hidden;\">\n<p style=\"margin-top: -5px\"><div class=\"alert alert-info\" role=\"alert\"> <em>Bien que cette infraction s&#8217;appelle Mulligan Procedure Error, elle peut aussi s&#8217;appliquer avant que le moindre mulligan ne soit effectu\u00e9. La plupart des erreurs sont \u00e9num\u00e9r\u00e9es dans les exemples ci-dessous. Apr\u00e8s avoir termin\u00e9 toutes les proc\u00e9dures d&#8217;avant-partie, toute nouvelle erreur rel\u00e8vera d&#8217;une infraction diff\u00e9rente, par exemple si le premier joueur pioche une carte \u00e0 son premier tour, il commet une Hidden Card Error.<\/em><br \/>\n<\/div><\/p>\n<p>Appliquer le \u00ab regard \u00bb \u00e0 plus d\u2019une carte apr\u00e8s avoir effectu\u00e9 un mulligan est trait\u00e9 comme une Hidden Card Error.<\/p>\n<div class=\"alert alert-info\" role=\"alert\"> Techniquement le \u00ab regard \u00bb de d\u00e9but de partie fait partie de la proc\u00e9dure de mulligan, mais l&#8217;infraction Mulligan Procedure Error n&#8217;est pas vraiment appropri\u00e9e. La p\u00e9nalit\u00e9 HCE et la proc\u00e9dure suppl\u00e9mentaire associ\u00e9e y correspondent bien mieux au niveau de la philosophie. Par ailleurs, si le joueur r\u00e9v\u00e8le accidentellement la deuxi\u00e8me carte de sa biblioth\u00e8que en faisant un \u00ab\u00a0regard\u00a01\u00a0\u00bb, alors on est dans le cas de Looking at Extra Cards.<\/div>\n<p style=\"text-align: justify;margin-bottom: 0px\">Une erreur triviale de proc\u00e9dure qui ne procure aucun avantage, telle que d\u00e9clarer trop t\u00f4t son intention d\u2019effectuer un mulligan, n\u2019est pas une infraction.<\/p>\n<div class=\"alert alert-info\" role=\"alert\"> <em>T\u00e2chez de ne pas suranalyser cette infraction. Si un joueur fait quelque-chose de mal qui ne fait pas partie de la liste des exemples, \u00e9valuez l&#8217;impact de cette erreur pour d\u00e9cider si elle est triviale ou non.<\/em><\/p>\n<p><em><strong>Exemples :<\/strong><\/em><\/p>\n<ul style=\"margin-bottom: 5px\">\n<li>Le second joueur d\u00e9clare qu&#8217;il garde sa main avant le premier joueur.<\/li>\n<li>Un joueur met une Ligne ley sur le champ de bataille avant que son adversaire ait termin\u00e9 ses mulligans.<\/li>\n<\/ul>\n<p>Techniquement ce sont des erreurs vis-\u00e0-vis de la proc\u00e9dure d&#8217;avant-partie mais \u00e0 ce stade du match leur impact est tr\u00e8s faible et elles ne doivent pas \u00eatre trait\u00e9es comme des infractions.<br \/>\n<\/div>\n<h2 style=\"text-align: justify\">Exemples<\/h2>\n<ul class=\"list-group\" style=\"text-align: justify;margin-left: 0px\">\n<li class=\"list-group-item\"><strong>A.<\/strong> Un joueur pioche huit cartes au d\u00e9but de la partie (au lieu de sept).<\/li>\n<li class=\"list-group-item\"><strong>B.<\/strong> Un joueur pioche sept cartes au d\u00e9but de la partie (au lieu de six) apr\u00e8s avoir effectu\u00e9 un mulligan.<\/li>\n<li class=\"list-group-item\"><strong>C.<\/strong> Un joueur annonce qu\u2019il garde sa main, applique le regard, puis effectue un nouveau mulligan.<\/li>\n<li class=\"list-group-item\"><strong>D.<\/strong> Un joueur choisit de ne pas effectuer de mulligan, puis il effectue un mulligan apr\u00e8s avoir constat\u00e9 que son adversaire choisit d\u2019effectuer un mulligan.<\/li>\n<\/ul>\n<h2 style=\"text-align: justify;margin-top: 20px\">Philosophie<\/h2>\n<p style=\"text-align: justify;margin-bottom: 0px\">Pour les erreurs commises avant le d\u00e9but de la partie, il existe une option moins perturbante \u2014 le mulligan forc\u00e9 \u2014 qui n\u2019est disponible \u00e0 aucun autre moment de la partie. Cependant il ne faut pas inciter les joueurs \u00e0 dissimuler l&#8217;infraction jusqu\u2019\u00e0 la fin des proc\u00e9dures de mulligan afin de la \u00ab d\u00e9couvrir \u00bb quand elle est devenue une <a href=\"http:\/\/blogs.magicjudges.org\/rules\/ipg2-3-fr\/\">Hidden Card Error<\/a> s\u2019ils pensent que c\u2019est \u00e0 leur avantage. Afin d\u2019encourager le joueur en infraction \u00e0 signaler son erreur d\u00e8s qu&#8217;il la remarque, on lui donne le choix de la proc\u00e9dure suppl\u00e9mentaire avant que la partie commence.<\/p>\n<div class=\"alert alert-info\" role=\"alert\"> <em>Il peut \u00eatre tr\u00e8s facile de commettre une erreur pendant la proc\u00e9dure d&#8217;avant-partie, la plus fr\u00e9quente \u00e9tant de piocher trop de cartes, c&#8217;est pourquoi nous offrons au joueur le choix soit de r\u00e9v\u00e9ler sa main (comme pour Hidden Card Error) soit d&#8217;effectuer un mulligan. Dans la mesure o\u00f9 un joueur n&#8217;aura plus l&#8217;opportunit\u00e9 d&#8217;effectuer un mulligan si l&#8217;erreur est d\u00e9couverte apr\u00e8s le d\u00e9but de la partie, le risque est moindre qu&#8217;il attende jusque l\u00e0 pour signaler l&#8217;erreur. <\/em><br \/>\n<\/div>\n<p style=\"text-align: justify;margin-bottom: 0px\">Si un joueur regarde la carte du dessus de sa biblioth\u00e8que apr\u00e8s avoir effectu\u00e9 un mulligan, on consid\u00e8re qu\u2019il a choisi de garder sa main \u00e0 moins qu\u2019il n\u2019ait \u00e9t\u00e9 tr\u00e8s clair sur son intention d\u2019effectuer un nouveau mulligan, soit verbalement avant de regarder soit en prenant plusieurs cartes du dessus de sa biblioth\u00e8que.<\/p>\n<div class=\"alert alert-info\" role=\"alert\"> Un joueur qui effectue au moins un mulligan a la possibilit\u00e9 d&#8217;effectuer un regard\u00a01 apr\u00e8s que tous les joueurs ont gard\u00e9 leur main de d\u00e9part. Il peut s&#8217;av\u00e9rer tr\u00e8s difficile pour l&#8217;adversaire ou l&#8217;arbitre de savoir si le fait qu&#8217;un joueur regarde la carte du dessus de sa biblioth\u00e8que correspond \u00e0 ce regard 1 ou \u00e0 l&#8217;habitude de v\u00e9rifier ce qu&#8217;il aurait pioch\u00e9 s&#8217;il avait gard\u00e9 cette main avant d&#8217;effectuer un nouveau mulligan. S&#8217;il ne dit rien, alors on consid\u00e8re par d\u00e9faut qu&#8217;il garde sa main et qu&#8217;il applique le regard 1. Bien s\u00fbr s&#8217;il prend plusieurs cartes pour les regarder, il doit sembler \u00e9vident qu&#8217;il ne conserve pas sa main.<\/div>\n<h2 style=\"text-align: justify\">Proc\u00e9dure suppl\u00e9mentaire<\/h2>\n<p style=\"text-align: justify\">Si le joueur a trop de cartes en main, il peut choisir de r\u00e9v\u00e9ler sa main et son adversaire y choisit une carte qui sera m\u00e9lang\u00e9e dans la biblioth\u00e8que. Si plus d\u2019une carte exc\u00e9dentaire a \u00e9t\u00e9 pioch\u00e9e (par exemple, piocher huit cartes lors d\u2019un mulligan \u00e0 six), son adversaire continue de retirer des cartes jusqu\u2019\u00e0 ce qu\u2019il ait atteint le nombre correct.<\/p>\n<p style=\"text-align: justify;margin-bottom: 0px\">Si aucune carte n\u2019est retir\u00e9e de la main de cette mani\u00e8re (soit \u00e0 cause d\u2019une erreur qui n\u2019a pas conduit \u00e0 avoir trop de cartes, soit parce que le joueur choisit de ne pas r\u00e9v\u00e9ler sa main), le joueur effectue un mulligan suppl\u00e9mentaire.<\/p>\n<div class=\"alert alert-info\" role=\"alert\"> Dans les exemples C et D, le joueur a le bon nombre de cartes en main donc sa seule option est d&#8217;effectuer un nouveau mulligan. Dans les autres exemples il a trop de cartes en main donc il peut choisir quelle proc\u00e9dure suppl\u00e9mentaire appliquer. Les deux options ne souffrent d&#8217;aucune ambigu\u00eft\u00e9\u00a0: soit r\u00e9v\u00e9ler sa main et laisser l&#8217;adversaire choisir les cartes exc\u00e9dentaires \u00e0 rem\u00e9langer, soit effectuer un nouveau mulligan.<\/p>\n<p><em>Assurez-vous que le joueur sache bien \u00e0 combien de cartes il doit effectuer son nouveau mulligan. S&#8217;il a effectu\u00e9 un mulligan \u00e0 6 cartes mais qu&#8217;il en a pioch\u00e9 7, \u00e0 pr\u00e9sent il doit effectuer un mulligan \u00e0 5. S&#8217;il a effectu\u00e9 un mulligan \u00e0 6, appliqu\u00e9 le regard, puis effectu\u00e9 un mulligan \u00e0 5, \u00e0 pr\u00e9sent il doit effectuer un mulligan \u00e0 4.<\/em><br \/>\n<\/div>\n<p style=\"text-align: justify;margin-bottom: 0px\">Les joueurs peuvent continuer \u00e0 effectuer des mulligans apr\u00e8s que cette proc\u00e9dure est termin\u00e9e.<\/p>\n<div class=\"alert alert-info\" role=\"alert\"> <em>Quelle que soit la proc\u00e9dure suppl\u00e9mentaire appliqu\u00e9e, si le joueur n&#8217;aime toujours pas sa main, il peut poursuivre la proc\u00e9dure de mulligan.<\/em><br \/>\n<\/div>\n","protected":false},"excerpt":{"rendered":"<p>D\u00e9finition Un joueur commet une erreur pendant la proc\u00e9dure de mulligan. Cette infraction ne s\u2019applique pas aux erreurs commises apr\u00e8s avoir termin\u00e9 les proc\u00e9dures de pr\u00e9paration de la partie. Appliquer le \u00ab regard \u00bb \u00e0 plus d\u2019une carte apr\u00e8s avoir effectu\u00e9 un mulligan est trait\u00e9 comme une Hidden Card Error. Une erreur triviale de proc\u00e9dure [&hellip;]<\/p>\n","protected":false},"author":249,"featured_media":0,"parent":0,"menu_order":0,"comment_status":"closed","ping_status":"closed","template":"page_width-index.php","meta":{"footnotes":"","_links_to":"","_links_to_target":""},"language":[9],"class_list":["post-4608","page","type-page","status-publish","hentry","language-fr"],"_links":{"self":[{"href":"https:\/\/blogs.magicjudges.org\/rules\/wp-json\/wp\/v2\/pages\/4608","targetHints":{"allow":["GET"]}}],"collection":[{"href":"https:\/\/blogs.magicjudges.org\/rules\/wp-json\/wp\/v2\/pages"}],"about":[{"href":"https:\/\/blogs.magicjudges.org\/rules\/wp-json\/wp\/v2\/types\/page"}],"author":[{"embeddable":true,"href":"https:\/\/blogs.magicjudges.org\/rules\/wp-json\/wp\/v2\/users\/249"}],"replies":[{"embeddable":true,"href":"https:\/\/blogs.magicjudges.org\/rules\/wp-json\/wp\/v2\/comments?post=4608"}],"version-history":[{"count":8,"href":"https:\/\/blogs.magicjudges.org\/rules\/wp-json\/wp\/v2\/pages\/4608\/revisions"}],"predecessor-version":[{"id":7672,"href":"https:\/\/blogs.magicjudges.org\/rules\/wp-json\/wp\/v2\/pages\/4608\/revisions\/7672"}],"wp:attachment":[{"href":"https:\/\/blogs.magicjudges.org\/rules\/wp-json\/wp\/v2\/media?parent=4608"}],"wp:term":[{"taxonomy":"language","embeddable":true,"href":"https:\/\/blogs.magicjudges.org\/rules\/wp-json\/wp\/v2\/language?post=4608"}],"curies":[{"name":"wp","href":"https:\/\/api.w.org\/{rel}","templated":true}]}}