{"id":4612,"date":"2016-08-06T03:14:56","date_gmt":"2016-08-06T00:14:56","guid":{"rendered":"http:\/\/blogs.magicjudges.org\/rules\/?page_id=4612"},"modified":"2018-04-05T17:54:37","modified_gmt":"2018-04-05T14:54:37","slug":"ipg2-2-fr","status":"publish","type":"page","link":"https:\/\/blogs.magicjudges.org\/rules\/ipg2-2-fr\/","title":{"rendered":"IPG 2.2 Erreur de jeu \u2014 Observation de cartes suppl\u00e9mentaires"},"content":{"rendered":"<div style=\"padding-right: 20px;float: left;width: 80%;margin-top: 0px\">\n<h2>D\u00e9finition<\/h2>\n<p>Un joueur r\u00e9alise une action qui pourrait lui permettre de voir la face de cartes dans un deck alors qu\u2019il n\u2019en a pas le droit.<\/p>\n<\/div>\n<div style=\"float: right;width: 20%;margin-top: 0px;margin-bottom: -20px;text-align: center\">\n<div class=\"alert alert-warning\" role=\"alert\"> <\/p>\n<p style=\"text-align: center;margin-top: 10px;margin-left: -10px\"><strong>P\u00e9nalit\u00e9<\/strong><\/p>\n<p style=\"text-align: center;margin-bottom: 10px;margin-left: -12px\">Warning<\/p>\n<p><\/div>\n<\/div>\n<br style=\"clear: both; height: 1px; margin: -1px 0pt 0pt; overflow: hidden;\">\n<p style=\"margin-top: -5px\"><div class=\"alert alert-info\" role=\"alert\"> Il est facile de commettre cette infraction. Chaque fois qu\u2019un joueur touche une biblioth\u00e8que, il y a une chance qu&#8217;il fasse tomber une carte ou qu&#8217;il en retourne une face visible. En particulier, il arrive souvent de prendre deux cartes lors d&#8217;une pioche et de voir le recto de la carte du dessous.<\/p>\n<p>G\u00e9n\u00e9ralement, quand on parle de Looking at Extra Cards (L@EC), on parle d&#8217;un joueur qui a vu le recto d&#8217;une carte de son propre deck. Toutefois, il peut aussi voir des cartes du deck de son adversaire, par exemple lorsqu&#8217;il le m\u00e9lange. Il est important de reporter certaines informations sur la feuille de r\u00e9sultat : De quel deck provient la carte qui a \u00e9t\u00e9 vue ? O\u00f9 en sommes-nous dans la partie? S&#8217;agit-il d&#8217;une erreur de dext\u00e9rit\u00e9 ou d&#8217;une action volontaire due \u00e0 une mauvaise lecture de l&#8217;\u00e9tat du jeu. L&#8217;<a href=\"https:\/\/blogs.magicjudges.org\/whatsupdocs\/2015\/05\/06\/reporting-a-looking-at-extra-cards-penalty\/\">article de Guillaume Beuzelin<\/a> donne de bonnes bases pour r\u00e9diger ces p\u00e9nalit\u00e9s.<\/p>\n<p>Prenez garde \u00e0 ne pas confondre cette infraction avec une erreur li\u00e9e \u00e0 une carte cach\u00e9e (Hidden Card Error). Faites tout sp\u00e9cialement attention au fait que l&#8217;infraction <a href=\"http:\/\/blogs.magicjudges.org\/rules\/ipg2-3-fr\/\">Hidden Card Error<\/a> concerne les situations o\u00f9 un joueur manipule un certain nombre de cartes du dessus de sa biblioth\u00e8que et en prend trop. Dans ce cas particulier, le joueur observe des cartes suppl\u00e9mentaires mais il ne commet pas l&#8217;infraction d&#8217;observation de cartes suppl\u00e9mentaires (Looking at Extra Cards). Avez-vous mal au cr\u00e2ne ? Moi oui.<\/p>\n<p>Faire tomber une carte au cours du m\u00e9lange de votre propre biblioth\u00e8que n&#8217;est pas une L@EC. Remettez simplement la carte dans le paquet et continuez de le m\u00e9langer.<\/p>\n<p>Voir le recto d&#8217;une carte que votre adversaire a fait tomber ou qu&#8217;il a renvers\u00e9e n&#8217;est pas non plus une L@EC. Il y a deux raisons \u00e0 cela : 1) si un joueur pouvait faire tomber une carte pour que son adversaire re\u00e7oive un Warning, il pourrait se frayer un chemin jusqu&#8217;au top 8 en m\u00e9langeant maladroitement ; 2) Le <a href=\"http:\/\/blogs.magicjudges.org\/rules\/mtr3-12\/\">chapitre 3.12 des MTR<\/a> autorise un joueur \u00e0 r\u00e9v\u00e9ler des informations cach\u00e9es \u00e0 son adversaire, du moment qu&#8217;il est en droit de les conna\u00eetre lui-m\u00eame.<\/p>\n<p>Cette infraction ne s\u2019applique qu\u2019aux cartes de la biblioth\u00e8que. Si vous voyez accidentellement les cartes exil\u00e9es par un <a href=\"https:\/\/blogs.magicjudges.org\/rules\/wp-content\/plugins\/lems-mtg-helper\/lems-mtg-helper-cardfinder.php?find=Messager+de+Bomat&width=223&height=310\" class=\"jTip\" name=\"\">Messager de Bomat<\/a>, il ne s\u2019agit pas d\u2019une L@EC, mais d\u2019une Game Rule Violation.<br \/>\n<\/div><\/p>\n<p style=\"text-align: justify;margin-bottom: 0px\">Cette p\u00e9nalit\u00e9 n\u2019est \u00e0 appliquer qu\u2019une seule fois quel que soit le nombre de cartes vues au cours de la m\u00eame action ou s\u00e9quence d\u2019actions.<\/p>\n<div class=\"alert alert-info\" role=\"alert\"> Nous ne p\u00e9nalisons pas un joueur une fois par carte suppl\u00e9mentaire observ\u00e9e quand toutes les cartes sont vues pendant la m\u00eame action de jeu ou la m\u00eame s\u00e9quence d&#8217;actions de jeu.<\/div>\n<h2 style=\"text-align: justify\">Exemples<\/h2>\n<ul class=\"list-group\" style=\"text-align: justify;margin-left: 0px;margin-bottom: 5px\">\n<li class=\"list-group-item\"><strong>A.<\/strong> Une joueuse r\u00e9v\u00e8le accidentellement (en laissant tomber ou en retournant) une carte en m\u00e9langeant le deck de son adversaire.<\/li>\n<li class=\"list-group-item\"><strong>B.<\/strong> Un joueur soul\u00e8ve une carte suppl\u00e9mentaire en piochant une carte depuis sa biblioth\u00e8que.<\/li>\n<\/ul>\n<div class=\"alert alert-info\" role=\"alert\"> On peut trouver d&#8217;autres exemples: un joueur r\u00e9v\u00e8le une carte de trop pendant la r\u00e9solution d&#8217;une capacit\u00e9 de Cascade; une joueuse met une carte de trop dans son cimeti\u00e8re pendant qu&#8217;elle \u00ab\u00a0meule\u00a0\u00bb son deck et s&#8217;en rend compte imm\u00e9diatement.<\/div>\n<h2 style=\"text-align: justify\">Philosophie<\/h2>\n<p style=\"text-align: justify;margin-bottom: 0px\">Il est facile pour un joueur de regarder accidentellement des cartes suppl\u00e9mentaires. Cette infraction concerne les situations o\u00f9 une erreur de dext\u00e9rit\u00e9 ou sur les r\u00e8gles a conduit un joueur \u00e0 voir des cartes qu\u2019il n\u2019aurait pas d\u00fb voir.<\/p>\n<div class=\"alert alert-info\" role=\"alert\"> Les joueurs passent beaucoup de temps \u00e0 manipuler leurs decks\u00a0: pour le m\u00e9langer, pour piocher, pour y chercher un terrain, etc. \u00c0 chaque fois que quelqu&#8217;un touche un deck, il y a un risque qu&#8217;il voie quelque chose qu&#8217;il ne devrait pas. Puisque c&#8217;est facile \u00e0 faire, facile \u00e0 remarquer, et facile \u00e0 corriger, la p\u00e9nalit\u00e9 ad\u00e9quate est le Warning.<\/div>\n<p style=\"text-align: justify;margin-bottom: 0px\">Les cartes sont consid\u00e9r\u00e9es comme appartenant \u00e0 la biblioth\u00e8que, jusqu\u2019\u00e0 ce qu\u2019elles touchent des cartes d\u2019un autre ensemble. Une fois que ces cartes ont rejoint un autre ensemble, l\u2019infraction est trait\u00e9e comme une erreur li\u00e9e \u00e0 une carte cach\u00e9e (Hidden Card Error) ou une violation des r\u00e8gles du jeu (Game Rule Violation).<\/p>\n<div class=\"alert alert-info\" role=\"alert\"> Nous savons tous que piocher n&#8217;est pas la m\u00eame chose que regarder mais la fronti\u00e8re n&#8217;est pas toujours facile \u00e0 voir. Ici la fronti\u00e8re est quand la carte regard\u00e9e est ajout\u00e9e \u00e0 un autre ensemble de cartes, comme la main ou encore \u00e0 sept autres cartes mises de c\u00f4t\u00e9 pour r\u00e9soudre <a href=\"https:\/\/blogs.magicjudges.org\/rules\/wp-content\/plugins\/lems-mtg-helper\/lems-mtg-helper-cardfinder.php?find=Fouille+temporelle&width=223&height=310\" class=\"jTip\" name=\"\">Fouille temporelle<\/a>. Gardez \u00e0 l&#8217;esprit que pour cette infraction, vous \u00eates invit\u00e9 \u00e0 exercer quelque peu votre jugement quand vous serez confront\u00e9 \u00e0 \u00ab\u00a0J&#8217;avais l&#8217;intention de prendre une seule carte mais j&#8217;en ai pris deux par erreur\u00a0\u00bb. La carte n&#8217;a pas encore \u00e9t\u00e9 \u00ab\u00a0ajout\u00e9e \u00e0 un ensemble\u00a0\u00bb ici.<\/div>\n<p style=\"text-align: justify;margin-bottom: 0px\">Les joueurs ne doivent pas se servir de cette p\u00e9nalit\u00e9 pour obtenir des \u00ab\u00a0m\u00e9langes gratuits\u00a0\u00bb ou pour rem\u00e9langer dans le jeu des cartes qu&#8217;ils ne souhaitent pas piocher. Ce serait un cas de <a href=\"http:\/\/blogs.magicjudges.org\/rules\/ipg4-8-fr\/\">Conduite antisportive \u2014 Triche<\/a>.<\/p>\n<div class=\"alert alert-info\" role=\"alert\"> Ici on parle de la capacit\u00e9 de l&#8217;arbitre \u00e0 comprendre qu&#8217;un joueur lui ment. Certains joueurs savent bien que la proc\u00e9dure suppl\u00e9mentaire pour une LEC est un m\u00e9lange, donc ils pourraient \u201caccidentellement\u201d jeter un \u0153il \u00e0 une carte afin de tenter d&#8217;obtenir un m\u00e9lange gratuit. C&#8217;est de la triche, et \u00e7a met en lumi\u00e8re que nous avons besoin de d\u00e9terminer si des cartes dans la biblioth\u00e8que sont connues avant d&#8217;appliquer la proc\u00e9dure suppl\u00e9mentaire. Quand vous arrivez \u00e0 la table, posez des questions aux deux joueurs pour tenter de comprendre ce qu&#8217;il se passe vraiment.<\/div>\n<p style=\"text-align: justify;margin-bottom: 0px\">Les joueurs ne doivent pas non plus \u00eatre autoris\u00e9s \u00e0 utiliser cette p\u00e9nalit\u00e9 comme un moyen d&#8217;abuser de la limite de temps.<\/p>\n<div class=\"alert alert-info\" role=\"alert\"> M\u00e9langer un deck prend du temps, et les joueurs le savent. En tant qu&#8217;arbitres nous devons emp\u00eacher les joueurs de tirer avantage de la limite de temps et nous devons comprendre quand un joueur essaie de le faire. On consid\u00e8re aussi cela comme de la triche, mais c&#8217;est tr\u00e8s difficile \u00e0 d\u00e9tecter.<\/div>\n<p style=\"text-align: justify;margin-bottom: 0px\">L&#8217;ordre des cartes dans la biblioth\u00e8que est d\u00e9j\u00e0 al\u00e9atoire, donc m\u00e9langer les cartes r\u00e9v\u00e9l\u00e9es ne devrait pas demander beaucoup d&#8217;effort.<\/p>\n<div class=\"alert alert-info\" role=\"alert\"> Cela signifie que le joueur n&#8217;a pas besoin de perdre du temps \u00e0 m\u00e9langer, contrairement \u00e0 ce qu&#8217;il doit faire pendant la proc\u00e9dure avant de commencer la partie. Quelques m\u00e9langes \u00ab\u00a0mash\u00a0\u00bb (sur le c\u00f4t\u00e9) ou 3 \u00e0 5 m\u00e9langes \u00ab\u00a0riffle\u00a0\u00bb devraient suffire. L&#8217;objectif est de \u00ab\u00a0perdre la trace\u00a0\u00bb dans le deck des cartes qui ont \u00e9t\u00e9 vues.<\/div>\n<h2 style=\"text-align: justify\">Proc\u00e9dure suppl\u00e9mentaire<\/h2>\n<p style=\"text-align: justify;margin-bottom: 0px\">M\u00e9langez les cartes qui n\u2019\u00e9taient pas connues auparavant dans la portion al\u00e9atoire de la biblioth\u00e8que, puis remettez aux bons endroits les cartes connues.<\/p>\n<div class=\"alert alert-info\" role=\"alert\"> Consultez la <a href=\"http:\/\/blogs.magicjudges.org\/rules\/ipg1-3-fr\/\">section 1.3 de l&#8217;IPG<\/a> pour tout savoir sur comment rendre un deck al\u00e9atoire. En r\u00e9sum\u00e9 : d\u00e9terminez quelles cartes sont l\u00e9galement connues gr\u00e2ce \u00e0 des effets tels que le regard ou la cascade puis, en veillant \u00e0 laisser ces cartes l\u00e0 o\u00f9 elles sont cens\u00e9es \u00eatre, m\u00e9langez toutes les autres cartes. Si la carte qui a \u00e9t\u00e9 vue accidentellement \u00e9tait d\u00e9j\u00e0 connue auparavant (par exemple avec <a href=\"https:\/\/blogs.magicjudges.org\/rules\/wp-content\/plugins\/lems-mtg-helper\/lems-mtg-helper-cardfinder.php?find=Remue-m%C3%A9ninges&width=223&height=310\" class=\"jTip\" name=\"\">Remue-m\u00e9ninges<\/a>), il n&#8217;est m\u00eame pas n\u00e9cessaire de m\u00e9langer le deck.<\/div>\n","protected":false},"excerpt":{"rendered":"<p>D\u00e9finition Un joueur r\u00e9alise une action qui pourrait lui permettre de voir la face de cartes dans un deck alors qu\u2019il n\u2019en a pas le droit. Cette p\u00e9nalit\u00e9 n\u2019est \u00e0 appliquer qu\u2019une seule fois quel que soit le nombre de cartes vues au cours de la m\u00eame action ou s\u00e9quence d\u2019actions. Exemples A. Une joueuse [&hellip;]<\/p>\n","protected":false},"author":249,"featured_media":0,"parent":0,"menu_order":0,"comment_status":"closed","ping_status":"closed","template":"page_width-index.php","meta":{"footnotes":"","_links_to":"","_links_to_target":""},"language":[9],"class_list":["post-4612","page","type-page","status-publish","hentry","language-fr"],"_links":{"self":[{"href":"https:\/\/blogs.magicjudges.org\/rules\/wp-json\/wp\/v2\/pages\/4612","targetHints":{"allow":["GET"]}}],"collection":[{"href":"https:\/\/blogs.magicjudges.org\/rules\/wp-json\/wp\/v2\/pages"}],"about":[{"href":"https:\/\/blogs.magicjudges.org\/rules\/wp-json\/wp\/v2\/types\/page"}],"author":[{"embeddable":true,"href":"https:\/\/blogs.magicjudges.org\/rules\/wp-json\/wp\/v2\/users\/249"}],"replies":[{"embeddable":true,"href":"https:\/\/blogs.magicjudges.org\/rules\/wp-json\/wp\/v2\/comments?post=4612"}],"version-history":[{"count":9,"href":"https:\/\/blogs.magicjudges.org\/rules\/wp-json\/wp\/v2\/pages\/4612\/revisions"}],"predecessor-version":[{"id":7681,"href":"https:\/\/blogs.magicjudges.org\/rules\/wp-json\/wp\/v2\/pages\/4612\/revisions\/7681"}],"wp:attachment":[{"href":"https:\/\/blogs.magicjudges.org\/rules\/wp-json\/wp\/v2\/media?parent=4612"}],"wp:term":[{"taxonomy":"language","embeddable":true,"href":"https:\/\/blogs.magicjudges.org\/rules\/wp-json\/wp\/v2\/language?post=4612"}],"curies":[{"name":"wp","href":"https:\/\/api.w.org\/{rel}","templated":true}]}}