{"id":4620,"date":"2016-08-06T01:44:23","date_gmt":"2016-08-05T22:44:23","guid":{"rendered":"http:\/\/blogs.magicjudges.org\/rules\/?page_id=4620"},"modified":"2018-04-05T17:14:07","modified_gmt":"2018-04-05T14:14:07","slug":"ipg1-3-fr","status":"publish","type":"page","link":"https:\/\/blogs.magicjudges.org\/rules\/ipg1-3-fr\/","title":{"rendered":"IPG 1.3 M\u00e9langer une biblioth\u00e8que"},"content":{"rendered":"<p style=\"text-align: justify;margin-bottom: 0px\">La proc\u00e9dure suppl\u00e9mentaire de certaines infractions mentionne de m\u00e9langer la partie al\u00e9atoire de la biblioth\u00e8que.<\/p>\n<div class=\"alert alert-info\" role=\"alert\"> <em>Dans l\u2019IPG, la proc\u00e9dure suppl\u00e9mentaire de certaines infractions indiquent qu&#8217;il faut m\u00e9langer la partie al\u00e9atoire de la biblioth\u00e8que ; pour ce faire, suivez les instructions ci-dessous. <\/em><\/div>\n<p style=\"text-align: justify;margin-bottom: 0px\">En premier lieu cela requiert de d\u00e9terminer s\u2019il existe des parties non al\u00e9atoires de la biblioth\u00e8que, telles que des cartes qui ont \u00e9t\u00e9 manipul\u00e9es et plac\u00e9es au-dessus ou au-dessous de la biblioth\u00e8que, et de les s\u00e9parer. Consultez les deux joueurs pour v\u00e9rifier tout cela, et scrutez le cimeti\u00e8re, l\u2019exil et le champ de bataille \u00e0 la recherche de cartes de manipulation de la biblioth\u00e8que, telles que <a href=\"https:\/\/blogs.magicjudges.org\/rules\/wp-content\/plugins\/lems-mtg-helper\/lems-mtg-helper-cardfinder.php?find=Remue-m%C3%A9ninges&width=223&height=310\" class=\"jTip\" name=\"\">Remue-m\u00e9ninges<\/a> ou des cartes avec la m\u00e9canique \u00ab\u00a0regard\u00a0\u00bb.<\/p>\n<div class=\"alert alert-info\" role=\"alert\"> <em>Quand nous demandons \u00e0 un joueur de m\u00e9langer sa biblioth\u00e8que, nous ne voulons pas que cela affecte les parties de la biblioth\u00e8que qui ont \u00e9t\u00e9 vues et ordonn\u00e9es intentionnellement. Demandez aux joueurs si certaines cartes sont connues. Dans le m\u00eame temps, \u00e9tudiez l&#8217;\u00e9tat de la partie pour essayer d&#8217;\u00e9tablir si certains effets ont pu ordonner certaines parties de la biblioth\u00e8que ou au contraire, l&#8217;avoir m\u00e9lang\u00e9e. N&#8217;oubliez pas de demander si les joueurs ont effectu\u00e9 des Mulligans.<\/em><\/div>\n<p style=\"text-align: justify;margin-bottom: 0px\">Une fois la biblioth\u00e8que m\u00e9lang\u00e9e, les cartes manipul\u00e9es sont remises aux bons endroits.<\/p>\n<div class=\"alert alert-info\" role=\"alert\"> <em>Mettez de c\u00f4t\u00e9 les cartes dont l&#8217;emplacement \u00e9tait connu, dites au joueur de m\u00e9langer la partie inconnue, puis replacez les cartes connues l\u00e0 o\u00f9 elles sont cens\u00e9es se trouver.<\/em><\/div>\n<p style=\"text-align: justify;margin-bottom: 0px\">Les m\u00e9langes effectu\u00e9s par un arbitre en tant qu\u2019\u00e9l\u00e9ment d\u2019une proc\u00e9dure suppl\u00e9mentaire ne sont pas consid\u00e9r\u00e9s comme des m\u00e9langes aux yeux du jeu.<\/p>\n<div class=\"alert alert-info\" role=\"alert\"> <em>Navr\u00e9 <a href=\"https:\/\/blogs.magicjudges.org\/rules\/wp-content\/plugins\/lems-mtg-helper\/lems-mtg-helper-cardfinder.php?find=Escroc+de+Cosi&width=223&height=310\" class=\"jTip\" name=\"\">Escroc de Cosi<\/a>. De plus, il vaut mieux demander au joueur de m\u00e9langer que le faire soi m\u00eame. Si le joueur n\u2019aime pas ce qu\u2019il pioche par la suite, il risque de le reprocher \u00e0 l\u2019arbitre. Laissez aux joueurs le soin de m\u00e9langer la biblioth\u00e8que.<\/em><\/div>\n","protected":false},"excerpt":{"rendered":"<p>La proc\u00e9dure suppl\u00e9mentaire de certaines infractions mentionne de m\u00e9langer la partie al\u00e9atoire de la biblioth\u00e8que. En premier lieu cela requiert de d\u00e9terminer s\u2019il existe des parties non al\u00e9atoires de la biblioth\u00e8que, telles que des cartes qui ont \u00e9t\u00e9 manipul\u00e9es et plac\u00e9es au-dessus ou au-dessous de la biblioth\u00e8que, et de les s\u00e9parer. Consultez les deux joueurs [&hellip;]<\/p>\n","protected":false},"author":249,"featured_media":0,"parent":0,"menu_order":0,"comment_status":"closed","ping_status":"closed","template":"page_width-index.php","meta":{"footnotes":"","_links_to":"","_links_to_target":""},"language":[9],"class_list":["post-4620","page","type-page","status-publish","hentry","language-fr"],"_links":{"self":[{"href":"https:\/\/blogs.magicjudges.org\/rules\/wp-json\/wp\/v2\/pages\/4620","targetHints":{"allow":["GET"]}}],"collection":[{"href":"https:\/\/blogs.magicjudges.org\/rules\/wp-json\/wp\/v2\/pages"}],"about":[{"href":"https:\/\/blogs.magicjudges.org\/rules\/wp-json\/wp\/v2\/types\/page"}],"author":[{"embeddable":true,"href":"https:\/\/blogs.magicjudges.org\/rules\/wp-json\/wp\/v2\/users\/249"}],"replies":[{"embeddable":true,"href":"https:\/\/blogs.magicjudges.org\/rules\/wp-json\/wp\/v2\/comments?post=4620"}],"version-history":[{"count":9,"href":"https:\/\/blogs.magicjudges.org\/rules\/wp-json\/wp\/v2\/pages\/4620\/revisions"}],"predecessor-version":[{"id":7678,"href":"https:\/\/blogs.magicjudges.org\/rules\/wp-json\/wp\/v2\/pages\/4620\/revisions\/7678"}],"wp:attachment":[{"href":"https:\/\/blogs.magicjudges.org\/rules\/wp-json\/wp\/v2\/media?parent=4620"}],"wp:term":[{"taxonomy":"language","embeddable":true,"href":"https:\/\/blogs.magicjudges.org\/rules\/wp-json\/wp\/v2\/language?post=4620"}],"curies":[{"name":"wp","href":"https:\/\/api.w.org\/{rel}","templated":true}]}}