{"id":4819,"date":"2016-09-02T22:10:50","date_gmt":"2016-09-02T19:10:50","guid":{"rendered":"http:\/\/blogs.magicjudges.org\/rules\/?page_id=4819"},"modified":"2017-04-08T22:02:04","modified_gmt":"2017-04-08T19:02:04","slug":"ipg1-1-de","status":"publish","type":"page","link":"https:\/\/blogs.magicjudges.org\/rules\/ipg1-1-de\/","title":{"rendered":"IPG 1.1 Definition der Penaltys"},"content":{"rendered":"<h2 style=\"text-align: justify;margin-top: -5px\">Warning (Verwarnung)<\/h2>\n<p style=\"text-align: justify;margin-bottom: 0px\">Warnings sind offiziell aufgezeichnete Penaltys.<\/p>\n<div class=\"alert alert-info\" role=\"alert\"> <em>Warnings m\u00fcssen aufgezeichnet werden und Judges sollten sie auf der R\u00fcckseite des Ergebniszettels (falls du diese verwendest) aufschreiben. Dann wird der <a href=\"http:\/\/blogs.magicjudges.org\/rules\/mtr1-9\/\">Scorekeeper<\/a> das Warning im WER eintragen, damit Wizards of the Coast das Vergehen aufzeichnen kann. Der Scorekeeper und der Spieler sollten sich des Penaltys bewusst sein. Der Scorekeeper kann dich informieren, wenn ein Spieler nahe einer Heraufstufung ist und Spieler m\u00fcssen sich bewusst sein, wie viele Penaltys sie erhalten haben.<\/em><\/div>\n<p style=\"text-align: justify;margin-bottom: 0px\">Ein Warning wird in einer Situation vergeben, f\u00fcr die mehr als ein kurzer Moment n\u00f6tig ist, um die entsprechenden Korrekturma\u00dfnahmen anzuwenden. Der Zweck eines Warnings ist, den beteiligten Judges und Spielern deutlich zu machen, dass ein Problem aufgetreten ist, und um den Versto\u00df dauerhaft in der DCI-Penaltydatenbank festzuhalten. Hat das Einschreiten des Judges l\u00e4nger als eine Minute gedauert sollte Extrazeit vergeben werden.<\/p>\n<div class=\"alert alert-info\" role=\"alert\"> <em>Warnings werden normalerweise vergeben, wenn Judges einschreiten m\u00fcssen um eine Situation zu korrigieren. Das prim\u00e4re Ziel eines Warnings ist es, der Erinnerung \u00fcberlegter zu spielen \u201eNachdruck\u201c zu verleihen. Es wird aufgeschrieben und aufgezeichnet, daher ist es erheblich, allerdings muss es keine Angst machen.<\/em><\/p>\n<p><em>Wenn die Korrektur des Spielzustandes l\u00e4nger als eine Minute gedauert hat, vergebe Extrazeit, die der Zeit zur Korrektur entspricht, au\u00dfer, das Match ist bereits in den Extraz\u00fcgen. Du hast auf die Uhr geschaut, bevor du dich zum Tisch begeben hast, nicht wahr?<\/em><\/div>\n<h2 style=\"text-align: justify\">Game Loss (Partieverlust)<\/h2>\n<p style=\"text-align: justify;margin-bottom: 0px\">Ein Game Loss sollte vergeben werden, wenn das Korrigieren einer Situation erhebliche Zeit in Anspruch nimmt und damit das gesamte Turnier aufhalten k\u00f6nnte, die Korrektur eine erhebliche St\u00f6rung des Turniers darstellen w\u00fcrde, oder wenn es wegen einer physischen Beeintr\u00e4chtigung unm\u00f6glich ist, die Partie fortzusetzen. Dieser Penalty wird auch f\u00fcr manche Verst\u00f6\u00dfe angewendet, bei denen ein Spieler mit h\u00f6herer Wahrscheinlichkeit einen Vorteil erlangen k\u00f6nnte.<\/p>\n<div class=\"alert alert-info\" role=\"alert\"> <em>Die Zuordnung von Penaltys richtet sich danach, wie st\u00f6rend Verst\u00f6\u00dfe f\u00fcr das Turnier sind. Game Losses werden vergeben, wenn eine Korrektur lange dauert oder ein Spieler mit h\u00f6herer Wahrscheinlichkeit einen Vorteil aus dem Versto\u00df erlangen k\u00f6nnte. Bedenke, dass dies nicht hei\u00dft, dass du ein Game Loss nur wegen des potentiellen Vorteils vergeben kannst. Diese \u00dcberlegung wurde bereits bei der Art des Versto\u00dfes und dessen Heraufstufungs-\/Herunterstufungsm\u00f6glichkeiten ber\u00fccksichtigt.<\/em><\/div>\n<p style=\"text-align: justify;margin-bottom: 0px\">Ein Game Loss beendet die laufende Partie sofort. Der Spieler, der den Versto\u00df begangen hat, verliert jene Partie in Bezug auf die Matchwertung. Falls es in diesem Match eine weitere Partie gibt, dann w\u00e4hlt der Spieler, der das Game Loss erhalten hat, ob er diese Partie beginnt oder zieht. Wird ein Game Loss vor Beginn des Matches vergeben, so darf keiner der Spieler f\u00fcr die erste tats\u00e4chlich gespielte Partie des Matches sein Sideboard benutzen.<\/p>\n<div class=\"alert alert-info\" role=\"alert\"> <em>Wenn ein Spieler ein Game Loss erh\u00e4lt, ist diese Partie vorbei. Der Spielzustand oder ein \u201eaber er h\u00e4tte sowieso verloren\u201c beeinflussen diese Entscheidung nicht. Der Rest dieses Abschnitts sagt uns, was wir f\u00fcr die n\u00e4chste Partie ber\u00fccksichtigen sollen. Der Spieler mit dem Game Loss\u2026 hat verloren. Also kann dieser Spieler entscheiden, ob er in der n\u00e4chsten Partie des Matches beginnt oder zieht. Wurde das Game Loss allerdings vor der ersten Partie einer Runde vergeben, k\u00f6nnen die Spieler f\u00fcr diese Partie ihr Sideboard nicht benutzen.<\/em><\/div>\n<p style=\"text-align: justify;margin-bottom: 0px\">Game Losses werden f\u00fcr jene Partie vergeben, in der das Vergehen passiert ist, es sei denn die Spieler haben bereits eine neue Partie begonnen oder eine Runde des Turniers ist beendet und die Neue hat noch nicht begonnen. In diesen F\u00e4llen wird der Penalty auf die darauf folgende Partie des Spielers angewendet.<\/p>\n<div class=\"alert alert-info\" role=\"alert\"> <em>Game Losses werden normalerweise f\u00fcr jene Partie vergeben, in der der Versto\u00df begangen wurde. Einige Fehler jedoch k\u00f6nnen zwischen den Runden festgestellt werden, zum Beispiel <a href=\"http:\/\/blogs.magicjudges.org\/rules\/ipg3-5-de\/\">Deck\/Decklisten-Probleme<\/a>, und f\u00fchren dazu, dass der Penalty auf die darauffolgende Partie angewendet wird.<\/em><\/div>\n<p style=\"text-align: justify;margin-bottom: 0px\">Falls beide Spieler gleichzeitig ein Game Loss erhalten, werden diese normal erfasst, haben aber keinen Einfluss auf das Matchergebnis.<\/p>\n<div class=\"alert alert-info\" role=\"alert\"> <em>Dies deckt Situationen ab, in denen beide Spieler ein illegales Deck haben oder etwas \u00e4hnliches. Vergeben wir an beide Spieler ein Game Loss, wird eine einzige Partie des Matches den Gewinner bestimmen. Geschieht dies, ist es unsch\u00f6n, die Penaltys zu vergeben, da nur ein Spieler effektiv bestraft wird, w\u00e4hrend der andere f\u00fcr das gleiche Verhalten nicht bestraft wird. Um diese Situation zu korrigieren, werden beide Penaltys erfasst, die laufende Partie beendet (falls sie noch gespielt wird) und beide Spieler beginnen mit der n\u00e4chsten Partie. F\u00fcr das Erfassen des Matchergebnisses werden die Game Losses nicht ber\u00fccksichtigt.<\/em><\/div>\n<p style=\"text-align: justify;margin-bottom: 0px\">Erh\u00e4lt ein Spieler ein Game Loss und sein Gegner zur selben Zeit ein Match Loss dann wird der Game Loss auf die n\u00e4chste Runde \u00fcbertragen.<\/p>\n<div class=\"alert alert-info\" role=\"alert\"> <em>S\u00e4tze wie dieser sind das Resultat der Erfindung von Ausnahmef\u00e4llen durch Judges. Was, wenn Abe zur gleichen Zeit ein Match Loss erh\u00e4lt, zu der Ned ein Game Loss erh\u00e4lt? Jetzt wei\u00dft du es. Abe verliert das Match und Ned beginnt die darauffolgende Runde mit einem Game Loss.<\/em><\/div>\n<p style=\"text-align: justify;margin-bottom: 0px\">Spieler erhalten ein Game Loss auch dann, wenn sie aus dem Turnier aussteigen; wird der Game Loss zwischen zwei Runden vergeben, so erhalten sie den Penalty auch, wenn sie an der n\u00e4chsten Runde nicht mehr teilnehmen.<\/p>\n<div class=\"alert alert-info\" role=\"alert\"> <em>Spieler k\u00f6nnen Penaltys nicht vermeiden, auch wenn sie aus dem Turnier aussteigen. Wissen sie, dass sie eine Partie der n\u00e4chsten Runde aufgrund eines Penaltys verlieren werden und steigen sie deshalb aus dem Turnier aus, wird der Penalty trotzdem in das System eingetragen.<\/em><\/div>\n<h2 style=\"text-align: justify\">Match Loss (Matchverlust)<\/h2>\n<p style=\"text-align: justify;margin-bottom: 0px\">Ein Match Loss ist ein schwerwiegender Penalty, der normalerweise dann vergeben wird, wenn ein Match aufgrund von zeitlichen Einschr\u00e4nkungen nicht beendet werden kann, oder wenn das Match als Ganzes kompromittiert ist.<\/p>\n<div class=\"alert alert-info\" role=\"alert\"> <em>Match Losses f\u00fcr etwas anderes als Unp\u00fcnktlichkeit sind sehr selten. Hast du dich so stark versp\u00e4tet, werden wir dir diese Zeit nicht zur\u00fcckgeben. \u201eZeitbeschr\u00e4nkungen\u201c sind nicht die Folge eines Calls\/einer Untersuchung, d. h. du vergibst kein Match Loss, weil eine Untersuchung lange gedauert hat.<\/em><\/p>\n<p><em>Die andere M\u00f6glichkeit f\u00fcr ein Match Loss ist ein Fall von <a href=\"http:\/\/blogs.magicjudges.org\/rules\/ipg3-2-de\/\">Outside Assistance<\/a>. Das Match wurde kompromittiert. Allerdings erh\u00e4lt die Person, die die Outside Assistance begangen hat, den Match Loss. Das hei\u00dft, dass ein kompromittiertes Match trotzdem fortgef\u00fchrt wird, wenn das Vergehen durch einen Zuschauer begangen wurde.<\/em><\/div>\n<p style=\"text-align: justify;margin-bottom: 0px\">Match Losses werden in jenem Match vergeben, in dem das Vergehen begangen wurde, au\u00dfer das Match wurde bereits beendet. In diesem Fall wird der Penalty auf das n\u00e4chste Match des Spielers angewendet. Spieler bekommen auch dann ein Match Loss, wenn sie aus dem Turnier aussteigen, obwohl sie an der n\u00e4chsten Runde nicht mehr teilnehmen.<\/p>\n<div class=\"alert alert-info\" role=\"alert\"> <em>Hier gilt das Gleiche wie f\u00fcr die Game Losses weiter oben. Wurde das Match bereits beendet, wird der Penalty auf das n\u00e4chste Match angewendet. Spieler k\u00f6nnen nicht zur Vermeidung eines Penaltys aus dem Turnier aussteigen.<\/em><\/div>\n<h2 style=\"text-align: justify\">Disqualifikation<\/h2>\n<p style=\"text-align: justify;margin-bottom: 0px\">Eine Disqualifikation wird bei Vergehen vergeben, welche die Integrit\u00e4t eines Turniers als Ganzes beeintr\u00e4chtigen, oder bei grob unsportlichem Verhalten.<\/p>\n<div class=\"alert alert-info\" role=\"alert\"> <em>Disqualifikationen (DQ) sind f\u00fcr die schlimmsten Vergehen gedacht. F\u00fchl dich nicht schlecht deswegen. Bedenke, dass du nicht Penaltys vergibst, sondern die Spieler diese verdienen.<\/em><\/div>\n<p style=\"text-align: justify;margin-bottom: 0px\">Die Person, die disqualifiziert wird, muss nicht unbedingt als Spieler am Turnier teilnehmen. Es kann sich hierbei auch um einen Zuschauer oder einen anderen Anwesenden handeln. In diesem Fall muss diese Person im Wizards Event Reporter (\u201eWER\u201c) dem Turnier hinzugef\u00fcgt werden, damit sie disqualifiziert und der DCI gemeldet werden kann.<\/p>\n<div class=\"alert alert-info\" role=\"alert\"> <em>Der Grund daf\u00fcr ist, dass die DCI alle Disqualifikationsberichte sammeln muss, um <a href=\"http:\/\/magic.wizards.com\/en\/content\/suspended-dci-memberships\">die Liste der suspendierten Spieler<\/a> zu aktualisieren. Hat ein Zuschauer etwas wirklich Schlimmes getan, hat die DCI immer noch das Recht ihn von der Teilnahme an sanktionierten Veranstaltungen auszuschlie\u00dfen. Finde den Namen oder die DCI Nummer dieser Person heraus, auch wenn du daf\u00fcr herumfragen musst. Erinnere dich daran, Aussagen zu sammeln und einen Untersuchungsbericht einzureichen.<\/em><\/div>\n<p style=\"text-align: justify;margin-bottom: 0px\">Eine Disqualifikation kann ohne Beweise vorgenommen werden, solange der Head Judge ausreichend Grund zur Annahme hat, dass die Integrit\u00e4t des Turniers Schaden genommen hat. Dieser Umstand sollte im Bericht des Head Judges erw\u00e4hnt werden.<\/p>\n<div class=\"alert alert-info\" role=\"alert\"> <em><strong>Magic<\/strong> Veranstaltungen sind kein Gericht und auch keine Folge aus CSI: Miami. Du brauchst keine rauchende Pistole oder DNA Beweise. Der Head Judge muss nicht beweisen, dass seine Entscheidung richtig ist, er muss sie nur anhand gen\u00fcgend Informationen rechtfertigen k\u00f6nnen. Disqualifizierst du jemanden ohne Beweise, musst du dies allerdings auch berichten. Das Untersuchungskomitee hat immer noch das Recht den Head Judge um eine Erkl\u00e4rung zu bitten.<\/em><\/div>\n<p style=\"text-align: justify;margin-bottom: 0px\">Wird dieser Penalty vergeben, verliert der Spieler das aktuelle Match und scheidet aus dem Turnier aus. Hat ein Spieler zu diesem Zeitpunkt bereits Preise erhalten, kann er diese Preise behalten, aber er bekommt keine zus\u00e4tzlichen Preise oder Auszeichnungen, auf die er sonst eventuell Anspruch h\u00e4tte.<\/p>\n<div class=\"alert alert-info\" role=\"alert\"> <em>Wird ein Spieler von einem Turnier disqualifiziert, ist sein Turnier vorbei. Die Resultate der Matches oder Partien, die er beendet hat, werden nicht ver\u00e4ndert und falls der Spieler vor der DQ Preise erhalten hat, kann er diese behalten. Allerdings erh\u00e4lt er keine weitere Preise oder Auszeichnungen. Der Grund daf\u00fcr ist vor allem die Vermeidung von rechtlichen Komplikationen aufgrund des \u201eZur\u00fccknehmens\u201c einer Sache, die bereits gegeben wurde.<\/em><\/p>\n<p><em>Alle Disqualifikationen sollten \u00fcber das <em><a href=\"http:\/\/judge.wizards.com\" target=\"_blank\">Judge Center<\/a><\/em> dem <em><a href=\"http:\/\/blogs.magicjudges.org\/o\/spheres\/investigations-committee\/\" target=\"_blank\">Untersuchungskomitee<\/a><\/em> gemeldet werden. Die Aussage des Spielers und der kurze Bericht des Head Judges werden ben\u00f6tigt. Zeugenaussagen von Zuschauern sind optional.<\/em><\/p>\n<p><em>Da ist ein ziemlich guter <a href=\"http:\/\/www.wizards.com\/magic\/magazine\/article.aspx?x=judge\/article\/20091207a\">Artikel \u00fcber die Papierarbeit<\/a>, die eine DQ mit sich bringt.<\/em><\/div>\n<p style=\"text-align: justify;margin-bottom: 0px\">Wird ein Spieler w\u00e4hrend eines Turniers disqualifiziert, wird er komplett aus dem Turnier entfernt und taucht auch nicht mehr in der Turnierplatzierung auf. Das bedeutet, dass alle anderen Spieler des Turniers einen Platz aufr\u00fccken und auch Anspruch auf alle Preise haben, die ihrer neuen Platzierung entsprechen. Wird die Disqualifikation nach einem Cut vergeben, dann tritt kein weiterer Spieler an den Platz des disqualifizierten Spielers, obwohl er in der Turnierplatzierung aufr\u00fcckt. Falls beispielsweise ein Spieler in der Viertelfinalrunde eines Preliminary Pro Tour Qualifiers disqualifiziert wird, r\u00fcckt der vormals Neuntplatzierte zwar an den achten Platz in der Rangliste, wird aber nicht in die nach dem K.O.-System ausgespielte Top8 aufgenommen.<\/p>\n<div class=\"alert alert-info\" role=\"alert\"> <em>Dieser Abschnitt soll Judges (und Spielern) erkl\u00e4ren, was nach einer DQ geschieht. Eine sehr h\u00e4ufige Frage ist: \u201eJetzt wo ein Platz in den Top 8 frei ist, kann der auf Platz 9 diesen haben?\u201c Die Antwort ist: Wenn die DQ nach dem Cut ist, dann nicht.<\/em><\/div>\n<p style=\"text-align: left\">Mehr Informationen \u00fcber das Vorgehen bei einer Disqualifikation gibt es unter: <a href=\"http:\/\/blogs.magicjudges.org\/o\/disqualification-process-de\/\" target=\"_blank\">http:\/\/blogs.magicjudges.org\/o\/disqualification-process-de\/<\/a>.<\/p>\n","protected":false},"excerpt":{"rendered":"<p>Warning (Verwarnung) Warnings sind offiziell aufgezeichnete Penaltys. Ein Warning wird in einer Situation vergeben, f\u00fcr die mehr als ein kurzer Moment n\u00f6tig ist, um die entsprechenden Korrekturma\u00dfnahmen anzuwenden. Der Zweck eines Warnings ist, den beteiligten Judges und Spielern deutlich zu machen, dass ein Problem aufgetreten ist, und um den Versto\u00df dauerhaft in der DCI-Penaltydatenbank festzuhalten. [&hellip;]<\/p>\n","protected":false},"author":137,"featured_media":0,"parent":0,"menu_order":0,"comment_status":"closed","ping_status":"closed","template":"page_width-index.php","meta":{"footnotes":"","_links_to":"","_links_to_target":""},"language":[12],"class_list":["post-4819","page","type-page","status-publish","hentry","language-de"],"_links":{"self":[{"href":"https:\/\/blogs.magicjudges.org\/rules\/wp-json\/wp\/v2\/pages\/4819","targetHints":{"allow":["GET"]}}],"collection":[{"href":"https:\/\/blogs.magicjudges.org\/rules\/wp-json\/wp\/v2\/pages"}],"about":[{"href":"https:\/\/blogs.magicjudges.org\/rules\/wp-json\/wp\/v2\/types\/page"}],"author":[{"embeddable":true,"href":"https:\/\/blogs.magicjudges.org\/rules\/wp-json\/wp\/v2\/users\/137"}],"replies":[{"embeddable":true,"href":"https:\/\/blogs.magicjudges.org\/rules\/wp-json\/wp\/v2\/comments?post=4819"}],"version-history":[{"count":9,"href":"https:\/\/blogs.magicjudges.org\/rules\/wp-json\/wp\/v2\/pages\/4819\/revisions"}],"predecessor-version":[{"id":6544,"href":"https:\/\/blogs.magicjudges.org\/rules\/wp-json\/wp\/v2\/pages\/4819\/revisions\/6544"}],"wp:attachment":[{"href":"https:\/\/blogs.magicjudges.org\/rules\/wp-json\/wp\/v2\/media?parent=4819"}],"wp:term":[{"taxonomy":"language","embeddable":true,"href":"https:\/\/blogs.magicjudges.org\/rules\/wp-json\/wp\/v2\/language?post=4819"}],"curies":[{"name":"wp","href":"https:\/\/api.w.org\/{rel}","templated":true}]}}