{"id":4825,"date":"2016-09-02T22:11:35","date_gmt":"2016-09-02T19:11:35","guid":{"rendered":"http:\/\/blogs.magicjudges.org\/rules\/?page_id=4825"},"modified":"2016-11-07T14:18:28","modified_gmt":"2016-11-07T11:18:28","slug":"ipg1-3-de","status":"publish","type":"page","link":"https:\/\/blogs.magicjudges.org\/rules\/ipg1-3-de\/","title":{"rendered":"IPG 1.3 Das Deck in eine zuf\u00e4llige Reihenfolge bringen"},"content":{"rendered":"<p style=\"text-align: justify;margin-bottom: 0px\">F\u00fcr einige Vergehen in diesem Dokument wird als Ma\u00dfnahme der Teil des Decks gemischt, der sich in zuf\u00e4lliger Reihenfolge befindet.<\/p>\n<div class=\"alert alert-info\" role=\"alert\"> <em>Einige Vergehen des Leitfadens zur Behandlung von Regelverst\u00f6\u00dfen sehen als Teil der Ma\u00dfnahme vor, das Deck zu mischen oder in eine zuf\u00e4llige Reihenfolge zu bringen; wenn dies der Fall ist, befolge diese Anweisungen.<\/em><\/div>\n<p style=\"text-align: justify;margin-bottom: 0px\">Dazu muss zuerst festgestellt werden, ob Teile des Decks nicht in einer zuf\u00e4lligen Reihenfolge sind. Manchmal sind Karten oben oder unter der Bibliothek durch Manipulation bekannt. Diese Karten m\u00fcssen vor dem Mischen vom Rest des Decks separiert werden. Um dies zu \u00fcberpr\u00fcfen, werden beide Spieler befragt und der Friedhof, das Exil und das Spielfeld nach Karten durchsucht, die einem Spieler Kenntnis \u00fcber die Position von Karten in einer Bibliothek gegeben haben k\u00f6nnten (wie zum Beispiel die Karte Gedankenwirbel oder Karten mit der Hellsicht-Mechanik).<\/p>\n<div class=\"alert alert-info\" role=\"alert\"> <em>Weisen wir einen Spieler an, sein Deck in eine zuf\u00e4llige Reihenfolge zu bringen, wollen wir die Teile des Decks, die gesehen oder bewusst geordnet wurden, nicht verlieren. Stelle sicher, dass du die Spieler nach bekannten Karten fragst. Die Erinnerung der Spieler ist allerdings nicht unfehlbar; suche in allen Zonen nach Karten und F\u00e4higkeiten die das Deck vielleicht geordnet oder wieder in eine zuf\u00e4llige Reihenfolge gebracht haben (wie Fetchl\u00e4nder).<\/em><\/div>\n<p style=\"text-align: justify;margin-bottom: 0px\">Nach dem Mischen werden die Karten, deren Position bekannt ist, wieder an die entsprechende Stelle im Deck zur\u00fcckgelegt.<\/p>\n<div class=\"alert alert-info\" role=\"alert\"> <em>Trenne die bekannten Karten vom Deck und lasse die Spieler den unbekannten Teil des Decks mischen, dann legst du die bekannten Karten wieder dorthin, wo sie sein sollen.<\/em><\/div>\n<p style=\"text-align: justify;margin-bottom: 0px\">Wenn ein Judge ein Deck als Teil einer Ma\u00dfnahme mischt, gilt dies nicht als Mischen-Effekt f\u00fcr die Partie.<\/p>\n<div class=\"alert alert-info\" role=\"alert\"> <em>Nichts f\u00fcr ungut <a href=\"https:\/\/blogs.magicjudges.org\/rules\/wp-content\/plugins\/lems-mtg-helper\/lems-mtg-helper-cardfinder.php?find=Cosis+Gauner&width=223&height=310\" class=\"jTip\" name=\"\">Cosis Gauner<\/a>. Dieses Mischen wird nicht durch den Judge ausgef\u00fchrt. Es wird durch einen Judge angeordnet. Es ist eine schlechte Idee als Judge das Deck zu mischen, da es den Spielern die M\u00f6glichkeit gibt, den Judge f\u00fcr das Ziehen schlechter Karten zu beschuldigen. Lass die Spieler mischen und das Deck pr\u00e4sentieren.<\/em><\/div>\n","protected":false},"excerpt":{"rendered":"<p>F\u00fcr einige Vergehen in diesem Dokument wird als Ma\u00dfnahme der Teil des Decks gemischt, der sich in zuf\u00e4lliger Reihenfolge befindet. Dazu muss zuerst festgestellt werden, ob Teile des Decks nicht in einer zuf\u00e4lligen Reihenfolge sind. Manchmal sind Karten oben oder unter der Bibliothek durch Manipulation bekannt. Diese Karten m\u00fcssen vor dem Mischen vom Rest des [&hellip;]<\/p>\n","protected":false},"author":137,"featured_media":0,"parent":0,"menu_order":0,"comment_status":"closed","ping_status":"closed","template":"page_width-index.php","meta":{"footnotes":"","_links_to":"","_links_to_target":""},"language":[12],"class_list":["post-4825","page","type-page","status-publish","hentry","language-de"],"_links":{"self":[{"href":"https:\/\/blogs.magicjudges.org\/rules\/wp-json\/wp\/v2\/pages\/4825","targetHints":{"allow":["GET"]}}],"collection":[{"href":"https:\/\/blogs.magicjudges.org\/rules\/wp-json\/wp\/v2\/pages"}],"about":[{"href":"https:\/\/blogs.magicjudges.org\/rules\/wp-json\/wp\/v2\/types\/page"}],"author":[{"embeddable":true,"href":"https:\/\/blogs.magicjudges.org\/rules\/wp-json\/wp\/v2\/users\/137"}],"replies":[{"embeddable":true,"href":"https:\/\/blogs.magicjudges.org\/rules\/wp-json\/wp\/v2\/comments?post=4825"}],"version-history":[{"count":5,"href":"https:\/\/blogs.magicjudges.org\/rules\/wp-json\/wp\/v2\/pages\/4825\/revisions"}],"predecessor-version":[{"id":5417,"href":"https:\/\/blogs.magicjudges.org\/rules\/wp-json\/wp\/v2\/pages\/4825\/revisions\/5417"}],"wp:attachment":[{"href":"https:\/\/blogs.magicjudges.org\/rules\/wp-json\/wp\/v2\/media?parent=4825"}],"wp:term":[{"taxonomy":"language","embeddable":true,"href":"https:\/\/blogs.magicjudges.org\/rules\/wp-json\/wp\/v2\/language?post=4825"}],"curies":[{"name":"wp","href":"https:\/\/api.w.org\/{rel}","templated":true}]}}