{"id":4833,"date":"2016-09-02T22:13:44","date_gmt":"2016-09-02T19:13:44","guid":{"rendered":"http:\/\/blogs.magicjudges.org\/rules\/?page_id=4833"},"modified":"2016-11-07T19:41:26","modified_gmt":"2016-11-07T16:41:26","slug":"ipg2-2-de","status":"publish","type":"page","link":"https:\/\/blogs.magicjudges.org\/rules\/ipg2-2-de\/","title":{"rendered":"IPG 2.2 Spielfehler \u2014 Extrakarten ansehen"},"content":{"rendered":"<div style=\"padding-right: 20px;float: left;width: 80%;margin-top: 0px\">\n<h2>Definition<\/h2>\n<p>Ein Spieler sieht eine Karte, die er nicht h\u00e4tte sehen d\u00fcrfen.<\/p>\n<\/div>\n<div style=\"float: right;width: 20%;margin-top: 0px;margin-bottom: -20px;text-align: center\">\n<div class=\"alert alert-warning\" role=\"alert\"> <\/p>\n<p style=\"text-align: center;margin-top: 10px;margin-left: -10px\"><strong>Penalty<\/strong><\/p>\n<p style=\"text-align: center;margin-bottom: 10px;margin-left: -12px\">Warning<\/p>\n<p><\/div>\n<\/div>\n<br style=\"clear: both; height: 1px; margin: -1px 0pt 0pt; overflow: hidden;\">\n<p style=\"margin-top: -5px\"><div class=\"alert alert-info\" role=\"alert\"> <em>Dieser Regelversto\u00df ist sehr einfach zu begehen. Immer wenn eine Bibliothek ber\u00fchrt wird, kann es sein, dass eine Karte daneben f\u00e4llt oder umgedreht wird; oder beim Kartenziehen eine weitere Karte kleben bleibt oder aus Versehen mitgezogen wird.<\/em><\/p>\n<p><em>Wenn die Rede von Looking at Extra Cards (L@EC) ist, dann sprechen wir \u00fcber einen Spieler, der die Vorderseite einer Karte in seinem oder ihrem Deck sieht. Allerdings wird w\u00e4hrend des Mischens vielleicht auch eine Karte des gegnerischen Decks gesehen.<\/em><\/p>\n<p><em>Pass auf, dass du diesen Regelversto\u00df nicht mit <a href=\"http:\/\/blogs.magicjudges.org\/rules\/ipg2-3-de\/\">Game Play Error \u2013 Hidden Card Error<\/a> (HCE) verwechselst. HCE deckt Situationen ab, in welchen einige Karten der Bibliothek angeschaut werden und zu viele gesehen werden. In diesem spezifischen Fall schaust du auf zus\u00e4tzliche Karten, aber nicht im Sinne von Looking at Extra Cards. Tut dein Hirn weh? Meines schon.<\/em><\/p>\n<p><em>Um das klarzustellen: das Fallenlassen einer Karte w\u00e4hrend des Mischens deiner eigenen Bibliothek ist kein Looking at Extra Cards. Lege diese Karte einfach wieder zur\u00fcck und mische weiter.<\/em><\/p>\n<p><em>Die Vorderseite einer Karte anzuschauen, die ein Gegner fallen gelassen oder umgedreht hat, ist auch kein Looking at Extra Cards. Daf\u00fcr gibt es zwei Gr\u00fcnde: 1) W\u00fcrde ein Spieler eine Karte fallen lassen und der Gegner daf\u00fcr ein Warning erhalten, w\u00fcrden sich Spieler durch schlampiges Mischen in die Top 8 spielen. 2) <a href=\"http:\/\/blogs.magicjudges.org\/rules\/mtr3-12\/\">MTR 3.12<\/a> erlaubt es Spielern, versteckte Informationen aufzudecken, die der Gegner nicht kennt.<\/em><\/div><\/p>\n<p style=\"text-align: justify;margin-bottom: 0px\">Eine Karte gilt als gesehen, wenn ein Spieler in der Lage war, die Vorderseite einer verdeckten Karte anzuschauen, oder wenn eine Karte wesentlich von einem Deck weg bewegt wurde, diese Karte jedoch keinen anderen Satz Karten ber\u00fchrt hat. Ein Satz Karten ist eine physisch eindeutige Gruppe an Karten, die von einer Spielregel oder einem Effekt definiert wird. Er kann alle Karten einer spezifischen Zone beinhalten oder auch nur ein Teil einer Zone sein. Dies kann durch Ungeschicklichkeit passieren oder wenn ein Fehler erkannt wird, bevor eine Karte den Handkarten hinzuf\u00fcgt wird.<\/p>\n<div class=\"alert alert-info\" role=\"alert\"> <em>Dieser Satz definiert die Grenzen von Looking at Extra Cards. Er muss im Zusammenhang mit <a href=\"http:\/\/blogs.magicjudges.org\/rules\/ipg2-3-de\/\">HCE<\/a> gelesen werden. Wie im vorherigen Abschnitt erw\u00e4hnt, wird ein Teil des fr\u00fcheren Looking at Extra Cards nun als HCE behandelt. Wenn du einige Karten auf der Bibliothek in eine andere Reihenfolge legst und dabei eine zu viel mitbewegst, ist dies nun HCE.<\/em><\/p>\n<p><em>Werden die gezogenen Karten als Teil eines Kartenziehens erheblich von der Bibliothek entfernt, wird dies nicht mehr als Looking at Extra Cards behandelt.<\/em><\/p>\n<p><em>Looking at Extra Cards beinhaltet das Umwerfen einer Karte, das Fallenlassen einer Karte w\u00e4hrend des Mischens, das illegale Ziehen einer Karte (solange sich die Karte noch nicht signifikant von der Bibliothek entfernt wurde) und zu viele Karten von der Bibliothek in den Friedhof zu legen (auch als Teil von Ausgraben). 8 Karten bei <a href=\"https:\/\/blogs.magicjudges.org\/rules\/wp-content\/plugins\/lems-mtg-helper\/lems-mtg-helper-cardfinder.php?find=In+den+Zeiten+w%C3%BChlen&width=223&height=310\" class=\"jTip\" name=\"\">In den Zeiten w\u00fchlen<\/a> anzuschauen oder Hellsicht 2 anzuwenden, wenn nur Hellsicht 1 erlaubt war, ist kein Looking at Extra Cards. Karten von der Bibliothek in den Friedhof zu legen (auch als Teil von Ausgraben) wird von Looking at Extra Cards abgedeckt, weil hier die Karten in eine \u00f6ffentliche Zone bewegt werden. In den Zeiten w\u00fchlen wird von HCE abgedeckt, weil die Karten nie eine \u00f6ffentliche Zone betreten.<\/em><\/p>\n<p><em>Hast du die Vorderseite einer Karte gesehen, die du nicht h\u00e4ttest sehen d\u00fcrfen und hast du sie keinem anderen Satz Karten hinzugef\u00fcgt, ist es Looking at Extra Cards. Das \u201ewesentliche Wegbewegen einer Karte vom Deck\u201c soll den Judges helfen mit Situationen umzugehen, wo sich die Frage stellt \u201eHat er die Karte gesehen, oder nicht?\u201c. Ist es ein \u201eerhebliches\u201c Wegbewegen, ist es Looking at Extra Cards.<\/em><\/p>\n<p><em>Die Diskussion \u00fcber die Definition eines \u201eSatzes\u201c ist in der Definition zuHCE zu finden. Hier steht sie nur um klarzustellen, dass das Hinzuf\u00fcgen einer Karte, die du anschaust, zu einem Satz Karten die Grenze zwischen Looking at Extra Cardsund HCE ist.<\/em><\/p>\n<p><\/div>\n<p style=\"text-align: justify;margin-bottom: 0px\">Sobald eine Karte zu den Handkarten hinzugef\u00fcgt wurde, handelt es sich nicht mehr um Looking at Extra Cards.<\/p>\n<div class=\"alert alert-info\" role=\"alert\"> <em>Wie zuvor erw\u00e4hnt, gibt es \u2013 aus der Sicht der Verst\u00f6\u00dfe &#8211; einen grossen Unterschied zwischen Looking at Extra Cards und <a href=\"http:\/\/blogs.magicjudges.org\/rules\/ipg2-3-de\/\">HCE<\/a>. Trotz dieses gro\u00dfen Unterschieds ist die Grenze zwischen Looking at Extra Cards und HCE etwas verschwommen. Dieser Satz sollte eher so gelesen werden: \u201eSobald eine Karte in die Hand gelegt wurde, kann das Vergehen nicht mehr Looking at Extra Cards sein. Tats\u00e4chlich ist das Vergehen kein Looking at Extra Cards mehr, wenn die Karten die oberste Position in der Bibliothek erheblich verl\u00e4sst.\u201c<\/em><\/div>\n<p style=\"text-align: justify;margin-bottom: 0px\">Es z\u00e4hlt nicht als Looking at Extra Cards, wenn ein Spieler Karten mit der Vorderseite nach unten (ohne sie anzusehen) auf den Tisch legt, um Karten abzuz\u00e4hlen.<\/p>\n<div class=\"alert alert-info\" role=\"alert\"> <em>Manchmal legen Spieler die Karten mit der Vorderseite nach unten auf den Tisch bevor sie sie ziehen, um die Karten abzuz\u00e4hlen oder um vor dem Ziehen zu \u00fcberlegen. Dies ist nicht verboten und Judges sollten dies nicht bestrafen. In dieser Situation ist der Unterschied, dass der Spieler dies absichtlich tut und achtgibt, die Karten nicht zu sehen. Dies findet auch Anwendung auf HCE.<\/em><\/div>\n<p style=\"text-align: justify;margin-bottom: 0px\">Dieser Penalty wird nur einmal vergeben, wenn ein Spieler durch denselben Fehler eine oder mehrere Extrakarten sieht.<\/p>\n<div class=\"alert alert-info\" role=\"alert\"> <em>Wir bestrafen einen Spieler nicht f\u00fcr jede einzelne Karte, die gesehen wurde, wenn alle Karten w\u00e4hrend der gleichen Spiel-Aktion oder Abhandlung von Spiel-Aktionen gesehen wurden.<\/em><\/div>\n<h2 style=\"text-align: justify\">Beispiele<\/h2>\n<ul class=\"list-group\" style=\"text-align: justify;margin-left: 0px;margin-bottom: 5px\">\n<li class=\"list-group-item\"><strong>A.<\/strong> Eine Spielerin l\u00e4sst beim Mischen des gegnerischen Decks unabsichtlich eine Karte fallen oder deckt sie unabsichtlich auf.<\/li>\n<li class=\"list-group-item\"><strong>B.<\/strong> Ein Spieler nimmt beim Ziehen unabsichtlich eine zus\u00e4tzliche Karte auf die Hand, weil diese aneinander kleben.<\/li>\n<li class=\"list-group-item\"><strong>C.<\/strong> Eine Spielerin sieht die unterste Karte ihres eigenen Decks, als sie es ihrem Gegner zum Mischen pr\u00e4sentiert.<\/li>\n<\/ul>\n<div class=\"alert alert-info\" role=\"alert\"> <em>Das Beispiel B wurde als letztes aktualisiert und wurde Opfer eines ungl\u00fccklichen Druckfehlers. Beachte, dass das \u201enehmen\u201c als \u201eanheben\u201c zu verstehen ist. Die Karte wird hier also nicht erheblich von der Bibliothek entfernt.<\/em><\/p>\n<p><em>Andere Beispiele w\u00e4ren: Ein Spieler zeigt w\u00e4hrend des Verrechnens der Kaskade-F\u00e4higkeit eine weitere Karte vor; Eine Spielerin zeigt zu viele Karten vor w\u00e4hrend sie Karten von der Bibliothek in den Friedhof legt, und dies wird sofort bemerkt.<\/em><\/div>\n<h2 style=\"text-align: justify\">Philosophie<\/h2>\n<p style=\"text-align: justify;margin-bottom: 0px\">Es kann leicht passieren, dass ein Spieler aus Versehen eine Karte sieht, die er nicht h\u00e4tte sehen d\u00fcrfen und dieser Regelversto\u00df behandelt die Situationen, bei denen dies durch Ungeschicktheit oder einen Regelfehler passiert.<\/p>\n<div class=\"alert alert-info\" role=\"alert\"> <em>Spieler ber\u00fchren ihre Decks h\u00e4ufig. Sie ber\u00fchren sie um zu mischen, zum Ziehen, um sie zu durchsuchen. Und jedes Mal, wenn ein Deck ber\u00fchrt wird, besteht die M\u00f6glichkeit, dass etwas gesehen wird, das nicht gesehen werden soll. Da dies einfach zu bemerken und zu beheben ist, ist ein Warning der angemessene Penalty.<\/em><\/div>\n<p style=\"text-align: justify;margin-bottom: 0px\">Wurden die Karten bereits einem anderen Satz Karten hinzugef\u00fcgt, wird das Vergehen stattdessen als Hidden Card Error oder als Game Rule Violation behandelt.<\/p>\n<div class=\"alert alert-info\" role=\"alert\"> <em>Wir alle wissen, dass Ziehen etwas anderes ist als Anschauen, aber manchmal ist die Grenze nicht einfach zu sehen. Die Grenze ist dort, wo eine Karte einem anderen Satz Karten hinzugef\u00fcgt wird, entweder der Hand oder den 7 anderen Karten bei In den Zeiten w\u00fchlen. Bedenke, dass bei diesem Regelversto\u00df dein Urteil gefragt ist, wenn es darum geht, die Spieler bei S\u00e4tzen wie \u201eIch wollte nur eine Karte nehmen, habe aber zwei erwischt\u201c richtig zu verstehen. Hier handelt es sich n\u00e4mlich noch nicht um ein \u201eHinzuf\u00fcgen zu einem anderen Satz Karten\u201c.<\/em><\/div>\n<p style=\"text-align: justify;margin-bottom: 0px\">Spieler sollten diesen Penalty nicht missbrauchen, um ihre Bibliothek \u201egratis\u201c mischen zu k\u00f6nnen, oder um Karten wegzumischen, die sie nicht ziehen wollen. Dies kann als <a href=\"http:\/\/blogs.magicjudges.org\/rules\/ipg4-8-de\/\">Unsporting Conduct \u2014 Cheating<\/a> gewertet werden.<\/p>\n<div class=\"alert alert-info\" role=\"alert\"> <em>Hier muss ein Judge herausfinden, ob der Spieler l\u00fcgt. Einige Spieler wissen, dass die zus\u00e4tzliche Ma\u00dfnahme von Looking at Extra Cards das Mischen des Decks ist, also werden sie \u201eaus Versehen\u201c eine Karte anschauen um dies zu erreichen. Dies ist Betrug und betont die Notwendigkeit, vor der Anwendung der zus\u00e4tzlichen Ma\u00dfnahme alle bekannten Karten in Erfahrung zu bringen. Wenn du zum Tisch kommst, stellst du beiden Spielern einige Fragen um herauszufinden, was wirklich passiert.<\/em><\/div>\n<p style=\"text-align: justify;margin-bottom: 0px\">Ebenso ist es Spielern nicht erlaubt, diesen Penalty zum Zeitspiel zu missbrauchen.<\/p>\n<div class=\"alert alert-info\" role=\"alert\"> <em>Das Deck zu mischen braucht Zeit und beide Spieler wissen dies. Als Judges m\u00fcssen wir verhindern, dass die Spieler sich durch das Zeitlimit einen Vorteil verschaffen und wir m\u00fcssen verstehen, wann ein Spieler versucht dies zu tun. Dies ist Betrug, aber es ist sehr schwierig zu erkennen. Ist die Runde bald zu Ende, bleibe in der N\u00e4he und beobachte, ob dies der Fall sein k\u00f6nnte.<\/em><\/div>\n<p style=\"text-align: justify;margin-bottom: 0px\">Da sich das Deck bereits in einer zuf\u00e4lligen Reihenfolge befindet, sollte das Mischen nicht \u00fcberm\u00e4\u00dfig lange dauern.<\/p>\n<div class=\"alert alert-info\" role=\"alert\"> <em>Dies hei\u00dft, dass der Spieler beim Mischen nicht Zeit verlieren soll. Einige Male F\u00e4chern oder 3-5 Mal Riffeln reichen. Das Ziel ist, dass die Position der gesehenen Karte unbekannt wird.<\/em><\/div>\n<h2 style=\"text-align: justify\">Zus\u00e4tzliche Ma\u00dfnahmen<\/h2>\n<p style=\"text-align: justify;margin-bottom: 0px\">Mische alle vorher unbekannten Karten in den zuf\u00e4lligen Teil des Decks und lege dann alle bekannten Karten an deren korrekte Stelle im Deck zur\u00fcck.<\/p>\n<div class=\"alert alert-info\" role=\"alert\"> <em>Schaue in <a href=\"http:\/\/blogs.magicjudges.org\/rules\/ipg1-3-de\/\">IPG 1.3<\/a> nach, wie das Deck genau in eine zuf\u00e4llige Reihenfolge zu bringen ist. Zusammengefasst gesagt: Finde heraus, welche Karten auf legale Art und Weise aufgrund von F\u00e4higkeiten wie Hellsicht oder Kaskade bekannt geworden sind und belasse diese Karten, wo sie sein sollen. Mische den Rest. Waren die unabsichtlich gesehenen Karten bereits bekannt (wie durch <a href=\"https:\/\/blogs.magicjudges.org\/rules\/wp-content\/plugins\/lems-mtg-helper\/lems-mtg-helper-cardfinder.php?find=Gedankenwirbel&width=223&height=310\" class=\"jTip\" name=\"\">Gedankenwirbel<\/a>), musst du diesen Schritt nicht tun.<\/em><\/div>\n","protected":false},"excerpt":{"rendered":"<p>Definition Ein Spieler sieht eine Karte, die er nicht h\u00e4tte sehen d\u00fcrfen. Eine Karte gilt als gesehen, wenn ein Spieler in der Lage war, die Vorderseite einer verdeckten Karte anzuschauen, oder wenn eine Karte wesentlich von einem Deck weg bewegt wurde, diese Karte jedoch keinen anderen Satz Karten ber\u00fchrt hat. Ein Satz Karten ist eine [&hellip;]<\/p>\n","protected":false},"author":137,"featured_media":0,"parent":0,"menu_order":0,"comment_status":"closed","ping_status":"closed","template":"page_width-index.php","meta":{"footnotes":"","_links_to":"","_links_to_target":""},"language":[12],"class_list":["post-4833","page","type-page","status-publish","hentry","language-de"],"_links":{"self":[{"href":"https:\/\/blogs.magicjudges.org\/rules\/wp-json\/wp\/v2\/pages\/4833","targetHints":{"allow":["GET"]}}],"collection":[{"href":"https:\/\/blogs.magicjudges.org\/rules\/wp-json\/wp\/v2\/pages"}],"about":[{"href":"https:\/\/blogs.magicjudges.org\/rules\/wp-json\/wp\/v2\/types\/page"}],"author":[{"embeddable":true,"href":"https:\/\/blogs.magicjudges.org\/rules\/wp-json\/wp\/v2\/users\/137"}],"replies":[{"embeddable":true,"href":"https:\/\/blogs.magicjudges.org\/rules\/wp-json\/wp\/v2\/comments?post=4833"}],"version-history":[{"count":5,"href":"https:\/\/blogs.magicjudges.org\/rules\/wp-json\/wp\/v2\/pages\/4833\/revisions"}],"predecessor-version":[{"id":5424,"href":"https:\/\/blogs.magicjudges.org\/rules\/wp-json\/wp\/v2\/pages\/4833\/revisions\/5424"}],"wp:attachment":[{"href":"https:\/\/blogs.magicjudges.org\/rules\/wp-json\/wp\/v2\/media?parent=4833"}],"wp:term":[{"taxonomy":"language","embeddable":true,"href":"https:\/\/blogs.magicjudges.org\/rules\/wp-json\/wp\/v2\/language?post=4833"}],"curies":[{"name":"wp","href":"https:\/\/api.w.org\/{rel}","templated":true}]}}