{"id":4837,"date":"2016-09-02T22:14:13","date_gmt":"2016-09-02T19:14:13","guid":{"rendered":"http:\/\/blogs.magicjudges.org\/rules\/?page_id=4837"},"modified":"2016-11-07T20:16:57","modified_gmt":"2016-11-07T17:16:57","slug":"ipg2-4-de","status":"publish","type":"page","link":"https:\/\/blogs.magicjudges.org\/rules\/ipg2-4-de\/","title":{"rendered":"IPG 2.4 Spielfehler \u2014 Mulligan-Verfahrensfehler"},"content":{"rendered":"<div style=\"padding-right: 20px;float: left;width: 80%;margin-top: 0px\">\n<h2>Definition<\/h2>\n<p style=\"text-align: justify\">Ein Spieler macht beim Nehmen der Mulligans einen Fehler. Dieses Vergehen betrifft keine Fehler die auftreten, nachdem die Partievorbereitungen abgeschlossen sind.<\/p>\n<\/div>\n<div style=\"float: right;width: 20%;margin-top: 0px;margin-bottom: -20px;text-align: center\">\n<div class=\"alert alert-warning\" role=\"alert\"> <\/p>\n<p style=\"text-align: center;margin-top: 10px;margin-left: -10px\"><strong>Penalty<\/strong><\/p>\n<p style=\"text-align: center;margin-bottom: 10px;margin-left: -12px\">Warning<\/p>\n<p><\/div>\n<\/div>\n<br style=\"clear: both; height: 1px; margin: -1px 0pt 0pt; overflow: hidden;\">\n<p style=\"margin-top: -5px\"><div class=\"alert alert-info\" role=\"alert\"> <em>Auch wenn dieser Versto\u00df Mulligan Procedure Error hei\u00dft, kann er auch vor dem Nehmen von Mulligans Anwendung finden. Die meisten Fehler sind in den Beispielen aufgelistet. Sobald alle Partievorbereitungen getroffen wurden, ist jeder weitere Fehler, wie beispielsweise das Ziehen einer Karte, wenn man den ersten Zug hat ein anderer Regelversto\u00df.<\/em><br \/>\n<\/div><\/p>\n<p>Die \u201eHellsicht\u201c-Aktion f\u00fcr mehr als eine Karte nachdem Mulligans genommen wurden, z\u00e4hlt als <a href=\"http:\/\/blogs.magicjudges.org\/rules\/ipg2-3-de\/\">Hidden Card Error<\/a>.<\/p>\n<p style=\"text-align: justify;margin-bottom: 0px\"><span style=\"font-weight: 400\"><div class=\"alert alert-info\" role=\"alert\"> <\/span><em><span style=\"font-weight: 400\">Auch wenn die Hellsicht-Aktion nach dem Mulligan technisch betrachtet zum Mulligan-Verfahren geh\u00f6rt, passt der Versto\u00df Mulligan Procedure Error nicht wirklich und das Vergeben eines HCE scheint aus philosophischen Gr\u00fcnden, aber auch aufgrund der Ma\u00dfnahmen angemessener. Zudem ist der Versto\u00df Looking at Extra Cards passender, wenn ein Spieler noch nicht Hellsicht angewendet hat und eine zweite Karte nimmt.<\/span><\/em><span style=\"font-weight: 400\"><\/div><\/span><\/p>\n<p style=\"text-align: justify;margin-bottom: 0px\">Triviale Verfahrensfehler, die keinen Vorteil bringen, wie das vorzeitige Treffen einer Mulliganentscheidung, sind kein Versto\u00df.<\/p>\n<div class=\"alert alert-info\" role=\"alert\"> <em>Denke bei diesem Versto\u00df nicht zu viel. Hat ein Spieler einen Fehler begangen, der nicht in den unten genannten Beispielen aufgelistet ist, vergleiche die Auswirkungen des Fehlers und entscheide dich, ob er trivial ist oder nicht.<\/em><\/p>\n<p><em><strong>Beispiele:<\/strong><\/em><\/p>\n<ul style=\"margin-bottom: 5px\">\n<li><em>Ein Spieler, der den zweiten Zug hat, sagt vor dem ersten Spieler, dass er die Hand beh\u00e4lt.<\/em><\/li>\n<li><em>Eine Spielerin legt eine Ley-Linie vor dem Abschlie\u00dfen der gegnerischen Mulligans auf das Spielfeld.<\/em><\/li>\n<\/ul>\n<p><em>Technisch gesehen sind dies alles Verfahrensfehler, aber zu diesem Zeitpunkt ist die Auswirkung auf das Match sehr gering und daher sollte dies nicht wie ein Versto\u00df behandelt werden.<\/em><br \/>\n<\/div>\n<h2 style=\"text-align: justify\">Beispiele<\/h2>\n<ul class=\"list-group\" style=\"text-align: justify;margin-left: 0px\">\n<li class=\"list-group-item\"><strong>A.<\/strong> Ein Spieler zieht acht Karten auf seine anf\u00e4ngliche Starthand (anstatt sieben).<\/li>\n<li class=\"list-group-item\"><strong>B.<\/strong> Eine Spielerin zieht nach einem Mulligan sieben Karten (anstatt sechs).<\/li>\n<li class=\"list-group-item\"><strong>C.<\/strong> Ein Spieler h\u00e4lt seine Starthand, wendet Hellsicht an und nimmt danach noch einen Mulligan.<\/li>\n<li class=\"list-group-item\"><strong>D.<\/strong> Eine Spielerin entscheidet keinen Mulligan zu nehmen, nimmt dann aber einen Mulligan nachdem ihre Gegnerin einen Mulligan nimmt.<\/li>\n<\/ul>\n<h2 style=\"text-align: justify;margin-top: 20px\">Philosophie<\/h2>\n<p style=\"text-align: justify;margin-bottom: 0px\">Fehler, die vor dem Beginn der Partie auftreten haben als Korrekturma\u00dfnahme eine einfache Option, die zu keinem anderen Zeitpunkt der Partie zur Verf\u00fcgung steht: Einen zus\u00e4tzlichen Mulligan nehmen. Dennoch sollten die Spieler nicht dazu gebracht werden, ihren Fehler zu verheimlichen bis die Partievorbereitungen abgeschlossen sind, sodass diese den Fehler \u201eerst bemerken\u201c nachdem er zu einem <a href=\"http:\/\/blogs.magicjudges.org\/rules\/ipg2-3-de\/\">Hidden Card Error<\/a> geworden ist, falls sie glauben, dass dies zu ihrem Vorteil ist. Um die Spieler dazu zu bringen, ihre Fehler so schnell wie m\u00f6glich zu melden, erhalten sie die Option vor der Partie ihre Korrekturma\u00dfnahmen selbst zu w\u00e4hlen.<\/p>\n<div class=\"alert alert-info\" role=\"alert\"> <em>W\u00e4hrend der Partievorbereitungen kann ein Fehler sehr schnell passieren. Das Ziehen zu vieler Karten ist dabei der h\u00e4ufigste. Aus diesen Gr\u00fcnden geben wir den Spielern die Option entweder die Hand vorzuzeigen (wie bei Hidden Card Error) oder einen weiteren Mulligan zu nehmen. Da nach dem Beginn der Partie kein weiterer Mulligan genommen werden kann, werden die Spieler mit der Entdeckung des Fehlers sehr wahrscheinlich nicht warten.<\/em><br \/>\n<\/div>\n<p style=\"text-align: justify;margin-bottom: 0px\">Falls ein Spieler nach einem Mulligan sich die oberste Karte seiner Bibliothek ansieht, wird angenommen, dass er seine Hand behalten will, es sei denn er macht seine Intention noch einen Mulligan zu nehmen deutlich, entweder verbal, oder indem er mehrere Karten seiner Bibliothek aufnimmt.<\/p>\n<div class=\"alert alert-info\" role=\"alert\"> <em>Spieler, die einen Mulligan nehmen, haben die M\u00f6glichkeit Hellsicht 1 anzuwenden, nachdem alle Spieler ihre Starth\u00e4nde behalten. F\u00fcr den Gegner und die Judges kann es sehr schwierig sein zu erkennen, ob der Spieler Hellsicht anwendet oder ob er die n\u00e4chste Karte anschauen und dann einen weiteren Mulligan nehmen will. Haben sie nichts gesagt, ist die Standard-Annahme, dass sie ihre Hand behalten und Hellsicht anwenden. Schauen sie aber mehr als eine Karte an, ist es offensichtlich, dass sie diese Hand nicht behalten.<\/em><br \/>\n<\/div>\n<h2 style=\"text-align: justify\">Zus\u00e4tzliche Ma\u00dfnahmen<\/h2>\n<p style=\"text-align: justify\">Falls der Spieler zu viele Karten auf seiner Hand hat, kann er bestimmen seine Hand offen vorzuzeigen. Sein Gegner bestimmt eine Karte die zur\u00fcck ins Deck gemischt wird. Falls mehr als eine Karte zu viel gezogen wurde (beispielsweise falls beim Mulligan auf sechs acht Karten gezogen wurden) entfernt der Gegner entsprechend viele Karten.<\/p>\n<p style=\"text-align: justify;margin-bottom: 0px\">Falls auf diese Weise keine Karten aus der Hand entfernt werden (sei es durch einen Fehler, der nicht in zu vielen Karten resultierte, oder falls der Spieler seine Hand nicht vorzeigen m\u00f6chte), nimmt dieser Spieler einen zus\u00e4tzlichen Mulligan.<\/p>\n<div class=\"alert alert-info\" role=\"alert\"> <em>Handelt es sich um einen Fehler, der den Beispielen C oder D entspricht, hat der Spieler bereits die richtige Anzahl Karten in der Hand und die einzige Option ist daher, einen weiteren Mulligan zu nehmen. Die anderen Beispiele werden in zu vielen Karten resultieren, also kann der Spieler zwischen den beiden Ma\u00dfnahmen w\u00e4hlen. Die beiden Optionen sind ziemlich einfach anzuwenden: entweder zeigt der Spieler seine Hand vor und der Gegner w\u00e4hlt, welche \u00fcberz\u00e4hligen Karten zur\u00fcckgemischt werden, oder es wird ein weiterer Mulligan genommen.<\/em><\/p>\n<p><em>Stelle sicher, dass die Spieler wissen, auf wie viele Karten sie mit dem Mulligan gehen m\u00fcssen. Haben sie einen Mulligan auf 6 genommen, aber 7 gezogen, sollten sie jetzt auf 5 gehen. Haben sie einen Mulligan auf 6 genommen, Hellsicht angewendet und dann auf einen Mulligan auf 5 genommen, sollten sie auf 4 gehen.<\/em><br \/>\n<\/div>\n<p style=\"text-align: justify;margin-bottom: 0px\">Die Spieler d\u00fcrfen weitere Mulligans nehmen, nachdem diese Ma\u00dfnahmen abgeschlossen sind.<\/p>\n<div class=\"alert alert-info\" role=\"alert\"> <em>Egal, welche Ma\u00dfnahme angewendet wird, der Spieler kann danach weiter Mulligans nehmen, wenn ihm die Hand nicht gef\u00e4llt.<\/em><br \/>\n<\/div>\n","protected":false},"excerpt":{"rendered":"<p>Definition Ein Spieler macht beim Nehmen der Mulligans einen Fehler. Dieses Vergehen betrifft keine Fehler die auftreten, nachdem die Partievorbereitungen abgeschlossen sind. Die \u201eHellsicht\u201c-Aktion f\u00fcr mehr als eine Karte nachdem Mulligans genommen wurden, z\u00e4hlt als Hidden Card Error. Triviale Verfahrensfehler, die keinen Vorteil bringen, wie das vorzeitige Treffen einer Mulliganentscheidung, sind kein Versto\u00df. Beispiele A. [&hellip;]<\/p>\n","protected":false},"author":137,"featured_media":0,"parent":0,"menu_order":0,"comment_status":"closed","ping_status":"closed","template":"page_width-index.php","meta":{"footnotes":"","_links_to":"","_links_to_target":""},"language":[12],"class_list":["post-4837","page","type-page","status-publish","hentry","language-de"],"_links":{"self":[{"href":"https:\/\/blogs.magicjudges.org\/rules\/wp-json\/wp\/v2\/pages\/4837","targetHints":{"allow":["GET"]}}],"collection":[{"href":"https:\/\/blogs.magicjudges.org\/rules\/wp-json\/wp\/v2\/pages"}],"about":[{"href":"https:\/\/blogs.magicjudges.org\/rules\/wp-json\/wp\/v2\/types\/page"}],"author":[{"embeddable":true,"href":"https:\/\/blogs.magicjudges.org\/rules\/wp-json\/wp\/v2\/users\/137"}],"replies":[{"embeddable":true,"href":"https:\/\/blogs.magicjudges.org\/rules\/wp-json\/wp\/v2\/comments?post=4837"}],"version-history":[{"count":8,"href":"https:\/\/blogs.magicjudges.org\/rules\/wp-json\/wp\/v2\/pages\/4837\/revisions"}],"predecessor-version":[{"id":5428,"href":"https:\/\/blogs.magicjudges.org\/rules\/wp-json\/wp\/v2\/pages\/4837\/revisions\/5428"}],"wp:attachment":[{"href":"https:\/\/blogs.magicjudges.org\/rules\/wp-json\/wp\/v2\/media?parent=4837"}],"wp:term":[{"taxonomy":"language","embeddable":true,"href":"https:\/\/blogs.magicjudges.org\/rules\/wp-json\/wp\/v2\/language?post=4837"}],"curies":[{"name":"wp","href":"https:\/\/api.w.org\/{rel}","templated":true}]}}