{"id":4848,"date":"2016-09-02T22:16:33","date_gmt":"2016-09-02T19:16:33","guid":{"rendered":"http:\/\/blogs.magicjudges.org\/rules\/?page_id=4848"},"modified":"2016-11-08T08:17:32","modified_gmt":"2016-11-08T05:17:32","slug":"ipg3-de","status":"publish","type":"page","link":"https:\/\/blogs.magicjudges.org\/rules\/ipg3-de\/","title":{"rendered":"IPG 3. Turnierfehler"},"content":{"rendered":"<table class=\"table table-hover table-condensed\" style=\"width: 100%\">\n<tbody>\n<tr>\n<td style=\"width: 50%;text-align: left\">3.1. <a href=\"http:\/\/blogs.magicjudges.org\/rules\/ipg3-1-de\/\">Turnierfehler \u2014 Unp\u00fcnktlichkeit<\/a><\/td>\n<td style=\"width: 50%;text-align: left\">3.5. <a href=\"http:\/\/blogs.magicjudges.org\/rules\/ipg3-5-de\/\">Turnierfehler \u2014 Deck\/Decklisten-Problem<\/a><\/td>\n<\/tr>\n<tr>\n<td style=\"width: 50%;text-align: left\">3.2. <a href=\"http:\/\/blogs.magicjudges.org\/rules\/ipg3-2-de\/\">Turnierfehler \u2014 Hilfe von Au\u00dfen<\/a><\/td>\n<td style=\"width: 50%;text-align: left\">3.6. <a href=\"http:\/\/blogs.magicjudges.org\/rules\/ipg3-6-de\/\">Turnierfehler \u2014 Limited-Verfahrensfehler<\/a><\/td>\n<\/tr>\n<tr>\n<td style=\"width: 50%;text-align: left\">3.3. <a href=\"http:\/\/blogs.magicjudges.org\/rules\/ipg3-3-de\/\">Turnierfehler \u2014 Langsames Spielen<\/a><\/td>\n<td style=\"width: 50%;text-align: left\">3.7. <a href=\"http:\/\/blogs.magicjudges.org\/rules\/ipg3-7-de\/\">Turnierfehler \u2014 Missachtung der Kommunikationsregeln<\/a><\/td>\n<\/tr>\n<tr>\n<td style=\"width: 50%;text-align: left\">3.4. <a href=\"http:\/\/blogs.magicjudges.org\/rules\/ipg3-4-de\/\">Turnierfehler \u2014 Unzureichendes Mischen<\/a><\/td>\n<td style=\"width: 50%;text-align: left\">3.8. <a href=\"http:\/\/blogs.magicjudges.org\/rules\/ipg3-8-de\/\">Turnierfehler \u2014 Markierte Karten<\/a><\/td>\n<\/tr>\n<tr>\n<td style=\"width: 50%;text-align: left\"><\/td>\n<td style=\"width: 50%;text-align: left\"><\/td>\n<\/tr>\n<\/tbody>\n<\/table>\n<p style=\"text-align: justify;margin-bottom: 0px\">Turnierfehler sind Verst\u00f6\u00dfe gegen die <a href=\"http:\/\/blogs.magicjudges.org\/rules\/mtr\/\"><strong>Magic<\/strong>-Turnierregeln<\/a>.<\/p>\n<div class=\"alert alert-info\" role=\"alert\"> <em>So, wie Game Play Errors Verletzungen des Ausf\u00fchrlichen Regelwerks sind, sind Tournament Errors Verletzungen der Magic-Turnierregeln. Jedoch ist nicht jede Verletzung der Turnierregeln ein Vergehen.<br \/>\n<\/em><\/div>\n<p style=\"text-align: justify;margin-bottom: 0px\">Glaubt der Judge, dass der Versto\u00df absichtlich begangen wurde, sollte er zun\u00e4chst \u00fcberpr\u00fcfen, ob es sich um <a href=\"http:\/\/blogs.magicjudges.org\/rules\/ipg4-8-de\/\">Unsporting Conduct \u2014 Cheating<\/a> handelt. (Fr\u00fchere Versionen des MIPG verwiesen in jedem Abschnitt, wie ein absichtlicher Regelversto\u00df zu behandeln ist. Mit Ausnahme von <a href=\"http:\/\/blogs.magicjudges.org\/rules\/ipg3-3-de\/\">Slow Play<\/a> sollten nun alle absichtlichen Regelverst\u00f6\u00dfe auf Unsporting Conduct \u2014 Cheating \u00fcberpr\u00fcft werden.)<\/p>\n<div class=\"alert alert-info\" role=\"alert\"> <em>Dieser Hinweis deckt F\u00e4lle ab, in denen ein Spieler vors\u00e4tzlich eine Turnierregel bricht. Der Spieler schummelt m\u00f6glicherweise, aber es erf\u00fcllt unter Umst\u00e4nden nicht die Definition von Unsporting Conduct \u2013 Cheating des IPG. \u00dcberpr\u00fcfe den Abschnitt zu <a href=\"http:\/\/blogs.magicjudges.org\/rules\/ipg4-8-de\/\">IPG 4.8 Cheating<\/a>, bevor du eine Entscheidung triffst.<\/em><\/div>\n<p style=\"text-align: justify;margin-bottom: 0px\">Wenn ein Spieler gegen die <strong>Magic<\/strong>-Turnierregeln auf eine Art und Weise verst\u00f6\u00dft, die nicht mit den unten aufgelisteten Verst\u00f6\u00dfen abgedeckt ist, dann sollte der Judge dem Spieler den richtigen Ablauf erkl\u00e4ren, aber keinen Penalty vergeben.<\/p>\n<div class=\"alert alert-info\" role=\"alert\"> <em>Nur die wichtigeren Magic-Turnierregeln rechtfertigen einen Penalty. Verst\u00f6\u00dfe gegen diese Regeln k\u00f6nnen den Ablauf des gesamten Turniers st\u00f6ren, sodass die Veranstaltung unn\u00f6tig in die L\u00e4nge gezogen wird und\/oder ein Spieler einen deutlichen Vorteil erlangt. Ist eine Verletzung der Magic-Turnierregeln f\u00fcr den Gesamtablauf des Turniers nicht nachteilig, ist kein Penalty n\u00f6tig und der Judge kl\u00e4rt den Spieler lediglich \u00fcber die korrekte Verhaltensweise auf.<br \/>\n<\/em><\/div>\n<p style=\"text-align: justify;margin-bottom: 0px\">Wenn diese Regeln wiederholt oder absichtlich nicht eingehalten werden, ist eine weitergehende Untersuchung n\u00f6tig.<\/p>\n<div class=\"alert alert-info\" role=\"alert\"> <em>Auch wenn nicht jede Verletzung der Magic-Turnierregeln mit einem Penalty geahndet wird, kann selbst die kleinste St\u00f6rung eine Veranstaltung verlangsamen, falls sie wiederholt vorkommt. In solch einem Fall sollte eine Untersuchung durchgef\u00fchrt werden, um festzustellen, ob die St\u00f6rung mit dem Ziel ver\u00fcbt wird, das Turnier absichtlich zu st\u00f6ren, oder ob der Spieler lediglich weitere Aufkl\u00e4rung ben\u00f6tigt.<br \/>\n<\/em><\/div>\n<p style=\"text-align: justify;margin-bottom: 0px\">Ein zweites oder weiteres Warning f\u00fcr einen Tournament Error in derselben Kategorie wird auf ein Game Loss heraufgestuft.<\/p>\n<div class=\"alert alert-info\" role=\"alert\"> <em>Tournament Errors sind normalerweise st\u00f6render und nicht so \u201ceinfach zu begehen\u201d wie Game Play Errors. Darum wird das zweite Warning f\u00fcr einen Tournament Error in derselben Kategorie zu einem Game Loss heraufgestuft. Alle weiteren Vorkommen in derselben Kategorie sind ebenfalls ein Game Loss. Wir stufen nicht weiter herauf, bis wir eine Disqualifikation erreicht haben.<br \/>\n<\/em><\/div>\n<p style=\"text-align: justify;margin-bottom: 0px\">Bei mehrt\u00e4gigen Turnieren wird dieser Z\u00e4hler f\u00fcr jeden Tag zur\u00fcckgesetzt.<\/p>\n<div class=\"alert alert-info\" role=\"alert\"> <em>Wie bei Game Play Errors ist die Wahrscheinlichkeit, dass jemand einen Tournament Error wiederholt, bei einem Grand Prix mit 15 Runden gr\u00f6\u00dfer als bei einem Grand Prix Trial mit nur 5 Runden; das Zur\u00fccksetzen des Penalty-Z\u00e4hlers soll dies ber\u00fccksichtigen.<br \/>\n<\/em><\/div>\n","protected":false},"excerpt":{"rendered":"<p>3.1. Turnierfehler \u2014 Unp\u00fcnktlichkeit 3.5. Turnierfehler \u2014 Deck\/Decklisten-Problem 3.2. Turnierfehler \u2014 Hilfe von Au\u00dfen 3.6. Turnierfehler \u2014 Limited-Verfahrensfehler 3.3. Turnierfehler \u2014 Langsames Spielen 3.7. Turnierfehler \u2014 Missachtung der Kommunikationsregeln 3.4. Turnierfehler \u2014 Unzureichendes Mischen 3.8. Turnierfehler \u2014 Markierte Karten Turnierfehler sind Verst\u00f6\u00dfe gegen die Magic-Turnierregeln. Glaubt der Judge, dass der Versto\u00df absichtlich begangen wurde, sollte [&hellip;]<\/p>\n","protected":false},"author":137,"featured_media":0,"parent":0,"menu_order":0,"comment_status":"closed","ping_status":"closed","template":"page_width-index.php","meta":{"footnotes":"","_links_to":"","_links_to_target":""},"language":[12],"class_list":["post-4848","page","type-page","status-publish","hentry","language-de"],"_links":{"self":[{"href":"https:\/\/blogs.magicjudges.org\/rules\/wp-json\/wp\/v2\/pages\/4848","targetHints":{"allow":["GET"]}}],"collection":[{"href":"https:\/\/blogs.magicjudges.org\/rules\/wp-json\/wp\/v2\/pages"}],"about":[{"href":"https:\/\/blogs.magicjudges.org\/rules\/wp-json\/wp\/v2\/types\/page"}],"author":[{"embeddable":true,"href":"https:\/\/blogs.magicjudges.org\/rules\/wp-json\/wp\/v2\/users\/137"}],"replies":[{"embeddable":true,"href":"https:\/\/blogs.magicjudges.org\/rules\/wp-json\/wp\/v2\/comments?post=4848"}],"version-history":[{"count":6,"href":"https:\/\/blogs.magicjudges.org\/rules\/wp-json\/wp\/v2\/pages\/4848\/revisions"}],"predecessor-version":[{"id":5434,"href":"https:\/\/blogs.magicjudges.org\/rules\/wp-json\/wp\/v2\/pages\/4848\/revisions\/5434"}],"wp:attachment":[{"href":"https:\/\/blogs.magicjudges.org\/rules\/wp-json\/wp\/v2\/media?parent=4848"}],"wp:term":[{"taxonomy":"language","embeddable":true,"href":"https:\/\/blogs.magicjudges.org\/rules\/wp-json\/wp\/v2\/language?post=4848"}],"curies":[{"name":"wp","href":"https:\/\/api.w.org\/{rel}","templated":true}]}}