{"id":4850,"date":"2016-09-02T22:16:51","date_gmt":"2016-09-02T19:16:51","guid":{"rendered":"http:\/\/blogs.magicjudges.org\/rules\/?page_id=4850"},"modified":"2016-11-08T08:25:10","modified_gmt":"2016-11-08T05:25:10","slug":"ipg3-1-de","status":"publish","type":"page","link":"https:\/\/blogs.magicjudges.org\/rules\/ipg3-1-de\/","title":{"rendered":"IPG 3.1 Turnierfehler \u2014 Unp\u00fcnktlichkeit"},"content":{"rendered":"<div style=\"padding-right: 20px;float: left;width: 80%;margin-top: 0px\">\n<h2>Definition<\/h2>\n<p>Ein Spieler ist zu Beginn der Runde nicht an seinem Platz oder hat ihm angewiesene Aufgaben nicht innerhalb des vorgegebenen Zeitlimits ausgef\u00fchrt.<\/p>\n<\/div>\n<div style=\"float: right;width: 20%;margin-top: 0px;margin-bottom: -20px;text-align: center\">\n<div class=\"alert alert-warning\" role=\"alert\"> <\/p>\n<p style=\"text-align: center;margin-top: 10px;margin-left: -10px\"><strong>Penalty<\/strong><\/p>\n<p style=\"text-align: center;margin-bottom: 10px;margin-left: -6px\">Game Loss<\/p>\n<p><\/div>\n<\/div>\n<br style=\"clear: both; height: 1px; margin: -1px 0pt 0pt; overflow: hidden;\">\n<p style=\"margin-top: -20px\"><div class=\"alert alert-info\" role=\"alert\"> <em>Viele Teile eines Magic-Turniers drehen sich um Zeit \u2014 20 Minuten hierf\u00fcr, 10 Minuten daf\u00fcr. Den Spielern wird ausreichend Zeit gegeben, ihre Aufgaben zu erledigen, und ein \u00dcberschreiten der Zeitlimits verlangsamt das Turnier. Der Philosophieabschnitt enth\u00e4lt den gr\u00f6\u00dften Teil der Erl\u00e4uterungen zu den Gr\u00fcnden f\u00fcr die Existenz dieses Versto\u00dfes.<br \/>\n<\/em><\/div><\/p>\n<p style=\"text-align: justify;margin-bottom: 0px\">Wenn die Runde beginnt bevor die vorherige Runde geendet h\u00e4tte (weil alle Spieler fr\u00fchzeitig fertig wurden), besteht kein Tardiness bis zum planm\u00e4\u00dfigen Ende der vorherigen Runde.<\/p>\n<div class=\"alert alert-info\" role=\"alert\"> <em>Auf competitive Veranstaltungen kommt es selten vor, aber manchmal liegen alle Matchergebnisse vor und es sind noch 10 Minuten auf der Uhr. Die Runde fing um 1:00 Uhr an und um 1:40 Uhr ist alles erledigt. Starten wir direkt die n\u00e4chste Runde! Das Problem dabei ist, dass das angek\u00fcndigte Rundenende 1:50 Uhr war. Von einem Spieler, der fr\u00fchzeitig mit seinem Match fertig wurde und losgegangen ist, um Essen zu besorgen, kann nicht erwartet werden, dass er vom neuen Rundenbeginn wei\u00df. Daher sind Spieler, auch wenn du die n\u00e4chste Runde um 1:43 Uhr startest, erst um 1:50 Uhr unp\u00fcnktlich. Wenn sie erscheinen, vergibst du Extrazeit auf Basis des Rundenbeginns um 1:43 Uhr und den Penalty auf Basis des Rundenbeginns um 1:50 Uhr. Das kann dazu f\u00fchren, dass eine fr\u00fchzeitig gestartete Runde letztendlich keine Zeit einspart, aber die Chance besteht immer.<\/em><\/div>\n<p style=\"text-align: justify;margin-bottom: 0px\">Falls ein Spieler vor oder w\u00e4hrend eines Matches einen Judge um eine Verz\u00f6gerung aus einem berechtigten Grund bittet, wie beispielsweise f\u00fcr einen Toilettengang oder um Ersatz f\u00fcr fehlende Karten zu beschaffen, so erh\u00e4lt er daf\u00fcr bis zu 10 Minuten Zeit. Ben\u00f6tigt der Spieler mehr als 10 Minuten gilt dies als Tardiness und wird mit einem Match Loss geahndet. Andernfalls gibt es keinen Penalty und es wird f\u00fcr die Verz\u00f6gerung entsprechend Extrazeit vergeben.<\/p>\n<div class=\"alert alert-info\" role=\"alert\"> <em><span style=\"font-weight: 400\">Dieser Teil sollte keine gro\u00dfen Erkl\u00e4rungen brauchen. Muss der Spieler eine gerechtfertigte Aufgabe erledigen, lassen wir ihn. Rauchen, Knabbereien kaufen oder ein Tauschgesch\u00e4ft abschlie\u00dfen sind keine berechtigten Gr\u00fcnde. Es bedeutet auch nicht, dass Spieler unbegrenzt viel Zeit haben. Tats\u00e4chlich haben sie ihre Aufgaben ohne Umschweife erledigen. Ermahne sie, dass sie sich beeilen m\u00fcssen. Sie haben 10 Minuten Zeit, die Aufgabe zu erledigen, nach deren Ablauf sie bei Nichterf\u00fcllen ein Match Loss erhalten und automatisch aus dem Turnier ausscheiden, genau wie bei jeder anderen Heraufstufung von TournamentError \u2013 Tardiness. Dadurch sollen die Auswirkungen auf den Rest des Turniers verringert werden, da lange Extrazeiten jeden im Turnier betreffen. Au\u00dferdem wird so eine Obergrenze festgelegt, wie viel Zeit ein Spieler f\u00fcr seine Aufgabe haben kann. Das hei\u00dft aber nicht, dass der Spieler den Rest der Zeit nutzen kann, um andere Dinge zu erledigen. Erh\u00e4lt ein Spieler Zeit, um die Toilette zu aufzusuchen, schlie\u00dft das keinen Zwischenstopp am S\u00fc\u00dfigkeitenautomaten ein. <\/span><\/em><\/p>\n<p><em><span style=\"font-weight: 400\">Gib dem Match die entsprechende Extrazeit, wenn der Spieler zur\u00fcckkehrt.<\/span><\/em><\/div>\n<h2 style=\"text-align: justify\">Beispiele<\/h2>\n<ul class=\"list-group\" style=\"text-align: justify;margin-left: 0px\">\n<li class=\"list-group-item\"><strong>A.<\/strong> Ein Spieler erscheint zu seinem Match erst 5 Minuten nachdem die Runde begonnen hat.<br \/>\n<div class=\"alert alert-info\" role=\"alert\"> <em>Ist ein Spieler nicht an seinem Platz, wenn die Runde beginnt, ist er unp\u00fcnktlich. Sp\u00e4ter werden wir sehen, dass der Turnier-Organisator bzw. der Head Judge den Spielern zus\u00e4tzliche Zeit geben kann, bevor der Penalty vergeben wird; 5 Minuten sind aber nicht mehr angemessen.<\/em><\/div><\/li>\n<li class=\"list-group-item\"><strong>B.<\/strong> Eine Spielerin reicht ihre Deckliste ein, nachdem die zum Deckbau vorgegebene Zeit abgelaufen ist.<br \/>\n<div class=\"alert alert-info\" role=\"alert\"> <em>Zeitlimits existieren aus guten Gr\u00fcnden. Es wird von den Spielern erwartet, dass sie ihre Decklisten zu den vorgesehenen Zeitpunkten einreichen. Zus\u00e4tzliche Zeit zur Optimierung ihrer Decks gibt den Spielern einen Vorteil.<\/em><\/div><\/li>\n<li class=\"list-group-item\"><strong>C.<\/strong> Ein Spieler verliert sein Deck und kann innerhalb der ersten 10 Minuten der Runde keinen Ersatz besorgen.<br \/>\n<div class=\"alert alert-info\" role=\"alert\"> <em>Ein Spieler muss nicht nur p\u00fcnktlich an seinem Platz sein, sondern auch seine Sachen dabeihaben. Wenn sie jedoch p\u00fcnktlich am Platz sind und dann bemerken, dass sie ihr Deck verloren haben, oder einige Karten fehlen, geben wir ihnen Zeit, um Ersatz zu beschaffen. In diesem Fall ist das kein Game Loss. In diesem Fall ist das kein Game Loss. Die Spieler haben jedoch maximal 10 Minuten Zeit, sich um Ersatz zu k\u00fcmmern. Falls sie diese Zeit nicht einhalten, erhalten die Spieler ein Tardiness Penalty, das heraufgestuft wird.<\/em><\/div><\/li>\n<li class=\"list-group-item\"><strong>D.<\/strong> Eine Spielerin sitzt an einem falschen Tisch und spielt gegen den falschen Gegner.<br \/>\n<div class=\"alert alert-info\" role=\"alert\"> <em>Die Spielerin mag p\u00fcnktlich gewesen sein, aber sie war nicht am richtigen Ort. Ich kann auch p\u00fcnktlich sein, wenn ich zu Rundenbeginn am Essensstand sein kann.<\/em><\/div><\/li>\n<\/ul>\n<h2 style=\"text-align: justify;margin-top: 20px\">Philosophie<\/h2>\n<p style=\"text-align: justify;margin-bottom: 0px\">Spieler tragen die Verantwortung daf\u00fcr, p\u00fcnktlich zu ihrem Match zu erscheinen, am korrekten Tisch zu spielen und Deckregistrierungen in der zur Verf\u00fcgung stehenden Zeit durchzuf\u00fchren.<\/p>\n<div class=\"alert alert-info\" role=\"alert\"> <em>Wir m\u00f6chten, dass Spieler p\u00fcnktlich sind. Spieler sollten nicht warten m\u00fcssen, bis ihre Gegner endlich erscheinen. Das ist unfair denen gegen\u00fcber, die sich an die Regeln halten. Au\u00dferdem geben wir versp\u00e4teten Matches Extrazeit, da jedes Match 50 Minuten Zeit hat. Dadurch kann das Turnier als Ganzes verz\u00f6gert werden. Als Judges wollen wir ein reibungsloses Turnier und nehmen TE \u2013 Tardiness daher sehr ernst. Wir geben ein Game Loss, damit Spieler es ebenfalls ernst nehmen. G\u00e4be es f\u00fcr TE \u2013 Tardiness nur ein Warning, g\u00e4be es keinen gro\u00dfen Anreiz, p\u00fcnktlich zu Beginn der Runde anwesend zu sein, nachdem du losgegangen bist, um Essen zu holen.<\/em><\/p>\n<p><em>Das gleiche gilt f\u00fcr das Einreichen von Decklisten. Spieler reagieren auf Anreize, und ein Game Loss ist ein guter Anreiz, Decklisten p\u00fcnktlich einzureichen.<\/em><\/div>\n<p style=\"text-align: justify;margin-bottom: 0px\">Der Turnier-Organisator kann eine Toleranzzeit ank\u00fcndigen, bevor dieser Penalty vergeben wird. Andernfalls wird dieser Penalty vergeben, sobald die Runde beginnt.<\/p>\n<div class=\"alert alert-info\" role=\"alert\"> <em>Gelegentlich gibt ein Turnier-Organisator (oder Head Judge) den Spielern etwas mehr Zeit, um an ihre Pl\u00e4tze zu gelangen. Dies passiert \u00fcblicherweise, wenn etwas am Veranstaltungsort den Bewegungsfluss hindert (zu viele Leute im Laden, Paarungen an Engp\u00e4ssen, mehrere R\u00e4ume, usw.). In solch einem Fall wird das neue Zeitlimit zu Beginn des Turniers angesagt und bleibt bis zum Ende des Turniers in Kraft. Die L\u00e4nge der Extrazeit ist frei w\u00e4hlbar (fr\u00fcher waren es genau 3 Minuten);wir empfehlen aber, 3 Minuten nicht zu \u00fcberschreiten. Gibt es keine \u201eGnadenfrist\u201c, wird der Penalty mit dem Beginn der Runde vergeben.<\/em><\/div>\n<h2 style=\"text-align: justify\">Zus\u00e4tzliche Ma\u00dfnahmen<\/h2>\n<p style=\"text-align: justify;margin-bottom: 0px\">Den Spielern wird entsprechend der Versp\u00e4tung Extrazeit gegeben.<\/p>\n<div class=\"alert alert-info\" role=\"alert\"> <em>Erscheint der unp\u00fcnktliche Spieler, gibst du dem Match Extrazeit, selbst wenn es einen Game Loss gab. Die Spieler haben f\u00fcr ein 50-Minuten-Match bezahlt, also bekommen sie es auch. Sie werden die Zeit vermutlich nicht brauchen, aber sie bekommen sie auf jeden Fall.<\/em><\/div>\n<h5 style=\"width: 180px;text-align: center\"><div class=\"card\"><div class=\"card-header\">Heraufstufung<\/div><\/div><\/h5>\n<p style=\"text-align: justify;margin-bottom: 0px\">Ein Spieler, der zehn Minuten nach Beginn der Runde nicht an seinem Platz erscheint, erh\u00e4lt ein Match Loss. Au\u00dferdem scheidet er automatisch aus dem Turnier aus, wenn er sich nicht vor dem Ende der Runde beim Head Judge oder Scorekeeper zur\u00fcckmeldet.<\/p>\n<div class=\"alert alert-info\" role=\"alert\"> <em>10 Minuten nach Beginn der Runde erh\u00e4lt der Spieler einen weiteren TE \u2013 TardinessPenalty, der zu einem Match Loss heraufgestuft wird. Es wird angenommen, dass der Spieler nicht mehr wiederkommt; markiere daher bitte auf dem Ergebniszettel, dass dieser Spieler aus dem Turnier aussteigt. In der Praxis hat es sich bew\u00e4hrt, den Gewinner des Matches den Zettel ausf\u00fcllen zu lassen, ein \u201eNo Show\u201c ins \u201eDrop?\u201c-Feld des ausgestiegenen Spielers zu schreiben und den Judge anstelle des nicht erschienenen Spielers unterschreiben zu lassen.<\/em><\/div>\n","protected":false},"excerpt":{"rendered":"<p>Definition Ein Spieler ist zu Beginn der Runde nicht an seinem Platz oder hat ihm angewiesene Aufgaben nicht innerhalb des vorgegebenen Zeitlimits ausgef\u00fchrt. Wenn die Runde beginnt bevor die vorherige Runde geendet h\u00e4tte (weil alle Spieler fr\u00fchzeitig fertig wurden), besteht kein Tardiness bis zum planm\u00e4\u00dfigen Ende der vorherigen Runde. Falls ein Spieler vor oder w\u00e4hrend [&hellip;]<\/p>\n","protected":false},"author":137,"featured_media":0,"parent":0,"menu_order":0,"comment_status":"closed","ping_status":"closed","template":"page_width-index.php","meta":{"footnotes":"","_links_to":"","_links_to_target":""},"language":[12],"class_list":["post-4850","page","type-page","status-publish","hentry","language-de"],"_links":{"self":[{"href":"https:\/\/blogs.magicjudges.org\/rules\/wp-json\/wp\/v2\/pages\/4850","targetHints":{"allow":["GET"]}}],"collection":[{"href":"https:\/\/blogs.magicjudges.org\/rules\/wp-json\/wp\/v2\/pages"}],"about":[{"href":"https:\/\/blogs.magicjudges.org\/rules\/wp-json\/wp\/v2\/types\/page"}],"author":[{"embeddable":true,"href":"https:\/\/blogs.magicjudges.org\/rules\/wp-json\/wp\/v2\/users\/137"}],"replies":[{"embeddable":true,"href":"https:\/\/blogs.magicjudges.org\/rules\/wp-json\/wp\/v2\/comments?post=4850"}],"version-history":[{"count":5,"href":"https:\/\/blogs.magicjudges.org\/rules\/wp-json\/wp\/v2\/pages\/4850\/revisions"}],"predecessor-version":[{"id":5435,"href":"https:\/\/blogs.magicjudges.org\/rules\/wp-json\/wp\/v2\/pages\/4850\/revisions\/5435"}],"wp:attachment":[{"href":"https:\/\/blogs.magicjudges.org\/rules\/wp-json\/wp\/v2\/media?parent=4850"}],"wp:term":[{"taxonomy":"language","embeddable":true,"href":"https:\/\/blogs.magicjudges.org\/rules\/wp-json\/wp\/v2\/language?post=4850"}],"curies":[{"name":"wp","href":"https:\/\/api.w.org\/{rel}","templated":true}]}}