{"id":4852,"date":"2016-09-02T22:17:04","date_gmt":"2016-09-02T19:17:04","guid":{"rendered":"http:\/\/blogs.magicjudges.org\/rules\/?page_id=4852"},"modified":"2016-11-08T08:32:14","modified_gmt":"2016-11-08T05:32:14","slug":"ipg3-2-de","status":"publish","type":"page","link":"https:\/\/blogs.magicjudges.org\/rules\/ipg3-2-de\/","title":{"rendered":"IPG 3.2 Turnierfehler \u2014 Hilfe von Au\u00dfen"},"content":{"rendered":"<div style=\"padding-right: 20px;float: left;width: 80%;margin-top: 0px\">\n<h2>Definition<\/h2>\n<p>Ein Spieler, Zuschauer oder anderer Turnierteilnehmer begeht eine der folgenden Handlungen:<\/p>\n<\/div>\n<div style=\"float: right;width: 20%;margin-top: 0px;margin-bottom: -20px;text-align: center\">\n<div class=\"alert alert-warning\" role=\"alert\"> <\/p>\n<p style=\"text-align: center;margin-top: 10px;margin-left: -10px\"><strong>Penalty<\/strong><\/p>\n<p style=\"text-align: center;margin-bottom: 10px;margin-left: -6px\">Match Loss<\/p>\n<p><\/div>\n<\/div>\n<br style=\"clear: both; height: 1px; margin: -1px 0pt 0pt; overflow: hidden;\">\n<ul style=\"margin-top: 0px\">\n<li>Er versucht von Dritten Spieltipps oder verdeckte Information \u00fcber sein Match zu erlangen, nachdem er Platz genommen hat, um sein Match zu spielen.<br \/>\n<div class=\"alert alert-info\" role=\"alert\"> <em>Sobald ein Spieler Platz genommen hat, um sein Match zu spielen, darf er von anderen keine Anweisungen oder Informationen \u00fcber sein Match erhalten. Belangloses Geplauder ist nicht verboten, sofern das Gespr\u00e4ch keine Informationen enth\u00e4lt, die dem Spieler in seinem Match helfen k\u00f6nnten. Dieser Versto\u00df beinhaltet keine Ratschl\u00e4ge am Paarungsaushang, am Stand eines H\u00e4ndlers oder drau\u00dfen w\u00e4hrend einer Raucherpause. Spieler reden nun mal \u00fcber Decks, gegen die sie gespielt haben oder erwarten zu spielen. Wir k\u00f6nnen auch nicht kontrollieren, wor\u00fcber sie auf der Toilette reden.<\/em><\/div><\/li>\n<li>Er gibt anderen Spielern Spieltipps oder verdeckte Informationen, nachdem diese Platz genommen haben, um ihr Match zu spielen.<br \/>\n<div class=\"alert alert-info\" role=\"alert\"> <em>Dieses Szenario passiert h\u00e4ufig einem Zuschauer oder Spieler, der einem Freund beim Spielen zuguckt, nachdem er sein eigenes Match beendet hat. Besonders bei Spielern, die noch am Turnier teilnehmen, sollte dieses Verhalten bestraft und das Match Loss gegeben werden. Denke daran, dass wir \u00fcber \u201eSpieltipps\u201c reden. \u201eVergiss nicht anzugreifen\u201c ist ein Spieltipp; \u201eGib auf, dann k\u00f6nnen wir essen gehen\u201c ist kein Spieltipp \u2013 auch wenn beides dazu f\u00fchren kann, dass die Partie endet.<\/em><\/div><\/li>\n<li>Er benutzt w\u00e4hrend der Partie Aufzeichnungen, die vor Beginn des aktuellen Matches angefertigt wurden (Ausnahme: ausgedruckte Oracle-Seiten).<br \/>\n<div class=\"alert alert-info\" role=\"alert\"> <em>Aufzeichnungen k\u00f6nnen verschiedene Formen annehmen, sind aber meist auf Papier. Zwischen zwei Partien d\u00fcrfen diese Aufzeichnungen benutzt werden, aber nicht w\u00e4hrend einer Partie. Die Ausnahme bilden offizielle Oracle-Seiten, die zu jedem Zeitpunkt w\u00e4hrend eines Matchs abgerufen werden k\u00f6nnen. \u00dcblicherweise rufen Spieler daf\u00fcr einen Judge, aber falls ein Spieler Ausdrucke der Karten hat, kann er diese benutzen, solange er sich beeilt.<\/em><\/div><\/li>\n<\/ul>\n<p style=\"text-align: justify;margin-bottom: 0px\">Diese Kriterien gelten auch w\u00e4hrend des Drafts und der Deckbau-Zeit bei Limited-Turnieren. Au\u00dferdem d\u00fcrfen w\u00e4hrend eines Drafts keinerlei Notizen gemacht werden. Einige Teamformate haben zus\u00e4tzliche Kommunikationsregeln die m\u00f6glicherweise die Definition dieses Versto\u00dfes beeinflussen.<\/p>\n<div class=\"alert alert-info\" role=\"alert\"> <em>W\u00e4hrend eines Turniers in einem Limited-Format, entweder Sealed oder Draft, werden Spieler w\u00e4hrend des Deckbau-Zeit und des Drafts behandelt, als ob sie \u201ein einem Match\u201c w\u00e4ren, und jegliches Verhalten, das die obige Definition erf\u00fcllt, wird als Tournament Error \u2013 Outside Assistance betrachtet. Beispiele sind Fragen, was man draften soll, wie viele W\u00e4lder man spielen sollte oder \u201eHast du Wei\u00df gedraftet?\u201c In einigen Formaten wie Two-Headed Giant oder bei Teamturnieren d\u00fcrfen Mitglieder eines Teams untereinander \u00fcber Decks und Strategien sprechen, ohne, dass es als TE \u2013 Outside Assistance gilt.<\/em><\/div>\n<p style=\"text-align: justify;margin-bottom: 0px\">Notizen, die au\u00dferhalb des laufenden Matches gemacht wurden, d\u00fcrfen nur zwischen den Partien eines Matches genutzt werden, und auch nur dann, wenn sie sich seit Beginn des Matches im Besitz des Spielers befinden.<\/p>\n<div class=\"alert alert-info\" role=\"alert\"> <em>Diese Aufzeichnungen k\u00f6nnen zum Beispiel Sideboard-Strategien f\u00fcr unterschiedliche Matchups sein. Aufzeichnungen aus der ersten Partie k\u00f6nnen w\u00e4hrend der zweiten Partie benutzt werden. Der \u201eBeginn des Matches\u201c ist die Grenze, weil es eine geben muss, und dieser Zeitpunkt am meisten Sinn ergibt. Spieler d\u00fcrfen zwischen zwei Partien nicht online nach Sideboard-Strategien suchen.<\/em><\/div>\n<h2 style=\"text-align: justify\">Beispiele<\/h2>\n<ul class=\"list-group\" style=\"text-align: justify;margin-left: 0px\">\n<li class=\"list-group-item\"><strong>A.<\/strong> W\u00e4hrend einer Partie benutzt ein Spieler Notizen, die er vor Turnierbeginn gemacht hat.<\/li>\n<li class=\"list-group-item\"><strong>B.<\/strong> Eine Zuschauerin erl\u00e4utert einem Spieler den st\u00e4rksten Spielzug, obwohl dieser nicht um Hilfe gebeten hat.<\/li>\n<\/ul>\n<h2 style=\"text-align: justify;margin-top: 20px\">Philosophie<\/h2>\n<p style=\"text-align: justify;margin-bottom: 0px\">Turniere sollen das K\u00f6nnen eines Spielers auf die Probe stellen und nicht seine F\u00e4higkeit, Hilfestellungen oder Anweisungen von au\u00dfen zu folgen. Jeglicher strategischer Hinweis, Spieltipp oder Hinweis zum Deckbau von einem Au\u00dfenstehenden wird als Outside Assistance gewertet.<\/p>\n<div class=\"alert alert-info\" role=\"alert\"> <em>Eine Partie findet zwischen zwei Spielern statt, und nicht zwischen einem Spieler und einem Spieler und dessen Kumpel, Google, oder der Twitter-Gemeinde. TE \u2013 Outside Assistance kann ein Wort sein, ein St\u00fcck Papier, oder eine Geste; es kann die Frage nach Informationen sein. Wenn es einem Spieler strategische, Spiel- oder Deckbauinformationen gibt, handelt es sich sehr wahrscheinlich um TE \u2013 Outside Assistance.<\/em><\/p>\n<p><em>Denke daran (und dies ist in einigen Kreisen umstritten), dass das Fragen nach oder das Bekanntgeben eines anderen Matchergebnisses nicht TE \u2013 Outside Assistance ist, selbst wenn diese Informationen benutzt werden, um die Partie zu beenden.<\/em><\/div>\n<p style=\"text-align: justify;margin-bottom: 0px\">Visuelle \u00c4nderungen an Karten, einschlie\u00dflich kurzer Text, welche geringe strategische Hilfe oder Tipps geben, sind akzeptabel und werden nicht als Notizen betrachtet. Detaillierte Anweisungen oder komplexe strategische Hinweise sind auf Karten nicht erlaubt. Es liegt im Ermessen des Head Judges, ob eine bestimmte Karte oder bestimmte Notizen f\u00fcr ein Turnier zul\u00e4ssig sind.<\/p>\n<div class=\"alert alert-info\" role=\"alert\"> <em>Einige Spieler schreiben Notizen auf Karten, die strategische Informationen beinhalten k\u00f6nnen. Einige Worte, eine Markierung oder ein Bild sind akzeptabel, aber ganze S\u00e4tze k\u00f6nnen die Grenze \u00fcberschreiten. Beispiele sind Punkte auf Sideboard-Karten, ein \u201eGreif mit mir an\u201c auf einem <a href=\"https:\/\/blogs.magicjudges.org\/rules\/wp-content\/plugins\/lems-mtg-helper\/lems-mtg-helper-cardfinder.php?find=Kugelblitz&width=223&height=310\" class=\"jTip\" name=\"\">Kugelblitz<\/a> oder ein <a href=\"https:\/\/blogs.magicjudges.org\/rules\/wp-content\/plugins\/lems-mtg-helper\/lems-mtg-helper-cardfinder.php?find=Plundermagier&width=223&height=310\" class=\"jTip\" name=\"\">Plundermagier<\/a>, dessen Bild modifiziert wurde, sodass ein spezifisches Artefakt (das beabsichtigte Ziel) darauf abgebildet ist. Wende dich an den Head Judge, wenn du dir nicht sicher bist, ob eine bestimmte Modifikation zul\u00e4ssig ist.<\/em><\/div>\n<p style=\"text-align: justify;margin-bottom: 0px\">Zuschauer, die sich dieses Vergehens schuldig machen, k\u00f6nnen vom Veranstaltungsort verwiesen werden, wenn sie nicht am Turnier teilnehmen.<\/p>\n<div class=\"alert alert-info\" role=\"alert\"> <em>F\u00fcr Spieler, die noch am Turnier teilnehmen, kann TE \u2013 Outside Assistance das Damoklesschwert sein, dass sie davon abh\u00e4lt, Ratschl\u00e4ge zu geben oder von anderen einzuholen. Zuschauer hingegen m\u00fcssen sich keine Sorgen \u00fcber eine m\u00f6gliche Bestrafung machen, da es f\u00fcr sie keinen \u201en\u00e4chsten Match\u201c gibt, auf der das Match Loss angewandt werden kann. In diesem Fall sollten Judges die Zuschauer h\u00f6flich bitten, den Veranstaltungsort zu verlassen; dies dient als Warnung an andere Zuschauer, die es nicht unterlassen k\u00f6nnen, \u00fcber das beobachtete Match zu reden.<\/em><\/p>\n<p><em>Nicht am Turnier teilzunehmen sch\u00fctzt nicht vor diesem Versto\u00df. Begeht ein Zuschauer dieses Vergehen und nimmt er nicht am Turnier teil, wird er in das Turnier aufgenommen, sein Versto\u00df wird registriert, und anschlie\u00dfend wird der Zuschauer aus dem Turnier ausgeschieden.<\/em><\/div>\n","protected":false},"excerpt":{"rendered":"<p>Definition Ein Spieler, Zuschauer oder anderer Turnierteilnehmer begeht eine der folgenden Handlungen: Er versucht von Dritten Spieltipps oder verdeckte Information \u00fcber sein Match zu erlangen, nachdem er Platz genommen hat, um sein Match zu spielen. Er gibt anderen Spielern Spieltipps oder verdeckte Informationen, nachdem diese Platz genommen haben, um ihr Match zu spielen. Er benutzt [&hellip;]<\/p>\n","protected":false},"author":137,"featured_media":0,"parent":0,"menu_order":0,"comment_status":"closed","ping_status":"closed","template":"page_width-index.php","meta":{"footnotes":"","_links_to":"","_links_to_target":""},"language":[12],"class_list":["post-4852","page","type-page","status-publish","hentry","language-de"],"_links":{"self":[{"href":"https:\/\/blogs.magicjudges.org\/rules\/wp-json\/wp\/v2\/pages\/4852","targetHints":{"allow":["GET"]}}],"collection":[{"href":"https:\/\/blogs.magicjudges.org\/rules\/wp-json\/wp\/v2\/pages"}],"about":[{"href":"https:\/\/blogs.magicjudges.org\/rules\/wp-json\/wp\/v2\/types\/page"}],"author":[{"embeddable":true,"href":"https:\/\/blogs.magicjudges.org\/rules\/wp-json\/wp\/v2\/users\/137"}],"replies":[{"embeddable":true,"href":"https:\/\/blogs.magicjudges.org\/rules\/wp-json\/wp\/v2\/comments?post=4852"}],"version-history":[{"count":7,"href":"https:\/\/blogs.magicjudges.org\/rules\/wp-json\/wp\/v2\/pages\/4852\/revisions"}],"predecessor-version":[{"id":5437,"href":"https:\/\/blogs.magicjudges.org\/rules\/wp-json\/wp\/v2\/pages\/4852\/revisions\/5437"}],"wp:attachment":[{"href":"https:\/\/blogs.magicjudges.org\/rules\/wp-json\/wp\/v2\/media?parent=4852"}],"wp:term":[{"taxonomy":"language","embeddable":true,"href":"https:\/\/blogs.magicjudges.org\/rules\/wp-json\/wp\/v2\/language?post=4852"}],"curies":[{"name":"wp","href":"https:\/\/api.w.org\/{rel}","templated":true}]}}