{"id":4856,"date":"2016-09-02T22:17:41","date_gmt":"2016-09-02T19:17:41","guid":{"rendered":"http:\/\/blogs.magicjudges.org\/rules\/?page_id=4856"},"modified":"2018-03-01T19:46:26","modified_gmt":"2018-03-01T16:46:26","slug":"ipg3-9-de","status":"publish","type":"page","link":"https:\/\/blogs.magicjudges.org\/rules\/ipg3-9-de\/","title":{"rendered":"IPG 3.9 Turnierfehler \u2014 Unzureichendes Mischen"},"content":{"rendered":"<div style=\"padding-right: 20px;float: left;width: 80%;margin-top: 0px\">\n<h2>Definition<\/h2>\n<p>Ein Spieler mischt unbeabsichtigt sein Deck oder einen Teil seines Decks nicht ausreichend, bevor er es seinem Gegner pr\u00e4sentiert oder vers\u00e4umt es, dem Gegner das Deck f\u00fcr weiteres Mischen zu pr\u00e4sentieren. Ein Deck ist nicht ausreichend gemischt, wenn der Judge glaubt, dass dem Spieler Position oder Verteilung einer oder mehrerer Karten in seinem Deck bekannt sein k\u00f6nnte.<\/p>\n<\/div>\n<div style=\"float: right;width: 20%;margin-top: 0px;margin-bottom: -20px;text-align: center\">\n<div class=\"alert alert-warning\" role=\"alert\"> <\/p>\n<p style=\"text-align: center;margin-top: 10px;margin-left: -10px\"><strong>Penalty<\/strong><\/p>\n<p style=\"text-align: center;margin-bottom: 10px;margin-left: -12px\">Warning<\/p>\n<p><\/div>\n<\/div>\n<br style=\"clear: both; height: 1px; margin: -1px 0pt 0pt; overflow: hidden;\">\n<p style=\"margin-top: -30px\"><div class=\"alert alert-info\" role=\"alert\"> <em>Beim Mischen sollen die Spieler den \u00dcberblick \u00fcber die Position einzelner Karten im Deck verlieren und das Deck in eine zuf\u00e4llige Reihenfolge bringen. Wenn du der Meinung bist, dass ein Spieler m\u00f6glicherweise die ungef\u00e4hre Lage einer oder mehrerer Karten im Deck kennt (d. h. der Spieler wei\u00df, in welchem Viertel eine bestimmte Karte ist, oder er hat nicht ausreichend gemischt, um ein Spruch-Spruch-Land-Muster aufzul\u00f6sen), ist das Deck nicht ausreichend gemischt worden. Wie oft ein Deck gemischt werden muss, k\u00f6nnen wir nicht exakt festlegen, da dies davon abh\u00e4ngt, wie viele Karten gemischt werden m\u00fcssen. Wenn du das Gef\u00fchl hast, dass ein Deck nicht oft genug gemischt wurde, ist dieser Versto\u00df vermutlich zutreffend. Nachdem ein Spieler sein Deck aus irgendeinem Grund gemischt hat, muss er es seinem Gegner f\u00fcr weiteres Mischen pr\u00e4sentieren. Vers\u00e4umt der Spieler dies, liegt ebenfalls Tournament Error \u2013 Insufficient Shuffling vor.<\/em><\/p>\n<p><em>Meistens passiert dieser Versto\u00df, weil ein Spieler faul ist, eine schlechte Mischtechnik verwendet, oder gedanklich woanders ist. Glaubst du, dass der Spieler absichtlich unzureichend gemischt hat, musst du Unsporting Conduct \u2013 Cheating in Betracht ziehen.<\/em><\/div><\/p>\n<h2 style=\"text-align: justify\">Beispiele<\/h2>\n<ul class=\"list-group\" style=\"text-align: justify;margin-left: 0px;margin-bottom: 5px\">\n<li class=\"list-group-item\"><strong>A.<\/strong> Ein Spieler vergisst, seine Bibliothek zu mischen, nachdem er eine Karte aus der Bibliothek gesucht hat.<\/li>\n<li class=\"list-group-item\"><strong>B.<\/strong> Eine Spielerin durchsucht ihre Bibliothek nach einer Karte. Anschlie\u00dfend mischt sie ihr Deck indem sie einmal kurz die Karten ineinander fallen l\u00e4sst und pr\u00e4sentiert das Deck dann ihrem Gegner.<\/li>\n<li class=\"list-group-item\"><strong>C.<\/strong> Ein Spieler vergisst nach dem Kaskadieren die aufgedeckten Karten zu mischen bevor er sie unter seine Bibliothek legt.<\/li>\n<\/ul>\n<div class=\"alert alert-info\" role=\"alert\"> <em>Das erste Beispiel ist recht simpel: \u201eUps, ich habe vergessen zu mischen.\u201c Man sollte meinen, dass so etwas nie passiert, aber in einer komplexen Spielsituation kann es vorkommen. Das zweite Beispiel kommt h\u00e4ufiger bei unerfahrenen Spielern vor, oder bei Spielern, die es eilig haben \u2014 es wird nur einmal kurz abgehoben. Das dritte Beispiel ist eine Variation des ersten, bei dem ein Spieler einen Teil des Decks oder einen Stapel Karten nicht mischt; entweder, weil er das Mischen vergisst, oder weil er annimmt, dass er nicht mischen muss.<\/em><\/div>\n<h2 style=\"text-align: justify\">Philosophie<\/h2>\n<p style=\"text-align: justify;margin-bottom: 0px\">Von den Spielern wird erwartet, dass sie ihr Deck gr\u00fcndlich mischen, wenn es von ihnen verlangt wird, und es wird davon ausgegangen, dass die Spieler \u00fcber das notwendige Verst\u00e4ndnis und die F\u00e4higkeiten dazu verf\u00fcgen.<\/p>\n<div class=\"alert alert-info\" role=\"alert\"> <em>Magic ist ein Kartenspiel. Es erfordert die Handhabung von Karten. Es liegt in der Verantwortung der Spieler, diese Karten mischen zu k\u00f6nnen und es ist angemessen, ein solches Verhalten von ihnen zu erwarten.<\/em><\/div>\n<p style=\"text-align: justify;margin-bottom: 0px\">Da jedoch der Gegner nach dem Pr\u00e4sentieren des Decks Gelegenheit hat, das Deck noch einmal zu mischen, ist das Potential f\u00fcr einen Vorteil minimal, so lange dieses Prinzip beachtet wird.<\/p>\n<div class=\"alert alert-info\" role=\"alert\"> <em>Es ist verlockend, einen Vorteil aus unzureichendem Mischen zu ziehen, sei es die Manipulation des gesamten Decks und seiner Manaverteilung, oder nur die ungef\u00e4hre Position einer oder zweier Karten im Deck. Der Penalty war daher fr\u00fcher ein Game Loss, der dieses Potential ber\u00fccksichtigte. Das f\u00fchrte dazu, dass viele neue oder faule Spieler einen Game Loss erhielten, weil sie es nicht besser wussten oder annahmen, dass Mischen nicht so wichtig sei. Nun hingegen ist der Gegner verpflichtet, das Deck zu mischen, wenn es pr\u00e4sentiert wird. Dadurch wird der potentielle Vorteil quasi zunichtegemacht. Dank dieser Regel k\u00f6nnen wir als Standard-Penalty ein Warning geben.<\/em><\/div>\n<p style=\"text-align: justify;margin-bottom: 0px\">Wann immer eine Karte aus dem Deck sichtbar geworden sein k\u00f6nnte (auch beim Mischen) gilt das Deck nicht mehr als gemischt, auch wenn der Spieler nur die Position von einer oder zwei Karten kennt. Die Spieler sollen beim Mischen darauf achten, dass weder sie noch ihre Gegner die Karten ihres Decks sehen k\u00f6nnen.<\/p>\n<div class=\"alert alert-info\" role=\"alert\"> <em>Die Karten im Deck sollten beim Mischen niemandem gezeigt werden, da sie sonst nicht in zuf\u00e4lliger Reihenfolge sind (selbst wenn der gr\u00f6\u00dfte Teil des Decks zuf\u00e4llig ist). Wenn du zehnmal riffelst, und danach einmal aufgedeckt riffelst, um die Karten in die andere Richtung zu biegen, ist das Deck nicht mehr gemischt, und du musst von vorne beginnen. Die Karten von dir weg, aber in Richtung deines Teamkameraden zu halten, ist ebenfalls schlecht. So zu mischen, dass dein Gegner deine Karten sehen kann, ist keine gute Strategie, wird aber nicht mit einem Penalty geahndet.<\/em><\/div>\n<p style=\"text-align: justify;margin-bottom: 0px\">Es sollten immer mehrere unterschiedliche Mischmethoden verwendet werden. Die Karten der Reihe nach auf Stapel zu verteilen (\u201ePile Shuffling\u201c) bringt die Karten nicht in eine zuf\u00e4llige Anordnung.<\/p>\n<div class=\"alert alert-info\" role=\"alert\"> <em>Beim Mischen sollten verschiedene Techniken kombiniert werden, um eine zuf\u00e4llige Reihenfolge sicherzustellen. Eine verbreitete \u201eMischtechnik\u201c ist das Stapeln. Das ist kein Mischen. Es ist nicht Teil des Mischens. Es z\u00e4hlt nicht. Der Grund daf\u00fcr ist, dass, falls ich vor dem Stapeln die Position einer Karte kenne, ich die Position nach dem Stapeln immer noch kenne. Sechs bis acht Riffles reichen aus, um ein Deck in eine zuf\u00e4llige Reihenfolge zu bringen. Weniger sind akzeptabel, falls nur eine einzige Karte wie <a href=\"https:\/\/blogs.magicjudges.org\/rules\/wp-content\/plugins\/lems-mtg-helper\/lems-mtg-helper-cardfinder.php?find=Zenit+der+schwarzen+Sonne&width=223&height=310\" class=\"jTip\" name=\"\">Zenit der schwarzen Sonne<\/a> ins Deck gemischt werden muss.<\/em><\/div>\n<p style=\"text-align: justify;margin-bottom: 0px\">Es ist erlaubt, das Deck in eine bestimmte Reihenfolge zu bringen, solange das Deck anschlie\u00dfend gr\u00fcndlich gemischt wird.<\/p>\n<div class=\"alert alert-info\" role=\"alert\"> <em>Wenn ein Spieler Platz nimmt, hat sein Deck eine bestimmte Reihenfolge. Es mag alphabetisch sortiert sein, ein Spruch-Spruch-Land-Muster haben, oder einige Karten in spezifischen Positionen haben. Das mag Bedenken hervorrufen, ist aber in Ordnung, solange das Deck anschlie\u00dfend ausreichend gemischt wird. Wird das Deck gemischt, wird n\u00e4mlich jegliche vorherige Manipulation zunichtegemacht. Dieser Effekt wird verst\u00e4rkt, wenn der Gegner anschlie\u00dfend das Deck mischt. Das Deck vor ausreichendem Mischen zu manipulieren dient nur zur eigenen Beruhigung. Das Deck vor unzureichendem Mischen zu manipulieren ist ein Warning, falls es ohne Vorsatz geschieht, und USC \u2013 Cheating, falls es vors\u00e4tzlich geschieht.<\/em><\/div>\n<h2 style=\"text-align: justify\">Zus\u00e4tzliche Ma\u00dfnahmen<\/h2>\n<p style=\"text-align: justify;margin-bottom: 0px\">Mische den zuf\u00e4lligen Teil des Decks gr\u00fcndlich.<\/p>\n<div class=\"alert alert-info\" role=\"alert\"> <em>Die Ma\u00dfnahme ist einfach \u2014 die Karten werden gemischt. Du solltest dir etwas Zeit nehmen, um kurz zu erkl\u00e4ren, welche Mischtechniken notwendig sind und warum sie notwendig sind, und um den anderen Spieler daran zu erinnern, dass er das Deck seines Gegners ebenfalls mischen muss. Aus Prinzip sollten die Spieler das Mischen durchf\u00fchren, und nicht der Judge. Dies verhindert, dass der Judge verantwortlich gemacht wird, falls eine H\u00fclle beim Mischen besch\u00e4digt wird, oder eine Karte herausf\u00e4llt. Es verhindert auch, dass der Judge beschuldigt wird, wenn der Spieler nach dem Mischen schlecht zieht.<\/em><\/p>\n<p><em>Denke daran, dass einige Karten und ihre Positionen im Deck bekannt sein k\u00f6nnten, und ihre Positionen bewahrt werden sollten, wenn sie nicht in das Mischen einbezogen werden. Es ist daher eine gute Idee, die Friedh\u00f6fe beider Spieler zu durchsuchen, sowie die bleibenden Karten im Spiel zu kontrollieren. Fragen nach bekannten Karten in der Bibliothek sind ebenfalls notwendig. Das alles solltest du ber\u00fccksichtigen, wenn du es mit Mischen zu tun hast.<\/em><\/div>\n","protected":false},"excerpt":{"rendered":"<p>Definition Ein Spieler mischt unbeabsichtigt sein Deck oder einen Teil seines Decks nicht ausreichend, bevor er es seinem Gegner pr\u00e4sentiert oder vers\u00e4umt es, dem Gegner das Deck f\u00fcr weiteres Mischen zu pr\u00e4sentieren. Ein Deck ist nicht ausreichend gemischt, wenn der Judge glaubt, dass dem Spieler Position oder Verteilung einer oder mehrerer Karten in seinem Deck [&hellip;]<\/p>\n","protected":false},"author":194,"featured_media":0,"parent":0,"menu_order":0,"comment_status":"closed","ping_status":"closed","template":"page_width-index.php","meta":{"footnotes":"","_links_to":"","_links_to_target":""},"language":[12],"class_list":["post-4856","page","type-page","status-publish","hentry","language-de"],"_links":{"self":[{"href":"https:\/\/blogs.magicjudges.org\/rules\/wp-json\/wp\/v2\/pages\/4856","targetHints":{"allow":["GET"]}}],"collection":[{"href":"https:\/\/blogs.magicjudges.org\/rules\/wp-json\/wp\/v2\/pages"}],"about":[{"href":"https:\/\/blogs.magicjudges.org\/rules\/wp-json\/wp\/v2\/types\/page"}],"author":[{"embeddable":true,"href":"https:\/\/blogs.magicjudges.org\/rules\/wp-json\/wp\/v2\/users\/194"}],"replies":[{"embeddable":true,"href":"https:\/\/blogs.magicjudges.org\/rules\/wp-json\/wp\/v2\/comments?post=4856"}],"version-history":[{"count":9,"href":"https:\/\/blogs.magicjudges.org\/rules\/wp-json\/wp\/v2\/pages\/4856\/revisions"}],"predecessor-version":[{"id":7595,"href":"https:\/\/blogs.magicjudges.org\/rules\/wp-json\/wp\/v2\/pages\/4856\/revisions\/7595"}],"wp:attachment":[{"href":"https:\/\/blogs.magicjudges.org\/rules\/wp-json\/wp\/v2\/media?parent=4856"}],"wp:term":[{"taxonomy":"language","embeddable":true,"href":"https:\/\/blogs.magicjudges.org\/rules\/wp-json\/wp\/v2\/language?post=4856"}],"curies":[{"name":"wp","href":"https:\/\/api.w.org\/{rel}","templated":true}]}}