{"id":4864,"date":"2016-09-02T22:18:41","date_gmt":"2016-09-02T19:18:41","guid":{"rendered":"http:\/\/blogs.magicjudges.org\/rules\/?page_id=4864"},"modified":"2016-11-08T08:53:19","modified_gmt":"2016-11-08T05:53:19","slug":"ipg3-8-de","status":"publish","type":"page","link":"https:\/\/blogs.magicjudges.org\/rules\/ipg3-8-de\/","title":{"rendered":"IPG 3.8 Turnierfehler \u2014 Markierte Karten"},"content":{"rendered":"<div style=\"padding-right: 20px;float: left;width: 80%;margin-top: 0px\">\n<h2>Definition<\/h2>\n<p>Die Karten im Deck eines Spielers sind in einer Weise markiert oder ausgerichtet, dass sie dem Spieler potentiell einen Vorteil verschaffen k\u00f6nnten.<\/p>\n<\/div>\n<div style=\"float: right;width: 20%;margin-top: 0px;margin-bottom: -20px;text-align: center\">\n<div class=\"alert alert-warning\" role=\"alert\"> <\/p>\n<p style=\"text-align: center;margin-top: 10px;margin-left: -10px\"><strong>Penalty<\/strong><\/p>\n<p style=\"text-align: center;margin-bottom: 10px;margin-left: -12px\">Warning<\/p>\n<p><\/div>\n<\/div>\n<br style=\"clear: both; height: 1px; margin: -1px 0pt 0pt; overflow: hidden;\">\n<p style=\"margin-top: -20px\"><div class=\"alert alert-info\" role=\"alert\"> <em>Eine Karte sollte nur durch ihre Vorderseite identifizierbar sein. Wenn die Identit\u00e4t einer Karte oder ihr Kartentyp durch etwas anderes als ihre Vorderseite bestimmt werden kann, ist das ein Problem. Dies gilt f\u00fcr physische Markierungen wie Kratzer, Dellen und Abnutzungserscheinungen, aber auch f\u00fcr die physische Ausrichtung \u2013 wenn zum Beispiel alle L\u00e4nder verkehrt herum im Deck sind. Kann eine einzelne Karte von der Seite identifiziert werden (etwa beim Mischen), ist das ebenfalls ein Problem, das gel\u00f6st werden muss, indem die Karte oder die H\u00fclle ersetzt wird. Beachte, dass dieser Versto\u00df nur Probleme mit Missbrauchspotential abdeckt. Sind wir der Meinung, dass die Markierungen tats\u00e4chlich missbraucht werden, m\u00fcssen wir Cheating erw\u00e4gen.<\/em><\/p>\n<p><em>Wir geben diesen Versto\u00df nur f\u00fcr markierte Karten im Deck des Spielers, nicht aber f\u00fcr Karten in seinem Sideboard. Haben die Sideboard-Karten Markierungen oder wirken die H\u00fcllen neuer, sollten wir den Versto\u00df erst dann geben, wenn die markierten Karten im Main Deck gespielt werden. Werden die Sideboard-Karten w\u00e4hrend eines Deck Checks bemerkt, sollte der Spieler darauf aufmerksam gemacht werden und ihm vorgeschlagen werden, H\u00fcllen aus dem Main Deck zu verwenden.<\/em><\/div><\/p>\n<h2 style=\"text-align: justify\">Beispiele<\/h2>\n<ul class=\"list-group\" style=\"text-align: justify;margin-left: 0px\">\n<li class=\"list-group-item\"><strong>A.<\/strong> Ein Spieler hat kleinere Markierungen auf seinen H\u00fcllen. Die Markierungen sind auf einem <a href=\"https:\/\/blogs.magicjudges.org\/rules\/wp-content\/plugins\/lems-mtg-helper\/lems-mtg-helper-cardfinder.php?find=Gebirge&width=223&height=310\" class=\"jTip\" name=\"\">Gebirge<\/a>, einem <a href=\"https:\/\/blogs.magicjudges.org\/rules\/wp-content\/plugins\/lems-mtg-helper\/lems-mtg-helper-cardfinder.php?find=Loxodon-Hierarch&width=223&height=310\" class=\"jTip\" name=\"\">Loxodon-Hierarch<\/a> und einer <a href=\"https:\/\/blogs.magicjudges.org\/rules\/wp-content\/plugins\/lems-mtg-helper\/lems-mtg-helper-cardfinder.php?find=Blitzhelix&width=223&height=310\" class=\"jTip\" name=\"\">Blitzhelix<\/a>.<br \/>\n<div class=\"alert alert-info\" role=\"alert\"> <em>Ein markiertes Land, eine Kreatur und ein Spontanzauber bilden schwerlich ein Muster. Diese Karten sind aber immer noch ein Problem. Bemerkt der Spieler die Markierungen, kann er die Annahme treffen, dass \u201ediese Karte oben auf meinem Deck ein Gebirge, ein Loxodon-Hierarch, oder eine Blitzhelix sein muss\u201c, was dem Spieler einen Vorteil gibt.<\/em><\/div><\/li>\n<li class=\"list-group-item\"><strong>B.<\/strong> Eine Spielerin spielt ohne H\u00fcllen und hat einige Foil-Karten im Deck, die sich merklich vom Rest des Decks abheben.<br \/>\n<div class=\"alert alert-info\" role=\"alert\"> <em>Foil-Karten haben die Angewohnheit, sich nach innen zu biegen. Mit dem falschen Umgang ist es m\u00f6glich, dass diese Karte so stark gebogen werden, dass sie bemerkbar sind. Mit dem Wissen, welche Foil-Karten er in seinem Deck spielt, kann ein Spieler auch hier Annahmen zur Identit\u00e4t einer gebogenen Karte treffen. Man sollte sich aber im Ged\u00e4chtnis behalten, dass nicht alle Foil-Karten markiert sind, und dass nicht jede gebogene Karte eine Foil-Karte ist. Um das klarzustellen: dass dein Deck ein bestimmtes Foil-Muster enth\u00e4lt (zum Beispiel alle L\u00e4nder), bedeutet nicht, dass das Deck markiert ist; die Markierungen entstehen durch die Biegungen (sofern es welche gibt).<\/em><\/div><\/li>\n<\/ul>\n<h2 style=\"text-align: justify;margin-top: 20px\">Philosophie<\/h2>\n<p style=\"text-align: justify;margin-bottom: 0px\">H\u00fcllen und Karten nutzen sich im Laufe eines Turniers ab und so lange ein Spieler nicht versucht, daraus einen Vorteil zu ziehen, reicht es meistens, den Sachverhalt anzusprechen. Beachte, dass fast alle H\u00fcllen auf irgendeine Weise als markiert betrachtet werden k\u00f6nnen. Dies sollten die Judges beim Bestimmen des Penaltys ber\u00fccksichtigen.<\/p>\n<div class=\"alert alert-info\" role=\"alert\"> <em>Turniere k\u00f6nnen lange dauern, und viele gro\u00dfe Turniere beinhalten \u00fcber 8 Stunden Spielzeit. Magic \u00fcber einen solchen Zeitraum zu spielen \u2013 insbesondere das Kartenmischen \u2013 f\u00fchrt zu gerissenen H\u00fcllen und zu Dellen, Abdr\u00fccken und sonstigen Abnutzungen. Solange die Markierungen eine Karte nicht identifizierbar machen, reicht es aus, auf das Problem aufmerksam zu machen, den Penalty zu geben und den Spieler die H\u00fcllen ersetzen zu lassen. Sei auf der Hut \u2013 wenn du lange genug suchst, kannst du auf allen H\u00fcllen au\u00dfer den allerneuesten Markierungen finden. Das bedeutetnicht, dasssiemarkiertsind.<\/em><\/div>\n<p style=\"text-align: justify;margin-bottom: 0px\">In F\u00e4llen von Marked Cards ist es wichtig die Spieler darauf hinzuweisen, vor dem Einh\u00fcllen die Karten und H\u00fcllen zu mischen.<\/p>\n<div class=\"alert alert-info\" role=\"alert\"> <em>Es ist immer wichtig zu erkl\u00e4ren, warum ein Spieler einen bestimmten Penalty bekommt; bei Tournament Error \u2013 Marked Cards musst du auch erkl\u00e4ren, wie zuk\u00fcnftige Probleme vermieden werden k\u00f6nnen. \u00dcblicherweise wissen die Spieler gar nicht, dass etwas nicht stimmt, bis du sie informierst.<\/em><\/p>\n<p><em>Au\u00dferdem gibt es einige Schritte, die Spieler beachten sollten, wenn sie ihre Decks einh\u00fcllen. Zum Beispiel sollten Spieler die H\u00fcllen und die Decks vor dem Einh\u00fcllen mischen, f\u00fcr den Fall, dass einige der H\u00fclle k\u00fcrzer sind als die anderen (das kann mit H\u00fcllen aus unterschiedlichen Packungen passieren, selbst wenn sie als identisch verkauft werden). Mischt der Spieler vorher die H\u00fcllen, kann es TE \u2013 Marked Cards geben und die H\u00fcllen m\u00fcssen getauscht werden, aber ein ernsthaftes Problem ist unwahrscheinlich. Werden die H\u00fcllen nicht gemischt, kann es passieren, dass das Deck in H\u00fcllen einer Gr\u00f6\u00dfe steckt und das Sideboard in H\u00fcllen anderer Gr\u00f6\u00dfe \u2013 ein viel gr\u00f6\u00dferes Problem (siehe unten).<\/em><\/div>\n<p>Dieses Vergehen betrifft nur die Karten im Deck eines Spielers. Unterschiedlich markierte H\u00fcllen im Sideboard sind nicht illegal, es sei denn sie werden ins Deck genommen, ohne ausgetauscht zu werden.<\/p>\n<p><span style=\"font-weight: 400\"><div class=\"alert alert-info\" role=\"alert\"> <em>Angenommen, das Deck eines Spielers ist eingeh\u00fcllt, aber nicht das Sideboard. Sind diese Sideboard-Karten markiert? Nat\u00fcrlich nicht! Diese zwei S\u00e4tze beschreiben die Grenze zwischen TE \u2013 Marked Cards und markierten Karten, und diese Grenze ist das Deck. Der Zustand von Sideboard-Karten ist egal, bis sie ins Main Deck gesteckt werden. W\u00e4hrend eines Deck Checks kannst du also markierte H\u00fcllen finden, die die Sideboard-Karten identifizierbar machen, aber solange sie nicht im Deck sind, ist das legal.<\/em><\/div> <\/span><\/p>\n<p>Judges sind dazu angehalten, die Spieler auf markierte Sideboard-Karten hinzuweisen, es sei denn sie f\u00fchren eine Untersuchung durch.<\/p>\n<p><span style=\"font-weight: 400\"><div class=\"alert alert-info\" role=\"alert\"> <em>Findest du w\u00e4hrend einesDeck Checks markierte Sideboard-Karten, mache bitte den Spieler darauf aufmerksam, dass er die H\u00fcllen mit Main Deck Karten tauschen sollte. Warte nicht stillschweigend ab, ob er diese Karten in sein Deck steckt, um dann einzugreifen und einen Penalty zu geben. Sag es ihm vorher. Eine Ausnahme wird f\u00fcr Untersuchungen gemacht. Untersuchst du einen Betrugsverdacht, kannst du dem Spieler nicht Bescheid geben, um weitere Informationen sammeln zu k\u00f6nnen.<\/div><\/em><\/span><\/p>\n<h2 style=\"text-align: justify\">Zus\u00e4tzliche Ma\u00dfnahmen<\/h2>\n<p style=\"text-align: justify;margin-bottom: 0px\">Der Spieler muss die markierten Karten oder H\u00fcllen durch unmarkierte ersetzen. Falls er keine H\u00fcllen benutzt, muss er H\u00fcllen verwenden, welche die Markierungen verdecken.<\/p>\n<div class=\"alert alert-info\" role=\"alert\"> <em>Falls die Karten oder H\u00fcllen eines Spielers markiert sind, m\u00fcssen diese Markierungen entfernt werden. Auf gro\u00dfen Turnieren wie einem Grand Prix findet man oft H\u00e4ndler, und kleinere Turniere wie Grand Prix Trials werden oft in L\u00e4den veranstaltet, wo neue H\u00fcllen preisg\u00fcnstig und schnell gekauft werden k\u00f6nnen. Geht es nur um einige wenige H\u00fcllen, enthalten Packungen oftmals ein paar Extrah\u00fcllen, oder der Spieler kann markierte H\u00fcllen mit nicht markierten H\u00fcllen aus seinem Sideboard tauschen. Das ist besonders wichtig, falls ein Spieler ohne H\u00fcllen spielt \u2013 durch die H\u00e4ufigkeit, mit der ein Magic-Deck gemischt wird, entstehen auf nicht eingeh\u00fcllten Karten sehr schnell Markierungen.<\/em><\/div>\n<p style=\"text-align: justify;margin-bottom: 0px\">Wurden die Karten durch das Spielen im Turnier markiert, kann der Head Judge dem Spieler eine Proxy erstellen.<\/p>\n<div class=\"alert alert-info\" role=\"alert\"> <em>Wenn jemand stolpert und Wasser \u00fcber das Deck eines Spielers kippt, wollen wir nicht, dass f\u00fcr diesen Spieler das Turnier endet, weil er nicht mehr mit seinen Karten spielen kann. Karten, die w\u00e4hrend des Turniers besch\u00e4digt oder stark abgenutzt werden \u2013 sowie fehlgedrucktes Limited Spielmaterial \u2013 k\u00f6nnen nach Ermessen des Head Judges durch Proxykarten ersetzt werden; siehe Abschnitt 3.4 der Magic-Turnierregeln.<\/em><\/div>\n<p style=\"text-align: justify;margin-bottom: 0px\">Kann der Spieler keinen Ersatz f\u00fcr die markierten Karten beschaffen, darf er die markierten Karten durch Standardl\u00e4nder ersetzen. Diese \u00c4nderung kann zu einem sp\u00e4teren Zeitpunkt r\u00fcckg\u00e4ngig gemacht werden, falls der Spieler Ersatz beschaffen kann.<\/p>\n<div class=\"alert alert-info\" role=\"alert\"> <em>Kann ein Spieler nicht mehr mit bestimmten Karten spielen (zum Beispiel sind vier Foil <a href=\"https:\/\/blogs.magicjudges.org\/rules\/wp-content\/plugins\/lems-mtg-helper\/lems-mtg-helper-cardfinder.php?find=Jagdmeister+vom+Kahlenberg&width=223&height=310\" class=\"jTip\" name=\"\">Jagdmeister vom Kahlenberg<\/a> gebogen und k\u00f6nnen nicht benutzt werden), darf der Spieler diese Karten durch andere Exemplare der Karten ersetzen, oder durch Standardl\u00e4nder. Entscheidet sich der Spieler, Ersatzkarten zu finden, bitte ihn sich zu beeilen und gib ihm 10 Minuten Zeit, bevor du einen TE \u2013 Tardiness Penalty gibst. Entscheidet sich der Spieler f\u00fcr Standardl\u00e4nder, sollte die Deckliste angepasst werden, damit der Spieler im weiteren Turnierverlauf keinen Deck\/Decklist Penalty bekommt.<\/em><\/div>\n<h5 style=\"width: 160px;text-align: center\"><div class=\"card\"><div class=\"card-header\">Heraufstufung<\/div><\/div><\/h5>\n<p style=\"text-align: justify;margin-bottom: 0px\">Wenn der Head Judge glaubt, dass der Besitzer des Decks beim Bemerken des Markierungsmusters einen Vorteil erlangen k\u00f6nnte, ist der Penalty ein Game Loss.<\/p>\n<div class=\"alert alert-info\" role=\"alert\"> <em>Damit die Markierungen einem bestimmten Muster folgen, braucht es mehr als nur die eine oder andere geknickte Ecke. Sind zum Beispiel die H\u00fcllen eines Spielers nicht vollst\u00e4ndig undurchsichtig, k\u00f6nnen doppelseitige Karten wie der Jagdmeister vom Kahlenberg anhand der R\u00fcckseite erkannt werden. Da alle Jagdmeister vom Kahlenberg dieses Spielers auf diese Weise markiert sind, kann die Heraufstufung angewandt werden. Andere Beispiele sind 11 Karten mit Markierungen in einer Ecke, darunter 10 L\u00e4nder; alle Reanimationsziele im Deck sind leicht gebogen; in der zweiten Partie eines Matches sind Sideboard-Karten im Deck, die deutlich weniger abgenutzt sind.<\/em><\/div>\n","protected":false},"excerpt":{"rendered":"<p>Definition Die Karten im Deck eines Spielers sind in einer Weise markiert oder ausgerichtet, dass sie dem Spieler potentiell einen Vorteil verschaffen k\u00f6nnten. Beispiele A. Ein Spieler hat kleinere Markierungen auf seinen H\u00fcllen. Die Markierungen sind auf einem , einem und einer . B. Eine Spielerin spielt ohne H\u00fcllen und hat einige Foil-Karten im Deck, [&hellip;]<\/p>\n","protected":false},"author":137,"featured_media":0,"parent":0,"menu_order":0,"comment_status":"closed","ping_status":"closed","template":"page_width-index.php","meta":{"footnotes":"","_links_to":"","_links_to_target":""},"language":[12],"class_list":["post-4864","page","type-page","status-publish","hentry","language-de"],"_links":{"self":[{"href":"https:\/\/blogs.magicjudges.org\/rules\/wp-json\/wp\/v2\/pages\/4864","targetHints":{"allow":["GET"]}}],"collection":[{"href":"https:\/\/blogs.magicjudges.org\/rules\/wp-json\/wp\/v2\/pages"}],"about":[{"href":"https:\/\/blogs.magicjudges.org\/rules\/wp-json\/wp\/v2\/types\/page"}],"author":[{"embeddable":true,"href":"https:\/\/blogs.magicjudges.org\/rules\/wp-json\/wp\/v2\/users\/137"}],"replies":[{"embeddable":true,"href":"https:\/\/blogs.magicjudges.org\/rules\/wp-json\/wp\/v2\/comments?post=4864"}],"version-history":[{"count":5,"href":"https:\/\/blogs.magicjudges.org\/rules\/wp-json\/wp\/v2\/pages\/4864\/revisions"}],"predecessor-version":[{"id":5441,"href":"https:\/\/blogs.magicjudges.org\/rules\/wp-json\/wp\/v2\/pages\/4864\/revisions\/5441"}],"wp:attachment":[{"href":"https:\/\/blogs.magicjudges.org\/rules\/wp-json\/wp\/v2\/media?parent=4864"}],"wp:term":[{"taxonomy":"language","embeddable":true,"href":"https:\/\/blogs.magicjudges.org\/rules\/wp-json\/wp\/v2\/language?post=4864"}],"curies":[{"name":"wp","href":"https:\/\/api.w.org\/{rel}","templated":true}]}}