{"id":4868,"date":"2016-09-02T22:19:08","date_gmt":"2016-09-02T19:19:08","guid":{"rendered":"http:\/\/blogs.magicjudges.org\/rules\/?page_id=4868"},"modified":"2016-11-08T09:44:04","modified_gmt":"2016-11-08T06:44:04","slug":"ipg4-1-de","status":"publish","type":"page","link":"https:\/\/blogs.magicjudges.org\/rules\/ipg4-1-de\/","title":{"rendered":"IPG 4.1 Unsportliches Verhalten \u2014 Geringf\u00fcgige Unsportlichkeit"},"content":{"rendered":"<div style=\"padding-right: 20px;float: left;width: 80%;margin-top: 0px\">\n<h2>Definition<\/h2>\n<p>Ein Spieler begeht eine Handlung, die sich st\u00f6rend auf das Turnier oder seine Teilnehmer auswirkt.<\/p>\n<\/div>\n<div style=\"float: right;width: 20%;margin-top: 0px;margin-bottom: -20px;text-align: center\">\n<div class=\"alert alert-warning\" role=\"alert\"> <\/p>\n<p style=\"text-align: center;margin-top: 10px;margin-left: -10px\"><strong>Penalty<\/strong><\/p>\n<p style=\"text-align: center;margin-bottom: 10px;margin-left: -12px\">Warning<\/p>\n<p><\/div>\n<\/div>\n<br style=\"clear: both; height: 1px; margin: -1px 0pt 0pt; overflow: hidden;\">\n<p style=\"margin-top: -5px\"><div class=\"alert alert-info\" role=\"alert\"> <em>Handlungen k\u00f6nnen auf vielf\u00e4ltige Weise \u201est\u00f6rend\u201c sein. Wir k\u00f6nnen keine vollst\u00e4ndige Liste aller st\u00f6renden Handlungen anfertigen, weil jeder Ort auf der Welt, an dem Magic gespielt wird, seine eigenen Regeln f\u00fcr das \u00f6ffentliche Leben hat. Beachte, dass von \u201est\u00f6rend\u201c gesprochen wird, und nicht von \u201ebeleidigend\u201c, obwohl beleidigende \u00c4u\u00dferungen eigentlich immer st\u00f6rend sind. Der IPG unternimmt nicht den Versuch festzustellen, ob ein Spieler \u201ebeleidigt\u201c wurde, weil dies zu inkonsistenten Entscheidungen f\u00fchrt und Spielern die M\u00f6glichkeit er\u00f6ffnet, das System auszutricksen, indem sie vorgeben, beleidigter zu sein, als sie es tats\u00e4chlich sind.<\/em><\/p>\n<p><em>Der IPG wird bei allen Problemen dieses Typs auf die gleiche Weise angewendet, aber jeder Judge muss auf Grundlage seiner eigenen Erfahrungen und seines Urteilverm\u00f6gens entscheiden, was akzeptabel ist und was nicht.<\/em><\/p>\n<p><em>Spieler sind daf\u00fcr verantwortlich, die angenehme Atmosph\u00e4re eines Turniers zu erhalten; als Judges m\u00fcssen wir Spieler \u00fcber diese Pflicht aufkl\u00e4ren. Wenn Magic ein Spiel sein soll, bei dem alle Beteiligten Spa\u00df haben, m\u00fcssen wir Verhaltensweisen unterbinden, die dieses Ziel gef\u00e4hrden. Unsere Aufgabe ist es, Spielern beizubringen, sich respektvoll zu verhalten und deutlich zu machen, dass bestimmte Verhaltensweisen inakzeptabel sind. Dieser Versto\u00df mag \u201egeringf\u00fcgig\u201c im Namen tragen, aber es ist nichtsdestoweniger ein offizieller Versto\u00df und verf\u00fcgt \u00fcber eine potentielle Heraufstufung. \u201eGeringf\u00fcgig\u201c soll nicht bedeuten, dass solche Probleme nicht ernst genommen werden.<\/em><\/p>\n<p><em>Ein Spieler, der die direkte Anweisung eines Judge nicht befolgt, verh\u00e4lt sich ebenfalls st\u00f6rend f\u00fcr das Turnier oder f\u00fcr den Judge selbst. Wenn ein Judge einen Spieler anweist, etwas zu tun, geschieht dies zum Wohle des Turniers oder zur Durchsetzung einer bestimmten Richtlinie oder Turnierregel. Wir geben Anweisungen nicht aus Spa\u00df, oder um unsere Autorit\u00e4t zu demonstrieren. Vergiss dabei nicht, dass es Grenzen gibt, welche Anweisungen wir einem Spieler geben k\u00f6nnen. Wir sagen einem Spieler nicht, dass er sich f\u00fcr 20 Minuten in den Regen stellen soll, aber wir sagen ihm, dass er aufh\u00f6ren soll, sein Deck auf seinem Scho\u00df zu mischen.<\/em><\/p>\n<p><em>Schlussendlich, falls das st\u00f6rende Verhalten weder <a href=\"http:\/\/blogs.magicjudges.org\/rules\/ipg4-2-de\/\">Unsporting Conduct \u2014 Major<\/a> noch <a href=\"http:\/\/blogs.magicjudges.org\/rules\/ipg4-5-de\/\">Aggressive Behavior<\/a>,\u00a0ist es Unsporting Conduct \u2014 Minor.<\/em><\/div><\/p>\n<p style=\"text-align: justify;margin-bottom: 0px\">Sie k\u00f6nnte f\u00fcr Umstehende unangenehm sein. Dies ist jedoch kein notwendiges Kriterium daf\u00fcr.<\/p>\n<div class=\"alert alert-info\" role=\"alert\"> <em>Dieser Satz steht im IPG, weil Judges nicht alle anwesenden Personen pers\u00f6nlich kennen k\u00f6nnen; es ist nicht wichtig herauszufinden, ob tats\u00e4chlich eine Person anwesend ist, die sich durch das st\u00f6rende Verhalten gest\u00f6rt f\u00fchlt, um diesen Versto\u00df anzuwenden, und wir m\u00fcssen nicht nach einer solchen Person suchen. Der umgekehrte Fall gilt ebenfalls. Manche Menschen f\u00fchlen sich durch Sachen gest\u00f6rt, die weit unter der Schwelle f\u00fcr dieses Vergehen liegen. Zum Beispiel kann ein Spieler in einem Sealed Turnier \u00fcber das unver\u00e4nderte Bild von <a href=\"https:\/\/blogs.magicjudges.org\/rules\/wp-content\/plugins\/lems-mtg-helper\/lems-mtg-helper-cardfinder.php?find=Sieg+der+Wildheit&width=223&height=310\" class=\"jTip\" name=\"\">Sieg der Wildheit<\/a> ver\u00e4rgert sein; das bedeutet nicht, dass der Spieler, der die Karte benutzt, ein Warning erh\u00e4lt oder die Karte austauschen muss.<\/em><\/div>\n<h2 style=\"text-align: justify\">Beispiele<\/h2>\n<ul class=\"list-group\" style=\"text-align: justify;margin-left: 0px;margin-bottom: 5px\">\n<li class=\"list-group-item\"><strong>A.<\/strong> Ein Spieler benutzt \u00fcberm\u00e4\u00dfig vulg\u00e4re und obsz\u00f6ne Ausdr\u00fccke.<\/li>\n<li class=\"list-group-item\"><strong>B.<\/strong> Eine Spielerin verlangt unangebrachter Weise von einem Judge, dass ihre Gegnerin einen Penalty erh\u00e4lt.<\/li>\n<li class=\"list-group-item\"><strong>C.<\/strong> Ein Spieler verlangt eine Entscheidung des Head Judges ohne die Entscheidung des Floor Judges abzuwarten.<\/li>\n<li class=\"list-group-item\"><strong>D.<\/strong> Eine Spielerin wirft ihr Deck auf den Boden, nachdem sie eine Partie verloren hat.<\/li>\n<li class=\"list-group-item\"><strong>E.<\/strong> Ein Spieler hinterl\u00e4sst beim Verlassen des Tisches \u00fcberm\u00e4\u00dfig viel M\u00fcll im Spielbereich.<\/li>\n<li class=\"list-group-item\"><strong>F.<\/strong> Eine Spielerin missachtet die Anweisung eines Turnier-Offiziellen, wie zum Beispiel die Aufforderung den Spielbereich zu verlassen.<\/li>\n<\/ul>\n<div class=\"alert alert-info\" role=\"alert\"> <em>Diese Beispiele geben einen \u00dcberblick dar\u00fcber, welche Verhaltensweisen inakzeptabel sind. Denke aber daran, dass es eine Grauzone zwischen USC \u2013 Minor und normalem wettbewerbsorientierten Verhalten gibt und sich \u00f6rtliche Br\u00e4uche und Verhaltensstandards stark voneinander unterscheiden k\u00f6nnen. Hinzu kommt, wie in <a href=\"http:\/\/blogs.magicjudges.org\/rules\/ipg4-de\/\">Abschnitt 4.0<\/a> beschrieben, dass ein Mangel an Sportsgeist nicht das gleiche ist wie unsportliches Verhalten. Es gibt eine Vielfalt von Verhaltensweisen, die nicht besonders sportlich sind, aber noch nicht zu diesem Vergehen geh\u00f6ren. Zum Beispiel ist es nicht USC \u2013 Minor, einem Gegner nach dem Match den Handschlag zu verweigern. Wenn du eine Situation im Hinblick auf USC \u2013 Minor evaluierst, solltest du dich zur\u00fcck auf die Definition besinnen: war die Handlung des Spielers st\u00f6rend?<\/em><\/div>\n<h2 style=\"text-align: justify\">Philosophie<\/h2>\n<p style=\"text-align: justify;margin-bottom: 0px\">Alle Teilnehmer sollen eine sichere und angenehme Umgebung bei einem Turnier erwarten k\u00f6nnen. Ein Spieler muss darauf aufmerksam gemacht werden, wenn sein Verhalten inakzeptabel ist, damit eine solche Umgebung erhalten bleibt.<\/p>\n<div class=\"alert alert-info\" role=\"alert\"> <em>Leider verf\u00fcgt nicht jede Person auf einem Turnier \u00fcber das n\u00f6tige Ma\u00df an Respekt und H\u00f6flichkeit. Judges zeigen durch ihr Eingreifen und die Vergabe von Penaltys, dass ein bestimmtes Verhalten nicht akzeptabel ist. Bei der Vergabe des Penaltys ist es wichtig, das korrekte Verhalten zu erkl\u00e4ren. Aufkl\u00e4rung ist der wichtigste Faktor. Das Warning soll die Lektion unterstreichen und dient als Dokumentation f\u00fcr den Fall, dass der Penalty heraufgestuft werden muss.<\/em><\/p>\n<p><em>Das Tragen von st\u00f6render Kleidung f\u00e4llt normalerweise nicht unter diesen Versto\u00df. Das Tragen von Kleidung ist eine passive Handlung und ein Versto\u00df sollte nur in den extremsten aller F\u00e4lle erwogen werden. USC \u2013 Minor gilt entweder f\u00fcr spezifische Handlungen oder das Nichtausf\u00fchren von spezifischen Handlungen. Wenn ein Kleidungsst\u00fcck als st\u00f6rend eingestuft wird, solltest du den Spieler einfach bitten, es auszuziehen\/etwas \u00fcberzuziehen\/es auf links zu drehen, aber keinen Penalty geben. Gib den Versto\u00df nur, falls er sich nicht an deine Anweisung h\u00e4lt.<\/em><\/p>\n<p><em>Was direkte Anweisungen angeht, haben Judges ein hohes Ma\u00df an Autorit\u00e4t. Wenn ein Judge einem Spieler eine direkte Anweisung gibt, verschafft ihm dieses Vergehen die n\u00f6tigen Mittel um seine Anweisung durchzusetzen. Das soll nicht hei\u00dfen, dass Judges diese Autorit\u00e4t missbrauchen d\u00fcrfen; wenn ein Judge eine direkte Anweisung gibt, muss sie zum Wohle des Turniers sein.<\/em><\/div>\n<h2 style=\"text-align: justify\">Zus\u00e4tzliche Ma\u00dfnahmen<\/h2>\n<p style=\"text-align: justify;margin-bottom: 0px\">Der Spieler muss sein Verhalten umgehend \u00e4ndern.<\/p>\n<div class=\"alert alert-info\" role=\"alert\"> <em>Ein Spieler, der unsportliches Verhalten zeigt, muss dar\u00fcber aufgekl\u00e4rt werden, dass sein Verhalten inakzeptabel ist. Unabh\u00e4ngig davon, ob der Spieler versteht, auf welche Weise sein Verhalten inakzeptabel ist, wird erwartet, dass er damit aufh\u00f6rt.<\/em><\/div>\n<p style=\"text-align: justify;margin-bottom: 0px\">Bei wiederholtem Unsporting Conduct \u2014 Minor, auch f\u00fcr verschiedenartige Vergehen, wird der Penalty auf Game Loss heraufgestuft.<\/p>\n<div class=\"alert alert-info\" role=\"alert\"> <em>Weitere USC \u2013 Minor Vergehen werden mit einem Game Loss bestraft. Dadurch soll bewusstgemacht werden, wie wichtig die Erhaltung einer offenen und angenehmen Umgebung ist.<\/em><\/p>\n<p><em>Beachte, dass dieser Versto\u00df auch heraufgestuft wird, wenn der zweite Versto\u00df nichts mit dem ersten zu tun hat. Dies ist auch f\u00fcr direkte Anweisungen relevant. Gibt ein Judge einem Spieler die direkte Anweisung, eine Handlung zu unterlassen, und der Spieler f\u00fchrt diese Handlung trotzdem aus, erh\u00e4lt der Spieler ein Warning f\u00fcr USC \u2013 Minor. F\u00e4hrt er nach dem ersten Versto\u00df damit fort, ist die Konsequenz ein Game Loss.<\/em><\/div>\n<p style=\"text-align: justify;margin-bottom: 0px\">Wird ein Game Loss wegen wiederholter Vergehen erst am Ende einer Partie ausgesprochen, so kann der Judge diesen Penalty stattdessen auf die n\u00e4chste Partie anwenden.<\/p>\n<div class=\"alert alert-info\" role=\"alert\"> <em>Der Grund f\u00fcr diese Abweichung ist simpel. Im Gegensatz zu den meisten anderen Verst\u00f6\u00dfen kann ein Spieler USC \u2013 Minor begehen, nachdem ein Match bereits beendet ist, aber bevor die Spieler den Tisch verlassen. Falls ein Spieler sein Match bereits durch den normalen Spielverlauf verloren hat und noch in derselben Runde USC \u2013 Minor begeht, hat ein sofort angewandtes Game Loss vielleicht nicht die beabsichtigte Wirkung auf den Spieler und wird vermutlich nicht helfen, ihm die Konsequenzen seines Handelns deutlich zu machen.<\/em><\/p>\n<p><em><a href=\"http:\/\/www.wizards.com\/magic\/magazine\/article.aspx?x=judge\/article\/20090810a\">Der folgende Artikel<\/a> enth\u00e4lt mehr Informationen zu Unsporting Conduct.<\/em><\/div>\n","protected":false},"excerpt":{"rendered":"<p>Definition Ein Spieler begeht eine Handlung, die sich st\u00f6rend auf das Turnier oder seine Teilnehmer auswirkt. Sie k\u00f6nnte f\u00fcr Umstehende unangenehm sein. Dies ist jedoch kein notwendiges Kriterium daf\u00fcr. Beispiele A. Ein Spieler benutzt \u00fcberm\u00e4\u00dfig vulg\u00e4re und obsz\u00f6ne Ausdr\u00fccke. B. Eine Spielerin verlangt unangebrachter Weise von einem Judge, dass ihre Gegnerin einen Penalty erh\u00e4lt. C. [&hellip;]<\/p>\n","protected":false},"author":137,"featured_media":0,"parent":0,"menu_order":0,"comment_status":"closed","ping_status":"closed","template":"page_width-index.php","meta":{"footnotes":"","_links_to":"","_links_to_target":""},"language":[12],"class_list":["post-4868","page","type-page","status-publish","hentry","language-de"],"_links":{"self":[{"href":"https:\/\/blogs.magicjudges.org\/rules\/wp-json\/wp\/v2\/pages\/4868","targetHints":{"allow":["GET"]}}],"collection":[{"href":"https:\/\/blogs.magicjudges.org\/rules\/wp-json\/wp\/v2\/pages"}],"about":[{"href":"https:\/\/blogs.magicjudges.org\/rules\/wp-json\/wp\/v2\/types\/page"}],"author":[{"embeddable":true,"href":"https:\/\/blogs.magicjudges.org\/rules\/wp-json\/wp\/v2\/users\/137"}],"replies":[{"embeddable":true,"href":"https:\/\/blogs.magicjudges.org\/rules\/wp-json\/wp\/v2\/comments?post=4868"}],"version-history":[{"count":6,"href":"https:\/\/blogs.magicjudges.org\/rules\/wp-json\/wp\/v2\/pages\/4868\/revisions"}],"predecessor-version":[{"id":5445,"href":"https:\/\/blogs.magicjudges.org\/rules\/wp-json\/wp\/v2\/pages\/4868\/revisions\/5445"}],"wp:attachment":[{"href":"https:\/\/blogs.magicjudges.org\/rules\/wp-json\/wp\/v2\/media?parent=4868"}],"wp:term":[{"taxonomy":"language","embeddable":true,"href":"https:\/\/blogs.magicjudges.org\/rules\/wp-json\/wp\/v2\/language?post=4868"}],"curies":[{"name":"wp","href":"https:\/\/api.w.org\/{rel}","templated":true}]}}