{"id":4876,"date":"2016-09-02T22:20:07","date_gmt":"2016-09-02T19:20:07","guid":{"rendered":"http:\/\/blogs.magicjudges.org\/rules\/?page_id=4876"},"modified":"2016-11-08T10:20:08","modified_gmt":"2016-11-08T07:20:08","slug":"ipg4-5-de","status":"publish","type":"page","link":"https:\/\/blogs.magicjudges.org\/rules\/ipg4-5-de\/","title":{"rendered":"IPG 4.5 Unsportliches Verhalten \u2014 Aggressives Verhalten"},"content":{"rendered":"<div style=\"padding-right: 20px;float: left;width: 80%;margin-top: 0px\">\n<h2>Definition<\/h2>\n<p>Ein Spieler verh\u00e4lt sich auf bedrohliche Art gegen\u00fcber anderen oder deren Eigentum.<\/p>\n<\/div>\n<div style=\"float: right;width: 20%;margin-top: 0px;margin-bottom: -20px;text-align: center\"><div class=\"alert alert-warning\" role=\"alert\"> <\/p>\n<p style=\"text-align: center;margin-top: 10px;margin-left: -10px\"><strong>Penalty<\/strong><\/p>\n<p style=\"text-align: center;margin-bottom: 10px;margin-left: -12px\">Disqualifikation<\/p>\n<p><\/div><\/p>\n<\/div>\n<br style=\"clear: both; height: 1px; margin: -1px 0pt 0pt; overflow: hidden;\">\n<p style=\"margin-top: px\"><div class=\"alert alert-info\" role=\"alert\"> <em>Unsporting Conduct \u2014 Aggressive Behavior ist ziemlich eindeutig. Im Gegensatz zu USC \u2013 <a href=\"http:\/\/blogs.magicjudges.org\/rules\/ipg4-1-de\/\">Minor<\/a> und <a href=\"http:\/\/blogs.magicjudges.org\/rules\/ipg4-2-de\/\">Major<\/a>, die wir unter anderem f\u00fcr st\u00f6rendes Verhalten oder verbale Beleidigungen geben, basiert Aggressive Behavior auf physischen Handlungen oder Aussagen, die eine solche Handlung suggerieren.<\/em><\/div><\/p>\n<h2 style=\"text-align: justify\">Beispiele<\/h2>\n<ul class=\"list-group\" style=\"text-align: justify;margin-left: 0px;margin-bottom: 5px\">\n<li class=\"list-group-item\"><strong>A.<\/strong> Ein Spieler droht einem anderen Spieler mit Schl\u00e4gen, falls dieser nicht aufgibt.<\/li>\n<li class=\"list-group-item\"><strong>B.<\/strong> Eine Spielerin zieht den Stuhl unter einer anderen Spielerin weg, sodass diese auf den Boden f\u00e4llt.<\/li>\n<li class=\"list-group-item\"><strong>C.<\/strong> Ein Spieler bedroht einen Judge, nachdem dieser eine Entscheidung gef\u00e4llt hat.<\/li>\n<li class=\"list-group-item\"><strong>D.<\/strong> Eine Spielerin zerrei\u00dft eine Karte einer anderen Spielerin.<\/li>\n<li class=\"list-group-item\"><strong>E.<\/strong> Ein Spieler wirft absichtlich einen Tisch um.<\/li>\n<\/ul>\n<div class=\"alert alert-info\" role=\"alert\"> <em>Diese Beispiele machen klar, was alles USC \u2013 Aggressive Behavior sein kann. Darunter fallen auch subtile Androhungen wie \u201eWenn du heute Nacht gehst, werde ich drau\u00dfen auf dich warten\u201c. Die genauen Worte sind nicht so entscheidend \u2013 du erkennst eine Drohung, wenn du sie siehst. Es ist auch wichtig hervorzuheben, dass es sich vermutlich nicht um USC \u2013 Aggressive Behavior handelt, falls ein Spieler sein eigenes Eigentum besch\u00e4digt, sondern um <a href=\"http:\/\/blogs.magicjudges.org\/rules\/ipg4-1-de\/\">USC &#8211; Minor<\/a> \u2014 es sei denn, er tut es auf eine Art und Weise, die eine Drohung beinhaltet.<\/em><\/div>\n<h2 style=\"text-align: justify\">Philosophie<\/h2>\n<p style=\"text-align: justify;margin-bottom: 0px\">Die Sicherheit aller Besucher eines Turniers ist von vorrangiger Wichtigkeit. K\u00f6rperliche Gewalt und Einsch\u00fcchterungsversuche werden nicht toleriert.<\/p>\n<div class=\"alert alert-info\" role=\"alert\"> <em>Dass wir dieses Vergehen mit einer Disqualifikation ahnden, liegt daran, dass sich jede Person auf einem Turnier sicher f\u00fchlen sollte; jemandem zu erlauben, nach solch einem Verhalten weiter am Turnier teilzunehmen, w\u00fcrde andere Spieler davon abschrecken, jemals wieder an einem Turnier teilnehmen zu wollen.<\/em><\/div>\n<h2 style=\"text-align: justify\">Zus\u00e4tzliche Ma\u00dfnahmen<\/h2>\n<p style=\"text-align: justify;margin-bottom: 0px\">Der T\u00e4ter sollte vom Turnier-Organisator aufgefordert werden, den Veranstaltungsort zu verlassen.<\/p>\n<div class=\"alert alert-info\" role=\"alert\"> <em>Deine Priorit\u00e4t sollte sein, die Situation zu entsch\u00e4rfen. Wie du das am besten anstellst, kommt auf die Situation an. Du bist aber kein Polizist und nicht verpflichtet, physisch einzugreifen. F\u00fcr einen Spieler, der diesen Versto\u00df begeht, ist das Turnier vorbei; er wird disqualifiziert. Bitte den Spieler, eine Aussage f\u00fcr das <a href=\"http:\/\/blogs.magicjudges.org\/o\/spheres\/investigations-committee\/\">Untersuchungskomitee<\/a> zu schreiben, falls er m\u00f6chte, und vergiss nicht, selbst eine zu schreiben. Es wird auch empfohlen, dass der Turnier-Organisator den Spieler so schnell wie m\u00f6glich bittet, den Veranstaltungsort zu verlassen. Diese Entscheidung liegt aber beim Turnier-Organisator. Wir k\u00f6nnen ihn bei seiner Entscheidung unterst\u00fctzen, aber unsere Autorit\u00e4t reicht nicht \u00fcber das Turnier hinaus. Sobald ein Spieler nicht mehr am Turnier beteiligt ist, sollten wir uns in unserer Rolle als Judges nicht mehr um ihn k\u00fcmmern m\u00fcssen.<\/em><\/div>\n","protected":false},"excerpt":{"rendered":"<p>Definition Ein Spieler verh\u00e4lt sich auf bedrohliche Art gegen\u00fcber anderen oder deren Eigentum. Beispiele A. Ein Spieler droht einem anderen Spieler mit Schl\u00e4gen, falls dieser nicht aufgibt. B. Eine Spielerin zieht den Stuhl unter einer anderen Spielerin weg, sodass diese auf den Boden f\u00e4llt. C. Ein Spieler bedroht einen Judge, nachdem dieser eine Entscheidung gef\u00e4llt [&hellip;]<\/p>\n","protected":false},"author":137,"featured_media":0,"parent":0,"menu_order":0,"comment_status":"closed","ping_status":"closed","template":"page_width-index.php","meta":{"footnotes":"","_links_to":"","_links_to_target":""},"language":[12],"class_list":["post-4876","page","type-page","status-publish","hentry","language-de"],"_links":{"self":[{"href":"https:\/\/blogs.magicjudges.org\/rules\/wp-json\/wp\/v2\/pages\/4876","targetHints":{"allow":["GET"]}}],"collection":[{"href":"https:\/\/blogs.magicjudges.org\/rules\/wp-json\/wp\/v2\/pages"}],"about":[{"href":"https:\/\/blogs.magicjudges.org\/rules\/wp-json\/wp\/v2\/types\/page"}],"author":[{"embeddable":true,"href":"https:\/\/blogs.magicjudges.org\/rules\/wp-json\/wp\/v2\/users\/137"}],"replies":[{"embeddable":true,"href":"https:\/\/blogs.magicjudges.org\/rules\/wp-json\/wp\/v2\/comments?post=4876"}],"version-history":[{"count":4,"href":"https:\/\/blogs.magicjudges.org\/rules\/wp-json\/wp\/v2\/pages\/4876\/revisions"}],"predecessor-version":[{"id":5449,"href":"https:\/\/blogs.magicjudges.org\/rules\/wp-json\/wp\/v2\/pages\/4876\/revisions\/5449"}],"wp:attachment":[{"href":"https:\/\/blogs.magicjudges.org\/rules\/wp-json\/wp\/v2\/media?parent=4876"}],"wp:term":[{"taxonomy":"language","embeddable":true,"href":"https:\/\/blogs.magicjudges.org\/rules\/wp-json\/wp\/v2\/language?post=4876"}],"curies":[{"name":"wp","href":"https:\/\/api.w.org\/{rel}","templated":true}]}}