{"id":4884,"date":"2016-09-02T22:22:40","date_gmt":"2016-09-02T19:22:40","guid":{"rendered":"http:\/\/blogs.magicjudges.org\/rules\/?page_id=4884"},"modified":"2016-11-07T10:43:36","modified_gmt":"2016-11-07T07:43:36","slug":"ipg-appendix-b-de","status":"publish","type":"page","link":"https:\/\/blogs.magicjudges.org\/rules\/ipg-appendix-b-de\/","title":{"rendered":"IPG Anhang B \u2014 \u00c4nderungen gegen\u00fcber fr\u00fcheren Versionen"},"content":{"rendered":"<p><strong>30. September 2016<\/strong><\/p>\n<p><a href=\"http:\/\/blogs.magicjudges.org\/rules\/ipg2-1-de\/\"><strong>2.1<\/strong><\/a> : Bei ausgel\u00f6sten F\u00e4higkeiten mit Standardoption entscheidet der Gegner, ob diese verrechnet wird.<br \/>\n<a href=\"http:\/\/blogs.magicjudges.org\/rules\/ipg2-1-de\/\"><strong>2.1<\/strong><\/a> : Wenn du meinen Zug kontrolliert, bist du verantwortlich f\u00fcr meine ausgel\u00f6sten F\u00e4higkeiten.<br \/>\n<a href=\"http:\/\/blogs.magicjudges.org\/rules\/ipg2-3-de\/\"><strong>2.3<\/strong><\/a> : Beispiel umgeschrieben um die Auswahl eines Satzes Karten deutlicher zu machen.<br \/>\n<a href=\"http:\/\/blogs.magicjudges.org\/rules\/ipg2-3-de\/\"><strong>2.3<\/strong><\/a> : Karten, die in die Bibliothek zur\u00fcckgelegt werden, k\u00f6nnen auf die Bibliothek gelegt werden, falls sie dem Besitzer vorher bekannt waren.<br \/>\n<a href=\"http:\/\/blogs.magicjudges.org\/rules\/ipg3-5-de\/\"><strong>3.5<\/strong><\/a> : Das Herunterstufen ist nicht optional. Klarstellungen wo die Linie f\u00fcr ein Herunterstufen verl\u00e4uft.<br \/>\n<a href=\"http:\/\/blogs.magicjudges.org\/rules\/ipg4-8-de\/\"><strong>4.8<\/strong><\/a> : Beispiel A zur Klarstellung umgeschrieben.<\/p>\n<p><strong>22. Juli 2016<\/strong><\/p>\n<p><a href=\"http:\/\/blogs.magicjudges.org\/rules\/ipg1-2-de\/\"><strong>1.2<\/strong><\/a> : Die Anweisung zum Hinzuf\u00fcgen von Personen zur Vergabe von Penaltys von 4. hierher verschoben.<br \/>\n<a href=\"http:\/\/blogs.magicjudges.org\/rules\/ipg2-1-de\/\"><strong>2.1<\/strong><\/a> : Verz\u00f6gert-ausgel\u00f6ste F\u00e4higkeiten, welche die Zone \u00e4ndern m\u00fcssen die Objekte vorher bestimmten.<br \/>\n<a href=\"http:\/\/blogs.magicjudges.org\/rules\/ipg2-4-de\/\"><strong>2.4<\/strong><\/a> : Zu viele Karten \u201ehellsichten\u201c w\u00e4hrend des Mulligan z\u00e4hlt als Hidden Card Error.<br \/>\n<a href=\"http:\/\/blogs.magicjudges.org\/rules\/ipg2-5-de\/\"><strong>2.5<\/strong><\/a> : Der korrekte Begriff f\u00fcr die \u201eConga-Reihe des Todes\u201c.<br \/>\n<a href=\"http:\/\/blogs.magicjudges.org\/rules\/ipg3-1-de\/\"><strong>3.1<\/strong><\/a> : Detailliertere Beschreibung zur Behandlung von Spielern, die um Zeit bitten.<br \/>\n<a href=\"http:\/\/blogs.magicjudges.org\/rules\/ipg3-5-de\/\"><strong>3.5<\/strong><\/a> : Allgemeine \u00dcberarbeitung. Explizite Erw\u00e4hnung des Sideboard wenn notwendig.<br \/>\n<a href=\"http:\/\/blogs.magicjudges.org\/rules\/ipg3-5-de\/\"><strong>3.5<\/strong><\/a> : Akzeptable Karten im Sideboard in die Definition verschoben.<br \/>\n<a href=\"http:\/\/blogs.magicjudges.org\/rules\/ipg3-5-de\/\"><strong>3.5<\/strong><\/a> : \u201eOffensichtlich nicht Teil des Decks\u201c umformuliert und explizit definiert. BEACHTE: Gilt nicht f\u00fcr Sideboards.<br \/>\n<a href=\"http:\/\/blogs.magicjudges.org\/rules\/ipg3-5-de\/\"><strong>3.5<\/strong><\/a> : Beispiel E entfernt, (Sideboard und Deck werden vermischt), weil dies jetzt Hidden Card Error ist.<br \/>\n<a href=\"http:\/\/blogs.magicjudges.org\/rules\/ipg3-8-de\/\"><strong>3.8<\/strong><\/a> : Erinnerung, dass Sideboard-Karten nicht als markiert betrachtet werden.<br \/>\n<a href=\"http:\/\/blogs.magicjudges.org\/rules\/ipg4-de\/\"><strong>4<\/strong><\/a> : Anweisungen zum Hinzuf\u00fcgen von Personen zur Vergabe von Penaltys zu 1.2.<br \/>\n<a href=\"http:\/\/blogs.magicjudges.org\/rules\/ipg4-6-de\/\"><strong>4.6<\/strong><\/a> : Beispiel A entfernt, weil dies beim neuen Verfahren zur Registration unwahrscheinlich ist.<\/p>\n<p><strong>08. April 2016<\/strong><\/p>\n<p><strong><a href=\"http:\/\/blogs.magicjudges.org\/rules\/ipg1-4-de\/\">1.4<\/a><\/strong> : Einfaches Zur\u00fcckdrehen beinhaltet keine zuf\u00e4lligen Elemente.<br \/>\n<strong><a href=\"http:\/\/blogs.magicjudges.org\/rules\/ipg2-1-de\/\">2.1<\/a><\/strong> : Das Best\u00e4tigen ausgel\u00f6ster F\u00e4higkeiten ben\u00f6tigt die Kennzeichnung der spezifischen ausgel\u00f6sten F\u00e4higkeit.<br \/>\n<strong><a href=\"http:\/\/blogs.magicjudges.org\/rules\/ipg2-1-de\/\">2.1<\/a><\/strong> : Eine \u201aKann\u2018-F\u00e4higkeit ohne sichtbaren Effekt gilt als benutzt, falls sie angesagt wurde.<br \/>\n<strong><a href=\"http:\/\/blogs.magicjudges.org\/rules\/ipg2-2-de\/\">2.2<\/a><\/strong> : Bereinigt um Looking at Extra Cards und Hidden Card Error deutlicher abzugrenzen.<br \/>\n<strong><a href=\"http:\/\/blogs.magicjudges.org\/rules\/ipg2-3-de\/\">2.3<\/a><\/strong> : Vergehen \u00fcberarbeitet. \u00c4hnliche Philosophie, aber saubrere Behandlung von Grenzf\u00e4llen.<br \/>\n<strong><a href=\"http:\/\/blogs.magicjudges.org\/rules\/ipg2-4-de\/\">2.4<\/a><\/strong> : Neues Vergehen um Mulligan-Fehler zu behandeln (wurde mit HCE zusammengef\u00fchrt).<br \/>\n<strong><a href=\"http:\/\/blogs.magicjudges.org\/rules\/ipg2-5-de\/\">2.5<\/a><\/strong> : Teilkorrekturen gelten nur, falls diese vollst\u00e4ndig zutreffen.<br \/>\n<strong><a href=\"http:\/\/blogs.magicjudges.org\/rules\/ipg2-5-de\/\">2.5<\/a><\/strong> : Teilkorrekturen, die vergessene oder falsche Auswahlen betreffen k\u00f6nnen resultierende problematische Aktionen zur\u00fcckdrehen.<br \/>\n<strong><a href=\"http:\/\/blogs.magicjudges.org\/rules\/ipg3-5-de\/\">3.5<\/a><\/strong> : Karten die eindeutig nicht Teil des Decks sind k\u00f6nnen ignoriert werden.<br \/>\n<strong><a href=\"http:\/\/blogs.magicjudges.org\/rules\/ipg3-5-de\/\">3.5<\/a><\/strong> : Weitere Einzelheiten wie fehlende Karten behandelt werden, die w\u00e4hrend einer Partie auffallen.<br \/>\n<strong><a href=\"http:\/\/blogs.magicjudges.org\/rules\/ipg3-5-de\/\">3.5<\/a><\/strong> : Das Herunterstufen bei Selbstanzeige gilt nur f\u00fcr falsche Karten, nicht f\u00fcr fehlende.<br \/>\n<strong><a href=\"http:\/\/blogs.magicjudges.org\/rules\/ipg-appendix-a-de\/\">Anhang A<\/a><\/strong>: Mulligan Procedure Error hinzugef\u00fcgt.<\/p>\n<p style=\"text-align: justify\">\n","protected":false},"excerpt":{"rendered":"<p>30. September 2016 2.1 : Bei ausgel\u00f6sten F\u00e4higkeiten mit Standardoption entscheidet der Gegner, ob diese verrechnet wird. 2.1 : Wenn du meinen Zug kontrolliert, bist du verantwortlich f\u00fcr meine ausgel\u00f6sten F\u00e4higkeiten. 2.3 : Beispiel umgeschrieben um die Auswahl eines Satzes Karten deutlicher zu machen. 2.3 : Karten, die in die Bibliothek zur\u00fcckgelegt werden, k\u00f6nnen auf [&hellip;]<\/p>\n","protected":false},"author":137,"featured_media":0,"parent":0,"menu_order":0,"comment_status":"closed","ping_status":"closed","template":"page_width-index.php","meta":{"footnotes":"","_links_to":"","_links_to_target":""},"language":[12],"class_list":["post-4884","page","type-page","status-publish","hentry","language-de"],"_links":{"self":[{"href":"https:\/\/blogs.magicjudges.org\/rules\/wp-json\/wp\/v2\/pages\/4884","targetHints":{"allow":["GET"]}}],"collection":[{"href":"https:\/\/blogs.magicjudges.org\/rules\/wp-json\/wp\/v2\/pages"}],"about":[{"href":"https:\/\/blogs.magicjudges.org\/rules\/wp-json\/wp\/v2\/types\/page"}],"author":[{"embeddable":true,"href":"https:\/\/blogs.magicjudges.org\/rules\/wp-json\/wp\/v2\/users\/137"}],"replies":[{"embeddable":true,"href":"https:\/\/blogs.magicjudges.org\/rules\/wp-json\/wp\/v2\/comments?post=4884"}],"version-history":[{"count":4,"href":"https:\/\/blogs.magicjudges.org\/rules\/wp-json\/wp\/v2\/pages\/4884\/revisions"}],"predecessor-version":[{"id":4951,"href":"https:\/\/blogs.magicjudges.org\/rules\/wp-json\/wp\/v2\/pages\/4884\/revisions\/4951"}],"wp:attachment":[{"href":"https:\/\/blogs.magicjudges.org\/rules\/wp-json\/wp\/v2\/media?parent=4884"}],"wp:term":[{"taxonomy":"language","embeddable":true,"href":"https:\/\/blogs.magicjudges.org\/rules\/wp-json\/wp\/v2\/language?post=4884"}],"curies":[{"name":"wp","href":"https:\/\/api.w.org\/{rel}","templated":true}]}}