{"id":4886,"date":"2016-09-02T22:23:42","date_gmt":"2016-09-02T19:23:42","guid":{"rendered":"http:\/\/blogs.magicjudges.org\/rules\/?page_id=4886"},"modified":"2018-11-05T20:59:33","modified_gmt":"2018-11-05T17:59:33","slug":"ipg-de","status":"publish","type":"page","link":"https:\/\/blogs.magicjudges.org\/rules\/ipg-de\/","title":{"rendered":"Magic Leitfaden zur Behandlung von Regelverst\u00f6\u00dfen"},"content":{"rendered":"<div style=\"float: right;width: 300px;margin-right: 0px;margin-top: -20px;text-align: right\"><em>G\u00fcltig ab 30. September 2016<br \/>\nAktualisiert am 07. November 2016<\/em><\/div>\n<p>&nbsp;<\/p>\n<h2 style=\"text-align: justify;margin-top: -20px\">Einleitung<\/h2>\n<div style=\"float: right;width: 80%;padding-left: 20px\">\n<p style=\"text-align: justify\">Der <strong>Magic\u2122<\/strong> Leitfaden zur Behandlung von Regelverst\u00f6\u00dfen (Infraction Procedure Guide, IPG) stellt f\u00fcr Magic Judges einen Katalog von angemessenen Penaltys und Vorgehensweisen dar, um die w\u00e4hrend eines Turniers auf Competitive oder Professional REL auftretenden Regelverst\u00f6\u00dfe zu behandeln und erkl\u00e4rt die ihrer Anwendung zugrunde liegende Philosophie. Er soll Spieler vor potentiellem Fehlverhalten bewahren und die Integrit\u00e4t des Turniers sch\u00fctzen. Verst\u00f6\u00dfe gegen die Regeln werden \u00fcblicherweise mit einem Penalty geahndet, sonst sind diese nicht durchsetzbar. Turniere auf Regular REL verwenden das Dokument <a href=\"http:\/\/blogs.magicjudges.org\/translatedrules\/2014\/10\/27\/jar-20140926-de\/\">&#8220;Schiedsrichter bei Regular REL&#8221;<\/a> (<a href=\"http:\/\/blogs.magicjudges.org\/rules\/jar\/\">Judging at Regular REL<\/a>, JAR).<\/p>\n<\/div>\n<div style=\"float: left;width: 20%;text-align: center\"><div class=\"alert alert-grey\" role=\"alert\"> <a href=\"http:\/\/blogs.magicjudges.org\/translatedrules\/2016\/08\/11\/ipg-20160722-de\/\" target=\"_blank\" rel=\"noopener\"><img loading=\"lazy\" decoding=\"async\" class=\"wp-image-1294 size-full\" src=\"http:\/\/blogs.magicjudges.org\/rules\/files\/2015\/10\/PDFicon.png\" alt=\"IPG herunterladen\" width=\"100\" height=\"100\" \/><\/a> <strong><a style=\"font-size: 13px\" href=\"https:\/\/blogs.magicjudges.org\/translatedrules\/?lang=de\" target=\"_blank\" rel=\"noopener\"><br \/>\nIPG herunterladen<\/a><\/strong><\/div><\/div>\n<h2>Aufbau dieses Dokuments<\/h2>\n<p style=\"text-align: justify\">Dieses Dokument besteht aus zwei Hauptteilen: <a href=\"http:\/\/blogs.magicjudges.org\/rules\/ipg1-de\/\">Allgemeine Definitionen und Philosophien<\/a> (Abschnitt 1), und Regelverst\u00f6\u00dfe (Abschnitte 2-4). Regelverst\u00f6\u00dfe werden in allgemeine Kategorien (<a href=\"http:\/\/blogs.magicjudges.org\/rules\/ipg2-de\/\">Game Play Errors<\/a>, <a href=\"http:\/\/blogs.magicjudges.org\/rules\/ipg3-de\/\">Tournament Errors<\/a>, <a href=\"http:\/\/blogs.magicjudges.org\/rules\/ipg4-de\/\">Unsporting Conduct<\/a>), und Unterkategorien f\u00fcr spezielle Verst\u00f6\u00dfe eingeteilt.<\/p>\n<p style=\"text-align: justify\">Eine n\u00e4here Erl\u00e4uterung der Begriffe in diesem Dokument finden sich in den <a href=\"http:\/\/blogs.magicjudges.org\/rules\/mtr\/\"><strong>Magic<\/strong>-Turnierregeln (Magic Tournament Rules, MTR)<\/a>.<\/p>\n<p>Dieses Dokument wird in mehreren Sprachen ver\u00f6ffentlicht. Sollte es einen Unterschied zwischen der englischen und einer nicht-englischen Version dieses Dokuments geben, so m\u00fcssen sich die Turnierteilnehmer an die englische Version des Dokuments halten, um Streitf\u00e4lle zur Interpretation dieses Leitfadens auszur\u00e4umen.<\/p>\n<p>Dieses Dokument wird regelm\u00e4\u00dfig aktualisiert. Die aktuellste Version dieses Dokuments kann unter <a href=\"http:\/\/www.wizards.com\/wpn\/Events\/Rules.aspx\">http:\/\/www.wizards.com\/wpn\/Events\/Rules.aspx<\/a> (in Englisch) und <a href=\"http:\/\/blogs.magicjudges.org\/translatedrules\/?lang=de\">http:\/\/blogs.magicjudges.org\/translatedrules\/?lang=de<\/a> (\u00dcbersetzungen) heruntergeladen werden.<\/p>\n<h2>Kommentierte IPG<\/h2>\n<p style=\"text-align: justify;margin-bottom: 0px\">Die kommentierte Ausgabe des Leitfadens zur Behandlung von Regelverst\u00f6\u00dfen (Annotated Infraction Procedure Guide, AIPG) nimmt den IPG zur Analyse Satz f\u00fcr Satz auseinander. Der IPG ist ein sehr kompakt formuliertes Dokument mit sehr wenigen erkl\u00e4renden W\u00f6rtern. Jeder einzelne Satz ist bedeutsam und das Ziel des AIPG ist es, auf die versteckten Details in diesen S\u00e4tzen aufmerksam zu machen. Er kann als Lernhilfe f\u00fcr L2 verwendet werden, zur Auffrischung f\u00fcr wiederkehrende Judges, aber auch zur Aufl\u00f6sung von Judge Nerd-Diskussionen; sein prim\u00e4res Ziel ist jedoch die Schulung.<\/p>\n<div class=\"alert alert-info\" role=\"alert\"> Die Inhalte des kommentierten IPG werden auf dieser Webseite mittels blauer Felder wie diesem in das IPG-Dokument eingef\u00fcgt.<\/div>\n<p style=\"text-align: justify\">Wenn Du irgendwelche Fragen oder Anmerkungen zum Text der kommentierten IPG hast, schreibe bitte an <a href=\"mailto:MagicJudges.aipg@gmail.com\" target=\"_blank\" rel=\"noopener\">MagicJudges.aipg@gmail.com<\/a> (auf Englisch)<\/p>\n<p style=\"text-align: justify;font-size: 24px\">Inhalt<\/p>\n<h2 style=\"text-align: justify;font-size: 16px;margin-top: -20px\">1. <a style=\"color: #0000ff\" href=\"http:\/\/blogs.magicjudges.org\/rules\/ipg1-de\/\">Allgemeine Philosophie<\/a><\/h2>\n<p style=\"padding-left: 30px\">1.1. <a href=\"http:\/\/blogs.magicjudges.org\/rules\/ipg1-1-de\/\">Definition der Penaltys<\/a><br \/>\n1.2. <a href=\"http:\/\/blogs.magicjudges.org\/rules\/ipg1-2-de\/\">Vergabe von Penaltys<\/a><br \/>\n1.3. <a href=\"http:\/\/blogs.magicjudges.org\/rules\/ipg1-3-de\/\">Das Deck in eine zuf\u00e4llige Reihenfolge bringen<\/a><br \/>\n1.4. <a href=\"http:\/\/blogs.magicjudges.org\/rules\/ipg1-4-de\/\">Zur\u00fcckdrehen<br \/>\n<\/a><\/p>\n<h2 style=\"text-align: justify;font-size: 16px\">2. <a style=\"color: #0000ff\" href=\"http:\/\/blogs.magicjudges.org\/rules\/ipg2-de\/\">Game Play Errors \/ Spielfehler<\/a><\/h2>\n<p style=\"padding-left: 30px\">2.1. <a href=\"http:\/\/blogs.magicjudges.org\/rules\/ipg2-1-de\/\">Spielfehler \u2014 Ausgel\u00f6ste F\u00e4higkeit vergessen (Missed Trigger)<\/a><br \/>\n2.2. <a href=\"http:\/\/blogs.magicjudges.org\/rules\/ipg2-2-de\/\">Spielfehler \u2014 Extrakarten ansehen (Looking at Extra Cards)<\/a><br \/>\n2.3. <a href=\"http:\/\/blogs.magicjudges.org\/rules\/ipg2-3-de\/\">Spielfehler \u2014 Verdeckter Kartenfehler (Hidden Card Error)<\/a><br \/>\n2.4. <a href=\"http:\/\/blogs.magicjudges.org\/rules\/ipg2-4-de\/\">Spielfehler \u2014 Mulligan-Verfahrensfehler (Mulligan Procedure Error)<\/a><br \/>\n2.5. <a href=\"http:\/\/blogs.magicjudges.org\/rules\/ipg2-5-de\/\">Spielfehler \u2014 Spielregelversto\u00df (Game Rule Violation)<\/a><br \/>\n2.6. <a href=\"http:\/\/blogs.magicjudges.org\/rules\/ipg2-6-de\/\">Spielfehler \u2014 Vers\u00e4umnis den Spielzustand aufrechtzuerhalten (Failure to Maintain Game State)<br \/>\n<\/a><\/p>\n<h2 style=\"text-align: justify;font-size: 16px\">3. <a style=\"color: #0000ff\" href=\"http:\/\/blogs.magicjudges.org\/rules\/ipg3-de\/\">Tournament Errors \/ Turnierfehler<\/a><\/h2>\n<p style=\"padding-left: 30px\">3.1. <a href=\"http:\/\/blogs.magicjudges.org\/rules\/ipg3-1-de\/\">Turnierfehler \u2014 Unp\u00fcnktlichkeit (Tardiness)<\/a><br \/>\n3.2. <a href=\"http:\/\/blogs.magicjudges.org\/rules\/ipg3-2-de\/\">Turnierfehler \u2014 Hilfe von Au\u00dfen (Outside Assistance)<\/a><br \/>\n3.3. <a href=\"http:\/\/blogs.magicjudges.org\/rules\/ipg3-3-de\/\">Turnierfehler \u2014 Langsames Spielen (Slow Play)<\/a><br \/>\n3.4. <a href=\"http:\/\/blogs.magicjudges.org\/rules\/ipg3-4-de\/\">Turnierfehler \u2014 Unzureichendes Mischen (Insufficient Shuffling)<\/a><br \/>\n3.5. <a href=\"http:\/\/blogs.magicjudges.org\/rules\/ipg3-5-de\/\">Turnierfehler \u2014 Deck\/Decklisten-Problem (Deck\/Decklist Problem)<\/a><br \/>\n3.6. <a href=\"http:\/\/blogs.magicjudges.org\/rules\/ipg3-6-de\/\">Turnierfehler \u2014 Limited-Verfahrensfehler (Limited Procedure Violation)<\/a><br \/>\n3.7. <a href=\"http:\/\/blogs.magicjudges.org\/rules\/ipg3-7-de\/\">Turnierfehler \u2014 Missachtung der Kommunikationsregeln (Communication Policy Violation)<\/a><br \/>\n3.8. <a href=\"http:\/\/blogs.magicjudges.org\/rules\/ipg3-8-de\/\">Turnierfehler \u2014 Markierte Karten (Marked Cards)<br \/>\n<\/a><\/p>\n<h2 style=\"text-align: justify;font-size: 16px\">4. <a style=\"color: #0000ff\" href=\"http:\/\/blogs.magicjudges.org\/rules\/ipg4-de\/\">Unsporting Conduct \/ Unsportliches Verhalten<\/a><\/h2>\n<p style=\"padding-left: 30px\">4.1. <a href=\"http:\/\/blogs.magicjudges.org\/rules\/ipg4-1-de\/\">Unsportliches Verhalten \u2014 Geringf\u00fcgige Unsportlichkeit (Minor)<\/a><br \/>\n4.2. <a href=\"http:\/\/blogs.magicjudges.org\/rules\/ipg4-2-de\/\">Unsportliches Verhalten \u2014 Grobe Unsportlichkeit (Major)<\/a><br \/>\n4.3. <a href=\"http:\/\/blogs.magicjudges.org\/rules\/ipg4-3-de\/\">Unsportliches Verhalten \u2014 Unzul\u00e4ssiges Bestimmen eines Gewinners (Improperly Determining a Winner)<\/a><br \/>\n4.4. <a href=\"http:\/\/blogs.magicjudges.org\/rules\/ipg4-4-de\/\">Unsportliches Verhalten \u2014 Bestechung und Wetten (Bribery and Wagering)<\/a><br \/>\n4.5. <a href=\"http:\/\/blogs.magicjudges.org\/rules\/ipg4-5-de\/\">Unsportliches Verhalten \u2014 Aggressives Verhalten (Aggressive Behavior)<\/a><br \/>\n4.6. <a href=\"http:\/\/blogs.magicjudges.org\/rules\/ipg4-6-de\/\">Unsportliches Verhalten \u2014 Diebstahl von Turniermaterial (Theft of Tournament Material)<\/a><br \/>\n4.7. <a href=\"http:\/\/blogs.magicjudges.org\/rules\/ipg4-7-de\/\">Unsportliches Verhalten \u2014 Zeitspiel (Stalling)<\/a><br \/>\n4.8. <a href=\"http:\/\/blogs.magicjudges.org\/rules\/ipg4-8-de\/\">Unsportliches Verhalten \u2014 Betrug (Cheating)<br \/>\n<\/a><\/p>\n<h2 style=\"text-align: justify;font-size: 16px\">Anh\u00e4nge<\/h2>\n<p style=\"padding-left: 30px\">Anhang A \u2014 <a href=\"http:\/\/blogs.magicjudges.org\/rules\/ipg-appendix-a-de\/\">PenaltysKurz\u00fcbesicht<\/a><br \/>\nAnhang B \u2014 <a href=\"http:\/\/blogs.magicjudges.org\/rules\/ipg-appendix-b-de\/\">\u00c4nderungen gegen\u00fcber fr\u00fcheren Versionen<\/a><\/p>\n<p style=\"text-align: justify;font-size: 12px\">All trademarks are property of Wizards of the Coast LLC in the U.S.A. and other countries. \u00a92016 Wizards.<\/p>\n","protected":false},"excerpt":{"rendered":"<p>G\u00fcltig ab 30. September 2016 Aktualisiert am 07. November 2016 &nbsp; Einleitung Der Magic\u2122 Leitfaden zur Behandlung von Regelverst\u00f6\u00dfen (Infraction Procedure Guide, IPG) stellt f\u00fcr Magic Judges einen Katalog von angemessenen Penaltys und Vorgehensweisen dar, um die w\u00e4hrend eines Turniers auf Competitive oder Professional REL auftretenden Regelverst\u00f6\u00dfe zu behandeln und erkl\u00e4rt die ihrer Anwendung zugrunde [&hellip;]<\/p>\n","protected":false},"author":249,"featured_media":0,"parent":0,"menu_order":0,"comment_status":"closed","ping_status":"closed","template":"page_width-index.php","meta":{"footnotes":"","_links_to":"","_links_to_target":""},"language":[12],"class_list":["post-4886","page","type-page","status-publish","hentry","language-de"],"_links":{"self":[{"href":"https:\/\/blogs.magicjudges.org\/rules\/wp-json\/wp\/v2\/pages\/4886","targetHints":{"allow":["GET"]}}],"collection":[{"href":"https:\/\/blogs.magicjudges.org\/rules\/wp-json\/wp\/v2\/pages"}],"about":[{"href":"https:\/\/blogs.magicjudges.org\/rules\/wp-json\/wp\/v2\/types\/page"}],"author":[{"embeddable":true,"href":"https:\/\/blogs.magicjudges.org\/rules\/wp-json\/wp\/v2\/users\/249"}],"replies":[{"embeddable":true,"href":"https:\/\/blogs.magicjudges.org\/rules\/wp-json\/wp\/v2\/comments?post=4886"}],"version-history":[{"count":12,"href":"https:\/\/blogs.magicjudges.org\/rules\/wp-json\/wp\/v2\/pages\/4886\/revisions"}],"predecessor-version":[{"id":8581,"href":"https:\/\/blogs.magicjudges.org\/rules\/wp-json\/wp\/v2\/pages\/4886\/revisions\/8581"}],"wp:attachment":[{"href":"https:\/\/blogs.magicjudges.org\/rules\/wp-json\/wp\/v2\/media?parent=4886"}],"wp:term":[{"taxonomy":"language","embeddable":true,"href":"https:\/\/blogs.magicjudges.org\/rules\/wp-json\/wp\/v2\/language?post=4886"}],"curies":[{"name":"wp","href":"https:\/\/api.w.org\/{rel}","templated":true}]}}