{"id":5606,"date":"2017-02-15T20:31:07","date_gmt":"2017-02-15T17:31:07","guid":{"rendered":"http:\/\/blogs.magicjudges.org\/rules\/?page_id=5606"},"modified":"2019-06-10T23:29:02","modified_gmt":"2019-06-10T20:29:02","slug":"mtr-es","status":"publish","type":"page","link":"https:\/\/blogs.magicjudges.org\/rules\/mtr-es\/","title":{"rendered":"Reglas de torneo de Magic: The Gathering"},"content":{"rendered":"<div style=\"float: right;width: 300px;margin-right: 0px;margin-top: -20px;text-align: right\"><em>Efectivas desde el 03 de mayo de 2019<br \/>\n\u00daltima actualizaci\u00f3n: 10 de junio de 2019<\/em><\/div>\n<h2 style=\"text-align: justify;margin-top: -20px\">Introducci\u00f3n<\/h2>\n<div style=\"float: right;width: 80%;padding-left: 20px\">\n<p style=\"text-align: justify\">La DCI es una organizaci\u00f3n mundial dedicada al juego organizado. Promociona, desarrolla y hace cumplir reglas y pol\u00edticas usando los objetivos y filosof\u00edas definidos en este documento, en la <a href=\"https:\/\/blogs.magicjudges.org\/rules\/ipg-es\/\">Gu\u00eda de procedimientos de infracciones de <\/a><b>Magic: The Gathering<\/b><span style=\"font-weight: 400\"> y el documento <a href=\"https:\/\/blogs.magicjudges.org\/rules\/jar-es\/\">Juzgando a Nivel de Imposici\u00f3n de Reglas Normal<\/a>. Constantemente revisa estas reglas y pol\u00edticas para asegurarse de cumplir sus objetivos.<\/span><\/p>\n<\/div>\n<div style=\"float: left;width: 20%;text-align: center\"><div class=\"alert alert-grey\" role=\"alert\"> <a href=\"https:\/\/blogs.magicjudges.org\/translatedrules\/?lang=es\" target=\"_blank\" rel=\"noopener\"><img loading=\"lazy\" decoding=\"async\" class=\"wp-image-1294 size-full alignleft\" src=\"http:\/\/blogs.magicjudges.org\/rules\/files\/2015\/10\/PDFicon.png\" alt=\"Descargar MTR\" width=\"100\" height=\"100\" \/><\/a> <strong><a href=\"https:\/\/blogs.magicjudges.org\/translatedrules\/?lang=es\" target=\"_blank\" rel=\"noopener\"><br \/>\nDescargar reglas<\/a><\/strong><\/div><\/div>\n<br style=\"clear: both; height: 1px; margin: -1px 0pt 0pt; overflow: hidden;\">\n<p><span style=\"font-weight: 400\">Hay dos tipos de torneos de <\/span><b>Magic<\/b><span style=\"font-weight: 400\"> sancionados: casuales y oficiales. Hay dos tipos de torneos de <strong>Magic<\/strong> sancionados: casuales y oficiales. Los torneos oficiales ofrecen Puntos Planeswalker por cada victoria, empate o ronda libre que obtenga un jugador. Los torneos casuales ofrecen un \u00fanico Punto Planeswalker por participar.<\/span><\/p>\n<p><span style=\"font-weight: 400\">El prop\u00f3sito de este documento es proveer la infraestructura usada para organizar torneos de <\/span><b>Magic: The Gathering<\/b><span style=\"font-weight: 400\"> (\u201c<\/span><b>Magic<\/b><span style=\"font-weight: 400\">\u201d) definiendo las reglas, responsabilidades y procedimientos adecuados a seguir en todos los torneos sancionados por la DCI de <\/span><b>Magic<\/b><span style=\"font-weight: 400\">. <\/span><\/p>\n<p>Los torneos sancionados por la DCI deben organizarse consistentemente sin importar su ubicaci\u00f3n. Esto asegura un trato equitativo de los jugadores en distintas regiones y permite una transici\u00f3n sencilla hacia torneos internacionales. Todos los jugadores son tratados del mismo modo y comparten las responsabilidades de acuerdo a Nivel de Imposici\u00f3n de Reglas (NIR) del torneo. Tanto jugadores como oficiales deben cooperar para alcanzar el objetivo com\u00fan de un correcto torneo sancionado por la DCI. Los jugadores y oficiales deben tratarse mutuamente de manera respetuosa, siguiendo tanto las reglas como el esp\u00edritu con el cual fueron creadas. Son responsables de seguir la \u00faltima versi\u00f3n de las Reglas de torneo de <strong>Magic<\/strong> y las Reglas Completas de <strong>Magic: The\u00a0<\/strong><strong>Gathering<\/strong>. Los espectadores tienen su propio grupo de responsabilidades. Los individuos que infrinjan las reglas de la DCI estar\u00e1n sujetos a las penalizaciones definidas por el documento adecuado para el Nivel de Imposici\u00f3n de Reglas del torneo.<\/p>\n<p><span style=\"font-weight: 400\">La informaci\u00f3n en este documento puede contradecir (o no tener informaci\u00f3n contenida en) las Reglas Completas. En esos casos, ese documento tiene precedencia.<\/span><\/p>\n<p>Los documentos oficiales de informaci\u00f3n publicados en el sitio web de Wizards of the Coast para torneos espec\u00edficos pueden definir pol\u00edticas o procedimientos alternativos o adicionales, Si existe una contradicci\u00f3n entre este documento y un la informaci\u00f3n oficial publicada en el sitio web de Wizards of the Coast, la informaci\u00f3n oficial tiene prioridad.<\/p>\n<p>Wizards of the Coast se reserva el derecho de alterar estas reglas, as\u00ed como el derecho de interpretar, modificar, clarificar, o de cualquier otro modo efectuar cambios oficiales de estas reglas sin aviso previo.<\/p>\n<p>Las actualizaciones del 2019 de este documento est\u00e1n programadas para ser anunciadas el lunes posterior a cada torneo de Presentaci\u00f3n. Puede haber fechas adicionales en las cuales se anuncien actualizaciones a la legalidad de cartas individuales en formatos contenidos en este documento. Esas fechas ser\u00e1n anunciadas al menos con 4 semanas de anticipaci\u00f3n. Otras actualizaciones que no incluyan legalidad de cartas pueden ocurrir sin un anuncio<br \/>\nprevio.<\/p>\n<p>Las \u00faltimas versiones est\u00e1n disponibles en <a href=\"http:\/\/wpn.wizards.com\/document\/magic-gathering-tournament-rules\">http:\/\/wpn.wizards.com\/document\/magic-gathering-tournament-rules<\/a>.<\/p>\n<h2>MTR Anotadas<\/h2>\n<p>Las MTR Anotadas son una deconstrucci\u00f3n l\u00ednea a l\u00ednea de cada frase en las MTR. Las MTR son un documento bastante denso con pocas palabras extra\u00f1as. Cada frase tiene un significado, y la meta del AMTR es llamar la atenci\u00f3n a los detalles m\u00e1s finos que se hallan ocultos en estas frases. Puede ser usada como una gu\u00eda de estudio para un L2, una manera de actualizarse para jueces que se quieran reintegrar o para resolver disputas bizantinas entre jueces, pero en principio su foco primario es la educaci\u00f3n.<\/p>\n<div class=\"alert alert-info\" role=\"alert\"> <em>El contenido de las MTR Anotadas aparece en este sitio insertado a lo largo del documento de las MTR en paneles azules como este.<\/em><\/div>\n<p>Si descubres un problema, tienes una sugerencia o pregunta sobre las AMTR, puedes enviar un email a janit.mindis@gmail.com.<\/p>\n<h2>Contenidos<\/h2>\n<h2>1. Fundamentos de torneos<\/h2>\n<p>1.1 <a href=\"http:\/\/blogs.magicjudges.org\/rules\/mtr1-1-es\/\">Tipos de torneos<\/a><br \/>\n1.2 <a href=\"http:\/\/blogs.magicjudges.org\/rules\/mtr1-2-es\/\">Publicar informaci\u00f3n de torneo<\/a><br \/>\n1.3 <a href=\"http:\/\/blogs.magicjudges.org\/rules\/mtr1-3-es\/\">Roles de torneo<\/a><br \/>\n1.4 <a href=\"http:\/\/blogs.magicjudges.org\/rules\/mtr1-4-es\/\">Elegibilidad de participaci\u00f3n<\/a><br \/>\n1.5 <a href=\"http:\/\/blogs.magicjudges.org\/rules\/mtr1-5-es\/\">N\u00famer de membres\u00eda DCI<\/a><br \/>\n1.6 <a href=\"http:\/\/blogs.magicjudges.org\/rules\/mtr1-6-es\/\">Organizador de torneo<\/a><br \/>\n1.7 <a href=\"http:\/\/blogs.magicjudges.org\/rules\/mtr1-7-es\/\">Juez principal<\/a><br \/>\n1.8 <a href=\"http:\/\/blogs.magicjudges.org\/rules\/mtr1-8-es\/\">Jueces de piso<\/a><br \/>\n1.9 <a href=\"http:\/\/blogs.magicjudges.org\/rules\/mtr1-9-es\/\">Administrador de resultado<\/a><br \/>\n1.10 <a href=\"http:\/\/blogs.magicjudges.org\/rules\/mtr1-10-es\/\">Jugadores<\/a><br \/>\n1.11 <a href=\"http:\/\/blogs.magicjudges.org\/rules\/mtr1-11-es\/\">Espectadores<\/a><br \/>\n1.12 <a href=\"http:\/\/blogs.magicjudges.org\/rules\/mtr1-12-es\/\">Niveles de imposici\u00f3n de reglas<\/a><\/p>\n<h2>2. Mec\u00e1nicas de Torneo<\/h2>\n<p>2.1 <a href=\"http:\/\/blogs.magicjudges.org\/rules\/mtr2-1-es\/\">Estructura de partida<\/a><br \/>\n2.2 <a href=\"http:\/\/blogs.magicjudges.org\/rules\/mtr2-2-es\/\">Regla Juega o Roba<\/a><br \/>\n2.3 <a href=\"http:\/\/blogs.magicjudges.org\/rules\/mtr2-3-es\/\">Procedimientos Pre-Juego<\/a><br \/>\n2.4 <a href=\"http:\/\/blogs.magicjudges.org\/rules\/mtr2-4-es\/\">Concediendo o empatando intencionalmente juegos o partidas.<\/a><br \/>\n2.5 <a href=\"http:\/\/blogs.magicjudges.org\/rules\/mtr2-5-es\/\">Procedimientos de fin de partida<\/a><br \/>\n2.6 <a href=\"http:\/\/blogs.magicjudges.org\/rules\/mtr2-6-es\/\">Extensiones de tiempo<\/a><br \/>\n2.7 <a href=\"http:\/\/blogs.magicjudges.org\/rules\/mtr2-7-es\/\">Registro del Mazo<\/a><br \/>\n2.8 <a href=\"http:\/\/blogs.magicjudges.org\/rules\/mtr2-8-es\/\">Control de Mazos<\/a><br \/>\n2.9 <a href=\"http:\/\/blogs.magicjudges.org\/rules\/mtr2-9-es\/\">Apelaciones al Juez Principal<\/a><br \/>\n2.10 <a href=\"http:\/\/blogs.magicjudges.org\/rules\/mtr2-10-es\/\">Abandonando un torneo<\/a><br \/>\n2.11 <a href=\"http:\/\/blogs.magicjudges.org\/rules\/mtr2-11-es\/\">Tomando Notas<\/a><br \/>\n2.12 <a href=\"http:\/\/blogs.magicjudges.org\/rules\/mtr2-12-es\/\">Dispositivos electr\u00f3nicos.<\/a><br \/>\n2.13 <a href=\"http:\/\/blogs.magicjudges.org\/rules\/mtr2-13-es\/\">Cobertura en video<\/a><br \/>\n2.14 <a href=\"http:\/\/blogs.magicjudges.org\/rules\/mtr2-14-es\/\">Total de vidas<\/a><\/p>\n<h2>3. Reglas de Torneo<\/h2>\n<p>3.1 <a href=\"http:\/\/blogs.magicjudges.org\/rules\/mtr3-1-es\/\">Desempates<\/a><br \/>\n3.2 <a href=\"http:\/\/blogs.magicjudges.org\/rules\/mtr3-2-es\/\">Formatos y categor\u00edas de puntajes.<\/a><br \/>\n3.3 <a href=\"http:\/\/blogs.magicjudges.org\/rules\/mtr3-3-es\/\">Cartas Permitidas<\/a><br \/>\n3.4 <a href=\"http:\/\/blogs.magicjudges.org\/rules\/mtr3-4-es\/\">Cartas de Reemplazo<\/a><br \/>\n3.5 <a href=\"http:\/\/blogs.magicjudges.org\/rules\/mtr3-5-es\/\">Cartas de listado<\/a><br \/>\n3.6 <a href=\"http:\/\/blogs.magicjudges.org\/rules\/mtr3-6-es\/\">Interpretaci\u00f3n de las cartas.<\/a><br \/>\n3.7 <a href=\"http:\/\/blogs.magicjudges.org\/rules\/mtr3-7-es\/\">Nuevos lanzamientos<\/a><br \/>\n3.8 <a href=\"http:\/\/blogs.magicjudges.org\/rules\/mtr3-8-es\/\">Marcadores de Juego<\/a><br \/>\n3.9 <a href=\"http:\/\/blogs.magicjudges.org\/rules\/mtr3-9-es\/\">Barajado de cartas<\/a><br \/>\n3.10 <a href=\"http:\/\/blogs.magicjudges.org\/rules\/mtr3-10-es\/\">Protectores<\/a><br \/>\n3.11 <a href=\"http:\/\/blogs.magicjudges.org\/rules\/mtr3-11-es\/\">Cartas Marcadas<\/a><br \/>\n3.12 <a href=\"http:\/\/blogs.magicjudges.org\/rules\/mtr3-12-es\/\">Informaci\u00f3n oculta<\/a><br \/>\n3.13 <a href=\"http:\/\/blogs.magicjudges.org\/rules\/mtr3-13-es\/\">Cartas giradas o invertidas<\/a><br \/>\n3.14 <a href=\"http:\/\/blogs.magicjudges.org\/rules\/mtr3-14-es\/\">Orden del cementerio<\/a><br \/>\n3.15 <a href=\"http:\/\/blogs.magicjudges.org\/rules\/mtr3-15-es\/\">Sideboard<\/a><\/p>\n<h2>4. Comunicaci\u00f3n<\/h2>\n<p>4.1 <a href=\"http:\/\/blogs.magicjudges.org\/rules\/mtr4-1-es\/\">Comunicaci\u00f3n entre jugadores<\/a><br \/>\n4.2 <a href=\"http:\/\/blogs.magicjudges.org\/rules\/mtr4-2-es\/\">Atajos de torneo<\/a><br \/>\n4.3 <a href=\"http:\/\/blogs.magicjudges.org\/rules\/mtr4-3-es\/\">Secuencia fuera de orden<\/a><br \/>\n4.4 <a href=\"http:\/\/blogs.magicjudges.org\/rules\/mtr4-4-es\/\">Repeticiones<\/a><br \/>\n4.5 <a href=\"http:\/\/blogs.magicjudges.org\/rules\/mtr4-5-es\/\">Habilidades disparadas<\/a><br \/>\n4.6 <a href=\"http:\/\/blogs.magicjudges.org\/rules\/mtr4-6-es\/\">Comunicaci\u00f3n de equipos \/ Gigante de dos cabezas<br \/>\n<\/a>\u00a04.7 <a href=\"https:\/\/blogs.magicjudges.org\/rules\/mtr4-7-es\/\">Disposici\u00f3n del juego<\/a><\/p>\n<h2>5. Infracciones de torneo<\/h2>\n<p>5.1 <a href=\"http:\/\/blogs.magicjudges.org\/rules\/mtr5-1-es\/\">Hacer Trampa<\/a><br \/>\n5.2 <a href=\"http:\/\/blogs.magicjudges.org\/rules\/mtr5-2-es\/\">Soborno<\/a><br \/>\n5.3 <a href=\"http:\/\/blogs.magicjudges.org\/rules\/mtr5-3-es\/\">Apuestas<\/a><br \/>\n5.4 <a href=\"http:\/\/blogs.magicjudges.org\/rules\/mtr5-4-es\/\">Conducta Antideportiva<\/a><br \/>\n5.5 <a href=\"https:\/\/blogs.magicjudges.org\/rules\/mtr5-5-es\/\">Juego Lento<\/a><br \/>\n5.6 <a href=\"https:\/\/blogs.magicjudges.org\/rules\/mtr5-6-es\/\">Ayuda Externa<\/a><\/p>\n<h2>6. Reglas de torneos Construidos<\/h2>\n<p>6.1 <a href=\"http:\/\/blogs.magicjudges.org\/rules\/mtr6-1-es\/\">Restricciones de construcci\u00f3n de mazo<\/a><br \/>\n6.2 <a href=\"http:\/\/blogs.magicjudges.org\/rules\/mtr6-2-es\/\">Uso de Sideboard<\/a><br \/>\n6.3 <a href=\"http:\/\/blogs.magicjudges.org\/rules\/mtr6-3-es\/\">Construcci\u00f3n de Mazos en Formato Est\u00e1ndar<\/a><br \/>\n6.4 <a href=\"http:\/\/blogs.magicjudges.org\/rules\/mtr6-4-es\/\">Construcci\u00f3n de Mazos en Formato Modern<\/a><br \/>\n6.5 <a href=\"http:\/\/blogs.magicjudges.org\/rules\/mtr6-5-es\/\">Construcci\u00f3n de Mazos en Formato Vintage<\/a><br \/>\n6.6 <a href=\"http:\/\/blogs.magicjudges.org\/rules\/mtr6-6-es\/\">Construcci\u00f3n de Mazos en Formato Legacy<\/a><\/p>\n<h2>7. Reglas de torneos Limitados<\/h2>\n<p>7.1 <a href=\"http:\/\/blogs.magicjudges.org\/rules\/mtr7-1-es\/\">Restricciones de construcci\u00f3n de mazo<\/a><br \/>\n7.2 <a href=\"http:\/\/blogs.magicjudges.org\/rules\/mtr7-2-es\/\">Uso de cartas en torneos limitado<\/a><br \/>\n7.3 <a href=\"http:\/\/blogs.magicjudges.org\/rules\/mtr7-3-es\/\">Uso de Sideboard<\/a><br \/>\n7.4 <a href=\"http:\/\/blogs.magicjudges.org\/rules\/mtr7-4-es\/\">Producto anormal<\/a><br \/>\n7.5 <a href=\"http:\/\/blogs.magicjudges.org\/rules\/mtr7-5-es\/\">Registo de conjunto de Mazo cerrado<\/a><br \/>\n7.6 <a href=\"http:\/\/blogs.magicjudges.org\/rules\/mtr7-6-es\/\">Creaci\u00f3n de mesas de draft.<\/a><br \/>\n7.7 <a href=\"http:\/\/blogs.magicjudges.org\/rules\/mtr7-7-es\/\">Procedimientos de Booster Draft<\/a><\/p>\n<h2>8. Reglas para torneos en equipo<\/h2>\n<p>8.1 <a href=\"http:\/\/blogs.magicjudges.org\/rules\/mtr8-1-es\/\">Nombre de los Equipos<\/a><br \/>\n8.2 <a href=\"http:\/\/blogs.magicjudges.org\/rules\/mtr8-2-es\/\">Composici\u00f3n e Identificaci\u00f3n del Equipo<\/a><br \/>\n8.3 <a href=\"http:\/\/blogs.magicjudges.org\/rules\/mtr8-3-es\/\">Reglas de comunicaci\u00f3n de equipos<\/a><br \/>\n8.4 <a href=\"http:\/\/blogs.magicjudges.org\/rules\/mtr8-4-es\/\">Reglas de Construcci\u00f3n de Mazo Unificado<\/a><br \/>\n8.5 <a href=\"http:\/\/blogs.magicjudges.org\/rules\/mtr8-5-es\/\">Torneos Rochester Draft por Equipos<\/a><br \/>\n8.6 <a href=\"http:\/\/blogs.magicjudges.org\/rules\/mtr8-6-es\/\">Torneos Mazo Cerrado por Equipo<\/a><\/p>\n<h2>9. Reglas de torneos de Gigante de dos cabezas<\/h2>\n<p>9.1 <a href=\"http:\/\/blogs.magicjudges.org\/rules\/mtr9-1-es\/\">Estructura de partida<\/a><br \/>\n9.2 <a href=\"http:\/\/blogs.magicjudges.org\/rules\/mtr9-2-es\/\">Reglas de comunicaci\u00f3n<\/a><br \/>\n9.3 <a href=\"http:\/\/blogs.magicjudges.org\/rules\/mtr9-3-es\/\">Regla Juega o Roba<\/a><br \/>\n9.4 <a href=\"http:\/\/blogs.magicjudges.org\/rules\/mtr9-4-es\/\">Procedimiento pre-juego<\/a><br \/>\n9.5 <a href=\"http:\/\/blogs.magicjudges.org\/rules\/mtr9-5-es\/\">Reglas de Gigante de dos cabezas construido<\/a><br \/>\n9.6 <a href=\"http:\/\/blogs.magicjudges.org\/rules\/mtr9-6-es\/\">Reglas de Gigante de dos cabezas limitado<\/a><br \/>\n9.7 <a href=\"http:\/\/blogs.magicjudges.org\/rules\/mtr9-7-es\/\">Torneos Booster Draft Gigante de dos cabezas<\/a><\/p>\n<h2>10. Reglas de sanci\u00f3n<\/h2>\n<p>10.1 <a href=\"http:\/\/blogs.magicjudges.org\/rules\/mtr10-1-es\/\">M\u00ednimos de participaci\u00f3n<\/a><br \/>\n10.2 <a href=\"http:\/\/blogs.magicjudges.org\/rules\/mtr10-2-es\/\">Cantidad de rondas<\/a><br \/>\n10.3 <a href=\"http:\/\/blogs.magicjudges.org\/rules\/mtr10-3-es\/\">Torneos s\u00f3lo por invitaci\u00f3n<\/a><br \/>\n10.4 <a href=\"http:\/\/blogs.magicjudges.org\/rules\/mtr10-4-es\/\">Algoritmo de emparejamiento<\/a><\/p>\n<h2>Ap\u00e9ndices<\/h2>\n<p>Ap\u00e9ndice A \u2014 <a href=\"http:\/\/blogs.magicjudges.org\/rules\/mtr-appendix-a-es\/\">Cambios desde versiones anteriores<\/a><br \/>\nAp\u00e9ndice B \u2014 <a href=\"http:\/\/blogs.magicjudges.org\/rules\/mtr-appendix-b-es\/\">L\u00edmites de tiempo .<\/a><br \/>\nAp\u00e9ndice C \u2014 <a href=\"http:\/\/blogs.magicjudges.org\/rules\/mtr-appendix-c-es\/\">Explicaci\u00f3n de desempates<\/a><br \/>\nAp\u00e9ndice D \u2014 <a href=\"http:\/\/blogs.magicjudges.org\/rules\/mtr-appendix-d-es\/\">Mezcla de sobres recomendada para torneos limitados<\/a><br \/>\nAp\u00e9ndice E \u2014 <a href=\"http:\/\/blogs.magicjudges.org\/rules\/mtr-appendix-e-es\/\">Cantidad de rondas recomendadas en torneos suizos<\/a><br \/>\nAp\u00e9ndice F \u2014 <a href=\"http:\/\/blogs.magicjudges.org\/rules\/mtr-appendix-f-es\/\">Nivel de Imposici\u00f3n de Reglas de los programas<\/a><\/p>\n","protected":false},"excerpt":{"rendered":"<p>Efectivas desde el 03 de mayo de 2019 \u00daltima actualizaci\u00f3n: 10 de junio de 2019 Introducci\u00f3n La DCI es una organizaci\u00f3n mundial dedicada al juego organizado. Promociona, desarrolla y hace cumplir reglas y pol\u00edticas usando los objetivos y filosof\u00edas definidos en este documento, en la Gu\u00eda de procedimientos de infracciones de Magic: The Gathering y [&hellip;]<\/p>\n","protected":false},"author":243,"featured_media":0,"parent":0,"menu_order":0,"comment_status":"closed","ping_status":"closed","template":"","meta":{"footnotes":"","_links_to":"","_links_to_target":""},"language":[8],"class_list":["post-5606","page","type-page","status-publish","hentry","language-es"],"_links":{"self":[{"href":"https:\/\/blogs.magicjudges.org\/rules\/wp-json\/wp\/v2\/pages\/5606","targetHints":{"allow":["GET"]}}],"collection":[{"href":"https:\/\/blogs.magicjudges.org\/rules\/wp-json\/wp\/v2\/pages"}],"about":[{"href":"https:\/\/blogs.magicjudges.org\/rules\/wp-json\/wp\/v2\/types\/page"}],"author":[{"embeddable":true,"href":"https:\/\/blogs.magicjudges.org\/rules\/wp-json\/wp\/v2\/users\/243"}],"replies":[{"embeddable":true,"href":"https:\/\/blogs.magicjudges.org\/rules\/wp-json\/wp\/v2\/comments?post=5606"}],"version-history":[{"count":28,"href":"https:\/\/blogs.magicjudges.org\/rules\/wp-json\/wp\/v2\/pages\/5606\/revisions"}],"predecessor-version":[{"id":9130,"href":"https:\/\/blogs.magicjudges.org\/rules\/wp-json\/wp\/v2\/pages\/5606\/revisions\/9130"}],"wp:attachment":[{"href":"https:\/\/blogs.magicjudges.org\/rules\/wp-json\/wp\/v2\/media?parent=5606"}],"wp:term":[{"taxonomy":"language","embeddable":true,"href":"https:\/\/blogs.magicjudges.org\/rules\/wp-json\/wp\/v2\/language?post=5606"}],"curies":[{"name":"wp","href":"https:\/\/api.w.org\/{rel}","templated":true}]}}