{"id":5609,"date":"2016-11-22T23:09:45","date_gmt":"2016-11-22T20:09:45","guid":{"rendered":"http:\/\/blogs.magicjudges.org\/rules\/?page_id=5609"},"modified":"2018-10-03T08:13:04","modified_gmt":"2018-10-03T05:13:04","slug":"mtr1-1-es","status":"publish","type":"page","link":"https:\/\/blogs.magicjudges.org\/rules\/mtr1-1-es\/","title":{"rendered":"MTR 1.1 Tipos de Torneos"},"content":{"rendered":"<p><span style=\"font-weight: 400\">Los torneos oficiales sancionados se dividen en dos tipos: Premier y no Premier. Los torneos premier son organizados por Wizards of the Coast u Organizadores de torneos elegidos. Tienen nombres y caracter\u00edsticas \u00fanicas. Los torneos no Premier son torneos que no son expl\u00edcitamente Premier.<\/span><\/p>\n<p><span style=\"font-weight: 400\"><div class=\"alert alert-info\" role=\"alert\"> <\/span><i><span style=\"font-weight: 400\">Actualmente los Eventos Premier incluyen: Magic: TMagic: The Gathering World Championship, World Magic Cup, Nationals, Nationals Last Chance Qualifiers, Pro Tour, Regional Pro Tour Qualifiers, Regional Last Chance Qualifiers, Preliminary Pro Tour Qualifiers, Pro Tour Qualifiers, Grand Prix, Grand Prix Trials, WPN Premium Tournaments y WPN Premium Qualifiers. Los Eventos no-Premier incluyen cualquier otro torneo sancionado. Los Eventos Premier est\u00e1n listados en <\/span><\/i><a href=\"http:\/\/magic.wizards.com\/en\/events\/premier-calendar#\/overview\"><i><span style=\"font-weight: 400\">la web de Wizards of the Coast<\/span><\/i><\/a><i><span style=\"font-weight: 400\">. Las MTR (Reglas de Torneo de Magic) es el documento de pol\u00edticas para ambos tipos de torneos sancionados, Premier y no-Premier.<\/span><\/i><span style=\"font-weight: 400\"><\/div><\/span><\/p>\n<p><span style=\"font-weight: 400\">Hay dos grandes formatos de torneos: Limitado y Construido. Cada uno tiene reglas espec\u00edficas a su formato. En los torneos limitados, todo el producto para jugar es provisto durante el torneo. En los torneos construidos, los jugadores compiten usando mazos preparados de antemano. Algunos torneos Premier pueden incluir varios formatos durante el mismo torneo.<\/span><\/p>\n<p><span style=\"font-weight: 400\"><div class=\"alert alert-info\" role=\"alert\"> <\/span><i><span style=\"font-weight: 400\">Los formatos limitados incluyen todos aquellos formatos en los cuales los jugadores construyen sus mazos durante el evento \u2014 por ejemplo draft, mazo cerrado y mini masters. Los formatos construidos son aquellos donde los jugadores construyen sus mazos antes del evento. Los formatos construidos m\u00e1s populares son Standard, Modern y Legacy.<\/span><\/i><span style=\"font-weight: 400\"><\/div><\/span><\/p>\n","protected":false},"excerpt":{"rendered":"<p>Los torneos oficiales sancionados se dividen en dos tipos: Premier y no Premier. Los torneos premier son organizados por Wizards of the Coast u Organizadores de torneos elegidos. Tienen nombres y caracter\u00edsticas \u00fanicas. Los torneos no Premier son torneos que no son expl\u00edcitamente Premier. Hay dos grandes formatos de torneos: Limitado y Construido. Cada uno [&hellip;]<\/p>\n","protected":false},"author":243,"featured_media":0,"parent":0,"menu_order":0,"comment_status":"closed","ping_status":"closed","template":"","meta":{"footnotes":"","_links_to":"","_links_to_target":""},"language":[8],"class_list":["post-5609","page","type-page","status-publish","hentry","language-es"],"_links":{"self":[{"href":"https:\/\/blogs.magicjudges.org\/rules\/wp-json\/wp\/v2\/pages\/5609","targetHints":{"allow":["GET"]}}],"collection":[{"href":"https:\/\/blogs.magicjudges.org\/rules\/wp-json\/wp\/v2\/pages"}],"about":[{"href":"https:\/\/blogs.magicjudges.org\/rules\/wp-json\/wp\/v2\/types\/page"}],"author":[{"embeddable":true,"href":"https:\/\/blogs.magicjudges.org\/rules\/wp-json\/wp\/v2\/users\/243"}],"replies":[{"embeddable":true,"href":"https:\/\/blogs.magicjudges.org\/rules\/wp-json\/wp\/v2\/comments?post=5609"}],"version-history":[{"count":8,"href":"https:\/\/blogs.magicjudges.org\/rules\/wp-json\/wp\/v2\/pages\/5609\/revisions"}],"predecessor-version":[{"id":8333,"href":"https:\/\/blogs.magicjudges.org\/rules\/wp-json\/wp\/v2\/pages\/5609\/revisions\/8333"}],"wp:attachment":[{"href":"https:\/\/blogs.magicjudges.org\/rules\/wp-json\/wp\/v2\/media?parent=5609"}],"wp:term":[{"taxonomy":"language","embeddable":true,"href":"https:\/\/blogs.magicjudges.org\/rules\/wp-json\/wp\/v2\/language?post=5609"}],"curies":[{"name":"wp","href":"https:\/\/api.w.org\/{rel}","templated":true}]}}