{"id":5619,"date":"2016-11-25T23:24:30","date_gmt":"2016-11-25T20:24:30","guid":{"rendered":"http:\/\/blogs.magicjudges.org\/rules\/?page_id=5619"},"modified":"2018-11-05T21:03:03","modified_gmt":"2018-11-05T18:03:03","slug":"ipg-pt","status":"publish","type":"page","link":"https:\/\/blogs.magicjudges.org\/rules\/ipg-pt\/","title":{"rendered":"Guia de Procedimentos para Infra\u00e7\u00f5es"},"content":{"rendered":"<p style=\"text-align: right\"><i><span style=\"font-weight: 400\">Efetivo 28 de Abril, 2017<br \/>\n<\/span><\/i><i><span style=\"font-weight: 400\">\u00daltima Atualiza\u00e7\u00e3o 5 de Maio , 2017<\/span><\/i><\/p>\n<div style=\"float: right;width: 20%;text-align: center\"><div class=\"alert alert-grey\" role=\"alert\"> <a href=\"https:\/\/blogs.magicjudges.org\/translatedrules\/?lang=pt_br\" target=\"_blank\" rel=\"noopener\"><img loading=\"lazy\" decoding=\"async\" class=\"alignnone wp-image-1294 size-full\" src=\"http:\/\/blogs.magicjudges.org\/rules\/files\/2015\/10\/PDFicon.png\" alt=\"Download IPG\" width=\"128\" height=\"128\" \/><\/a> <strong><a style=\"font-size: 13px\" href=\"https:\/\/blogs.magicjudges.org\/translatedrules\/?lang=pt_br\" target=\"_blank\" rel=\"noopener\"><br \/>\nDownload IPG<\/a><\/strong><\/div><\/div>\n<p><b>Introdu\u00e7\u00e3o<\/b><\/p>\n<p><span style=\"font-weight: 400\">O Guia de Procedimentos para Infra\u00e7\u00f5es de MagicTM oferece aos ju\u00edzes as penalidades e procedimentos apropriados para lidar com viola\u00e7\u00f5es de regras que ocorram durante um torneio com N\u00edvel de Aplica\u00e7\u00e3o de Regras (REL) Competitivo ou Profissional, assim como a filosofia b\u00e1sica que guia a sua implementa\u00e7\u00e3o. Ele existe para proteger jogadores de potenciais falhas de conduta e para proteger a integridade do pr\u00f3prio torneio. As viola\u00e7\u00f5es de regras normalmente necessitam de uma penalidade; caso contr\u00e1rio elas dificilmente seriam respeitadas. Torneios com REL Regular usam o documento Arbitrando no REL Regular. <\/span><\/p>\n<p><b>Estrutura Deste Documento<\/b><\/p>\n<p><span style=\"font-weight: 400\">Este documento \u00e9 dividido em duas partes principais: Defini\u00e7\u00f5es Gerais e Filosofia (se\u00e7\u00e3o 1), e Infra\u00e7\u00f5es (se\u00e7\u00f5es 2-4). As infra\u00e7\u00f5es est\u00e3o divididas em classes gerais (como Erro de Jogo, Erro de torneio e Conduta antidesportiva), e ainda em subclasses para infra\u00e7\u00f5es espec\u00edficas.<\/span><\/p>\n<p><span style=\"font-weight: 400\">Consulte as Regras de Torneio de Magic para defini\u00e7\u00f5es adicionais dos termos neste documento.<\/span><\/p>\n<p><span style=\"font-weight: 400\">Este documento \u00e9 publicado em v\u00e1rios idiomas. Se alguma discrep\u00e2ncia existir entre a vers\u00e3o em Ingl\u00eas e uma vers\u00e3o que n\u00e3o seja em ingl\u00eas, os participantes do torneio devem recorrer \u00e0 vers\u00e3o em ingl\u00eas para resolver disputas relacionadas a interpreta\u00e7\u00f5es do Guia de Procedimentos para Infra\u00e7\u00f5es<\/span><\/p>\n<p><span style=\"font-weight: 400\">Esse documento \u00e9 atualizado peri\u00f3dicamente. Por favor, obtenha a vers\u00e3o mais atual em:<\/span><\/p>\n<p><a href=\"http:\/\/www.wizards.com\/wpn\/Events\/Rules.aspx\"><span style=\"font-weight: 400\">http:\/\/www.wizards.com\/wpn\/Events\/Rules.aspx<\/span><\/a><span style=\"font-weight: 400\">.<\/span><\/p>\n<p><b>Guia de Procedimentos para Infra\u00e7\u00f5es Anotado<\/b><\/p>\n<p><span style=\"font-weight: 400\">O IPG anotado \u00e9 uma an\u00e1lise linha a linha de cada senten\u00e7a no IPG. O IPG \u00e9 um documento muito denso com poucas palavras irrelevantes. Cada senten\u00e7a tem significado, e \u00e9 o objetivo do AIPG chamar aten\u00e7\u00e3o aos detalhes escondidos nas senten\u00e7as. Ele pode ser usado como um guia de estudos para L2, um auxiliar de mem\u00f3ria para ju\u00edzes que n\u00e3o arbitraram h\u00e1 muito tempo, ou para resolver disputas de ju\u00edzes nerds, mas o objetivo principal \u00e9 educa\u00e7\u00e3o.<\/span><\/p>\n<p><span style=\"font-weight: 400\"><div class=\"alert alert-info\" role=\"alert\"> O conte\u00fado do AIPG aparece neste site inserido entre o IPG em caixas azuis como essa.<\/div><\/span><\/p>\n<p><span style=\"font-weight: 400\">Se voc\u00ea tem perguntas ou coment\u00e1rios sobre o AIPG, por favor contate MagicJudges.aipg@gmail.com<\/span><\/p>\n<p><strong>Conte\u00fado<\/strong><\/p>\n<p><a href=\"http:\/\/blogs.magicjudges.org\/rules\/ipg1-pt\/\">1. Filosofia Geral<\/a><br \/>\n<a href=\"http:\/\/blogs.magicjudges.org\/brasil\/regras\/ipg\/ipg1\/ipg1-1\/\">1.1. Defini\u00e7\u00f5es de Penalidades<\/a><br \/>\n<a href=\"http:\/\/blogs.magicjudges.org\/rules\/ipg1-2-pt\/\">1.2. Aplicando Penalidades<\/a><br \/>\n<a href=\"http:\/\/blogs.magicjudges.org\/rules\/ipg1-3-pt\/\">1.3. Embaralhando um Deck<\/a><br \/>\n<a href=\"http:\/\/blogs.magicjudges.org\/rules\/ipg1-4-pt\/\">1.4. Retrocesso<\/a><\/p>\n<p><a href=\"http:\/\/blogs.magicjudges.org\/rules\/ipg2-pt\/\">2. Erros de Jogo<\/a><br \/>\n<a href=\"http:\/\/blogs.magicjudges.org\/rules\/ipg2-1-pt\/\">2.1. Erro de Jogo \u2014 Habilidade Desencadeada Esquecida<\/a><br \/>\n<a href=\"http:\/\/blogs.magicjudges.org\/rules\/ipg2-2-pt\/\">2.2. Erro de Jogo \u2014 Olhar Cards Extras<\/a><br \/>\n<a href=\"http:\/\/blogs.magicjudges.org\/rules\/ipg2-3-pt\/\">2.3. Erro de Jogo \u2014 Erro de Card Oculto<\/a><br \/>\n<a href=\"http:\/\/blogs.magicjudges.org\/rules\/ipg2-4-pt\/\">2.4. Erro de Jogo \u2014 Erro no Procedimento de Mulligan<\/a><br \/>\n<a href=\"http:\/\/blogs.magicjudges.org\/rules\/ipg2-5-pt\/\">2.5. Erro de Jogo \u2014 Viola\u00e7\u00e3o da Regra do Jogo<\/a><br \/>\n<a href=\"http:\/\/blogs.magicjudges.org\/rules\/ipg2-6-pt\/\">2.6. Erro de Jogo \u2014 Falha em Manter o Estado de Jogo<\/a><\/p>\n<p><a href=\"http:\/\/blogs.magicjudges.org\/rules\/ipg3-pt\/\">3.\u00a0Erros de Torneio<\/a><br \/>\n<a href=\"http:\/\/blogs.magicjudges.org\/rules\/ipg3-1-pt\/\">3.1. Erro de Torneio \u2014\u00a0Atraso<\/a><br \/>\n<a href=\"http:\/\/blogs.magicjudges.org\/rules\/ipg3-2-pt\/\">3.2. Erro de Torneio \u2014 Assist\u00eancia Externa<\/a><br \/>\n<a href=\"http:\/\/blogs.magicjudges.org\/rules\/ipg3-3-pt\/\">3.3. Erro de Torneio \u2014\u00a0Jogo Lento<\/a><br \/>\n<a href=\"http:\/\/blogs.magicjudges.org\/rules\/ipg3-4-pt\/\">3.4. Erro de Torneio \u2014\u00a0Problema de Listagem de Deck<\/a><br \/>\n<a href=\"http:\/\/blogs.magicjudges.org\/rules\/ipg3-5-pt\/\">3.5. Erro de Torneio \u2014\u00a0Problema de Deck<\/a><br \/>\n<a href=\"http:\/\/blogs.magicjudges.org\/rules\/ipg3-6-pt\/\">3.6. Erro de Torneio \u2014\u00a0Viola\u00e7\u00e3o do Procedimento de Limitado<\/a><br \/>\n<a href=\"http:\/\/blogs.magicjudges.org\/rules\/ipg3-7-pt\/\">3.7. Erro de Torneio \u2014\u00a0Viola\u00e7\u00e3o da Politica de Comunica\u00e7\u00e3o<\/a><br \/>\n<a href=\"http:\/\/blogs.magicjudges.org\/rules\/ipg3-8-pt\/\">3.8. Erro de Torneio\u00a0\u2014\u00a0Cards Marcados<\/a><br \/>\n<a href=\"http:\/\/blogs.magicjudges.org\/rules\/ipg3-9-pt\/\">3.9. Erro de Torneio\u00a0\u2014\u00a0Embaralhamento Insuficiente<\/a><\/p>\n<p><a href=\"http:\/\/blogs.magicjudges.org\/rules\/ipg4-pt\/\">4.\u00a0Condutas Antidesportivas<\/a><br \/>\n<a href=\"http:\/\/blogs.magicjudges.org\/rules\/ipg4-1-pt\/\">4.1. Condutas Antidesportivas \u2014\u00a0Leve<\/a><br \/>\n<a href=\"http:\/\/blogs.magicjudges.org\/rules\/ipg4-2-pt\/\">4.2. Condutas Antidesportivas \u2014\u00a0Grave<\/a><br \/>\n<a href=\"http:\/\/blogs.magicjudges.org\/rules\/ipg4-3-pt\/\">4.3. Condutas Antidesportivas \u2014 Determinar um Vencedor de Forma Impr\u00f3pria<\/a><br \/>\n<a href=\"http:\/\/blogs.magicjudges.org\/rules\/ipg4-4-pt\/\">4.4. Condutas Antidesportivas \u2014\u00a0Suborno e Aposta<\/a><br \/>\n<a href=\"http:\/\/blogs.magicjudges.org\/rules\/ipg4-5-pt\/\">4.5. Condutas Antidesportivas \u2014\u00a0Comportamento Agressivo<\/a><br \/>\n<a href=\"http:\/\/blogs.magicjudges.org\/rules\/ipg4-6-pt\/\">4.6. Condutas Antidesportivas \u2014\u00a0Roubo de Material de Torneio<\/a><br \/>\n<a href=\"http:\/\/blogs.magicjudges.org\/rules\/ipg4-7-pt\/\">4.7. Condutas Antidesportivas \u2014\u00a0Protelar<\/a><br \/>\n<a href=\"http:\/\/blogs.magicjudges.org\/rules\/ipg4-8-pt\/\">4.8. Condutas Antidesportivas \u2014\u00a0Trapa\u00e7a<\/a><\/p>\n","protected":false},"excerpt":{"rendered":"<p>Efetivo 28 de Abril, 2017 \u00daltima Atualiza\u00e7\u00e3o 5 de Maio , 2017 Introdu\u00e7\u00e3o O Guia de Procedimentos para Infra\u00e7\u00f5es de MagicTM oferece aos ju\u00edzes as penalidades e procedimentos apropriados para lidar com viola\u00e7\u00f5es de regras que ocorram durante um torneio com N\u00edvel de Aplica\u00e7\u00e3o de Regras (REL) Competitivo ou Profissional, assim como a filosofia b\u00e1sica [&hellip;]<\/p>\n","protected":false},"author":28,"featured_media":0,"parent":0,"menu_order":0,"comment_status":"closed","ping_status":"closed","template":"","meta":{"footnotes":"","_links_to":"","_links_to_target":""},"language":[13],"class_list":["post-5619","page","type-page","status-publish","hentry","language-pt_br"],"_links":{"self":[{"href":"https:\/\/blogs.magicjudges.org\/rules\/wp-json\/wp\/v2\/pages\/5619","targetHints":{"allow":["GET"]}}],"collection":[{"href":"https:\/\/blogs.magicjudges.org\/rules\/wp-json\/wp\/v2\/pages"}],"about":[{"href":"https:\/\/blogs.magicjudges.org\/rules\/wp-json\/wp\/v2\/types\/page"}],"author":[{"embeddable":true,"href":"https:\/\/blogs.magicjudges.org\/rules\/wp-json\/wp\/v2\/users\/28"}],"replies":[{"embeddable":true,"href":"https:\/\/blogs.magicjudges.org\/rules\/wp-json\/wp\/v2\/comments?post=5619"}],"version-history":[{"count":11,"href":"https:\/\/blogs.magicjudges.org\/rules\/wp-json\/wp\/v2\/pages\/5619\/revisions"}],"predecessor-version":[{"id":8584,"href":"https:\/\/blogs.magicjudges.org\/rules\/wp-json\/wp\/v2\/pages\/5619\/revisions\/8584"}],"wp:attachment":[{"href":"https:\/\/blogs.magicjudges.org\/rules\/wp-json\/wp\/v2\/media?parent=5619"}],"wp:term":[{"taxonomy":"language","embeddable":true,"href":"https:\/\/blogs.magicjudges.org\/rules\/wp-json\/wp\/v2\/language?post=5619"}],"curies":[{"name":"wp","href":"https:\/\/api.w.org\/{rel}","templated":true}]}}