{"id":5629,"date":"2016-11-25T21:45:23","date_gmt":"2016-11-25T18:45:23","guid":{"rendered":"http:\/\/blogs.magicjudges.org\/rules\/?page_id=5629"},"modified":"2017-05-16T01:24:51","modified_gmt":"2017-05-15T22:24:51","slug":"ipg1-3-pt","status":"publish","type":"page","link":"https:\/\/blogs.magicjudges.org\/rules\/ipg1-3-pt\/","title":{"rendered":"IPG 1.3 Embaralhando um Deck"},"content":{"rendered":"<p>A solu\u00e7\u00e3o para algumas infra\u00e7\u00f5es neste documento incluem o embaralhamento da por\u00e7\u00e3o aleat\u00f3ria do deck.<\/p>\n<div class=\"alert alert-info\" role=\"alert\"> <em>Algumas infra\u00e7\u00f5es descritas no IPG dizem para embaralhar a parte aleat\u00f3ria do deck como parte da solu\u00e7\u00e3o. Se elas dizem para fazer isso, use estas instru\u00e7\u00f5es.<\/em><\/div>\n<p>Isso requer que primeiro se determine se alguma por\u00e7\u00e3o do deck n\u00e3o \u00e9 aleat\u00f3ria, como cards que foram manipuladas no topo ou no fundo do grim\u00f3rio e separar esses cards. Cheque com ambos os jogadores para verificarem isso, e cheque o cemit\u00e9rio, ex\u00edlio e o campo de batalha por cards de manipula\u00e7\u00e3o de deck, como Tempestade Cerebral ou cards com a mec\u00e2nica Vid\u00eancia.<\/p>\n<div class=\"alert alert-info\" role=\"alert\"> <em>Quando dizemos a um jogador para embaralhar seu deck, n\u00f3s n\u00e3o queremos que partes do deck conhecidas ou intencionalmente ordenadas se percam. Certifique-se de perguntar aos jogadores se a posi\u00e7\u00e3o de algum card do deck \u00e9 conhecida (no topo ou no fundo s\u00e3o os locais mais comuns). No entanto, tendo em vista que a mem\u00f3ria dos jogadores n\u00e3o \u00e9 infal\u00edvel, cheque todas as zonas por cards com efeitos que possam ter organizado ou desorganizado (como fetch lands) partes do deck.<\/em><\/div>\n<p>Uma vez que o deck foi embaralhado, quaisquer cards manipulados devem voltar \u00e0s suas posi\u00e7\u00f5es originais.<\/p>\n<div class=\"alert alert-info\" role=\"alert\"> <em>Separe os cards cujas posi\u00e7\u00f5es eram conhecidas, pe\u00e7a aos jogadores para embaralhar a parte desconhecida e depois adicione os cards conhecidos de volta \u00e0s partes do deck em que deveriam estar.<\/em><\/div>\n<p>Embaralhamentos feitos por um juiz como parte de uma solu\u00e7\u00e3o n\u00e3o s\u00e3o considerados embaralhamentos para efeitos de jogo.<\/p>\n<div class=\"alert alert-info\" role=\"alert\"> <em>Desculpe, Trapaceira de Cosi. Ali\u00e1s, esses embaralhamentos n\u00e3o s\u00e3o realizados por um juiz. Eles s\u00e3o determinados por um juiz. \u00c9 m\u00e1 ideia ju\u00edzes embaralharem o deck de um jogador, j\u00e1 que isso pode dar abertura para que eles nos culpem, caso venham a comprar mal. Deixe que eles mesmos embaralhem e apresentem seus decks.<\/em><\/div>\n","protected":false},"excerpt":{"rendered":"<p>A solu\u00e7\u00e3o para algumas infra\u00e7\u00f5es neste documento incluem o embaralhamento da por\u00e7\u00e3o aleat\u00f3ria do deck. Isso requer que primeiro se determine se alguma por\u00e7\u00e3o do deck n\u00e3o \u00e9 aleat\u00f3ria, como cards que foram manipuladas no topo ou no fundo do grim\u00f3rio e separar esses cards. Cheque com ambos os jogadores para verificarem isso, e cheque [&hellip;]<\/p>\n","protected":false},"author":28,"featured_media":0,"parent":0,"menu_order":0,"comment_status":"closed","ping_status":"closed","template":"","meta":{"footnotes":"","_links_to":"","_links_to_target":""},"language":[13],"class_list":["post-5629","page","type-page","status-publish","hentry","language-pt_br"],"_links":{"self":[{"href":"https:\/\/blogs.magicjudges.org\/rules\/wp-json\/wp\/v2\/pages\/5629","targetHints":{"allow":["GET"]}}],"collection":[{"href":"https:\/\/blogs.magicjudges.org\/rules\/wp-json\/wp\/v2\/pages"}],"about":[{"href":"https:\/\/blogs.magicjudges.org\/rules\/wp-json\/wp\/v2\/types\/page"}],"author":[{"embeddable":true,"href":"https:\/\/blogs.magicjudges.org\/rules\/wp-json\/wp\/v2\/users\/28"}],"replies":[{"embeddable":true,"href":"https:\/\/blogs.magicjudges.org\/rules\/wp-json\/wp\/v2\/comments?post=5629"}],"version-history":[{"count":1,"href":"https:\/\/blogs.magicjudges.org\/rules\/wp-json\/wp\/v2\/pages\/5629\/revisions"}],"predecessor-version":[{"id":5632,"href":"https:\/\/blogs.magicjudges.org\/rules\/wp-json\/wp\/v2\/pages\/5629\/revisions\/5632"}],"wp:attachment":[{"href":"https:\/\/blogs.magicjudges.org\/rules\/wp-json\/wp\/v2\/media?parent=5629"}],"wp:term":[{"taxonomy":"language","embeddable":true,"href":"https:\/\/blogs.magicjudges.org\/rules\/wp-json\/wp\/v2\/language?post=5629"}],"curies":[{"name":"wp","href":"https:\/\/api.w.org\/{rel}","templated":true}]}}