{"id":5634,"date":"2016-11-25T22:56:18","date_gmt":"2016-11-25T19:56:18","guid":{"rendered":"http:\/\/blogs.magicjudges.org\/rules\/?page_id=5634"},"modified":"2017-05-24T21:20:26","modified_gmt":"2017-05-24T18:20:26","slug":"ipg2-pt","status":"publish","type":"page","link":"https:\/\/blogs.magicjudges.org\/rules\/ipg2-pt\/","title":{"rendered":"IPG 2. Erros de Jogo"},"content":{"rendered":"<table class=\"table table-hover table-condensed\" style=\"width: 100%\">\n<tbody>\n<tr>\n<td style=\"width: 50%;text-align: left\">2.1. <a href=\"http:\/\/blogs.magicjudges.org\/rules\/ipg2-1-pt\/\">Erro de Jogo\u00a0\u2014\u00a0Habilidade Desencadeada Esquecida<\/a><\/td>\n<td style=\"width: 50%;text-align: left\">2.4. <a href=\"http:\/\/blogs.magicjudges.org\/rules\/ipg2-4-pt\/\">Erro de Jogo \u2014\u00a0Erro no Procedimento de Mulligan<\/a><\/td>\n<\/tr>\n<tr>\n<td style=\"width: 50%;text-align: left\">2.2. <a href=\"http:\/\/blogs.magicjudges.org\/rules\/ipg2-2-pt\/\">Erro de Jogo\u00a0\u2014\u00a0Olhar Cards Extras<\/a><\/td>\n<td style=\"width: 50%;text-align: left\">2.5. <a href=\"http:\/\/blogs.magicjudges.org\/rules\/ipg2-5-pt\/\">Erro de Jogo \u2014\u00a0Viola\u00e7\u00e3o da Regra de Jogo<\/a><\/td>\n<\/tr>\n<tr>\n<td style=\"width: 50%;text-align: left\">2.3. <a href=\"http:\/\/blogs.magicjudges.org\/rules\/ipg2-3-pt\/\">Erro de Jogo\u00a0\u2014\u00a0Erro de Card Oculto<\/a><\/td>\n<td style=\"width: 50%;text-align: left\">2.6. <a href=\"http:\/\/blogs.magicjudges.org\/rules\/ipg2-6-pt\/\">Erro de Jogo \u2014\u00a0Falha em Manter o Estado do Jogo<\/a><\/td>\n<\/tr>\n<tr>\n<td style=\"width: 50%;text-align: left\"><\/td>\n<td style=\"width: 50%;text-align: left\"><\/td>\n<\/tr>\n<\/tbody>\n<\/table>\n<p>Erros de Jogo s\u00e3o causados por jogadas incorretas ou imprecisas de tal forma que resulta em viola\u00e7\u00f5es das Regras Abrangentes de Magic.<\/p>\n<div class=\"alert alert-info\" role=\"alert\"> <em>Esta \u00e9 a primeira de tr\u00eas amplas categorias de infra\u00e7\u00f5es. Cobre viola\u00e7\u00f5es n\u00e3o intencionais das regras abrangentes \u2013 erros ao jogar o jogo, propriamente dito, e n\u00e3o viola\u00e7\u00f5es das pol\u00edticas de torneio ou outros comportamentos negativos.<\/em><\/p>\n<p><em>Estes s\u00e3o erros cometidos durante uma partida, quando pelo menos um jogador viola involuntariamente as regras abrangentes. Erros de Jogo podem ocorrer por v\u00e1rias raz\u00f5es: jogadores ficam cansados, distra\u00eddos, jogam muito r\u00e1pido, n\u00e3o conhecem algum card ou n\u00e3o compreendem completamente como as regras se aplicam a uma situa\u00e7\u00e3o mais complexa. S\u00e3o situa\u00e7\u00f5es nada excepcionais, e por isso mesmo os Erros de Jogo s\u00e3o uma categoria comum de erros.<\/em><\/div>\n<p>Muitas infra\u00e7\u00f5es se enquadram nesta categoria e seria imposs\u00edvel enumerar todas.<\/p>\n<div class=\"alert alert-info\" role=\"alert\"> <em>Dada a complexidade do jogo, seria imposs\u00edvel listar todos os tipos diferentes de erros que podem ocorrer, ent\u00e3o n\u00f3s, como ju\u00edzes, nem tentamos. Queremos que este documento seja compreens\u00edvel e f\u00e1cil de se aprender. Se n\u00f3s list\u00e1ssemos tudo que h\u00e1 para listar e trat\u00e1ssemos todos os casos especiais, este documento teria centenas de p\u00e1ginas e ningu\u00e9m conseguiria us\u00e1-lo. Em vez disso, n\u00f3s dividimos esses erros em categorias gerais, conhecidas como os 6 Erros de Jogo definidos pelo IPG.<\/em><\/div>\n<p>O guia abaixo foi projetado para dar aos ju\u00edzes uma estrutura de como proceder com um erro de jogo.<\/p>\n<div class=\"alert alert-info\" role=\"alert\"> <em>A despeito da dificuldade de descobrir \u00e0 primeira vista em qual categoria uma infra\u00e7\u00e3o espec\u00edfica se encaixa, a leitura cuidadosa da infra\u00e7\u00e3o no IPG \u2013 defini\u00e7\u00e3o, filosofia e solu\u00e7\u00e3o \u2013 pode ajudar com essa identifica\u00e7\u00e3o.<\/em><\/div>\n<p>A maioria das infra\u00e7\u00f5es de erro de jogo \u00e9 tratada como se tivessem sido cometidas sem a inten\u00e7\u00e3o de comet\u00ea-las.<\/p>\n<div class=\"alert alert-info\" role=\"alert\"> <em>Erros cometidos intencionalmente podem, \u00e9 claro, pertencer a uma categoria bem diferente: Conduta Antidesportiva \u2013 Trapa\u00e7a. No entanto, \u00e9 importante notar que nem todos os erros ocorridos durante um jogo s\u00e3o trapa\u00e7a. Na verdade, a grande maioria n\u00e3o \u00e9.<\/em><\/p>\n<p><em>N\u00f3s gostamos de acreditar que jogadores s\u00e3o honestos e, quando atendemos a uma mesa, n\u00e3o acusamos os jogadores de Trapa\u00e7a. Isso pode mudar assim que fizermos algumas perguntas, mas quando n\u00f3s come\u00e7amos, nossa hip\u00f3tese inicial \u00e9 a de que estamos lidando com um erro n\u00e3o intencional.<\/em><\/div>\n<p>Se um juiz acredita que o erro foi intencional, ele deve primeiro considerar se ocorreu uma infra\u00e7\u00e3o por Conduta antidesportiva \u2013 Trapa\u00e7a.<\/p>\n<div class=\"alert alert-info\" role=\"alert\"> <em>Este \u00e9 o outro lado da moeda; mesmo que a tarefa dos ju\u00edzes seja de sempre ajudar os jogadores, n\u00f3s n\u00e3o podemos nos esquecer de que eles podem mentir ou trapacear para tentar ganhar uma vantagem. A experi\u00eancia e o conselho de ju\u00edzes mais experientes podem nos ajudar a enquadrar a situa\u00e7\u00e3o corretamente e a descobrir se o jogador estava ciente ou n\u00e3o de ter cometido uma ofensa.<\/em><\/div>\n<p>Com exce\u00e7\u00e3o de Falha em Manter o Estado de Jogo, que nunca \u00e9 aumentada, a terceira ou subsequente infra\u00e7\u00e3o de Erro de Jogo da mesma categoria \u00e9 aumentada para Perda de Jogo. Para eventos em v\u00e1rios dias, as penalidades que contam para estas infra\u00e7\u00f5es reiniciam entre os dias.<\/p>\n<div class=\"alert alert-info\" role=\"alert\"> <em>N\u00f3s queremos que os jogadores aprendam algo com seus erros e que cuidem de n\u00e3o comet\u00ea-los novamente no futuro. Se um jogador comete erros repetidamente, quer dizer que a Advert\u00eancia n\u00e3o est\u00e1 fazendo seu trabalho de refor\u00e7ar a li\u00e7\u00e3o. Assim, a gravidade da penalidade deve ser aumentada para uma Perda de Jogo. Quando for aplicar uma infra\u00e7\u00e3o a um jogador, lembre-se de perguntar a se ele j\u00e1 foi penalizado por aquela infra\u00e7\u00e3o antes, no torneio atual. Em torneios que duram mais de um dia, essa contagem se reinicia de um dia para o outro, pois verificou-se que era injusto que o caminho para o aumento de penalidade fosse o mesmo (tr\u00eas infra\u00e7\u00f5es na mesma subcategoria de Erro de Jogo), sem levar em considera\u00e7\u00e3o o n\u00famero de rodadas do torneio \u2013 \u00e9 muito mais f\u00e1cil acumular tr\u00eas Erros de Jogo em um Grand Prix de 15 rodadas do que um PPTQ de 5.<\/em><\/p>\n<p><em>Por fim, lembre-se de que s\u00e3o a terceira e as subsequentes <strong>penalidades<\/strong> \u2013 n\u00e3o Advert\u00eancias \u2013 que ensejam o aumento. Se um jogador cometeu duas Viola\u00e7\u00f5es de Regras de Jogo que foram aumentadas para uma Perda de Jogo cada, e aquele jogador comete, na sequ\u00eancia, uma outra Viola\u00e7\u00e3o de Regra de Jogo, a penalidade desta tamb\u00e9m ser\u00e1 aumentada para uma Perda de Jogo.<\/em><\/p>\n<p><em>A respeito da infra\u00e7\u00e3o Falha em Manter o Estado de Jogo, esteja preparado para alguns jogadores que n\u00e3o v\u00e3o entender o porqu\u00ea de estarem recebendo uma penalidade. \u201cMas juiz, eu n\u00e3o fiz nada errado!\u201d Use alguns momentos para explicar ao jogador a raz\u00e3o de ele estar recebendo uma Advert\u00eancia, e, se ele ainda quiser argumentar ou discutir a respeito, diga a ele que voc\u00eas podem conversar depois da partida. Ainda que haja a aplica\u00e7\u00e3o de uma Advert\u00eancia, n\u00f3s nunca aumentamos a penalidade por Falha em Manter o Estado de Jogo. Isto se d\u00e1 porque n\u00f3s n\u00e3o queremos desencorajar os jogadores de chamar um juiz. Receber uma Perda de Jogo porque meu oponente cometeu Erros de Jogo e eu n\u00e3o percebi causa uma sensa\u00e7\u00e3o p\u00e9ssima. E, se essa for a terceira vez durante o torneio em que um de meus oponentes cometeu um Erro de Jogo e eu n\u00e3o notei a tempo, eu posso ficar relutante em chamar o juiz que vai aumentar a penalidade da minha Falha em Manter o Estado de Jogo para uma Perda de Jogo, e, assim, escolher fingir que eu n\u00e3o vi nada. N\u00f3s n\u00e3o queremos que a nossa pol\u00edtica estimule Trapa\u00e7a. Mas, ent\u00e3o, se n\u00f3s n\u00e3o aumentamos essa infra\u00e7\u00e3o, por que n\u00f3s aplicamos Advert\u00eancias? Por dois motivos: o primeiro \u00e9 que o simples fato de o jogador receber uma Advert\u00eancia costuma ser suficiente para que este passe a prestar mais aten\u00e7\u00e3o a seus jogos. O segundo \u00e9 que essas infra\u00e7\u00f5es s\u00e3o registradas e monitoradas. Se um jogador vem cometendo repetidas Falhas em Manter o Estado do Jogo, e os erros correlatos s\u00e3o usualmente em seu favor, ent\u00e3o registr\u00e1-las fornece aos ju\u00edzes uma ferramenta para rastrear esse comportamento \u2013 e quando n\u00f3s as adicionamos a um banco de dados maior, tal rastreamento passa a ser poss\u00edvel entre m\u00faltiplos eventos.<\/em><\/div>\n","protected":false},"excerpt":{"rendered":"<p>2.1. Erro de Jogo\u00a0\u2014\u00a0Habilidade Desencadeada Esquecida 2.4. Erro de Jogo \u2014\u00a0Erro no Procedimento de Mulligan 2.2. Erro de Jogo\u00a0\u2014\u00a0Olhar Cards Extras 2.5. Erro de Jogo \u2014\u00a0Viola\u00e7\u00e3o da Regra de Jogo 2.3. Erro de Jogo\u00a0\u2014\u00a0Erro de Card Oculto 2.6. Erro de Jogo \u2014\u00a0Falha em Manter o Estado do Jogo Erros de Jogo s\u00e3o causados por jogadas [&hellip;]<\/p>\n","protected":false},"author":28,"featured_media":0,"parent":0,"menu_order":0,"comment_status":"closed","ping_status":"closed","template":"","meta":{"footnotes":"","_links_to":"","_links_to_target":""},"language":[13],"class_list":["post-5634","page","type-page","status-publish","hentry","language-pt_br"],"_links":{"self":[{"href":"https:\/\/blogs.magicjudges.org\/rules\/wp-json\/wp\/v2\/pages\/5634","targetHints":{"allow":["GET"]}}],"collection":[{"href":"https:\/\/blogs.magicjudges.org\/rules\/wp-json\/wp\/v2\/pages"}],"about":[{"href":"https:\/\/blogs.magicjudges.org\/rules\/wp-json\/wp\/v2\/types\/page"}],"author":[{"embeddable":true,"href":"https:\/\/blogs.magicjudges.org\/rules\/wp-json\/wp\/v2\/users\/28"}],"replies":[{"embeddable":true,"href":"https:\/\/blogs.magicjudges.org\/rules\/wp-json\/wp\/v2\/comments?post=5634"}],"version-history":[{"count":5,"href":"https:\/\/blogs.magicjudges.org\/rules\/wp-json\/wp\/v2\/pages\/5634\/revisions"}],"predecessor-version":[{"id":6759,"href":"https:\/\/blogs.magicjudges.org\/rules\/wp-json\/wp\/v2\/pages\/5634\/revisions\/6759"}],"wp:attachment":[{"href":"https:\/\/blogs.magicjudges.org\/rules\/wp-json\/wp\/v2\/media?parent=5634"}],"wp:term":[{"taxonomy":"language","embeddable":true,"href":"https:\/\/blogs.magicjudges.org\/rules\/wp-json\/wp\/v2\/language?post=5634"}],"curies":[{"name":"wp","href":"https:\/\/api.w.org\/{rel}","templated":true}]}}