{"id":5636,"date":"2016-11-25T22:57:39","date_gmt":"2016-11-25T19:57:39","guid":{"rendered":"http:\/\/blogs.magicjudges.org\/rules\/?page_id=5636"},"modified":"2017-05-28T02:54:17","modified_gmt":"2017-05-27T23:54:17","slug":"ipg2-2-pt","status":"publish","type":"page","link":"https:\/\/blogs.magicjudges.org\/rules\/ipg2-2-pt\/","title":{"rendered":"IPG 2.2 Erro de Jogo \u2014 Olhar Cards Extras"},"content":{"rendered":"<div style=\"padding-right: 20px;float: left;width: 80%;margin-top: 0px\">\n<h2><b><i>Defini\u00e7\u00e3o<\/i><\/b><\/h2>\n<p><i><span style=\"font-weight: 400\"><br \/>\nUm jogador toma uma a\u00e7\u00e3o que possa ter lhe dado a oportunidade de ver as faces de cards em um grim\u00f3rio que ele n\u00e3o deveria poder ver.<br \/>\n<\/span><\/i><\/p>\n<\/div>\n<div style=\"float: right;width: 20%;margin-top: 0px;margin-bottom: -20px;text-align: center\">\n<div class=\"alert alert-warning\" role=\"alert\"> <\/p>\n<p style=\"text-align: center;margin-top: 10px;margin-left: -10px\"><strong>Penalidade<\/strong><\/p>\n<p style=\"text-align: center;margin-bottom: 10px;margin-left: -12px\">Advert\u00eancia<\/p>\n<p><\/div>\n<\/div>\n<br style=\"clear: both; height: 1px; margin: -1px 0pt 0pt; overflow: hidden;\">\n<p><i><span style=\"font-weight: 400\"><div class=\"alert alert-info\" role=\"alert\"> Esta infra\u00e7\u00e3o \u00e9 muito f\u00e1cil de ser cometida. A todo momento que os jogadores mexem no baralho, \u00e9 poss\u00edvel que um card caia, ou vire; ou, ao comprar, dois cards podem ficar presos ou serem pegos juntos.<\/span><\/i><\/p>\n<p><i><span style=\"font-weight: 400\">Geralmente, quando estamos falando de Olhar Cards Extras (OCE), estamos falando de um jogador ver a face de algum card de seu pr\u00f3prio grim\u00f3rio. No entanto, tamb\u00e9m existe a possibilidade de voc\u00ea ver alguns cards no grim\u00f3rio do seu oponente, enquanto o embaralha.<\/span><\/i><\/p>\n<p><i><span style=\"font-weight: 400\">Tenha cuidado para n\u00e3o confundir esta infra\u00e7\u00e3o com a infra\u00e7\u00e3o Erro de Card Oculto. Em particular, a infra\u00e7\u00e3o de Erro de Card Oculto abrange situa\u00e7\u00f5es em que voc\u00ea deveria olhar um determinado n\u00famero de cards no topo de seu grim\u00f3rio, mas acaba olhando um n\u00famero excessivo destes. Assim, neste caso espec\u00edfico, voc\u00ea est\u00e1 olhando cards extras, mas voc\u00ea n\u00e3o est\u00e1 a Olhar Cards Extras. Ser\u00e1 que o seu c\u00e9rebro d\u00f3i? O meu sim.<\/span><\/i><\/p>\n<p><i><span style=\"font-weight: 400\">Para esclarecimento, derrubar um card enquanto voc\u00ea estiver embaralhando seu pr\u00f3prio baralho n\u00e3o \u00e9 Olhar Cards Extras. Basta colocar o card de volta e continuar a embaralhar.<\/span><\/i><\/p>\n<p><i><span style=\"font-weight: 400\">Observar a face de um card ca\u00eddo ou virado de seu oponente tamb\u00e9m n\u00e3o \u00e9 Olhar Cards Extras. H\u00e1 duas raz\u00f5es para isso: 1) Se jogadores pudessem derrubar um card e fazer com que seu o seu oponente levasse uma Advert\u00eancia por isso, eles iriam embaralhar desajeitadamente rumo a um top 8. 2) MTR 3.12 permite aos jogadores revelar informa\u00e7\u00e3o oculta \u2013 como, por exemplo, os cards da m\u00e3o \u2013 a seus oponentes, desde que tais jogadores tenham, eles pr\u00f3prios, acesso legal a essa informa\u00e7\u00e3o.<\/span><\/i><\/p>\n<p><i><span style=\"font-weight: 400\">\u00c9 importante notar que essa infra\u00e7\u00e3o apenas se aplica para cards em um grim\u00f3rio. Se voc\u00ea acidentalmente olhar cards exilados por um <\/span><\/i><a href=\"https:\/\/blogs.magicjudges.org\/rules\/wp-content\/plugins\/lems-mtg-helper\/lems-mtg-helper-cardfinder.php?find=Bomat+Courier&amp;width=223&amp;height=310\"><i><span style=\"font-weight: 400\">Bomat Courier<\/span><\/i><\/a><i><span style=\"font-weight: 400\">, isso n\u00e3o \u00e9 Olhar Cards Extra &#8211; isso \u00e9 uma Viola\u00e7\u00e3o de Regra de Jogo.<\/span><\/i><\/p>\n<p><i><span style=\"font-weight: 400\">Como mencionado na se\u00e7\u00e3o acima, Erro de Card Oculto tomou uma parte do espa\u00e7o que Olhar Cards Extras costumava ter. Quando voc\u00ea manipula um conjunto de cards do topo do grim\u00f3rio, mas acessa um n\u00famero excessivo destes, esta infra\u00e7\u00e3o passa a ser considerada ECO. Para efeitos de ECO, uma vez que os cards comprados deixem significativamente o grim\u00f3rio como parte de uma compra, a infra\u00e7\u00e3o n\u00e3o pode mais ser considerada Olhar Cards Extras.<\/span><\/i><\/p>\n<p><i><span style=\"font-weight: 400\">Olhar Cards Extras d\u00e1 conta de quando voc\u00ea derrubar um card, deixar cair um card enquanto embaralha, iniciar a compra de um card indevidamente, ou mover cards em excesso do topo do grim\u00f3rio para o cemit\u00e9rio. Olhar Cards Extras n\u00e3o abrange olhar 8 cards durante um Revirar o Tempo, ou usar vid\u00eancia 2 quando o correto seria usar apenas um vid\u00eancia 1. Mover cartas do topo do grim\u00f3rio para o cemit\u00e9rio cabe em Olhar Cards Extras porque os cards est\u00e3o sendo colocados em uma zona p\u00fablica, enquanto Revirar o Tempo \u00e9 coberto por Erro de Card Oculto porque os cards n\u00e3o est\u00e3o em uma zona p\u00fablica.<\/span><\/i><\/p>\n<p><i><span style=\"font-weight: 400\">Se voc\u00ea viu indevidamente a face de um card, mas n\u00e3o o adicionou a um outro conjunto, a infra\u00e7\u00e3o \u00e9 Olhar Cards Extras. O &#8220;significativamente separado do deck&#8221; est\u00e1 l\u00e1 para que o juiz n\u00e3o tenha que lidar com a pergunta &#8220;eles viram ou n\u00e3o viram o card?&#8221;. Se houve uma separa\u00e7\u00e3o &#8220;significativa&#8221; entre carta e deck, ent\u00e3o estamos diante de Olhar Cards Extras. Pela explica\u00e7\u00e3o publicada com a mais recente mudan\u00e7a para essa infra\u00e7\u00e3o, \u00e9 enunciado que \u2018\u2019a chave [para determinar o limite entre OCE e ECO] \u00e9 olhar para se o oponente tinha a inten\u00e7\u00e3o (por engano ou n\u00e3o) de pegar aquela quantidade de cards, ou se ele estava tentando pegar o n\u00famero correto e falhou em faz\u00ea-lo gra\u00e7as a m\u00e1 destreza (em oposi\u00e7\u00e3o \u00e0 contagem errada!)\u2019\u2019<\/span><\/i><\/p>\n<p><i><span style=\"font-weight: 400\">Conjuntos est\u00e3o definidos na se\u00e7\u00e3o 1.5, ent\u00e3o siga para l\u00e1 se voc\u00ea precisa refrescar a mem\u00f3ria. Basicamente, uma vez que o card que voc\u00ea est\u00e1 olhando \u00e9 adicionado a um conjunto de cards, voc\u00ea n\u00e3o est\u00e1 mais olhando para ele, e a infra\u00e7\u00e3o n\u00e3o \u00e9 mais OCE, mas ECO ao inv\u00e9s disso.<\/span><\/i><\/p>\n<p><i><span style=\"font-weight: 400\">\u00c0s vezes jogadores colocam cards na mesa com a face virada para baixo antes de compr\u00e1-los, com o prop\u00f3sito de contar os cards ou para pensar antes de colocar os cards na m\u00e3o. Isso n\u00e3o \u00e9 proibido e ju\u00edzes n\u00e3o devem penalizar isso. Nessa situa\u00e7\u00e3o a diferen\u00e7a \u00e9 que o jogador faz isso intencionalmente e toma cuidado para n\u00e3o ver nenhum card impropriamente. Essa afirma\u00e7\u00e3o tamb\u00e9m se aplica para a infra\u00e7\u00e3o de Erro de Card Oculto.<\/div><\/span><\/i><\/p>\n<p><i><span style=\"font-weight: 400\">Essa penalidade \u00e9 aplicada apenas uma vez se um ou mais cards forem vistos na mesma a\u00e7\u00e3o ou sequ\u00eancia de a\u00e7\u00f5es.<\/span><\/i><\/p>\n<p><i><span style=\"font-weight: 400\"><div class=\"alert alert-info\" role=\"alert\"> N\u00f3s n\u00e3o penalizamos um jogador para cada card visto se todos os cards forem vistos durante a mesma a\u00e7\u00e3o de jogo ou sequ\u00eancia de a\u00e7\u00f5es de jogo. <\/span><\/i><\/p>\n<p><i><span style=\"font-weight: 400\"><\/div><\/span><\/i><\/p>\n<h2><b><i>Exemplos<\/i><\/b><\/h2>\n<ol>\n<li><i><span style=\"font-weight: 400\"> Um jogador acidentalmente revela (deixa cair, vira pra cima) o card enquanto embaralha o deck do seu oponente.<\/span><\/i><\/li>\n<li><i><span style=\"font-weight: 400\"> Um jogador pega um card extra enquanto est\u00e1 comprando de seu deck.<\/span><\/i><\/li>\n<li><i><span style=\"font-weight: 400\"> Um jogador v\u00ea o card do fundo de seu deck enquanto o apresenta para seu oponente para o corte\/embaralhamento.<\/span><\/i><\/li>\n<\/ol>\n<p><i><span style=\"font-weight: 400\"><div class=\"alert alert-info\" role=\"alert\"> <\/span><\/i><\/p>\n<p><i><span style=\"font-weight: 400\">No Exemplo B, por favor considere \u201cpega\u201d como \u201clevanta, mas n\u00e3o o bastante para separar significativamente do grim\u00f3rio\u201d.<\/span><\/i><\/p>\n<p><i><span style=\"font-weight: 400\">Outros exemplos poderiam ser: Um jogador revela um card extra ao resolver uma habilidade de cascata. Um jogador revela cards extras ao mover cards do topo de seu deck para o cemit\u00e9rio, e o erro \u00e9 notado imediatamente.<\/div><\/span><\/i><\/p>\n<h2><b><i>Filosofia<\/i><\/b><\/h2>\n<p><i><span style=\"font-weight: 400\">\u00c9 muito f\u00e1cil um jogador acidentalmente olhar cards extras e essa infra\u00e7\u00e3o lida com situa\u00e7\u00f5es onde um erro de destreza ou de regras levou um jogador a ver cards que n\u00e3o deveria.<\/span><\/i><\/p>\n<p><i><span style=\"font-weight: 400\"><div class=\"alert alert-info\" role=\"alert\"> Jogadores mexem muito em seus decks. Mexem para embaralhar, mexem para comprar, mexem para procurar. A cada vez que um deck \u00e9 tocado, surge a possibilidade de que algu\u00e9m veja algo que n\u00e3o deveria. Considerando que \u00e9 f\u00e1cil de acontecer, f\u00e1cil de perceber e f\u00e1cil de corrigir, uma advert\u00eancia \u00e9 a penalidade adequada.<\/div><\/span><\/i><\/p>\n<p><i><span style=\"font-weight: 400\">Cards s\u00e3o considerados como estando em um grim\u00f3rio at\u00e9 que eles toquem em cards de outro conjunto. Uma vez que os cards se juntaram a outro conjunto, esta infra\u00e7\u00e3o \u00e9 considerada um Erro de Card Oculto ou Viola\u00e7\u00e3o de Regras de jogo.<\/span><\/i><\/p>\n<p><i><span style=\"font-weight: 400\"><div class=\"alert alert-info\" role=\"alert\"> Todos sabemos que comprar \u00e9 diferente de olhar, mas \u00e0s vezes esta linha n\u00e3o \u00e9 f\u00e1cil de determinar. A linha aqui \u00e9 quando o card que estamos olhando \u00e9 adicionado a um outro conjunto de cards, seja a m\u00e3o, sejam os outros sete cards de um Revirar o Tempo. Tenha em mente que, para esta infra\u00e7\u00e3o, voc\u00ea \u00e9 autorizado a se valer um pouco do seu julgamento quando se trata de &#8220;Eu quis pegar um card e em vez disso, peguei dois\u201d. Isso ainda n\u00e3o \u00e9 &#8220;acrescentar a um conjunto&#8221;.<\/div><\/span><\/i><\/p>\n<p><i><span style=\"font-weight: 400\">Jogadores n\u00e3o podem usar essa penalidade para obter um \u201cembaralhamento gratuito\u201d ou para for\u00e7ar o embaralhamento de cards que ele n\u00e3o deseja comprar, podendo dessa forma caracteriza-se como Conduta Antidesportiva \u2013 Trapa\u00e7a.<\/span><\/i><\/p>\n<p><i><span style=\"font-weight: 400\"><div class=\"alert alert-info\" role=\"alert\"> Este ponto envolve a capacidade do juiz para investigar se um jogador est\u00e1 mentindo. Alguns jogadores sabem que a corre\u00e7\u00e3o adicional para Olhar Cards Extras \u00e9 um embaralhamento, ent\u00e3o eles podem &#8220;acidentalmente&#8221; olhar um card, a fim de tentar obter um embaralhamento. Isto \u00e9 Trapa\u00e7a, e ajuda a enfatizar o ponto que precisamos determinar se existem cards com posi\u00e7\u00f5es conhecidas antes de aplicar a corre\u00e7\u00e3o adicional. Quando voc\u00ea chegar \u00e0 mesa fa\u00e7a algumas perguntas a ambos os jogadores para ter uma boa no\u00e7\u00e3o do que est\u00e1 realmente acontecendo.<\/div><\/span><\/i><\/p>\n<p><i><span style=\"font-weight: 400\">Os jogadores tamb\u00e9m n\u00e3o podem permitir o uso dessa penalidade como uma estrat\u00e9gia para gastar o tempo.<\/span><\/i><\/p>\n<p><i><span style=\"font-weight: 400\"><div class=\"alert alert-info\" role=\"alert\"> Embaralhar um grim\u00f3rio requer algum tempo, e os jogadores sabem disso. Como ju\u00edzes, devemos evitar que os jogadores tirem proveito do limite de tempo, assim como temos que entender quando um jogador est\u00e1 tentando fazer isso. Isto tamb\u00e9m \u00e9 considerado trapa\u00e7a (Protelar, a bem da verdade), mas ser\u00e1 muito dif\u00edcil descobrir. Se a rodada estiver terminando, mantenha-se pr\u00f3ximo e observe, caso voc\u00ea suspeite que este possa ser o caso.<\/div><\/span><\/i><\/p>\n<p><i><span style=\"font-weight: 400\">O deck j\u00e1 est\u00e1 aleat\u00f3rio, ent\u00e3o embaralhar os cards revelados n\u00e3o deve envolver um esfor\u00e7o excessivo.<\/span><\/i><\/p>\n<p><i><span style=\"font-weight: 400\"><div class=\"alert alert-info\" role=\"alert\"> Isto significa que o jogador n\u00e3o tem que perder tempo embaralhando como ele faria nos procedimentos antes do jogo. Alguns embaralhamentos simples devem ser suficientes. O objetivo \u00e9 &#8220;perder de vista&#8221; no grim\u00f3rio os cards ilegalmente vistos.<\/div><\/span><\/i><\/p>\n<h2><b><i>Solu\u00e7\u00e3o Adicional<\/i><\/b><\/h2>\n<p><span style=\"font-weight: 400\">Embaralhar quaisquer cards desconhecidos na parte aleat\u00f3ria do grim\u00f3rio, e depois colocar cada card conhecido de volta em seus locais corretos<\/span><span style=\"font-weight: 400\">.<\/span><\/p>\n<p><i><span style=\"font-weight: 400\"><div class=\"alert alert-info\" role=\"alert\"> Veja IPG 1.3 para detalhes sobre como embaralhar um deck. Mas o resumo \u00e9: descobrir quais cards s\u00e3o legalmente conhecidos por meio de coisas como vid\u00eancia ou cascata, e, deixando esses cards de lado, embaralhe todos os cards que sobraram. Se os cards vistos acidentalmente eram previamente conhecidos (como os colocados de volta por uma Tempestade Cerebral), voc\u00ea n\u00e3o deve fazer este procedimento.<\/div><\/span><\/i><\/p>\n","protected":false},"excerpt":{"rendered":"<p>Defini\u00e7\u00e3o Um jogador toma uma a\u00e7\u00e3o que possa ter lhe dado a oportunidade de ver as faces de cards em um grim\u00f3rio que ele n\u00e3o deveria poder ver. Essa penalidade \u00e9 aplicada apenas uma vez se um ou mais cards forem vistos na mesma a\u00e7\u00e3o ou sequ\u00eancia de a\u00e7\u00f5es. Exemplos Um jogador acidentalmente revela (deixa [&hellip;]<\/p>\n","protected":false},"author":28,"featured_media":0,"parent":0,"menu_order":0,"comment_status":"closed","ping_status":"closed","template":"","meta":{"footnotes":"","_links_to":"","_links_to_target":""},"language":[13],"class_list":["post-5636","page","type-page","status-publish","hentry","language-pt_br"],"_links":{"self":[{"href":"https:\/\/blogs.magicjudges.org\/rules\/wp-json\/wp\/v2\/pages\/5636","targetHints":{"allow":["GET"]}}],"collection":[{"href":"https:\/\/blogs.magicjudges.org\/rules\/wp-json\/wp\/v2\/pages"}],"about":[{"href":"https:\/\/blogs.magicjudges.org\/rules\/wp-json\/wp\/v2\/types\/page"}],"author":[{"embeddable":true,"href":"https:\/\/blogs.magicjudges.org\/rules\/wp-json\/wp\/v2\/users\/28"}],"replies":[{"embeddable":true,"href":"https:\/\/blogs.magicjudges.org\/rules\/wp-json\/wp\/v2\/comments?post=5636"}],"version-history":[{"count":8,"href":"https:\/\/blogs.magicjudges.org\/rules\/wp-json\/wp\/v2\/pages\/5636\/revisions"}],"predecessor-version":[{"id":6829,"href":"https:\/\/blogs.magicjudges.org\/rules\/wp-json\/wp\/v2\/pages\/5636\/revisions\/6829"}],"wp:attachment":[{"href":"https:\/\/blogs.magicjudges.org\/rules\/wp-json\/wp\/v2\/media?parent=5636"}],"wp:term":[{"taxonomy":"language","embeddable":true,"href":"https:\/\/blogs.magicjudges.org\/rules\/wp-json\/wp\/v2\/language?post=5636"}],"curies":[{"name":"wp","href":"https:\/\/api.w.org\/{rel}","templated":true}]}}