{"id":5638,"date":"2016-11-25T22:58:24","date_gmt":"2016-11-25T19:58:24","guid":{"rendered":"http:\/\/blogs.magicjudges.org\/rules\/?page_id=5638"},"modified":"2017-05-26T07:18:07","modified_gmt":"2017-05-26T04:18:07","slug":"ipg2-4-pt","status":"publish","type":"page","link":"https:\/\/blogs.magicjudges.org\/rules\/ipg2-4-pt\/","title":{"rendered":"IPG 2.4 Erro de Jogo \u2014 Erro no Procedimento de Mulligan"},"content":{"rendered":"<div style=\"padding-right: 20px;float: left;width: 80%;margin-top: 0px\">\n<h2><b><i>Defini\u00e7\u00e3o<\/i><\/b><\/h2>\n<p><i><span style=\"font-weight: 400\"><br \/>\nUm jogador comete um erro durante o processo de mulligan. Esta infra\u00e7\u00e3o n\u00e3o se aplica a erros cometidos uma vez que os procedimentos de pr\u00e9-jogo tenham sido conclu\u00eddos.<br \/>\n<\/span><\/i><\/p>\n<\/div>\n<div style=\"float: right;width: 20%;margin-top: 0px;margin-bottom: -20px;text-align: center\">\n<div class=\"alert alert-warning\" role=\"alert\"> <\/p>\n<p style=\"text-align: center;margin-top: 10px;margin-left: -10px\"><strong>Penalidade<\/strong><\/p>\n<p style=\"text-align: center;margin-bottom: 10px;margin-left: -12px\">Advert\u00eancia<\/p>\n<p><\/div>\n<\/div>\n<br style=\"clear: both; height: 1px; margin: -1px 0pt 0pt; overflow: hidden;\">\n<p><em><div class=\"alert alert-info\" role=\"alert\"> Embora esta infra\u00e7\u00e3o seja chamada Erro no Procedimento de Mulligan, ela pode ser aplicada antes de qualquer a\u00e7\u00e3o de mulligan ser tomada. Terminados todos os procedimentos de pr\u00e9-jogo, qualquer outro erro resultar\u00e1 em uma infra\u00e7\u00e3o diferente. Comprar um card extra sendo o jogador inicial, por exemplo, \u00e9 um Erro de Card Oculto.<\/div><\/em><\/p>\n<p><em>Realizar vid\u00eancia em mais de um card ap\u00f3s a conclus\u00e3o de um mulligan \u00e9 considerado Erro de Card Oculto.<\/em><\/p>\n<p><em><div class=\"alert alert-info\" role=\"alert\"> Apesar de a vid\u00eancia 1 ocorrer, tecnicamente, durante o processo de mulligan, o Erro no Procedimento de Mulligan n\u00e3o se encaixa perfeitamente a essa situa\u00e7\u00e3o. A penalidade e a solu\u00e7\u00e3o para Erro de Card Oculto se adequam melhor a esse erro filosoficamente, ent\u00e3o ele \u00e9 tratado como tal. Ademais, caso um jogador pegue o segundo card, mas ainda n\u00e3o tenha realizado vid\u00eancia, torna-se apropriado considerar a infra\u00e7\u00e3o Olhar Cards Extras.<\/div><\/em><\/p>\n<p><em>Erros de processo triviais que n\u00e3o geram vantagem, como declarar a inten\u00e7\u00e3o de realizar um mulligan muito cedo, n\u00e3o s\u00e3o considerados infra\u00e7\u00e3o.<\/em><\/p>\n<p><em><div class=\"alert alert-info\" role=\"alert\"> Tente n\u00e3o aumentar demais a complexidade desta infra\u00e7\u00e3o. Se um jogador fizer algo errado que n\u00e3o est\u00e1 listado nos exemplos de A a D, avalie comparativamente o impacto desse erro e decida se \u00e9 significante ou n\u00e3o.<\/em><\/p>\n<p><em>Exemplos:<\/em><\/p>\n<p><em>Um jogador que n\u00e3o est\u00e1 come\u00e7ando declara que vai manter a m\u00e3o antes do jogador inicial.<\/em><\/p>\n<p><em>O jogador coloca uma Linha de For\u00e7a em campo antes de seu oponente terminar o mulligan.<\/em><\/p>\n<p><em>Tecnicamente, estes s\u00e3o erros de procedimento, mas, nesse momento da partida, o impacto \u00e9 muito baixo e, por isso, n\u00e3o devem ser tratados como infra\u00e7\u00e3o.<\/div><\/em><\/p>\n<h2><strong><em>Exemplos<\/em><\/strong><\/h2>\n<ol>\n<li><em> Um jogador compra oito cards no in\u00edcio do jogo (em vez de sete).<\/em><\/li>\n<li><em> Um jogador compra sete cards no in\u00edcio do jogo (em vez de seis) ap\u00f3s realizar um mulligan.<\/em><\/li>\n<li><em> Um jogador mant\u00e9m a sua m\u00e3o, usa vid\u00eancia, e ent\u00e3o realiza outro mulligan.<\/em><\/li>\n<li><em> Um jogador escolhe n\u00e3o fazer um mulligan, depois o faz ap\u00f3s ver seu oponente decidir realizar um mulligan.<\/em><\/li>\n<\/ol>\n<h2><strong><em>Filosofia<\/em><\/strong><\/h2>\n<p><em>Erros que ocorrem antes de um jogo possuem uma alternativa de solu\u00e7\u00e3o que provoca menos ru\u00eddo na partida e que n\u00e3o est\u00e1 dispon\u00edvel em nenhum outro momento durante o jogo: um mulligan for\u00e7ado. No entanto, n\u00e3o deve haver incentivo para que um jogador aguarde, ciente de ter cometido esta infra\u00e7\u00e3o, o t\u00e9rmino dos procedimentos de mulligan, para que s\u00f3 ent\u00e3o ele possa \u2013 caso acredite que isso lhe seja favor\u00e1vel \u2013, \u201cdescobrir\u201d seu erro num momento em que este seria considerado Erro de Card Oculto. Para encorajar o jogador infrator a avisar seu erro t\u00e3o logo quanto o perceba, a ele \u00e9 dada a escolha entre as solu\u00e7\u00f5es antes de a partida se iniciar.<\/em><\/p>\n<p><em><div class=\"alert alert-info\" role=\"alert\"> Pode ser muito f\u00e1cil cometer um erro nos procedimentos de pr\u00e9-jogo \u2013 comprar cards em excesso \u00e9 o mais comum \u2013, ent\u00e3o n\u00f3s damos ao jogador a op\u00e7\u00e3o entre revelar sua m\u00e3o (como no Erro de Card Oculto) ou realizar um mulligan. Como ele n\u00e3o vai poder escolher mulligan caso o erro seja descoberto depois do in\u00edcio do jogo, a chance de um jogador esperar propositalmente ap\u00f3s descobrir o erro torna-se menor.<\/div><\/em><\/p>\n<p><em>Se um jogador olha o card do topo de seu grim\u00f3rio ap\u00f3s realizar um mulligan, presume-se que ele escolheu manter sua m\u00e3o, a menos que deixe bem claro que pretende realizar outro mulligan, seja verbalmente antes de olhar, seja pegando m\u00faltiplos cards do topo de seu grim\u00f3rio.<\/em><\/p>\n<p><em><div class=\"alert alert-info\" role=\"alert\"> Jogadores que pediram mulligan t\u00eam a oportunidade de realizar vid\u00eancia 1 depois que todos os jogadores tenham mantido sua m\u00e3o inicial. Pode ser muito dif\u00edcil para um oponente ou juiz saber se um jogador, ao olhar o card do topo de seu grim\u00f3rio, est\u00e1 fazendo a vid\u00eancia ou olhando o pr\u00f3ximo card antes de realizar outro mulligan. Caso nada seja dito, a suposi\u00e7\u00e3o padr\u00e3o \u00e9 de que ele manteve a m\u00e3o e est\u00e1 realizando a vid\u00eancia. Se ele pegar e olhar mais de um card, deve ser \u00f3bvio que ele n\u00e3o est\u00e1 mantendo sua m\u00e3o.<\/div><\/em><\/p>\n<h2><strong><em>Solu\u00e7\u00e3o Adicional<\/em><\/strong><\/h2>\n<p><em>Se um jogador tem cards em excesso em sua m\u00e3o, ele pode escolher revelar sua m\u00e3o \u00e0 seu oponente para que este escolha um desses cards para ser embaralhado de volta no grim\u00f3rio. Se mais de um card foi comprado em excesso (por exemplo, oito cards em um mulligan para seis), o oponente continua removendo cards at\u00e9 que o n\u00famero correto seja atingido. Caso cards n\u00e3o sejam removidos da m\u00e3o dessa forma (seja por um erro que n\u00e3o tenha levado a excesso de cards, ou por um jogador optando por n\u00e3o revelar sua m\u00e3o), o jogador realiza um mulligan adicional.<\/em><\/p>\n<p><em><div class=\"alert alert-info\" role=\"alert\"> Se o erro for o exemplo C ou D, o jogador tem o n\u00famero correto de cards na m\u00e3o, ent\u00e3o sua \u00fanica op\u00e7\u00e3o ser\u00e1 realizar um mulligan novamente. Os outros exemplos ir\u00e3o resultar em cards em excesso, caso em que ele poder\u00e1 escolher qual solu\u00e7\u00e3o ser\u00e1 aplicada. As duas op\u00e7\u00f5es s\u00e3o bem diretas: revelar a m\u00e3o e deixar o oponente escolher os cards em excesso para embaralhar de volta ou realizar outro mulligan.<\/em><\/p>\n<p><em>Certifique-se de que o jogador saiba para quantos cards dever\u00e1 ser seu mulligan. Se ele realizou um mulligan para 6, mas comprou 7 cards, seu novo mulligan dever\u00e1 ser para 5 cards. Se ele pediu mulligan para 6, utilizou vid\u00eancia 1, depois realizou mulligan para 5, ele agora dever\u00e1 realizar um mulligan para 4 cards.<\/div><\/em><\/p>\n<p><em>Jogadores podem continuar a realizar mulligans ap\u00f3s a solu\u00e7\u00e3o ter sido aplicada.<\/em><\/p>\n<p><em><div class=\"alert alert-info\" role=\"alert\"> Qualquer que seja a solu\u00e7\u00e3o aplicada, caso o jogador ainda n\u00e3o goste de sua m\u00e3o, ele pode continuar o processo de mulligan.<\/div><\/em><\/p>\n","protected":false},"excerpt":{"rendered":"<p>Defini\u00e7\u00e3o Um jogador comete um erro durante o processo de mulligan. Esta infra\u00e7\u00e3o n\u00e3o se aplica a erros cometidos uma vez que os procedimentos de pr\u00e9-jogo tenham sido conclu\u00eddos. Realizar vid\u00eancia em mais de um card ap\u00f3s a conclus\u00e3o de um mulligan \u00e9 considerado Erro de Card Oculto. Erros de processo triviais que n\u00e3o geram [&hellip;]<\/p>\n","protected":false},"author":28,"featured_media":0,"parent":0,"menu_order":0,"comment_status":"closed","ping_status":"closed","template":"","meta":{"footnotes":"","_links_to":"","_links_to_target":""},"language":[13],"class_list":["post-5638","page","type-page","status-publish","hentry","language-pt_br"],"_links":{"self":[{"href":"https:\/\/blogs.magicjudges.org\/rules\/wp-json\/wp\/v2\/pages\/5638","targetHints":{"allow":["GET"]}}],"collection":[{"href":"https:\/\/blogs.magicjudges.org\/rules\/wp-json\/wp\/v2\/pages"}],"about":[{"href":"https:\/\/blogs.magicjudges.org\/rules\/wp-json\/wp\/v2\/types\/page"}],"author":[{"embeddable":true,"href":"https:\/\/blogs.magicjudges.org\/rules\/wp-json\/wp\/v2\/users\/28"}],"replies":[{"embeddable":true,"href":"https:\/\/blogs.magicjudges.org\/rules\/wp-json\/wp\/v2\/comments?post=5638"}],"version-history":[{"count":4,"href":"https:\/\/blogs.magicjudges.org\/rules\/wp-json\/wp\/v2\/pages\/5638\/revisions"}],"predecessor-version":[{"id":6794,"href":"https:\/\/blogs.magicjudges.org\/rules\/wp-json\/wp\/v2\/pages\/5638\/revisions\/6794"}],"wp:attachment":[{"href":"https:\/\/blogs.magicjudges.org\/rules\/wp-json\/wp\/v2\/media?parent=5638"}],"wp:term":[{"taxonomy":"language","embeddable":true,"href":"https:\/\/blogs.magicjudges.org\/rules\/wp-json\/wp\/v2\/language?post=5638"}],"curies":[{"name":"wp","href":"https:\/\/api.w.org\/{rel}","templated":true}]}}