{"id":5657,"date":"2016-11-25T23:04:15","date_gmt":"2016-11-25T20:04:15","guid":{"rendered":"http:\/\/blogs.magicjudges.org\/rules\/?page_id=5657"},"modified":"2019-03-19T04:28:28","modified_gmt":"2019-03-19T01:28:28","slug":"ipg3-2-pt","status":"publish","type":"page","link":"https:\/\/blogs.magicjudges.org\/rules\/ipg3-2-pt\/","title":{"rendered":"IPG 3.2 Erro de Torneio \u2014 Assist\u00eancia Externa"},"content":{"rendered":"<h2>3.2 Erro de Torneio \u2014 Assist\u00eancia Externa<\/h2>\n<p><span style=\"font-weight: 400\"><div class=\"alert alert-warning\" role=\"alert\"> <\/span><\/p>\n<h2><b>Penalidade: Perda de Partida<\/b><\/h2>\n<p><span style=\"font-weight: 400\"><\/div><\/span><\/p>\n<h2><b>Defini\u00e7\u00e3o<\/b><\/h2>\n<p><span style=\"font-weight: 400\">Um jogador, espectador, ou outro participante do torneio executa qualquer uma das seguintes op\u00e7\u00f5es:<\/span><\/p>\n<ul>\n<li><span style=\"font-weight: 400\"> Busca conselhos de jogo ou informa\u00e7\u00f5es ocultas sobre o seu jogo a partir de outros, uma vez que ele tenha se sentado para jogar.<\/span><\/li>\n<\/ul>\n<p><span style=\"font-weight: 400\"><div class=\"alert alert-info\" role=\"alert\"> <\/span><i><span style=\"font-weight: 400\">Assim que um jogador senta para sua partida, ele n\u00e3o pode receber instru\u00e7\u00f5es ou informa\u00e7\u00f5es de outras pessoas sobre a sua partida. Conversas casuais n\u00e3o s\u00e3o proibidas, a n\u00e3o ser que elas incluam informa\u00e7\u00e3o que possa beneficiar um dos jogadores. Isto n\u00e3o inclui pedir conselhos quando os pareamentos s\u00e3o postados, na banca de trocas ou fora do recinto enquanto fumam um cigarro. Jogadores v\u00e3o conversar sobre os decks que enfrentaram ou pensam que ir\u00e3o enfrentar. N\u00f3s n\u00e3o podemos controlar o que eles conversam no banheiro. <\/span><\/i><span style=\"font-weight: 400\"><\/div><\/span><\/p>\n<ul>\n<li><span style=\"font-weight: 400\"> D\u00e1 conselhos de jogo ou revela informa\u00e7\u00f5es ocultas para os jogadores que se sentaram para a sua partida.<\/span><\/li>\n<\/ul>\n<p><span style=\"font-weight: 400\"><div class=\"alert alert-info\" role=\"alert\"> <\/span><i><span style=\"font-weight: 400\">Este cen\u00e1rio geralmente acontece quando um jogador j\u00e1 acabou sua partida e est\u00e1 assistindo a um amigo jogar. Especialmente para jogadores que ainda se encontram no torneio, esse comportamento deve ser punido, e uma Perda de Partida deve ser aplicada. Tenha em mente que estamos tratando de conselhos sobre o jogo. \u201cN\u00e3o esque\u00e7a de atacar\u201d \u00e9 conselho de jogo. \u201cConcede para irmos comer\u201d n\u00e3o \u00e9 conselho de jogo \u2013 muito embora ambas as conversas possam resultar no fim do jogo. <\/span><\/i><span style=\"font-weight: 400\"><\/div><\/span><\/p>\n<ul>\n<li><span style=\"font-weight: 400\"> Durante um jogo, consulta notas (exceto p\u00e1ginas da Oracle\u2122) feitas antes do in\u00edcio oficial do jogo atual.<\/span><\/li>\n<\/ul>\n<p><span style=\"font-weight: 400\"><div class=\"alert alert-info\" role=\"alert\"> <\/span><i><span style=\"font-weight: 400\">A forma das notas podem ser variadas, mas geralmente est\u00e3o em papel. Olhar essas anota\u00e7\u00f5es entre os jogos \u00e9 perfeitamente legal. No entanto, consult\u00e1-las durante um jogo n\u00e3o \u00e9 permitido. Como exce\u00e7\u00e3o, a consulta a um texto oficial do Oracle \u00e9 permitida a qualquer momento de um jogo. Normalmente os jogadores chamar\u00e3o um juiz, quando surgir a necessidade dessa consulta, mas, caso algu\u00e9m possua uma c\u00f3pia impressa do texto Oracle das cartas em quest\u00e3o, essa pessoa poder\u00e1 us\u00e1-la, desde que seja r\u00e1pida. <\/span><\/i><span style=\"font-weight: 400\"><\/div><\/span><\/p>\n<p><span style=\"font-weight: 400\">Estes crit\u00e9rios tamb\u00e9m se aplicam a qualquer constru\u00e7\u00e3o da decks e escolhas em drafts de um torneio limitado. Al\u00e9m disso, nenhuma nota de qualquer tipo pode ser feita durante um draft. Alguns formatos de times t\u00eam regras de comunica\u00e7\u00e3o adicionais que podem modificar a defini\u00e7\u00e3o desta infra\u00e7\u00e3o.<\/span><\/p>\n<p><span style=\"font-weight: 400\"><div class=\"alert alert-info\" role=\"alert\"> <\/span><i><span style=\"font-weight: 400\">Durante eventos Limitados, seja o formato selado ou draft, jogadores no decorrer das por\u00e7\u00f5es de draft ou constru\u00e7\u00e3o de deck ser\u00e3o tratados como se efetivamente estivessem em uma partida. Assim, qualquer comportamento que se encaixe nas defini\u00e7\u00f5es acima ser\u00e1 considerado Ajuda Externa e submetido \u00e0 mesma penalidade. Exemplos s\u00e3o: \u201cVoc\u00ea for\u00e7ou branco?\u201d, \u201cQuantas florestas devo usar?\u201d ou \u201cO que devo tentar montar durante o draft?\u201d. Em alguns formatos, como Gigante de Duas Cabe\u00e7as, os membros da equipe podem discutir decks e estrat\u00e9gias entre eles. <\/span><\/i><span style=\"font-weight: 400\"><\/div><\/span><\/p>\n<p><span style=\"font-weight: 400\">Anota\u00e7\u00f5es feitas fora do jogo em curso s\u00f3 podem ser referenciadas entre os jogos, e devem estar sob posse do jogador desde o in\u00edcio da partida.<\/span><\/p>\n<p><span style=\"font-weight: 400\"><div class=\"alert alert-info\" role=\"alert\"> <\/span><i><span style=\"font-weight: 400\">Estas notas podem ser um guia de como utilizar a reserva em diferentes partidas. Uma nota tomada durante o primeiro jogo de uma partida pode ser utilizada durante o jogo dois. O \u201ccome\u00e7o da partida\u201d \u00e9 a linha limite porque necessitamos de uma, e esta \u00e9 a que mais faz sentido. Jogadores n\u00e3o podem checar a internet por estrat\u00e9gias de utiliza\u00e7\u00e3o da reserva entre os jogos. <\/span><\/i><span style=\"font-weight: 400\"><\/div><\/span><\/p>\n<h2><b>Exemplos<\/b><\/h2>\n<ol>\n<li><span style=\"font-weight: 400\"> Durante um jogo, um jogador consulta notas que foram criadas antes do torneio.<\/span><\/li>\n<li><span style=\"font-weight: 400\"> Um espectador informa a jogada correta para um jogador que n\u00e3o havia solicitado tais informa\u00e7\u00f5es.<\/span><\/li>\n<\/ol>\n<h2><b>Filosofia<\/b><\/h2>\n<p><span style=\"font-weight: 400\">Torneios devem testar a habilidade de um jogador, e n\u00e3o a sua capacidade de seguir conselhos ou dire\u00e7\u00f5es externas. Alguns conselhos estrat\u00e9gicos, assessoria no jogo, ou conselho de constru\u00e7\u00e3o de um deck a partir de uma fonte externa \u00e9 considerada Ajuda Externa.<\/span><\/p>\n<p><span style=\"font-weight: 400\"><div class=\"alert alert-info\" role=\"alert\"> <\/span><i><span style=\"font-weight: 400\">Um jogo \u00e9 disputado por dois jogadores. N\u00e3o entre um jogador e seu amigo, ou o Google ou o universo do Twitter. Ajuda Externa pode ser uma palavra, um peda\u00e7o de papel ou um gesto. Pode ser a mera solicita\u00e7\u00e3o de conselho. Se houve comunica\u00e7\u00e3o que pode ter transmitido ajuda estrat\u00e9gica a um dos jogadores, ent\u00e3o esta deve ser tida e tratada como Ajuda Externa. Por\u00e9m, tenha em mente (e isto \u00e9 controverso em muitos c\u00edrculos) que dizer ou perguntar pelo o resultado de outra partida a um jogador n\u00e3o configura Ajuda Externa, ainda que essa informa\u00e7\u00e3o seja utilizada para terminar um jogo. <\/span><\/i><span style=\"font-weight: 400\"><\/div><\/span><\/p>\n<p><span style=\"font-weight: 400\">Modifica\u00e7\u00f5es visuais nos cards, incluindo textos breves, que fornecem informa\u00e7\u00f5es estrat\u00e9gicas menores ou sugest\u00f5es s\u00e3o aceit\u00e1veis e n\u00e3o s\u00e3o considerados notas. Instru\u00e7\u00f5es detalhadas ou conselhos estrat\u00e9gicos complexos n\u00e3o podem ser escritas em cards. O Juiz Mor tem a decis\u00e3o final do que se refere a card e notas aceit\u00e1veis para um torneio.<\/span><\/p>\n<p><span style=\"font-weight: 400\"><div class=\"alert alert-info\" role=\"alert\"> <\/span><i><span style=\"font-weight: 400\">Alguns jogadores escrevem nos cards notas que podem conter informa\u00e7\u00e3o estrat\u00e9gica. Diversas palavras, marcas, ou uma imagem s\u00e3o toler\u00e1veis, mas senten\u00e7as podem extrapolar o permitido. Marcar pequenos sinais na face de cards da reserva, ou \u201cataque comigo\u201d em uma Esfera de Raios ou um Mago das Quinquilharias alterado com a imagem do artefato que se pretende buscar com sua habilidade. Caso voc\u00ea n\u00e3o tenha certeza sobre a admissibilidade de uma modifica\u00e7\u00e3o desse tipo, pergunte ao juiz mor. <\/span><\/i><span style=\"font-weight: 400\"><\/div><\/span><\/p>\n<p><span style=\"font-weight: 400\">Espectadores que cometem essa infra\u00e7\u00e3o podem ser convidados a deixar o local, caso n\u00e3o estejam inscritos no torneio.<\/span><\/p>\n<p><span style=\"font-weight: 400\"><div class=\"alert alert-info\" role=\"alert\"> <\/span><i><span style=\"font-weight: 400\">Para jogadores que ainda est\u00e3o no torneio, Ajuda Externa pode ser a Espada de D\u00e2mocles que previne que eles ofere\u00e7am ajuda ou busquem sugest\u00f5es de outros jogadores. No entanto, espectadores n\u00e3o precisam se preocupar com uma potencial puni\u00e7\u00e3o pois eles n\u00e3o t\u00eam \u201cuma pr\u00f3xima partida\u201d \u00e0 qual se aplicaria a Perda de Partida. Nesse caso, os ju\u00edzes devem pedir, educadamente, que o espectador se retire da \u00e1rea de jogo. Isto servir\u00e1 de aviso a outros espectadores que n\u00e3o conseguem se conter de que esse tipo de comportamento n\u00e3o ser\u00e1 aceito. N\u00e3o estar inscrito no torneio n\u00e3o protege ningu\u00e9m desta infra\u00e7\u00e3o. Se um espectador n\u00e3o inscrito comete Ajuda Externa, inscreva-o no torneio, insira a penalidade no WER e retire-o do evento. <\/span><\/i><span style=\"font-weight: 400\"><\/div><\/span><\/p>\n<p><span style=\"font-weight: 400\">Dininui\u00e7\u00e3o: Se a informa\u00e7\u00e3o obtida \u00e9 uma informa\u00e7\u00e3o que o jogador poderia ter acesso entre os jogos, a penlidade \u00e9 diminu\u00edda para uma Perda de Jogo.<\/span><\/p>\n<p><span style=\"font-weight: 400\"><div class=\"alert alert-info\" role=\"alert\"> Essa diminui\u00e7\u00e3o reflete que a vantagem que voc\u00ea pode adquirir acessando informa\u00e7\u00f5es que voc\u00ea teria acesso normalmente entre os jogos \u00e9 provavelmente menor do que a vantagem que voc\u00ea pode adquirir de obter informa\u00e7\u00e3o que voc\u00ea n\u00e3o poderia obter durante a partida. Olhar o seu guia de side ainda pode te dar uma vantagem, mas n\u00e3o \u00e9 nada comparado com algu\u00e9m de fora te falar o que a pessoa est\u00e1 colocando e tirando do side. <\/div><\/span><\/p>\n","protected":false},"excerpt":{"rendered":"<p>3.2 Erro de Torneio \u2014 Assist\u00eancia Externa Defini\u00e7\u00e3o Um jogador, espectador, ou outro participante do torneio executa qualquer uma das seguintes op\u00e7\u00f5es: Busca conselhos de jogo ou informa\u00e7\u00f5es ocultas sobre o seu jogo a partir de outros, uma vez que ele tenha se sentado para jogar. D\u00e1 conselhos de jogo ou revela informa\u00e7\u00f5es ocultas para [&hellip;]<\/p>\n","protected":false},"author":28,"featured_media":0,"parent":0,"menu_order":0,"comment_status":"closed","ping_status":"closed","template":"","meta":{"footnotes":"","_links_to":"","_links_to_target":""},"language":[13],"class_list":["post-5657","page","type-page","status-publish","hentry","language-pt_br"],"_links":{"self":[{"href":"https:\/\/blogs.magicjudges.org\/rules\/wp-json\/wp\/v2\/pages\/5657","targetHints":{"allow":["GET"]}}],"collection":[{"href":"https:\/\/blogs.magicjudges.org\/rules\/wp-json\/wp\/v2\/pages"}],"about":[{"href":"https:\/\/blogs.magicjudges.org\/rules\/wp-json\/wp\/v2\/types\/page"}],"author":[{"embeddable":true,"href":"https:\/\/blogs.magicjudges.org\/rules\/wp-json\/wp\/v2\/users\/28"}],"replies":[{"embeddable":true,"href":"https:\/\/blogs.magicjudges.org\/rules\/wp-json\/wp\/v2\/comments?post=5657"}],"version-history":[{"count":8,"href":"https:\/\/blogs.magicjudges.org\/rules\/wp-json\/wp\/v2\/pages\/5657\/revisions"}],"predecessor-version":[{"id":8930,"href":"https:\/\/blogs.magicjudges.org\/rules\/wp-json\/wp\/v2\/pages\/5657\/revisions\/8930"}],"wp:attachment":[{"href":"https:\/\/blogs.magicjudges.org\/rules\/wp-json\/wp\/v2\/media?parent=5657"}],"wp:term":[{"taxonomy":"language","embeddable":true,"href":"https:\/\/blogs.magicjudges.org\/rules\/wp-json\/wp\/v2\/language?post=5657"}],"curies":[{"name":"wp","href":"https:\/\/api.w.org\/{rel}","templated":true}]}}