{"id":5672,"date":"2016-11-25T23:07:11","date_gmt":"2016-11-25T20:07:11","guid":{"rendered":"http:\/\/blogs.magicjudges.org\/rules\/?page_id=5672"},"modified":"2019-03-19T04:23:03","modified_gmt":"2019-03-19T01:23:03","slug":"ipg3-6-pt","status":"publish","type":"page","link":"https:\/\/blogs.magicjudges.org\/rules\/ipg3-6-pt\/","title":{"rendered":"IPG 3.6 Erro de Torneio \u2014 Viola\u00e7\u00e3o do Procedimento de Limitado"},"content":{"rendered":"<h2><b><i>3.6 Erro de Torneio &#8211; Viola\u00e7\u00e3o do Procedimento de Limitado<\/i><\/b><\/h2>\n<p><i><span style=\"font-weight: 400\"><div class=\"alert alert-warning\" role=\"alert\"> <\/span><\/i><\/p>\n<h2><b><i>Penalidade: Advert\u00eancia<\/i><\/b><\/h2>\n<p><i><span style=\"font-weight: 400\"><\/div><\/span><\/i><\/p>\n<h2><b><i>Defini\u00e7\u00e3o:<\/i><\/b><\/h2>\n<p><i><span style=\"font-weight: 400\">Um jogador comete um erro t\u00e9cnico durante um draft.<\/span><\/i><\/p>\n<p><i><span style=\"font-weight: 400\"><div class=\"alert alert-info\" role=\"alert\"> Um erro t\u00e9cnico, nesta situa\u00e7\u00e3o, significa qualquer erro envolvido no processo do draft. Quando esta infra\u00e7\u00e3o acontece, o cen\u00e1rio \u00e9, normalmente mas n\u00e3o sempre, um draft cronometrado. Isso significa que temos grandes restri\u00e7\u00f5es de tempo para completar o draft. Erros t\u00e9cnicos durante o draft causam atrasos, e, caso ocorram em algo como um draft no segundo dia de um Grand Prix, podem reter o andamento do evento todo.<\/div><\/span><\/i><\/p>\n<h2><b><i>Exemplos:<\/i><\/b><\/h2>\n<ol>\n<li><i><span style=\"font-weight: 400\"> Um jogador passa um booster para a sua esquerda quando ele deveria ter ido para a direita.<\/span><\/i><\/li>\n<\/ol>\n<p><i><span style=\"font-weight: 400\"><div class=\"alert alert-info\" role=\"alert\"> Se um jogador faz isso, um efeito em cascata pode ser provocado no resto do draft \u2013 seja o erro notado imediatamente por um outro jogador, ou seja o booster pego e usado para fazer picks, o que complicaria ainda mais o problema.<\/div><\/span><\/i><\/p>\n<ol>\n<li><i><span style=\"font-weight: 400\"> Um jogador ultrapassa a quantidade de tempo dada para uma escolha.<\/span><\/i><\/li>\n<\/ol>\n<p><i><span style=\"font-weight: 400\"><div class=\"alert alert-info\" role=\"alert\"> Um draft cronometrado tem essa caracter\u00edstica para poder ser conduzido com efici\u00eancia e previsibilidade, havendo, ainda, benef\u00edcios em se poder coordenar m\u00faltiplos drafts de uma vez. Se um jogador excede o tempo limite, ele causa um atraso no draft, o que n\u00e3o deve passar batido.<\/div><\/span><\/i><\/p>\n<ol>\n<li><i><span style=\"font-weight: 400\"> Um jogador coloca um card no topo de sua pilha, e depois o pega de volta.<\/span><\/i><\/li>\n<\/ol>\n<p><i><span style=\"font-weight: 400\"><div class=\"alert alert-info\" role=\"alert\"> Essa \u00e9 uma grande preocupa\u00e7\u00e3o, pois se um jogador faz o que este exemplo descreve, pode parecer aos demais participantes do torneio, assim como a espectadores e ju\u00edzes, que ele pegou dois cards de um mesmo booster. Isso tem dois resultados poss\u00edveis, ambos ruins para a integridade do torneio: ou tudo fica da maneira que est\u00e1, ou o tempo das autoridades do torneio \u00e9 tomado para tentar resolver algo que talvez nem seja um problema. Em todo caso, h\u00e1 um aumento das chances de que os cards do booster sejam misturados aos que j\u00e1 foram selecionados. Em drafts cronometrados, os jogadores s\u00e3o instru\u00eddos a selecionar um card num momento espec\u00edfico. Deixar de faz\u00ea-lo em tal ponto pode recair no problema descrito em B, acima.<\/div><\/span><\/i><\/p>\n<ol>\n<li><i><span style=\"font-weight: 400\"> Um jogador move sua cabe\u00e7a para o lado em momentos inapropriados.<\/span><\/i><\/li>\n<\/ol>\n<p><i><span style=\"font-weight: 400\"><div class=\"alert alert-info\" role=\"alert\"> <\/span><\/i><i><span style=\"font-weight: 400\">Este exemplo d\u00e1 aos ju\u00edzes alguma margem para usar LPV quando eles veem um jogador fazendo movimentos com a cabe\u00e7a. Use o senso comum aqui e tenha certeza ao considerar Cheating se voc\u00ea acreditar que o jogador est\u00e1 fazendo isso para obter alguma informa\u00e7\u00e3o privilegiada.<\/span><\/i><i><span style=\"font-weight: 400\"><\/div><\/span><\/i><\/p>\n<h2><b><i>Filosofia<\/i><\/b><\/h2>\n<p><i><span style=\"font-weight: 400\">Erros em draft s\u00e3o disruptivo se podem se tornar ainda mais se n\u00e3o forem pegos rapidamente.<\/span><\/i><\/p>\n<p><i><span style=\"font-weight: 400\"><div class=\"alert alert-info\" role=\"alert\"> Durante um draft, existem muitas partes que devem ser constantemente mantidas nos eixos para que haja uma transi\u00e7\u00e3o suave entre a por\u00e7\u00e3o do draft e as rodadas do su\u00ed\u00e7o. Problemas podem ter efeito em cascata e se tornar maiores se n\u00e3o detectados e corrigidos rapidamente. A soma de erros desse tipo, cometidos simultaneamente entre centenas e at\u00e9 milhares de jogadores, pode escalar gravemente em um curto per\u00edodo de tempo. \u00c9 vital que jogadores prestem aten\u00e7\u00e3o e sigam as instru\u00e7\u00f5es durante essas partes cr\u00edticas do evento.<\/div><\/span><\/i><\/p>\n<p><i><span style=\"font-weight: 400\">An\u00fancios pr\u00e9vios ao draft ou regras espec\u00edficas para o formato podem caracterizar penalidades adicionais para Viola\u00e7\u00f5es de Procedimentos de Limitado.<\/span><\/i><\/p>\n<p><i><span style=\"font-weight: 400\"><div class=\"alert alert-info\" role=\"alert\"> Avisos sobre especificidades de certos formatos podem mudar como a penalidade \u00e9 aplicada. Por exemplo, podem haver avisos complementares e lembretes sobre remover fichas e terrenos b\u00e1sicos. Para drafts de Modern Masters, \u00e9 poss\u00edvel que o draft seja interrompido pela presen\u00e7a de um card foil em cada booster. Para formatos de draft envolvendo Innistrad e Dark Ascension, o juiz mor pode querer anunciar uma forma espec\u00edfica de lidar com cards dupla-face, no que diz respeito a esta infra\u00e7\u00e3o. Isso permite que instru\u00e7\u00f5es adicionais sejam dadas ou que uma certa margem de toler\u00e2ncia seja estabelecida \u2013 sempre de acordo com a decis\u00e3o do juiz mor. Esta frase basicamente d\u00e1 ao juiz o poder necess\u00e1rio para fazer um draft ocorrer de um modo espec\u00edfico, se preciso.<\/div><\/span><\/i><\/p>\n<p>&nbsp;<\/p>\n","protected":false},"excerpt":{"rendered":"<p>3.6 Erro de Torneio &#8211; Viola\u00e7\u00e3o do Procedimento de Limitado Defini\u00e7\u00e3o: Um jogador comete um erro t\u00e9cnico durante um draft. Exemplos: Um jogador passa um booster para a sua esquerda quando ele deveria ter ido para a direita. Um jogador ultrapassa a quantidade de tempo dada para uma escolha. Um jogador coloca um card no [&hellip;]<\/p>\n","protected":false},"author":28,"featured_media":0,"parent":0,"menu_order":0,"comment_status":"closed","ping_status":"closed","template":"","meta":{"footnotes":"","_links_to":"","_links_to_target":""},"language":[13],"class_list":["post-5672","page","type-page","status-publish","hentry","language-pt_br"],"_links":{"self":[{"href":"https:\/\/blogs.magicjudges.org\/rules\/wp-json\/wp\/v2\/pages\/5672","targetHints":{"allow":["GET"]}}],"collection":[{"href":"https:\/\/blogs.magicjudges.org\/rules\/wp-json\/wp\/v2\/pages"}],"about":[{"href":"https:\/\/blogs.magicjudges.org\/rules\/wp-json\/wp\/v2\/types\/page"}],"author":[{"embeddable":true,"href":"https:\/\/blogs.magicjudges.org\/rules\/wp-json\/wp\/v2\/users\/28"}],"replies":[{"embeddable":true,"href":"https:\/\/blogs.magicjudges.org\/rules\/wp-json\/wp\/v2\/comments?post=5672"}],"version-history":[{"count":5,"href":"https:\/\/blogs.magicjudges.org\/rules\/wp-json\/wp\/v2\/pages\/5672\/revisions"}],"predecessor-version":[{"id":6806,"href":"https:\/\/blogs.magicjudges.org\/rules\/wp-json\/wp\/v2\/pages\/5672\/revisions\/6806"}],"wp:attachment":[{"href":"https:\/\/blogs.magicjudges.org\/rules\/wp-json\/wp\/v2\/media?parent=5672"}],"wp:term":[{"taxonomy":"language","embeddable":true,"href":"https:\/\/blogs.magicjudges.org\/rules\/wp-json\/wp\/v2\/language?post=5672"}],"curies":[{"name":"wp","href":"https:\/\/api.w.org\/{rel}","templated":true}]}}