{"id":5674,"date":"2016-11-25T23:08:15","date_gmt":"2016-11-25T20:08:15","guid":{"rendered":"http:\/\/blogs.magicjudges.org\/rules\/?page_id=5674"},"modified":"2019-03-19T04:19:31","modified_gmt":"2019-03-19T01:19:31","slug":"ipg3-8-pt","status":"publish","type":"page","link":"https:\/\/blogs.magicjudges.org\/rules\/ipg3-8-pt\/","title":{"rendered":"IPG 3.8 Erro de Torneio \u2014 Cards Marcados"},"content":{"rendered":"<h2><b>3.8 Erro de Torneio &#8211; Cards Marcados<\/b><\/h2>\n<p><span style=\"font-weight: 400\"><div class=\"alert alert-warning\" role=\"alert\"> <\/span><\/p>\n<h2><b>Penalidade: Advert\u00eancia<\/b><\/h2>\n<p><span style=\"font-weight: 400\"><\/div><\/span><\/p>\n<h2><b>Defini\u00e7\u00e3o<\/b><\/h2>\n<p><span style=\"font-weight: 400\">Cards ou protetores no deck de um jogador tem inconsist\u00eancias que podem fazer com que eles sejam diferenciados entre si enquanto estiverem no grim\u00f3rio. Isso inclui marcas, marcas de unha, descolora\u00e7\u00e3o, bordas dobradas e curvaturas de cards foil.<\/span><\/p>\n<p><span style=\"font-weight: 400\"><div class=\"alert alert-info\" role=\"alert\"> <\/span><i><span style=\"font-weight: 400\">Um card deve ser identificado apenas por sua face da frente. Poder identificar um card, ou caracter\u00edsticas de um card por qualquer outra coisa que n\u00e3o seja a sua face \u00e9 um problema. Isso se aplica a marca\u00e7\u00f5es f\u00edsicas, como arranh\u00f5es, vincos ou amassados, assim como se aplica \u00e0 orienta\u00e7\u00e3o relativa dos cards no deck \u2013 por exemplo, se todos os terrenos est\u00e3o virados ao contr\u00e1rio em rela\u00e7\u00e3o aos demais cards no deck. Se um card pode ser identificado olhando pela lateral (por exemplo, durante o embaralhamento), isso tamb\u00e9m \u00e9 um problema que precisa ser corrigido, seja trocando o protetor, seja trocando o pr\u00f3prio card, a depender da situa\u00e7\u00e3o. Por favor, atente para o fato de que esta infra\u00e7\u00e3o lida apenas com problemas que envolvam abuso potencial. Se voc\u00ea acredita que haja abuso de fato, ent\u00e3o n\u00f3s estaremos lidando com a possibilidade de Trapa\u00e7a.<\/span><\/i><\/p>\n<p><i><span style=\"font-weight: 400\">N\u00f3s s\u00f3 aplicamos esta infra\u00e7\u00e3o se os cards marcados estiverem no deck do jogador, n\u00e3o na reserva. Se os cards na reserva t\u00eam marcas diferentes ou os protetores parecem mais novos que os do deck, n\u00f3s s\u00f3 aplicaremos esta infra\u00e7\u00e3o depois que o jogador incluir os cards marcados em seu deck para um jogo. Se voc\u00ea descobrir este problema enquanto estiver fazendo uma confer\u00eancia de deck, ent\u00e3o voc\u00ea dever\u00e1 avisar ao jogador sobre sua exist\u00eancia e sugerir que ele utilize os protetores do deck principal quando incluir cards da reserva entre jogos.<\/span><\/i><span style=\"font-weight: 400\"><\/div><\/span><\/p>\n<h2><b>Exemplos<\/b><\/h2>\n<ol>\n<li><span style=\"font-weight: 400\"> Um jogador tem pequenas marcas em alguns dos seus protetores. As marcas est\u00e3o em uma Montanha, um Hierarca Loxodonte e uma H\u00e9lice de Raios.<\/span><\/li>\n<\/ol>\n<p><span style=\"font-weight: 400\"><div class=\"alert alert-info\" role=\"alert\"> <\/span><i><span style=\"font-weight: 400\">N\u00e3o existe um bom argumento para tratar um terreno, uma criatura e uma instant\u00e2nea como um padr\u00e3o de cards marcados. No entanto, cards que estejam individualmente marcados ainda s\u00e3o problem\u00e1ticos. Caso um jogador perceba essas marcas, ele poder\u00e1 levantar hip\u00f3teses sobre a identidade dos cards durante seus jogos (\u201cesta carta do meu deck \u00e9 uma Montanha, um Hierarca Loxodonte ou um Raio\u201d), acessando, assim, conhecimento indevido sobre qual card estaria no topo do seu deck.<\/span><\/i><span style=\"font-weight: 400\"><\/div><\/span><\/p>\n<ol>\n<li><span style=\"font-weight: 400\"> Um jogador tem v\u00e1rios cards foil que se destacam significativamente do resto do seu deck<\/span><\/li>\n<\/ol>\n<p><span style=\"font-weight: 400\"><div class=\"alert alert-info\" role=\"alert\"> <\/span><i><span style=\"font-weight: 400\">Cards foil t\u00eam uma tend\u00eancia a se curvar. \u00c9 poss\u00edvel que, associado ao mal cuidado, esses cards se curvem de uma forma que os torne percept\u00edveis no deck. Novamente, um jogador que saiba quais foils est\u00e3o em seu deck, e perceba a diferen\u00e7a entre os cards, pode formular um palpite mais preciso acerca da identidade dos cards curvos. Lembre-se de que nem todas as foils s\u00e3o consideradas cards marcados e nem todos os cards curvos s\u00e3o foils. Sejamos bem claros, aqui: o fato de o seu deck conter foils em um padr\u00e3o espec\u00edfico (todos os terrenos, por exemplo) n\u00e3o significa que este esteja marcado; o que torna os cards marcados \u00e9 a curvatura (quando h\u00e1), n\u00e3o o fato de serem foil. <\/span><\/i><span style=\"font-weight: 400\"><\/div><\/span><\/p>\n<ol>\n<li><span style=\"font-weight: 400\"> Os terrenos b\u00e1sicos em um deck sem protetores s\u00e3o de uma edi\u00e7\u00e3o com as costas notavelmente mais claras<\/span><\/li>\n<\/ol>\n<p><span style=\"font-weight: 400\"><div class=\"alert alert-info\" role=\"alert\"> <\/span><i><span style=\"font-weight: 400\">Ter costas mais claras que s\u00e3o not\u00e1veis torna esses cards marcados e, por serem todos os terrenos b\u00e1sicos, isso se encaixa no aumento previsto nas Solu\u00e7\u00f5es Adicionais, porque vantagem substancial pode ser obtida sabendo que o card do topo do grim\u00f3rio \u00e9 um terreno apenas vendo as costas diferentes.<\/span><\/i><span style=\"font-weight: 400\"><\/div><\/span><\/p>\n<h2><b>Filosofia<\/b><\/h2>\n<p><span style=\"font-weight: 400\">Protetores e cards tornam-se frequentemente gastos ao longo de um campeonato, e, contanto que o jogador n\u00e3o se esteja tentando tirar vantagem deste, abordar a situa\u00e7\u00e3o \u00e9 suficiente na maioria dos casos. Note-se que quase todos os protetores podem ser considerados marcados de alguma forma, os ju\u00edzes devem manter isso em mente quando determinam as penalidades.<\/span><\/p>\n<p><span style=\"font-weight: 400\"><div class=\"alert alert-info\" role=\"alert\"> <\/span><i><span style=\"font-weight: 400\">Torneios s\u00e3o demorados, com muitos torneios durando mais de 8 horas de Magic efetivamente jogado. Jogar Magic \u2013 especialmente embaralhar cards \u2013 durante mais de 8 horas, far\u00e1 com que alguns protetores se rasguem, outros se amassem, apresentem arranh\u00f5es ou cantos dobrados. Desde que essas marca\u00e7\u00f5es n\u00e3o fa\u00e7am com que um card se torne identific\u00e1vel, \u00e9 simples o suficiente apontar o problema, aplicar a penalidade e pedir ao jogador que troque seus protetores. Seja cuidadoso, no entanto: se voc\u00ea procurar por tempo suficiente, provavelmente vai encontrar marca\u00e7\u00f5es em todos os cards do mundo. Isso n\u00e3o significa que eles estejam marcados.<\/span><\/i><span style=\"font-weight: 400\"><\/div><\/span><\/p>\n<p><span style=\"font-weight: 400\">Nos casos de cards marcados, educar os jogadores para embaralhar os cards e os protetores antes de p\u00f4r os cards nos protetores \u00e9 muito importante.<\/span><\/p>\n<p><span style=\"font-weight: 400\"><div class=\"alert alert-info\" role=\"alert\"> <\/span><i><span style=\"font-weight: 400\">\u00c9 sempre importante explicar por que voc\u00ea est\u00e1 aplicando uma infra\u00e7\u00e3o em particular a um jogador, mas, com Cards Marcados, voc\u00ea tamb\u00e9m precisa explicar aos jogadores como evitar que isso se repita no futuro. Tipicamente, os jogadores n\u00e3o v\u00e3o saber que h\u00e1 um problema at\u00e9 que voc\u00ea exponha a eles a exist\u00eancia de um.<\/span><\/i><\/p>\n<p><i><span style=\"font-weight: 400\">Al\u00e9m disso, existem alguns passos adicionais que os jogadores devem seguir quando forem colocar protetores em seu deck. Por exemplo, os jogadores devem embaralhar seus protetores, bem como seus cards, antes de coloc\u00e1-los nos protetores. Por vezes, alguns protetores s\u00e3o ligeiramente mais curtos que outros (isso pode acontecer com protetores de lotes diferentes, ainda que sejam vendidos como id\u00eanticos). Se o jogador embaralha os protetores primeiro, pode at\u00e9 existir a infra\u00e7\u00e3o de Cards Marcados, o que implica uma corre\u00e7\u00e3o, mas \u00e9 improv\u00e1vel que seja algo s\u00e9rio. Se um jogador n\u00e3o embaralha primeiro, ent\u00e3o pode ser que o deck fique com protetores de um tamanho e a reserva do deck com um tamanho diferente \u2013 um problema muito maior (veja a seguir)<\/span><\/i><span style=\"font-weight: 400\"><\/div><\/span><\/p>\n<p><span style=\"font-weight: 400\">Essa infra\u00e7\u00e3o se aplica apenas para cards no deck do jogador. Protetores com marcas diferentes na reserva n\u00e3o s\u00e3o ilegais a n\u00e3o ser que eles sejam adicionados ao deck sem terem sido substitu\u00eddos.<\/span><\/p>\n<p><span style=\"font-weight: 400\"><div class=\"alert alert-info\" role=\"alert\"> <\/span><i><span style=\"font-weight: 400\">Digamos que todo o deck do jogador est\u00e1 com protetores, mas sua reserva n\u00e3o. Os cards da reserva est\u00e3o marcados? Claro que n\u00e3o! Essas duas senten\u00e7as definem o limite entre Cards Marcados e cards que est\u00e3o marcados, e o limite \u00e9 o deck. Cards na reserva podem estar de qualquer maneira, at\u00e9 o momento em que s\u00e3o colocados no deck. Isso significa que, durante uma confer\u00eancia de decks, voc\u00ea pode se deparar com protetores marcados que fariam os cards da reserva se destacar. No entanto, se eles n\u00e3o estiverem em uso no deck, isso n\u00e3o ser\u00e1 considerado um problema.<\/span><\/i><span style=\"font-weight: 400\"><\/div><\/span><\/p>\n<p><span style=\"font-weight: 400\">Salvo em caso de investiga\u00e7\u00e3o, os ju\u00edzes s\u00e3o encorajados a alertar os jogadores sobre os cuidados com cards marcados na reserva.<\/span><\/p>\n<p><span style=\"font-weight: 400\"><div class=\"alert alert-info\" role=\"alert\"> <\/span><i><span style=\"font-weight: 400\">Durante uma checagem de decks, se voc\u00ea encontrar alguns cards da reserva que estejam marcados, por favor avise ao jogador que ele precisar\u00e1 usar os protetores do deck principal, quando for utilizar aqueles cards de sua reserva. N\u00e3o espere em sil\u00eancio que o jogador coloque aqueles cards no deck para embosc\u00e1-lo com uma penalidade. D\u00ea o aviso de antem\u00e3o. A exce\u00e7\u00e3o a isso s\u00e3o as investiga\u00e7\u00f5es. Se voc\u00ea estiver investigando Trapa\u00e7a, fica a seu crit\u00e9rio n\u00e3o contar nada ao jogador, com a finalidade de colher mais informa\u00e7\u00f5es para sua apura\u00e7\u00e3o.<\/span><\/i><span style=\"font-weight: 400\"><\/div><\/span><\/p>\n<h2><b>Solu\u00e7\u00e3o Adicional<\/b><\/h2>\n<p><span style=\"font-weight: 400\">O jogador precisa substituir o card(s) ou protetor(es) por uma vers\u00e3o sem marca ou, se n\u00e3o tiver protetores sendo usados, usar protetores que escondam as marcas.<\/span><\/p>\n<p><span style=\"font-weight: 400\"><div class=\"alert alert-info\" role=\"alert\"> <\/span><i><span style=\"font-weight: 400\">Em uma situa\u00e7\u00e3o em que os cards ou protetores de um jogador estejam marcados, haver\u00e1 a necessidade de que eles sejam \u201cdesmarcados\u201d. \u00c9 f\u00e1cil conseguir protetores novos na loja que estiver organizando o torneio, ou mesmo com os vendedores em um GP. Se estivermos falando sobre apenas alguns cards, a maioria dos pacotes de protetores v\u00eam com alguns extras, ou talvez o jogador possa substituir protetores marcados do deck por protetores n\u00e3o marcados de sua reserva. Isso \u00e9 especialmente importante em torneios em que o jogador n\u00e3o tenha colocado os cards de seu deck em protetores. Devido \u00e0 frequ\u00eancia com que um deck deve ser embaralhado, cards sem protetores tendem a se tornar marcados rapidamente. <\/span><\/i><span style=\"font-weight: 400\"><\/div><\/span><\/p>\n<p><span style=\"font-weight: 400\">Se os pr\u00f3prios cards se tornarem marcados atrav\u00e9s do jogo no torneio, o Juiz Mor pode decidir emitir um card substituto<\/span><\/p>\n<p><span style=\"font-weight: 400\"><div class=\"alert alert-info\" role=\"alert\"> <\/span><i><span style=\"font-weight: 400\">Se algu\u00e9m trope\u00e7a e derruba \u00e1gua no deck de um jogador, n\u00f3s n\u00e3o queremos que seja o fim do dia para ele, caso fique impossibilitado de jogar com seus cards. Conforme descrito no MTR 3.4, cards substitutos (proxies) para cards danificados ou marcados no decorrer de um torneio, assim como para produto selado com erro de impress\u00e3o, podem ser emitidos de acordo com a determina\u00e7\u00e3o e o discernimento do juiz mor.<\/span><\/i><span style=\"font-weight: 400\"><\/div><\/span><\/p>\n<p><span style=\"font-weight: 400\">Aumento: Se o jogador \u00e9 incapaz de encontrar cards de substitui\u00e7\u00e3o, ele pode substituir os cards por qualquer combina\u00e7\u00e3o de cards com os seguintes nomes: Plan\u00edcie, Ilha P\u00e2ntano, Montanha ou Floresta. Como a lista de deck ser\u00e1 alterada para coincidir com o novo conte\u00fado do deck, a penalidade \u00e9 uma Perda de Partida. Essa mudan\u00e7a pode ser revertida posteriormente sem penalidade adicional se o jogador encontrar c\u00f3pias iguais aos cards perdidos. \u00a0<\/span><\/p>\n<p><span style=\"font-weight: 400\"><div class=\"alert alert-info\" role=\"alert\"> <\/span><i><span style=\"font-weight: 400\">Se um jogador n\u00e3o pode jogar com certa quantidade de cards, por eles serem ilegais (por exemplo, as quatro c\u00f3pias de Huntmaster of the Fells est\u00e3o curvadas demais, e n\u00e3o podem ser usadas, ent\u00e3o esse jogador agora tem um deck com 56 cards), O jogador pode substituir esses cards por outras c\u00f3pias do mesmo card, ou uma combina\u00e7\u00e3o de cards chamados Plan\u00edcie, Ilha, P\u00e2ntano, Montanha ou Floresta. Se o jogador optar por procurar cards substitutos, por favor, pe\u00e7a que ele fa\u00e7a isso r\u00e1pido e de a ele 10 minutos antes de atribuir a ele uma puni\u00e7\u00e3o por Atraso. Se ao inv\u00e9s disso o jogador adicionou qualquer um dos terrenos b\u00e1sicos, a lista do deck tem que ser alterada para que reflita o que o jogador est\u00e1 atualmente jogando. A penalidade para isso \u00e9 uma perda de jogo porque estamos alterando a lista, o que significa que o jogador n\u00e3o vai ter um problema caso mais tarde seja feita uma checagem de deck nele. Se o jogador acabar encontrando cards substitutos por alguma raz\u00e3o, n\u00f3s podemos reverter esta mudan\u00e7a desta vez, sem nenhuma penalidade.<\/span><\/i><span style=\"font-weight: 400\"><\/div><\/span><\/p>\n<p><span style=\"font-weight: 400\">Aumento<\/span><\/p>\n<p><span style=\"font-weight: 400\">Se o Juiz Mor acreditar que o dono do deck poderia tirar vantagem da situa\u00e7\u00e3o por notar o padr\u00e3o dos cards marcadas, a penalidade \u00e9 uma Perda de Jogo.<\/span><\/p>\n<p><span style=\"font-weight: 400\"><div class=\"alert alert-info\" role=\"alert\"> <\/span><i><span style=\"font-weight: 400\">Cards marcados que apresentem um padr\u00e3o bem distingu\u00edvel s\u00e3o, normalmente, um problema bem maior do que simples cantos desgastados. Por exemplo, em uma situa\u00e7\u00e3o em que os protetores de um jogador n\u00e3o sejam opacos, cards dupla-face como Mestre de Ca\u00e7a da Derrubada podem ser vistos atrav\u00e9s do protetor. J\u00e1 que todos os Mestres de Ca\u00e7a da Derrubada est\u00e3o marcados dessa forma, o aumento de penalidade \u00e9 poss\u00edvel. Outros exemplos incluem: 11 cards t\u00eam marca\u00e7\u00f5es nos cantos e 10 destes s\u00e3o terrenos; todos os cards de criatura que s\u00e3o alvos de m\u00e1gicas de reanima\u00e7\u00e3o em um deck est\u00e3o ligeiramente curvos; em um jogo em que est\u00e3o utilizando a reserva, os cards desta est\u00e3o perceptivelmente mais novos.<\/span><\/i><span style=\"font-weight: 400\"><\/div><\/span><\/p>\n<p>&nbsp;<\/p>\n","protected":false},"excerpt":{"rendered":"<p>3.8 Erro de Torneio &#8211; Cards Marcados Defini\u00e7\u00e3o Cards ou protetores no deck de um jogador tem inconsist\u00eancias que podem fazer com que eles sejam diferenciados entre si enquanto estiverem no grim\u00f3rio. Isso inclui marcas, marcas de unha, descolora\u00e7\u00e3o, bordas dobradas e curvaturas de cards foil. Exemplos Um jogador tem pequenas marcas em alguns dos [&hellip;]<\/p>\n","protected":false},"author":28,"featured_media":0,"parent":0,"menu_order":0,"comment_status":"closed","ping_status":"closed","template":"","meta":{"footnotes":"","_links_to":"","_links_to_target":""},"language":[13],"class_list":["post-5674","page","type-page","status-publish","hentry","language-pt_br"],"_links":{"self":[{"href":"https:\/\/blogs.magicjudges.org\/rules\/wp-json\/wp\/v2\/pages\/5674","targetHints":{"allow":["GET"]}}],"collection":[{"href":"https:\/\/blogs.magicjudges.org\/rules\/wp-json\/wp\/v2\/pages"}],"about":[{"href":"https:\/\/blogs.magicjudges.org\/rules\/wp-json\/wp\/v2\/types\/page"}],"author":[{"embeddable":true,"href":"https:\/\/blogs.magicjudges.org\/rules\/wp-json\/wp\/v2\/users\/28"}],"replies":[{"embeddable":true,"href":"https:\/\/blogs.magicjudges.org\/rules\/wp-json\/wp\/v2\/comments?post=5674"}],"version-history":[{"count":5,"href":"https:\/\/blogs.magicjudges.org\/rules\/wp-json\/wp\/v2\/pages\/5674\/revisions"}],"predecessor-version":[{"id":6808,"href":"https:\/\/blogs.magicjudges.org\/rules\/wp-json\/wp\/v2\/pages\/5674\/revisions\/6808"}],"wp:attachment":[{"href":"https:\/\/blogs.magicjudges.org\/rules\/wp-json\/wp\/v2\/media?parent=5674"}],"wp:term":[{"taxonomy":"language","embeddable":true,"href":"https:\/\/blogs.magicjudges.org\/rules\/wp-json\/wp\/v2\/language?post=5674"}],"curies":[{"name":"wp","href":"https:\/\/api.w.org\/{rel}","templated":true}]}}