{"id":5701,"date":"2016-12-05T17:17:17","date_gmt":"2016-12-05T14:17:17","guid":{"rendered":"http:\/\/blogs.magicjudges.org\/rules\/?page_id=5701"},"modified":"2019-05-21T22:45:03","modified_gmt":"2019-05-21T19:45:03","slug":"mtr6-3-es","status":"publish","type":"page","link":"https:\/\/blogs.magicjudges.org\/rules\/mtr6-3-es\/","title":{"rendered":"MTR 6.3 Construccion de Mazos en Formato Estandar"},"content":{"rendered":"<p><span style=\"font-weight: 400\"><div class=\"alert alert-info\" role=\"alert\"> <\/span><i><span style=\"font-weight: 400\">Estas son las colecciones legales en Est\u00e1ndar. Considera que se incluyen las fechas donde las colecciones rotar\u00e1n dentro y fuera de Est\u00e1ndar.<\/span><\/i><span style=\"font-weight: 400\"><\/div><\/span><\/p>\n<p><span style=\"font-weight: 400\">Las siguientes colecciones de cartas est\u00e1n permitidas en torneos Est\u00e1ndar:<\/span><\/p>\n<ul>\n<li style=\"font-weight: 400\"><em><span style=\"font-weight: 400\">Ixalan<\/span><\/em><\/li>\n<li style=\"font-weight: 400\"><em><span style=\"font-weight: 400\">Rivales de Ixalan<\/span><\/em><\/li>\n<li><em><span style=\"font-weight: 400\">Dominaria<\/span><\/em><\/li>\n<li><span style=\"font-weight: 400\"><em>Global Deck Series: Jiang Yanggu &amp; Mu Yanling<\/em>*\u00a0<\/span><\/li>\n<li><span style=\"font-weight: 400\"><em>Colecci\u00f3n b\u00e1sica 2019<\/em>\u00a0<\/span><\/li>\n<li><span style=\"font-weight: 400\"><em>Gremios de R\u00e1vnica<\/em>\u00a0<\/span><\/li>\n<li><i><span style=\"font-weight: 400\">La lealtad de R\u00e1vnica<\/span><\/i><\/li>\n<li><em>La guerra de la chispa<\/em>\u00a0(desde el 03 de mayo de 2019)<\/li>\n<\/ul>\n<p><i><span style=\"font-weight: 400\">* Global Deck Series: Jiang Yanggu &amp; Mu Yanling<\/span><\/i><span style=\"font-weight: 400\"> ser\u00e1 legal en el formato Est\u00e1ndar solo en China. Dejar\u00e1 el formato Est\u00e1ndar junto con <\/span><i><span style=\"font-weight: 400\">Dominaria<\/span><\/i><span style=\"font-weight: 400\">.<\/span><\/p>\n<p><span style=\"font-weight: 400\">Las cartas de los mazos de bienvenida de la <\/span><i><span style=\"font-weight: 400\">Colecci\u00f3n b\u00e1sica 2019<\/span><\/i><span style=\"font-weight: 400\"> tienen el s\u00edmbolo de expansi\u00f3n de la <\/span><i><span style=\"font-weight: 400\">Colecci\u00f3n b\u00e1sica 2019<\/span><\/i><span style=\"font-weight: 400\"> y se consideran parte de la <\/span><i><span style=\"font-weight: 400\">Colecci\u00f3n b\u00e1sica 2019<\/span><\/i><span style=\"font-weight: 400\">. Todas las cartas en los mazos de bienvenida de la <\/span><i><span style=\"font-weight: 400\">Colecci\u00f3n b\u00e1sica 2019<\/span><\/i><span style=\"font-weight: 400\"> son legales para jugar en formato Est\u00e1ndar y rotan fuera del formato Est\u00e1ndar al mismo tiempo que la <\/span><i><span style=\"font-weight: 400\">Colecci\u00f3n b\u00e1sica 2019<\/span><\/i><span style=\"font-weight: 400\">.<\/span><\/p>\n<p><span style=\"font-weight: 400\">Los mazos de Planeswalker contienen diez (10) cartas que, aunque no aparecen en los sobres de la expansi\u00f3n, se consideran parte de la expansi\u00f3n lanzada al mismo tiempo que los mazos de Planeswalker. Estas cartas tienen el mismo s\u00edmbolo de expansi\u00f3n que las cartas de esa expansi\u00f3n, y son legales para jugar en el formato Est\u00e1ndar, y rotan fuera del formato Est\u00e1ndar al mismo tiempo que la expansi\u00f3n.<\/span><\/p>\n<p>L<span style=\"font-weight: 400\">as cartas promocionales \u201cBuy-a-Box\u201d, aunque no aparezcan en sobres, se consideran parte de la expansi\u00f3n lanzada concurrentemente con esas cartas promocionales. Estas cartas tienen el mismo s\u00edmbolo de expansi\u00f3n que las cartas de esa expansi\u00f3n, y son legales para jugar en el formato Est\u00e1ndar, y rotan fuera del formato Est\u00e1ndar al mismo tiempo que la expansi\u00f3n.<\/span><\/p>\n<div class=\"alert alert-info\" role=\"alert\"> <i>Si bien las cartas de los Mazos de Planeswalkers no pueden ser abiertas en booster packs, ellas a\u00fan son legales en el formato Standard. Tenga especial cuidado cuando verifiquen la legalidad de cartas como estas.<\/i><\/div>\n<p><span style=\"font-weight: 400\">Las siguientes cartas est\u00e1n prohibidas en torneos Est\u00e1ndar.<\/span><\/p>\n<ul>\n<li style=\"font-weight: 400\"><span style=\"font-weight: 400\">Ferocid\u00f3n impetuoso<\/span><\/li>\n<\/ul>\n<p>&nbsp;<\/p>\n<p>&nbsp;<\/p>\n","protected":false},"excerpt":{"rendered":"<p>Las siguientes colecciones de cartas est\u00e1n permitidas en torneos Est\u00e1ndar: Ixalan Rivales de Ixalan Dominaria Global Deck Series: Jiang Yanggu &amp; Mu Yanling*\u00a0 Colecci\u00f3n b\u00e1sica 2019\u00a0 Gremios de R\u00e1vnica\u00a0 La lealtad de R\u00e1vnica La guerra de la chispa\u00a0(desde el 03 de mayo de 2019) * Global Deck Series: Jiang Yanggu &amp; Mu Yanling ser\u00e1 legal [&hellip;]<\/p>\n","protected":false},"author":243,"featured_media":0,"parent":0,"menu_order":0,"comment_status":"closed","ping_status":"closed","template":"","meta":{"footnotes":"","_links_to":"","_links_to_target":""},"language":[8],"class_list":["post-5701","page","type-page","status-publish","hentry","language-es"],"_links":{"self":[{"href":"https:\/\/blogs.magicjudges.org\/rules\/wp-json\/wp\/v2\/pages\/5701","targetHints":{"allow":["GET"]}}],"collection":[{"href":"https:\/\/blogs.magicjudges.org\/rules\/wp-json\/wp\/v2\/pages"}],"about":[{"href":"https:\/\/blogs.magicjudges.org\/rules\/wp-json\/wp\/v2\/types\/page"}],"author":[{"embeddable":true,"href":"https:\/\/blogs.magicjudges.org\/rules\/wp-json\/wp\/v2\/users\/243"}],"replies":[{"embeddable":true,"href":"https:\/\/blogs.magicjudges.org\/rules\/wp-json\/wp\/v2\/comments?post=5701"}],"version-history":[{"count":8,"href":"https:\/\/blogs.magicjudges.org\/rules\/wp-json\/wp\/v2\/pages\/5701\/revisions"}],"predecessor-version":[{"id":9085,"href":"https:\/\/blogs.magicjudges.org\/rules\/wp-json\/wp\/v2\/pages\/5701\/revisions\/9085"}],"wp:attachment":[{"href":"https:\/\/blogs.magicjudges.org\/rules\/wp-json\/wp\/v2\/media?parent=5701"}],"wp:term":[{"taxonomy":"language","embeddable":true,"href":"https:\/\/blogs.magicjudges.org\/rules\/wp-json\/wp\/v2\/language?post=5701"}],"curies":[{"name":"wp","href":"https:\/\/api.w.org\/{rel}","templated":true}]}}