{"id":5704,"date":"2016-12-05T17:30:43","date_gmt":"2016-12-05T14:30:43","guid":{"rendered":"http:\/\/blogs.magicjudges.org\/rules\/?page_id=5704"},"modified":"2019-05-21T22:53:19","modified_gmt":"2019-05-21T19:53:19","slug":"mtr6-4-es","status":"publish","type":"page","link":"https:\/\/blogs.magicjudges.org\/rules\/mtr6-4-es\/","title":{"rendered":"MTR 6.4 Construcci\u00f3n de Mazos en Formato Modern"},"content":{"rendered":"<p><span style=\"font-weight: 400\"><div class=\"alert alert-info\" role=\"alert\"> <\/span><i><span style=\"font-weight: 400\">Estas son las colecciones v\u00e1lidas en Modern. Considera que se incluyen las fechas en que las colecciones entran en Modern, pero ninguna colecci\u00f3n abandonara el formato. Esta secci\u00f3n se actualiza con cada lanzamiento de las MTR para as\u00ed reflejar las nuevas colecciones.<\/span><\/i><span style=\"font-weight: 400\"><\/div><\/span><\/p>\n<p><span style=\"font-weight: 400\">Las siguientes colecciones de cartas est\u00e1n permitidas en torneos Modern:<\/span><i><span style=\"font-weight: 400\"><br \/>\n<\/span><\/i><\/p>\n<ul>\n<li style=\"font-weight: 400\"><em><span style=\"font-weight: 400\">Octava Edici\u00f3n<\/span><\/em><\/li>\n<li style=\"font-weight: 400\"><em><span style=\"font-weight: 400\">Mirrodin<\/span><\/em><\/li>\n<li style=\"font-weight: 400\"><em><span style=\"font-weight: 400\">Darksteel<\/span><\/em><\/li>\n<li style=\"font-weight: 400\"><em><span style=\"font-weight: 400\">Quinto amanecer<\/span><\/em><\/li>\n<li style=\"font-weight: 400\"><em><span style=\"font-weight: 400\">Campeones de Kamigawa<\/span><\/em><\/li>\n<li style=\"font-weight: 400\"><em><span style=\"font-weight: 400\">Traidores de Kamigawa<\/span><\/em><\/li>\n<li style=\"font-weight: 400\"><em><span style=\"font-weight: 400\">Salvadores de Kamigawa<\/span><\/em><\/li>\n<li style=\"font-weight: 400\"><em><span style=\"font-weight: 400\">Novena Edici\u00f3n<\/span><\/em><\/li>\n<li style=\"font-weight: 400\"><em><span style=\"font-weight: 400\">R\u00e1vnica: Ciudad de gremios<\/span><\/em><\/li>\n<li style=\"font-weight: 400\"><em><span style=\"font-weight: 400\">El Pacto entre Gremios<\/span><\/em><\/li>\n<li style=\"font-weight: 400\"><em><span style=\"font-weight: 400\">Discordia<\/span><\/em><\/li>\n<li style=\"font-weight: 400\"><em><span style=\"font-weight: 400\">Ola de fr\u00edo<\/span><\/em><\/li>\n<li style=\"font-weight: 400\"><em><span style=\"font-weight: 400\">Espiral del tiempo<\/span><\/em><\/li>\n<li style=\"font-weight: 400\"><em><span style=\"font-weight: 400\">Caos planar<\/span><\/em><\/li>\n<li style=\"font-weight: 400\"><em><span style=\"font-weight: 400\">Visi\u00f3n del futuro<\/span><\/em><\/li>\n<li style=\"font-weight: 400\"><em><span style=\"font-weight: 400\">D\u00e9cima Edici\u00f3n<\/span><\/em><\/li>\n<li style=\"font-weight: 400\"><em><span style=\"font-weight: 400\">Lorwyn<\/span><\/em><\/li>\n<li style=\"font-weight: 400\"><em><span style=\"font-weight: 400\">Alborada<\/span><\/em><\/li>\n<li style=\"font-weight: 400\"><em><span style=\"font-weight: 400\">P\u00e1ramo Sombr\u00edo<\/span><\/em><\/li>\n<li style=\"font-weight: 400\"><em><span style=\"font-weight: 400\">Crep\u00fasculo<\/span><\/em><\/li>\n<li style=\"font-weight: 400\"><em><span style=\"font-weight: 400\">Fragmentos de Alara<\/span><\/em><\/li>\n<li style=\"font-weight: 400\"><em><span style=\"font-weight: 400\">Conflux<\/span><\/em><\/li>\n<li style=\"font-weight: 400\"><em><span style=\"font-weight: 400\">Alara renacida<\/span><\/em><\/li>\n<li style=\"font-weight: 400\"><em><span style=\"font-weight: 400\">Colecci\u00f3n b\u00e1sica <\/span><b>Magic<\/b><span style=\"font-weight: 400\"> 2010<\/span><\/em><\/li>\n<li style=\"font-weight: 400\"><em><span style=\"font-weight: 400\">Zendikar<\/span><\/em><\/li>\n<li style=\"font-weight: 400\"><em><span style=\"font-weight: 400\">Despertar del mundo<\/span><\/em><\/li>\n<li style=\"font-weight: 400\"><em><span style=\"font-weight: 400\">Levantamiento de los Eldrazi<\/span><\/em><\/li>\n<li style=\"font-weight: 400\"><em><span style=\"font-weight: 400\">Colecci\u00f3n b\u00e1sica <\/span><b>Magic<\/b><span style=\"font-weight: 400\"> 2011<\/span><\/em><\/li>\n<li style=\"font-weight: 400\"><em><span style=\"font-weight: 400\">Cicatrices de Mirrodin<\/span><\/em><\/li>\n<li style=\"font-weight: 400\"><em><span style=\"font-weight: 400\">Mirrodin sitiado<\/span><\/em><\/li>\n<li style=\"font-weight: 400\"><em><span style=\"font-weight: 400\">Nueva Phyrexia<\/span><\/em><\/li>\n<li style=\"font-weight: 400\"><em><span style=\"font-weight: 400\">Colecci\u00f3n b\u00e1sica <\/span><b>Magic<\/b><span style=\"font-weight: 400\"> 2012<\/span><\/em><\/li>\n<li style=\"font-weight: 400\"><em><span style=\"font-weight: 400\">Innistrad<\/span><\/em><\/li>\n<li style=\"font-weight: 400\"><em><span style=\"font-weight: 400\">Ascenso siniestro<\/span><\/em><\/li>\n<li style=\"font-weight: 400\"><em><span style=\"font-weight: 400\">Avacyn restituida<\/span><\/em><\/li>\n<li style=\"font-weight: 400\"><em><span style=\"font-weight: 400\">Colecci\u00f3n b\u00e1sica <\/span><b>Magic<\/b><span style=\"font-weight: 400\"> 2013<\/span><\/em><\/li>\n<li style=\"font-weight: 400\"><em><span style=\"font-weight: 400\">Regreso a R\u00e1vnica<\/span><\/em><\/li>\n<li style=\"font-weight: 400\"><em><span style=\"font-weight: 400\">Intrusi\u00f3n<\/span><\/em><\/li>\n<li style=\"font-weight: 400\"><em><span style=\"font-weight: 400\">Laberinto del Drag\u00f3n<\/span><\/em><\/li>\n<li style=\"font-weight: 400\"><em><span style=\"font-weight: 400\">Colecci\u00f3n b\u00e1sica <\/span><b>Magic<\/b><span style=\"font-weight: 400\"> 2014<\/span><\/em><\/li>\n<li style=\"font-weight: 400\"><em><span style=\"font-weight: 400\">Theros<\/span><\/em><\/li>\n<li style=\"font-weight: 400\"><em><span style=\"font-weight: 400\">Nacidos de los dioses<\/span><\/em><\/li>\n<li style=\"font-weight: 400\"><em><span style=\"font-weight: 400\">Traves\u00eda hacia Nyx<\/span><\/em><\/li>\n<li style=\"font-weight: 400\"><em><span style=\"font-weight: 400\">Colecci\u00f3n b\u00e1sica <\/span><b>Magic<\/b><span style=\"font-weight: 400\"> 2015<\/span><\/em><\/li>\n<li style=\"font-weight: 400\"><em><span style=\"font-weight: 400\">Kans de Tarkir<\/span><\/em><\/li>\n<li style=\"font-weight: 400\"><em><span style=\"font-weight: 400\">Destino reescrito<\/span><\/em><\/li>\n<li style=\"font-weight: 400\"><em><span style=\"font-weight: 400\">Dragones de Tarkir<\/span><\/em><\/li>\n<li style=\"font-weight: 400\"><em><span style=\"font-weight: 400\">Magic Or\u00edgenes<\/span><\/em><\/li>\n<li style=\"font-weight: 400\"><em><span style=\"font-weight: 400\">La batalla por Zendikar<\/span><\/em><\/li>\n<li style=\"font-weight: 400\"><em><span style=\"font-weight: 400\">El juramento de los Guardianes<\/span><\/em><\/li>\n<li style=\"font-weight: 400\"><em><span style=\"font-weight: 400\">Sombras sobre Innistrad<\/span><\/em><\/li>\n<li style=\"font-weight: 400\"><em><span style=\"font-weight: 400\">Luna de horrores<\/span><\/em><\/li>\n<li style=\"font-weight: 400\"><em><span style=\"font-weight: 400\">Kaladesh<\/span><\/em><\/li>\n<li style=\"font-weight: 400\"><em><span style=\"font-weight: 400\">La revuelta del \u00e9ter<\/span><\/em><\/li>\n<li style=\"font-weight: 400\"><em><span style=\"font-weight: 400\">Amonkhet<\/span><\/em><\/li>\n<li style=\"font-weight: 400\"><em><span style=\"font-weight: 400\">La hora de la devastaci\u00f3n<\/span><\/em><\/li>\n<li style=\"font-weight: 400\"><em><span style=\"font-weight: 400\">Ixalan<\/span><\/em><\/li>\n<li style=\"font-weight: 400\"><em><span style=\"font-weight: 400\">Rivales de Ixalan<\/span><\/em><\/li>\n<li style=\"font-weight: 400\"><em><span style=\"font-weight: 400\">Dominaria<\/span><\/em><\/li>\n<li style=\"font-weight: 400\"><em><span style=\"font-weight: 400\">Colecci\u00f3n b\u00e1sica <b>Magic<\/b> 2019<\/span><\/em><\/li>\n<li style=\"font-weight: 400\"><em><span style=\"font-weight: 400\">Gremios de R\u00e1vnica<\/span><\/em><\/li>\n<li style=\"font-weight: 400\"><em>La<span style=\"font-weight: 400\">\u00a0lealtad de R\u00e1vnica<\/span><\/em><span style=\"font-weight: 400\">\u00a0<\/span><\/li>\n<li><em>La guerra de la chispa<\/em> (desde el 3 de<br \/>\nmayo de 2019)<\/li>\n<li><em>Horizontes de Modern<\/em> (desde el 14 de junio de<br \/>\n2019)<\/li>\n<\/ul>\n<p>&nbsp;<\/p>\n<p><span style=\"font-weight: 400\">Las siguientes cartas est\u00e1n prohibidas en torneos Modern:<\/span><i><span style=\"font-weight: 400\"><br \/>\n<\/span><\/i><\/p>\n<ul>\n<li style=\"font-weight: 400\"><i><span style=\"font-weight: 400\"><a href=\"https:\/\/blogs.magicjudges.org\/rules\/wp-content\/plugins\/lems-mtg-helper\/lems-mtg-helper-cardfinder.php?find=Guarida+antigua&width=223&height=310\" class=\"jTip\" name=\"\">Guarida antigua<\/a><\/span><\/i><\/li>\n<li style=\"font-weight: 400\"><span style=\"font-weight: 400\"><a href=\"https:\/\/blogs.magicjudges.org\/rules\/wp-content\/plugins\/lems-mtg-helper\/lems-mtg-helper-cardfinder.php?find=Vaina+de+nacimiento&width=223&height=310\" class=\"jTip\" name=\"\">Vaina de nacimiento<\/a><\/span><\/li>\n<li style=\"font-weight: 400\"><span style=\"font-weight: 400\"><a href=\"https:\/\/blogs.magicjudges.org\/rules\/wp-content\/plugins\/lems-mtg-helper\/lems-mtg-helper-cardfinder.php?find=Cardumen+llameante&width=223&height=310\" class=\"jTip\" name=\"\">Cardumen llameante<\/a><\/span><\/li>\n<li style=\"font-weight: 400\"><span style=\"font-weight: 400\"><a href=\"https:\/\/blogs.magicjudges.org\/rules\/wp-content\/plugins\/lems-mtg-helper\/lems-mtg-helper-cardfinder.php?find=Mox+de+cromo&width=223&height=310\" class=\"jTip\" name=\"\">Mox de cromo<\/a><\/span><\/li>\n<li style=\"font-weight: 400\"><span style=\"font-weight: 400\"><a href=\"https:\/\/blogs.magicjudges.org\/rules\/wp-content\/plugins\/lems-mtg-helper\/lems-mtg-helper-cardfinder.php?find=Atalaya+en+las+nubes&width=223&height=310\" class=\"jTip\" name=\"\">Atalaya en las nubes<\/a><\/span><\/li>\n<li style=\"font-weight: 400\"><span style=\"font-weight: 400\"><a href=\"https:\/\/blogs.magicjudges.org\/rules\/wp-content\/plugins\/lems-mtg-helper\/lems-mtg-helper-cardfinder.php?find=Abismos+oscuros&width=223&height=310\" class=\"jTip\" name=\"\">Abismos oscuros<\/a><\/span><\/li>\n<li style=\"font-weight: 400\"><span style=\"font-weight: 400\"><a href=\"https:\/\/blogs.magicjudges.org\/rules\/wp-content\/plugins\/lems-mtg-helper\/lems-mtg-helper-cardfinder.php?find=Cham%C3%A1n+rito+mortal&width=223&height=310\" class=\"jTip\" name=\"\">Cham\u00e1n rito mortal<\/a><\/span><\/li>\n<li style=\"font-weight: 400\"><span style=\"font-weight: 400\"><a href=\"https:\/\/blogs.magicjudges.org\/rules\/wp-content\/plugins\/lems-mtg-helper\/lems-mtg-helper-cardfinder.php?find=Hurgar+en+el+tiempo&width=223&height=310\" class=\"jTip\" name=\"\">Hurgar en el tiempo<\/a><\/span><\/li>\n<li style=\"font-weight: 400\"><span style=\"font-weight: 400\"><a href=\"https:\/\/blogs.magicjudges.org\/rules\/wp-content\/plugins\/lems-mtg-helper\/lems-mtg-helper-cardfinder.php?find=Regreso+pavoroso&width=223&height=310\" class=\"jTip\" name=\"\">Regreso pavoroso<\/a><\/span><\/li>\n<li style=\"font-weight: 400\"><span style=\"font-weight: 400\"><a href=\"https:\/\/blogs.magicjudges.org\/rules\/wp-content\/plugins\/lems-mtg-helper\/lems-mtg-helper-cardfinder.php?find=Ojo+de+Ugin&width=223&height=310\" class=\"jTip\" name=\"\">Ojo de Ugin<\/a><\/span><\/li>\n<li style=\"font-weight: 400\"><span style=\"font-weight: 400\"><a href=\"https:\/\/blogs.magicjudges.org\/rules\/wp-content\/plugins\/lems-mtg-helper\/lems-mtg-helper-cardfinder.php?find=Sonda+git%C3%A1xica&width=223&height=310\" class=\"jTip\" name=\"\">Sonda git\u00e1xica<\/a><\/span><\/li>\n<li style=\"font-weight: 400\"><span style=\"font-weight: 400\"><a href=\"https:\/\/blogs.magicjudges.org\/rules\/wp-content\/plugins\/lems-mtg-helper\/lems-mtg-helper-cardfinder.php?find=Vislumbrar+la+naturaleza&width=223&height=310\" class=\"jTip\" name=\"\">Vislumbrar la naturaleza<\/a><\/span><\/li>\n<li style=\"font-weight: 400\"><span style=\"font-weight: 400\"><a href=\"https:\/\/blogs.magicjudges.org\/rules\/wp-content\/plugins\/lems-mtg-helper\/lems-mtg-helper-cardfinder.php?find=Troltumba+golgari&width=223&height=310\" class=\"jTip\" name=\"\">Troltumba golgari<\/a><\/span><\/li>\n<li style=\"font-weight: 400\"><span style=\"font-weight: 400\"><a href=\"https:\/\/blogs.magicjudges.org\/rules\/wp-content\/plugins\/lems-mtg-helper\/lems-mtg-helper-cardfinder.php?find=Gran+horno&width=223&height=310\" class=\"jTip\" name=\"\">Gran horno<\/a><\/span><\/li>\n<li style=\"font-weight: 400\"><span style=\"font-weight: 400\"><a href=\"https:\/\/blogs.magicjudges.org\/rules\/wp-content\/plugins\/lems-mtg-helper\/lems-mtg-helper-cardfinder.php?find=Cenit+del+sol+verde&width=223&height=310\" class=\"jTip\" name=\"\">Cenit del sol verde<\/a><\/span><\/li>\n<li style=\"font-weight: 400\"><span style=\"font-weight: 400\"><a href=\"https:\/\/blogs.magicjudges.org\/rules\/wp-content\/plugins\/lems-mtg-helper\/lems-mtg-helper-cardfinder.php?find=Hiperg%C3%A9nesis&width=223&height=310\" class=\"jTip\" name=\"\">Hiperg\u00e9nesis<\/a><\/span><\/li>\n<li><span style=\"font-weight: 400\"><a href=\"https:\/\/blogs.magicjudges.org\/rules\/wp-content\/plugins\/lems-mtg-helper\/lems-mtg-helper-cardfinder.php?find=Herrer%C3%ADa+del+Clan+Krark&width=223&height=310\" class=\"jTip\" name=\"\">Herrer\u00eda del Clan Krark<\/a> (desde el 25 de enero de 2019)<\/span><\/li>\n<li style=\"font-weight: 400\"><span style=\"font-weight: 400\"><a href=\"https:\/\/blogs.magicjudges.org\/rules\/wp-content\/plugins\/lems-mtg-helper\/lems-mtg-helper-cardfinder.php?find=Tropiezo+mental&width=223&height=310\" class=\"jTip\" name=\"\">Tropiezo mental<\/a><\/span><\/li>\n<li style=\"font-weight: 400\"><span style=\"font-weight: 400\"><a href=\"https:\/\/blogs.magicjudges.org\/rules\/wp-content\/plugins\/lems-mtg-helper\/lems-mtg-helper-cardfinder.php?find=Reflexionar&width=223&height=310\" class=\"jTip\" name=\"\">Reflexionar<\/a><\/span><\/li>\n<li style=\"font-weight: 400\"><span style=\"font-weight: 400\"><a href=\"https:\/\/blogs.magicjudges.org\/rules\/wp-content\/plugins\/lems-mtg-helper\/lems-mtg-helper-cardfinder.php?find=Preordinar&width=223&height=310\" class=\"jTip\" name=\"\">Preordinar<\/a><\/span><\/li>\n<li style=\"font-weight: 400\"><span style=\"font-weight: 400\"><a href=\"https:\/\/blogs.magicjudges.org\/rules\/wp-content\/plugins\/lems-mtg-helper\/lems-mtg-helper-cardfinder.php?find=Fuego+castigador&width=223&height=310\" class=\"jTip\" name=\"\">Fuego castigador<\/a><\/span><\/li>\n<li style=\"font-weight: 400\"><span style=\"font-weight: 400\"><a href=\"https:\/\/blogs.magicjudges.org\/rules\/wp-content\/plugins\/lems-mtg-helper\/lems-mtg-helper-cardfinder.php?find=Rito+de+la+llama&width=223&height=310\" class=\"jTip\" name=\"\">Rito de la llama<\/a><\/span><\/li>\n<li style=\"font-weight: 400\"><span style=\"font-weight: 400\"><a href=\"https:\/\/blogs.magicjudges.org\/rules\/wp-content\/plugins\/lems-mtg-helper\/lems-mtg-helper-cardfinder.php?find=Sede+del+s%C3%ADnodo&width=223&height=310\" class=\"jTip\" name=\"\">Sede del s\u00ednodo<\/a><\/span><\/li>\n<li style=\"font-weight: 400\"><span style=\"font-weight: 400\"><a href=\"https:\/\/blogs.magicjudges.org\/rules\/wp-content\/plugins\/lems-mtg-helper\/lems-mtg-helper-cardfinder.php?find=Segundo+amanecer&width=223&height=310\" class=\"jTip\" name=\"\">Segundo amanecer<\/a><\/span><\/li>\n<li style=\"font-weight: 400\"><span style=\"font-weight: 400\"><a href=\"https:\/\/blogs.magicjudges.org\/rules\/wp-content\/plugins\/lems-mtg-helper\/lems-mtg-helper-cardfinder.php?find=Canci%C3%B3n+hirviente&width=223&height=310\" class=\"jTip\" name=\"\">Canci\u00f3n hirviente<\/a><\/span><\/li>\n<li style=\"font-weight: 400\"><span style=\"font-weight: 400\"><a href=\"https:\/\/blogs.magicjudges.org\/rules\/wp-content\/plugins\/lems-mtg-helper\/lems-mtg-helper-cardfinder.php?find=Trompo+adivinador+del+sensei&width=223&height=310\" class=\"jTip\" name=\"\">Trompo adivinador del sensei<\/a><\/span><\/li>\n<li style=\"font-weight: 400\"><span style=\"font-weight: 400\"><a href=\"https:\/\/blogs.magicjudges.org\/rules\/wp-content\/plugins\/lems-mtg-helper\/lems-mtg-helper-cardfinder.php?find=Engrampacr%C3%A1neos&width=223&height=310\" class=\"jTip\" name=\"\">Engrampacr\u00e1neos<\/a><\/span><\/li>\n<li style=\"font-weight: 400\"><span style=\"font-weight: 400\"><a href=\"https:\/\/blogs.magicjudges.org\/rules\/wp-content\/plugins\/lems-mtg-helper\/lems-mtg-helper-cardfinder.php?find=Gemelo+astillado&width=223&height=310\" class=\"jTip\" name=\"\">Gemelo astillado<\/a><\/span><\/li>\n<li style=\"font-weight: 400\"><span style=\"font-weight: 400\"><a href=\"https:\/\/blogs.magicjudges.org\/rules\/wp-content\/plugins\/lems-mtg-helper\/lems-mtg-helper-cardfinder.php?find=M%C3%ADstica+fragua+de+piedra&width=223&height=310\" class=\"jTip\" name=\"\">M\u00edstica fragua de piedra<\/a><\/span><\/li>\n<li style=\"font-weight: 400\"><span style=\"font-weight: 400\"><a href=\"https:\/\/blogs.magicjudges.org\/rules\/wp-content\/plugins\/lems-mtg-helper\/lems-mtg-helper-cardfinder.php?find=Floraci%C3%B3n+estival&width=223&height=310\" class=\"jTip\" name=\"\">Floraci\u00f3n estival<\/a><\/span><\/li>\n<li style=\"font-weight: 400\"><span style=\"font-weight: 400\"><a href=\"https:\/\/blogs.magicjudges.org\/rules\/wp-content\/plugins\/lems-mtg-helper\/lems-mtg-helper-cardfinder.php?find=Crucero+del+tesoro&width=223&height=310\" class=\"jTip\" name=\"\">Crucero del tesoro<\/a><\/span><\/li>\n<li style=\"font-weight: 400\"><span style=\"font-weight: 400\"><a href=\"https:\/\/blogs.magicjudges.org\/rules\/wp-content\/plugins\/lems-mtg-helper\/lems-mtg-helper-cardfinder.php?find=%C3%81rbol+de+los+cuentos&width=223&height=310\" class=\"jTip\" name=\"\">\u00c1rbol de los cuentos<\/a><\/span><\/li>\n<li style=\"font-weight: 400\"><span style=\"font-weight: 400\"><a href=\"https:\/\/blogs.magicjudges.org\/rules\/wp-content\/plugins\/lems-mtg-helper\/lems-mtg-helper-cardfinder.php?find=Jitte+de+Umezawa&width=223&height=310\" class=\"jTip\" name=\"\">Jitte de Umezawa<\/a><\/span><\/li>\n<li style=\"font-weight: 400\"><span style=\"font-weight: 400\"><a href=\"https:\/\/blogs.magicjudges.org\/rules\/wp-content\/plugins\/lems-mtg-helper\/lems-mtg-helper-cardfinder.php?find=B%C3%B3veda+de+los+Susurros&width=223&height=310\" class=\"jTip\" name=\"\">B\u00f3veda de los Susurros<\/a><\/span><span style=\"font-weight: 400\"><br \/>\n<\/span><\/li>\n<\/ul>\n<p>&nbsp;<\/p>\n","protected":false},"excerpt":{"rendered":"<p>Las siguientes colecciones de cartas est\u00e1n permitidas en torneos Modern: Octava Edici\u00f3n Mirrodin Darksteel Quinto amanecer Campeones de Kamigawa Traidores de Kamigawa Salvadores de Kamigawa Novena Edici\u00f3n R\u00e1vnica: Ciudad de gremios El Pacto entre Gremios Discordia Ola de fr\u00edo Espiral del tiempo Caos planar Visi\u00f3n del futuro D\u00e9cima Edici\u00f3n Lorwyn Alborada P\u00e1ramo Sombr\u00edo Crep\u00fasculo Fragmentos [&hellip;]<\/p>\n","protected":false},"author":243,"featured_media":0,"parent":0,"menu_order":0,"comment_status":"closed","ping_status":"closed","template":"","meta":{"footnotes":"","_links_to":"","_links_to_target":""},"language":[8],"class_list":["post-5704","page","type-page","status-publish","hentry","language-es"],"_links":{"self":[{"href":"https:\/\/blogs.magicjudges.org\/rules\/wp-json\/wp\/v2\/pages\/5704","targetHints":{"allow":["GET"]}}],"collection":[{"href":"https:\/\/blogs.magicjudges.org\/rules\/wp-json\/wp\/v2\/pages"}],"about":[{"href":"https:\/\/blogs.magicjudges.org\/rules\/wp-json\/wp\/v2\/types\/page"}],"author":[{"embeddable":true,"href":"https:\/\/blogs.magicjudges.org\/rules\/wp-json\/wp\/v2\/users\/243"}],"replies":[{"embeddable":true,"href":"https:\/\/blogs.magicjudges.org\/rules\/wp-json\/wp\/v2\/comments?post=5704"}],"version-history":[{"count":13,"href":"https:\/\/blogs.magicjudges.org\/rules\/wp-json\/wp\/v2\/pages\/5704\/revisions"}],"predecessor-version":[{"id":8401,"href":"https:\/\/blogs.magicjudges.org\/rules\/wp-json\/wp\/v2\/pages\/5704\/revisions\/8401"}],"wp:attachment":[{"href":"https:\/\/blogs.magicjudges.org\/rules\/wp-json\/wp\/v2\/media?parent=5704"}],"wp:term":[{"taxonomy":"language","embeddable":true,"href":"https:\/\/blogs.magicjudges.org\/rules\/wp-json\/wp\/v2\/language?post=5704"}],"curies":[{"name":"wp","href":"https:\/\/api.w.org\/{rel}","templated":true}]}}