{"id":5709,"date":"2016-12-13T21:28:11","date_gmt":"2016-12-13T18:28:11","guid":{"rendered":"http:\/\/blogs.magicjudges.org\/rules\/?page_id=5709"},"modified":"2018-10-03T08:18:30","modified_gmt":"2018-10-03T05:18:30","slug":"mtr2-1-es","status":"publish","type":"page","link":"https:\/\/blogs.magicjudges.org\/rules\/mtr2-1-es\/","title":{"rendered":"MTR 2.1 Estructura de partida"},"content":{"rendered":"<p><span style=\"font-weight: 400\">Una partida de <\/span><b>Magic<\/b><span style=\"font-weight: 400\"> consiste en una serie de juegos que se juegan hasta que un lado gan\u00f3 un n\u00famero fijado de juegos, normalmente dos. Los juegos empatados no cuentan para este objetivo.<\/span><\/p>\n<p><span style=\"font-weight: 400\"><div class=\"alert alert-info\" role=\"alert\"> <\/span><i><span style=\"font-weight: 400\">Usualmente la mayor\u00eda de las partidas se ganan como 2-0 o 2-1. Aquellas partidas que est\u00e1n 1-1-1 antes de que finalice el tiempo en la ronda deben empezar un cuarto juego, ya que ning\u00fan lado ha ganado el n\u00famero fijado de juegos. Las partidas de Gigante de Dos Cabezas, a diferencia de las partidas de dos jugadores, son al mejor de 1.<\/span><\/i><span style=\"font-weight: 400\"><\/div><\/span><\/p>\n<p><span style=\"font-weight: 400\">Si la ronda termina antes de que un jugador haya ganado la cantidad necesaria de juegos, el ganador de la partida es el jugador que gan\u00f3 m\u00e1s juegos en ese momento.<\/span><\/p>\n<p><span style=\"font-weight: 400\"><div class=\"alert alert-info\" role=\"alert\"> <\/span><i><span style=\"font-weight: 400\"> Si la ronda ha terminado y s\u00f3lo un jugador ha ganado un juego, ese jugador es el ganador de la partida, ya que ha ganado la mayor cantidad de juegos.<\/span><\/i><span style=\"font-weight: 400\"><\/div><\/span><\/p>\n<p><span style=\"font-weight: 400\">Si ambos jugadores ganaron igual cantidad de juegos, la partida es un empate.<\/span><\/p>\n<p><span style=\"font-weight: 400\"><div class=\"alert alert-info\" role=\"alert\"> <\/span><i><span style=\"font-weight: 400\"> Si la ronda ha terminado y el resultado es 1-1 o 1-1-1, entonces la partida es un empate.<\/span><\/i><span style=\"font-weight: 400\"><\/div><\/span><\/p>\n<p><span style=\"font-weight: 400\">El Organizador de torneo puede cambiar la cantidad de juegos que deben ganarse en cualquier parte del torneo mientras esta elecci\u00f3n sea anunciada antes de que comience el torneo.<\/span><\/p>\n<p><span style=\"font-weight: 400\"><div class=\"alert alert-info\" role=\"alert\"> <\/span><i><span style=\"font-weight: 400\"> Por ejemplo, la final del Pro Tour se juega hasta que un jugador gane tres juegos. Esto se conoce normalmente como \u201cal mejor de cinco\u201d, aunque si hubiesen juegos que resulten en empate, podr\u00eda haber m\u00e1s de cinco juegos. Hay que tener en cuenta que t\u00edpicamente esto no se realiza fuera del Pro Tour, o eventos especialmente publicitados.<\/span><\/i><span style=\"font-weight: 400\"><\/div><\/span><\/p>\n<p><span style=\"font-weight: 400\">Los resultados de las partidas (no los resultados de los juegos individuales) son reportados a la DCI para incluirlos en los Puntos Planeswalker.<\/span><\/p>\n<p><span style=\"font-weight: 400\"><div class=\"alert alert-info\" role=\"alert\"> <\/span><i><span style=\"font-weight: 400\"> Los resultados de las partidas son utilizados para determinar Puntos Planeswalker. Una victoria equivale a 3 puntos, un empate equivale an1 punto, y una derrota equivale a 0. Dependiendo del tipo de evento tambi\u00e9n puede haber multiplicadores que afecten estos resultados. En torneos casuales solo se reciben puntos por participaci\u00f3n, ya que los resultados de las partidas no se reportan. Para m\u00e1s detalles, revisar la informaci\u00f3n en<\/span><\/i><a href=\"https:\/\/www.wizards.com\/magic\/planeswalkerpoints\/information\"> <i><span style=\"font-weight: 400\">la p\u00e1gina de Puntos Planeswalker.<\/span><\/i><\/a><span style=\"font-weight: 400\"><\/div><\/span><\/p>\n<p style=\"text-align: justify;margin-bottom: 0px\">\n","protected":false},"excerpt":{"rendered":"<p>Una partida de Magic consiste en una serie de juegos que se juegan hasta que un lado gan\u00f3 un n\u00famero fijado de juegos, normalmente dos. Los juegos empatados no cuentan para este objetivo. Si la ronda termina antes de que un jugador haya ganado la cantidad necesaria de juegos, el ganador de la partida es [&hellip;]<\/p>\n","protected":false},"author":243,"featured_media":0,"parent":0,"menu_order":0,"comment_status":"closed","ping_status":"closed","template":"","meta":{"footnotes":"","_links_to":"","_links_to_target":""},"language":[8],"class_list":["post-5709","page","type-page","status-publish","hentry","language-es"],"_links":{"self":[{"href":"https:\/\/blogs.magicjudges.org\/rules\/wp-json\/wp\/v2\/pages\/5709","targetHints":{"allow":["GET"]}}],"collection":[{"href":"https:\/\/blogs.magicjudges.org\/rules\/wp-json\/wp\/v2\/pages"}],"about":[{"href":"https:\/\/blogs.magicjudges.org\/rules\/wp-json\/wp\/v2\/types\/page"}],"author":[{"embeddable":true,"href":"https:\/\/blogs.magicjudges.org\/rules\/wp-json\/wp\/v2\/users\/243"}],"replies":[{"embeddable":true,"href":"https:\/\/blogs.magicjudges.org\/rules\/wp-json\/wp\/v2\/comments?post=5709"}],"version-history":[{"count":7,"href":"https:\/\/blogs.magicjudges.org\/rules\/wp-json\/wp\/v2\/pages\/5709\/revisions"}],"predecessor-version":[{"id":8353,"href":"https:\/\/blogs.magicjudges.org\/rules\/wp-json\/wp\/v2\/pages\/5709\/revisions\/8353"}],"wp:attachment":[{"href":"https:\/\/blogs.magicjudges.org\/rules\/wp-json\/wp\/v2\/media?parent=5709"}],"wp:term":[{"taxonomy":"language","embeddable":true,"href":"https:\/\/blogs.magicjudges.org\/rules\/wp-json\/wp\/v2\/language?post=5709"}],"curies":[{"name":"wp","href":"https:\/\/api.w.org\/{rel}","templated":true}]}}