{"id":5713,"date":"2016-12-13T21:34:15","date_gmt":"2016-12-13T18:34:15","guid":{"rendered":"http:\/\/blogs.magicjudges.org\/rules\/?page_id=5713"},"modified":"2018-10-03T08:22:36","modified_gmt":"2018-10-03T05:22:36","slug":"mtr2-10-es","status":"publish","type":"page","link":"https:\/\/blogs.magicjudges.org\/rules\/mtr2-10-es\/","title":{"rendered":"MTR 2.10 Abandonando un torneo"},"content":{"rendered":"<p><span style=\"font-weight: 400\">Los jugadores pueden abandonar un torneo en cualquier momento. Si un jugador abandona un torneo antes de que comience la primera ronda de juego, se considera que no particip\u00f3 del torneo y no figurar\u00e1 en el orden final ni recibir\u00e1 Puntos Planeswalker de participaci\u00f3n.<\/span><\/p>\n<p><span style=\"font-weight: 400\"><div class=\"alert alert-info\" role=\"alert\"> <\/span><i><span style=\"font-weight: 400\">Tampoco ser\u00e1n considerados para determinar la asistencia total del evento. Esto puede ser relevante para bonus de Puntos Planeswalker por participaci\u00f3n, premios adicionales en eventos como Grand Prix, o para generar records para el evento.<\/span><\/i><span style=\"font-weight: 400\"><\/div><\/span><\/p>\n<p><span style=\"font-weight: 400\">Los jugadores que elijan abandonar un torneo deben informar al administrador de resultados por los medios provistos para el torneo antes de que est\u00e9n las parejas de la siguiente ronda.<\/span><\/p>\n<p><span style=\"font-weight: 400\"><div class=\"alert alert-info\" role=\"alert\"> <\/span><i><span style=\"font-weight: 400\">Especialmente en eventos grandes, hay un gran flujo de actividad una vez que los emparejamientos son generados, ya que hacer que los jugadores empiecen a jugar sin muchas demoras hace a todos felices. Si un jugador trata de abandonar el torneo mientras los emparejamientos son publicados, ya habr\u00e1 sido emparejado para la ronda.<\/span><\/i><span style=\"font-weight: 400\"><\/div><\/span><\/p>\n<p><span style=\"font-weight: 400\">Los jugadores que quieran abandonar despu\u00e9s de que el administrador de resultados tenga las parejas para la siguiente ronda ser\u00e1n emparejados en esa ronda.<\/span><\/p>\n<p><span style=\"font-weight: 400\"><div class=\"alert alert-info\" role=\"alert\"> <\/span><i><span style=\"font-weight: 400\">Un m\u00e9todo alternativo ser\u00eda retirar todos los emparejamientos una vez que estos fueron publicados, volver a emparejar, volver a publicar todo, y realizar varios anuncios para evitar confusi\u00f3n entre los que vieron el primer emparejamiento. En general esto puede generar un retraso muy notorio e importante en el torneo.<\/span><\/i><span style=\"font-weight: 400\"><\/div><\/span><\/p>\n<p><span style=\"font-weight: 400\">Si un jugador no se presenta en su partida, ser\u00e1 autom\u00e1ticamente eliminado del torneo a menos que se reporte al administrador de resultados. Los jugadores que regular y\/o intencionalmente abandonen torneos sin informar a los administradores de resultados de esos torneos pueden ser sujetos a penalizaciones que pueden llegar a incluir suspensiones.<\/span><\/p>\n<p><span style=\"font-weight: 400\"><div class=\"alert alert-info\" role=\"alert\"> <\/span><i><span style=\"font-weight: 400\">Los jugadores que frecuentemente abandonan el torneo sin avisar a nadie act\u00faan en detrimento de la comunidad, ya que obligan a alguien a sentarse 10 minutos sin nada que hacer, y luego pasar otros 40 minutos en los cuales no est\u00e1n jugando Magic. Afecta principalmente a las \u00faltimas mesas, cuyos jugadores usualmente en ese punto del torneo est\u00e1n simplemente para jugar Magic por diversi\u00f3n, no para ganar algo en particular.<\/span><\/i><\/p>\n<p><i><span style=\"font-weight: 400\">Esto sirve para aclarar que Wizards of the Coast puede suspender jugadores por estas acciones, no que necesariamente los suspender\u00e1.<\/span><\/i><span style=\"font-weight: 400\"><\/div><\/span><\/p>\n<p><span style=\"font-weight: 400\">Los jugadores que abandonan durante torneos limitados son propietarios de las cartas que correctamente tengan en su posesi\u00f3n en ese momento. Esto incluye cualquier sobre cerrado o parcialmente seleccionado.<\/span><\/p>\n<p><span style=\"font-weight: 400\"><div class=\"alert alert-info\" role=\"alert\"> <\/span><i><span style=\"font-weight: 400\">Esto fue clarificado para el Grand Prix Vegas en el 2013. Los jugadores pueden llevarse lo que tienen en mano y volver a casa. Esto era para que aquellos jugadores que quisieran conservar sus sobres, dado su valor, en lugar de pasarlos, pudieran hacerlo, pero con<\/span><\/i><a href=\"http:\/\/magic.wizards.com\/en\/articles\/archive\/news\/sealed-pool-procedure-update-starting-gp-sydney-and-gp-madison-2015-10-08\"> <i><span style=\"font-weight: 400\">el nuevo procedimiento de registraci\u00f3n<\/span><\/i><\/a><i><span style=\"font-weight: 400\">, los jugadores usan los mismos sobres que abrieron, y luego otro jugador registra el contenido de estos. De igual manera, los jugadores a\u00fan pueden abandonar el torneo por limitaciones de tiempo, etc., y quedarse con los sobre que originalmente les fueron entregados.<\/span><\/i><span style=\"font-weight: 400\"><\/div><\/span><\/p>\n<p><span style=\"font-weight: 400\">Si un jugador abandona un torneo despu\u00e9s de que se realiz\u00f3 un corte (como un corte a eliminatorias de top 8 en un Grand Prix), ning\u00fan otro jugador avanza como reemplazo. En su lugar, el jugador remanente con la mejor posici\u00f3n recibe una ronda libre.<\/span><\/p>\n<p><span style=\"font-weight: 400\"><div class=\"alert alert-info\" role=\"alert\"> <\/span><i><span style=\"font-weight: 400\">Es raro que un jugador voluntariamente abandone el torneo una vez que se haya realizado un corte, pero las emergencias existen. Por otro lado, a veces un jugador es retirado del torneo involuntariamente por una descalificaci\u00f3n. Si esto ocurriera, los jueces no deben hacer avanzar a ning\u00fan otro jugador dentro del Top X.<\/span><\/i><span style=\"font-weight: 400\"><\/div><\/span><\/p>\n<p><span style=\"font-weight: 400\">Los jugadores que abandonaron pueden reingresar al torneo a discreci\u00f3n del juez principal. Los jugadores no pueden reingresar a una porci\u00f3n del torneo que requiera un mazo que no construyeron. Los jugadores no pueden reingresar a un torneo una vez que se realiz\u00f3 un corte.<\/span><\/p>\n<p><span style=\"font-weight: 400\"><div class=\"alert alert-info\" role=\"alert\"> <\/span><i><span style=\"font-weight: 400\">Cuando se est\u00e9 considerando volver a incluir a un jugador dentro del evento, el juez principal debe analizar qu\u00e9 tanta disrupci\u00f3n puede ocasionar al evento.<\/span><\/i><\/p>\n<p><i><span style=\"font-weight: 400\">Los jugadores no pueden entrar a una porci\u00f3n del evento que requiera un mazo de sellado o de draft, ya que no tienen forma de tener un mazo legal para utilizar en el evento.<\/span><\/i><span style=\"font-weight: 400\"><\/div><\/span><\/p>\n<p><span style=\"font-weight: 400\">Los jugadores no pueden abandonar un torneo a cambio de o influenciados por alguna recompensa o incentivo. Hacer eso se considera Soborno (ver<\/span><a href=\"http:\/\/blogs.magicjudges.org\/rules\/mtr5-2-es\/\"> <span style=\"font-weight: 400\">secci\u00f3n 5.2<\/span><\/a><span style=\"font-weight: 400\">).<\/span><\/p>\n<p style=\"text-align: justify;margin-bottom: 0px\">\n","protected":false},"excerpt":{"rendered":"<p>Los jugadores pueden abandonar un torneo en cualquier momento. Si un jugador abandona un torneo antes de que comience la primera ronda de juego, se considera que no particip\u00f3 del torneo y no figurar\u00e1 en el orden final ni recibir\u00e1 Puntos Planeswalker de participaci\u00f3n. Los jugadores que elijan abandonar un torneo deben informar al administrador [&hellip;]<\/p>\n","protected":false},"author":243,"featured_media":0,"parent":0,"menu_order":0,"comment_status":"closed","ping_status":"closed","template":"","meta":{"footnotes":"","_links_to":"","_links_to_target":""},"language":[8],"class_list":["post-5713","page","type-page","status-publish","hentry","language-es"],"_links":{"self":[{"href":"https:\/\/blogs.magicjudges.org\/rules\/wp-json\/wp\/v2\/pages\/5713","targetHints":{"allow":["GET"]}}],"collection":[{"href":"https:\/\/blogs.magicjudges.org\/rules\/wp-json\/wp\/v2\/pages"}],"about":[{"href":"https:\/\/blogs.magicjudges.org\/rules\/wp-json\/wp\/v2\/types\/page"}],"author":[{"embeddable":true,"href":"https:\/\/blogs.magicjudges.org\/rules\/wp-json\/wp\/v2\/users\/243"}],"replies":[{"embeddable":true,"href":"https:\/\/blogs.magicjudges.org\/rules\/wp-json\/wp\/v2\/comments?post=5713"}],"version-history":[{"count":6,"href":"https:\/\/blogs.magicjudges.org\/rules\/wp-json\/wp\/v2\/pages\/5713\/revisions"}],"predecessor-version":[{"id":8362,"href":"https:\/\/blogs.magicjudges.org\/rules\/wp-json\/wp\/v2\/pages\/5713\/revisions\/8362"}],"wp:attachment":[{"href":"https:\/\/blogs.magicjudges.org\/rules\/wp-json\/wp\/v2\/media?parent=5713"}],"wp:term":[{"taxonomy":"language","embeddable":true,"href":"https:\/\/blogs.magicjudges.org\/rules\/wp-json\/wp\/v2\/language?post=5713"}],"curies":[{"name":"wp","href":"https:\/\/api.w.org\/{rel}","templated":true}]}}