{"id":5722,"date":"2016-12-15T23:37:58","date_gmt":"2016-12-15T20:37:58","guid":{"rendered":"http:\/\/blogs.magicjudges.org\/rules\/?page_id=5722"},"modified":"2018-10-03T08:25:33","modified_gmt":"2018-10-03T05:25:33","slug":"mtr2-13-es","status":"publish","type":"page","link":"https:\/\/blogs.magicjudges.org\/rules\/mtr2-13-es\/","title":{"rendered":"MTR 2.13 Cobertura en video"},"content":{"rendered":"<p><span style=\"font-weight: 400\">Algunos torneos de Nivel de Imposici\u00f3n de Reglas Competitivo y Profesional utilizan video para transmitir en vivo o publicar grabaciones de partidas. Los jugadores pueden oponerse a aparecer en c\u00e1mara; sin embargo, los jugadores en las partidas eliminatorias de los torneos de Nivel de Imposici\u00f3n de Reglas Profesional no pueden oponerse a aparecer en c\u00e1mara.<\/span><\/p>\n<p><span style=\"font-weight: 400\"><div class=\"alert alert-info\" role=\"alert\"> <\/span><i><span style=\"font-weight: 400\"> T\u00edpicamente cada jugador llena un formulario de prensa en eventos grandes que incluyen cobertura de video. Los jugadores se pueden rehusar por distintos motivos, desde ser t\u00edmidos hasta estar en un programa de protecci\u00f3n a testigos, sin embargo todas las partidas del Top 8 tendr\u00e1n cobertura.<\/span><\/i><span style=\"font-weight: 400\"><\/div><\/span><\/p>\n<p><span style=\"font-weight: 400\">Los comentaristas de video se consideran espectadores del torneo, pero pueden hablar durante la partida siempre y cuando los jugadores de la cobertura no puedan escucharlos. Son responsables de comportarse respetuosamente con todos los participantes del torneo durante la cobertura.<\/span><\/p>\n<p><span style=\"font-weight: 400\"><div class=\"alert alert-info\" role=\"alert\"> <\/span><i><span style=\"font-weight: 400\"> En un Grand Prix, el equipo de cobertura usualmente se encuentra alrededor de 25 metros alejado de la partida que se est\u00e1 comentando, de manera que los jugadores no puedan escuchar al equipo hablar acerca de qu\u00e9 cartas se est\u00e1n robando, o qu\u00e9 l\u00edneas de juego est\u00e1n disponibles para los jugadores.<\/span><\/i><span style=\"font-weight: 400\"><\/div><\/span><\/p>\n<p><span style=\"font-weight: 400\">Los espectadores tambi\u00e9n pueden grabar las partidas siempre y cuando lo hagan sin molestar.<\/span><\/p>\n<p><span style=\"font-weight: 400\"><div class=\"alert alert-info\" role=\"alert\"> <\/span><i><span style=\"font-weight: 400\"> Los espectadores no pueden compartir notas con un jugador durante la partida. Hacerlo probablemente los haga incurrir en<\/span><\/i><a href=\"http:\/\/blogs.magicjudges.org\/rules\/ipg3-2-es\/\"> <i><span style=\"font-weight: 400\">Ayuda Externa<\/span><\/i><\/a><i><span style=\"font-weight: 400\">.<\/span><\/i><span style=\"font-weight: 400\"><\/div><\/span><\/p>\n<p><span style=\"font-weight: 400\">El Juez principal de un World Championship, World <\/span><b>Magic<\/b><span style=\"font-weight: 400\"> Cup, o un Pro Tour puede, a su entera discreci\u00f3n, usar una grabaci\u00f3n de video para ayudarse al tomar una decisi\u00f3n de reglas durante una partida. Las grabaciones de video no pueden usarse para ayudar a tomar una decisi\u00f3n de reglas en otros torneos salvo World Championship, World <\/span><b>Magic<\/b><span style=\"font-weight: 400\"> Cup, o un Pro Tour . Los jugadores no pueden solicitar a un juez que consulte una grabaci\u00f3n de video. Las grabaciones de video pueden usarse tambi\u00e9n para investigaciones m\u00e1s adelante.<\/span><\/p>\n<p><span style=\"font-weight: 400\"><div class=\"alert alert-info\" role=\"alert\"> <\/span><i><span style=\"font-weight: 400\"> Esto fue a\u00f1adido en Agosto del 2015. Las grabaciones siempre fueron elementos que el<\/span><\/i><a href=\"http:\/\/blogs.magicjudges.org\/o\/spheres\/investigations-committee\/\"> <i><span style=\"font-weight: 400\">Comit\u00e9 de Investigaciones<\/span><\/i><\/a><i><span style=\"font-weight: 400\"> puede utilizar libremente luego de un evento.<\/span><\/i><\/p>\n<p><i><span style=\"font-weight: 400\">Hay muchas razones por la cual previamente no se pod\u00eda utilizar repeticiones por video:<\/span><\/i><\/p>\n<ul>\n<li style=\"font-weight: 400\"><i><span style=\"font-weight: 400\">La gente que est\u00e1 siendo filmada pod\u00eda ganar una ventaja adicional mientras estaba en c\u00e1mara dada la opci\u00f3n de repetici\u00f3n por video.<\/span><\/i><\/li>\n<li style=\"font-weight: 400\"><i><span style=\"font-weight: 400\">A\u00f1ade tiempo a la investigaci\u00f3n. El Juez Principal necesita dirigirse a un lugar, hacer que el equipo de cobertura encuentre el video de la partida, ubique el punto exacto, y luego verlo, posiblemente m\u00faltiples veces.<\/span><\/i><\/li>\n<\/ul>\n<p><i><span style=\"font-weight: 400\">Al final, los beneficios de usar repetici\u00f3n de video en eventos de nivel alto superaron las contras.<\/span><\/i><span style=\"font-weight: 400\"><\/div><\/span><\/p>\n<p style=\"text-align: justify;margin-bottom: 0px\">\n","protected":false},"excerpt":{"rendered":"<p>Algunos torneos de Nivel de Imposici\u00f3n de Reglas Competitivo y Profesional utilizan video para transmitir en vivo o publicar grabaciones de partidas. Los jugadores pueden oponerse a aparecer en c\u00e1mara; sin embargo, los jugadores en las partidas eliminatorias de los torneos de Nivel de Imposici\u00f3n de Reglas Profesional no pueden oponerse a aparecer en c\u00e1mara. [&hellip;]<\/p>\n","protected":false},"author":243,"featured_media":0,"parent":0,"menu_order":0,"comment_status":"closed","ping_status":"closed","template":"","meta":{"footnotes":"","_links_to":"","_links_to_target":""},"language":[8],"class_list":["post-5722","page","type-page","status-publish","hentry","language-es"],"_links":{"self":[{"href":"https:\/\/blogs.magicjudges.org\/rules\/wp-json\/wp\/v2\/pages\/5722","targetHints":{"allow":["GET"]}}],"collection":[{"href":"https:\/\/blogs.magicjudges.org\/rules\/wp-json\/wp\/v2\/pages"}],"about":[{"href":"https:\/\/blogs.magicjudges.org\/rules\/wp-json\/wp\/v2\/types\/page"}],"author":[{"embeddable":true,"href":"https:\/\/blogs.magicjudges.org\/rules\/wp-json\/wp\/v2\/users\/243"}],"replies":[{"embeddable":true,"href":"https:\/\/blogs.magicjudges.org\/rules\/wp-json\/wp\/v2\/comments?post=5722"}],"version-history":[{"count":5,"href":"https:\/\/blogs.magicjudges.org\/rules\/wp-json\/wp\/v2\/pages\/5722\/revisions"}],"predecessor-version":[{"id":8365,"href":"https:\/\/blogs.magicjudges.org\/rules\/wp-json\/wp\/v2\/pages\/5722\/revisions\/8365"}],"wp:attachment":[{"href":"https:\/\/blogs.magicjudges.org\/rules\/wp-json\/wp\/v2\/media?parent=5722"}],"wp:term":[{"taxonomy":"language","embeddable":true,"href":"https:\/\/blogs.magicjudges.org\/rules\/wp-json\/wp\/v2\/language?post=5722"}],"curies":[{"name":"wp","href":"https:\/\/api.w.org\/{rel}","templated":true}]}}