{"id":5724,"date":"2016-12-15T23:42:55","date_gmt":"2016-12-15T20:42:55","guid":{"rendered":"http:\/\/blogs.magicjudges.org\/rules\/?page_id=5724"},"modified":"2017-01-08T00:59:47","modified_gmt":"2017-01-07T21:59:47","slug":"mtr2-14-es","status":"publish","type":"page","link":"https:\/\/blogs.magicjudges.org\/rules\/mtr2-14-es\/","title":{"rendered":"MTR 2.14 Total de vidas"},"content":{"rendered":"<p style=\"text-align: justify;margin-bottom: 0px\">Al comienzo de una partida, cada jugador debe indicar c\u00f3mo llevar\u00e1 registro de su total de vidas (incluyendo la cantidad de contadores de veneno). Este m\u00e9todo debe ser visible para ambos jugadores durante la partida.<\/p>\n<div class=\"alert alert-info\" role=\"alert\"> <em> Com\u00fanmente, los jugadores indican el m\u00e9todo en cuesti\u00f3n simplemente us\u00e1ndolo al comienzo del juego \u2013 escribir 20 20 en una hoja de papel nueva est\u00e1 bien, colocar dos dados en 20 tambi\u00e9n (aunque no est\u00e1 recomendado). Las \u201cnotas\u201d necesitan estar visibles para los dos jugadores, de manera que si hay alg\u00fan tipo de discrepancia entre ambas, puede ser descubierta y arreglada lo m\u00e1s r\u00e1pido posible.<\/em><\/div>\n<p style=\"text-align: justify;margin-bottom: 0px\">Un m\u00e9todo compartido es aceptable siempre y cuando todos los jugadores tengan acceso a \u00e9l.<\/p>\n<div class=\"alert alert-info\" role=\"alert\"> <em>Eso significa que uno de los jugadores puede usar una libreta (o un tel\u00e9fono en NIR Regular) para anotar los totales de vida de ambos jugadores. Por supuesto que dicha libreta debe estar disponible a ambos jugadores.<\/em><\/div>\n<p style=\"text-align: justify;margin-bottom: 0px\">Un cambio en el total de vidas de un jugador deber\u00eda estar acompa\u00f1ado de un anuncio verbal de parte de ese jugador de su nuevo total de vidas.<\/p>\n<div class=\"alert alert-info\" role=\"alert\"> <em>Los jugadores siempre deben anunciar cualquier cambio en los totales de vida de manera verbal y sus oponentes siempre deben confirmar cada cambio. Este m\u00e9todo reduce la chance de enfrentarse a situaciones desagradables al comunicar el estado de juego de manera clara.<\/em><\/div>\n<p style=\"text-align: justify;margin-bottom: 0px\">Si un jugador nota una discrepancia entre el total anunciado y el registrado, se espera que lo notifique tan pronto como note esta discrepancia.<\/p>\n<div class=\"alert alert-info\" role=\"alert\"> <em> Si hay cualquier tipo de discrepancia en los totales de vida, los jugadores est\u00e1n obligados a indicarlo lo m\u00e1s r\u00e1pido posible, de manera que los dem\u00e1s jugadores (y tal vez el juez) puedan encontrar la fuente de la discrepancia y arreglarla. Nadie quiere encontrarse en la situaci\u00f3n de que les faltaba un punto de vida para sobrevivir a un ataque por una discrepancia en totales de vida que ocurri\u00f3 diez turnos atr\u00e1s.<\/em><\/div>\n","protected":false},"excerpt":{"rendered":"<p>Al comienzo de una partida, cada jugador debe indicar c\u00f3mo llevar\u00e1 registro de su total de vidas (incluyendo la cantidad de contadores de veneno). Este m\u00e9todo debe ser visible para ambos jugadores durante la partida. Un m\u00e9todo compartido es aceptable siempre y cuando todos los jugadores tengan acceso a \u00e9l. Un cambio en el total [&hellip;]<\/p>\n","protected":false},"author":243,"featured_media":0,"parent":0,"menu_order":0,"comment_status":"closed","ping_status":"closed","template":"","meta":{"footnotes":"","_links_to":"","_links_to_target":""},"language":[8],"class_list":["post-5724","page","type-page","status-publish","hentry","language-es"],"_links":{"self":[{"href":"https:\/\/blogs.magicjudges.org\/rules\/wp-json\/wp\/v2\/pages\/5724","targetHints":{"allow":["GET"]}}],"collection":[{"href":"https:\/\/blogs.magicjudges.org\/rules\/wp-json\/wp\/v2\/pages"}],"about":[{"href":"https:\/\/blogs.magicjudges.org\/rules\/wp-json\/wp\/v2\/types\/page"}],"author":[{"embeddable":true,"href":"https:\/\/blogs.magicjudges.org\/rules\/wp-json\/wp\/v2\/users\/243"}],"replies":[{"embeddable":true,"href":"https:\/\/blogs.magicjudges.org\/rules\/wp-json\/wp\/v2\/comments?post=5724"}],"version-history":[{"count":3,"href":"https:\/\/blogs.magicjudges.org\/rules\/wp-json\/wp\/v2\/pages\/5724\/revisions"}],"predecessor-version":[{"id":5782,"href":"https:\/\/blogs.magicjudges.org\/rules\/wp-json\/wp\/v2\/pages\/5724\/revisions\/5782"}],"wp:attachment":[{"href":"https:\/\/blogs.magicjudges.org\/rules\/wp-json\/wp\/v2\/media?parent=5724"}],"wp:term":[{"taxonomy":"language","embeddable":true,"href":"https:\/\/blogs.magicjudges.org\/rules\/wp-json\/wp\/v2\/language?post=5724"}],"curies":[{"name":"wp","href":"https:\/\/api.w.org\/{rel}","templated":true}]}}