{"id":5729,"date":"2016-12-15T23:50:06","date_gmt":"2016-12-15T20:50:06","guid":{"rendered":"http:\/\/blogs.magicjudges.org\/rules\/?page_id=5729"},"modified":"2018-10-19T22:40:54","modified_gmt":"2018-10-19T19:40:54","slug":"mtr2-3-es","status":"publish","type":"page","link":"https:\/\/blogs.magicjudges.org\/rules\/mtr2-3-es\/","title":{"rendered":"MTR 2.3 Procedimientos Pre-Juego"},"content":{"rendered":"<p><span style=\"font-weight: 400\">Se deben realizar los siguientes pasos en un tiempo razonable antes de que cada juego comience:<\/span><\/p>\n<p><span style=\"font-weight: 400\"><div class=\"alert alert-info\" role=\"alert\"> <\/span><i><span style=\"font-weight: 400\">El t\u00e9rmino \u201cen tiempo razonable\u201d aqu\u00ed es importante. Los jugadores no pueden tomar demasiado tiempo intercambiando cartas con su Sideboard o barajando sus mazos, o podr\u00edan quedar sujetos a penalizaciones por<\/span><\/i><a href=\"http:\/\/blogs.magicjudges.org\/rules\/ipg3-3-es\/\"> <i><span style=\"font-weight: 400\">Juego Lento<\/span><\/i><\/a><i><span style=\"font-weight: 400\"> o<\/span><\/i><a href=\"http:\/\/blogs.magicjudges.org\/rules\/ipg4-7-es\/\"> <i><span style=\"font-weight: 400\">Demorar la Partida<\/span><\/i><\/a><span style=\"font-weight: 400\"><\/div><\/span><\/p>\n<p><span style=\"font-weight: 400\">1. Si se permite usar el sideboard, los jugadores pueden quitar cartas de sus mazos y agregar cartas de su sideboard.<\/span><\/p>\n<p><span style=\"font-weight: 400\"><div class=\"alert alert-info\" role=\"alert\"> <\/span><i><span style=\"font-weight: 400\">La utilizaci\u00f3n del sideboard es permitida entre juegos solo cuando se hubiesen tomado acciones durante el juego anterior. Un torneo debe poner a prueba primeramente las habilidades de construcci\u00f3n de mazos y juego t\u00e9cnico de un jugador, y no la investigaci\u00f3n previa de sus oponentes. Un jugador no puede ofrecer un empate intencional en el primer juego antes de tomar acciones en dicho juego con el objetivo de tener acceso a su sideboard. Si han realizado acciones de juego, es razonable que aprovechen este conocimiento para poder usar dicho sideboard de forma efectiva. Esto se aplica al primer juego de la partida, o a cualquier partida que empiece en el segundo o subsecuente juego por penalizaciones dadas a uno o m\u00e1s jugadores antes del inicio del primer juego. La \u00faltima frase cubre eventos como aquellos causados por la tercera habilidad activada de <a href=\"https:\/\/blogs.magicjudges.org\/rules\/wp-content\/plugins\/lems-mtg-helper\/lems-mtg-helper-cardfinder.php?find=Karn+Liberated&width=223&height=310\" class=\"jTip\" name=\"\">Karn Liberated<\/a>; estas partidas reiniciadas se tratan como parte del mismo juego en la partida.<\/span><\/i><span style=\"font-weight: 400\"><\/div><\/span><\/p>\n<p><span style=\"font-weight: 400\">2. Los jugadores barajan sus mazos. Los pasos 1 y 2 pueden repetirse.<\/span><\/p>\n<p><span style=\"font-weight: 400\"><div class=\"alert alert-info\" role=\"alert\"> <\/span><i><span style=\"font-weight: 400\">Cada jugador debe presentar un mazo completamente aleatorio para cada juego \u2014 un jugador no debe conocer la ubicaci\u00f3n espec\u00edfica o general de ninguna carta en su mazo. Barajar por pilas (Pile Shuffling), o ubicar cartas en un n\u00famero determinado de pilas, no se considera suficiente para este proceso (<\/span><\/i><a href=\"http:\/\/blogs.magicjudges.org\/rules\/mtr3-9-es\/\"><i><span style=\"font-weight: 400\">MTR 3.9<\/span><\/i><\/a><i><span style=\"font-weight: 400\">). Barajar el mazo no es se\u00f1al de que se termin\u00f3 de utilizar el sideboard. Los jugadores pueden barajar y reconsiderar sus elecciones de sideboard, siempre y cuando esto se realice en un periodo de tiempo razonable.<\/span><\/i><span style=\"font-weight: 400\"><\/div><\/span><\/p>\n<p>3.\u00a0<span style=\"font-weight: 400\">Los jugadores presentan sus mazos a sus oponentes para que barajen adicionalmente. El sideboard (si existe) tambi\u00e9n es presentado en este momento.<\/span><\/p>\n<p><span style=\"font-weight: 400\"><div class=\"alert alert-info\" role=\"alert\"> <\/span><i><span style=\"font-weight: 400\">Esta cl\u00e1usula existe para prevenir que los jugadores ordenen sus mazos mediante juegos de manos o t\u00e9cnicas similares de manipulaci\u00f3n mientras est\u00e9n barajando. Los jugadores deben permitir tambi\u00e9n que el oponente verifique la legalidad del sideboard para cada juego (el n\u00famero de cartas, pero no el contenido). Una vez que el jugador present\u00f3 su mazo y el oponente lo baraj\u00f3, el momento para repetir los pasos 1-2 ha pasado.<\/span><\/i><span style=\"font-weight: 400\"><\/div><\/span><\/p>\n<p>4.\u00a0<span style=\"font-weight: 400\">El jugador designado debe decidir si juega primero o segundo en este momento, si no lo hizo hasta ahora (ver la <a href=\"http:\/\/blogs.magicjudges.org\/rules\/mtr2-2-es\/\">secci\u00f3n 2.2<\/a>).<\/span><\/p>\n<p><span style=\"font-weight: 400\"><div class=\"alert alert-info\" role=\"alert\"> <\/span><i><span style=\"font-weight: 400\">Esto est\u00e1 explicado en<\/span><\/i><a href=\"http:\/\/blogs.magicjudges.org\/rules\/mtr2-2-es\/\"> <i><span style=\"font-weight: 400\">MTR 2.2<\/span><\/i><\/a><i><span style=\"font-weight: 400\"> tambi\u00e9n, pero para recapitular: los jugadores deciden si quieren jugar o robar antes de mirar sus manos iniciales, ya que esta puede influenciar dicha decisi\u00f3n. La mayor\u00eda de la gente prefiere jugar primero, as\u00ed que usamos esta opci\u00f3n por defecto si es que no lo anuncian expl\u00edcitamente.<\/span><\/i><span style=\"font-weight: 400\"><\/div><\/span><\/p>\n<p>5. C<span style=\"font-weight: 400\">ada jugador roba 7 cartas. Opcionalmente, estas cartas pueden separarse boca abajo sobre la mesa.<\/span><\/p>\n<p><span style=\"font-weight: 400\"><div class=\"alert alert-info\" role=\"alert\"> <\/span><i><span style=\"font-weight: 400\">Esta regla define el tama\u00f1o de la mano inicial para torneos sancionados. El m\u00e9todo para robar estas cartas es inconsecuente siempre y cuando se roben exactamente siete cartas. Separar las cartas boca abajo sobre la mesa no significa que se hayan robado. Muchos jugadores hacen esto para contar las cartas y estar seguros que tienen el n\u00famero correcto.<\/span><\/i><span style=\"font-weight: 400\"><\/div><\/span><\/p>\n<p>6. Cada jugador, en orden de turno, puede realizar mulligans. (Las reglas sobre mulligans se pueden encontrar en las Reglas Completas de <b>Magic<\/b>, <a href=\"http:\/\/blogs.magicjudges.org\/rules\/cr103#4\">regla 103.4<\/a>) Si un jugador hace un mulligan, baraja de nuevo y repite el proceso de presentaci\u00f3n descripto arriba.<\/p>\n<p><span style=\"font-weight: 400\"><div class=\"alert alert-info\" role=\"alert\"> <\/span><i><span style=\"font-weight: 400\">Una vez que un jugador anunci\u00f3 su decisi\u00f3n de quedarse con su mano inicial, ya no puede decidir tomar un mulligan basado en la decisi\u00f3n de un oponente. Cuando un jugador anuncia una decisi\u00f3n de mulligan, debe adherirse a su elecci\u00f3n, aun cuando se haya hecho fuera de orden. Tener en cuenta que los pasos 1-2 no se repiten mientras se est\u00e9 haciendo mulligan. No se pueden agregar o remover cartas del mazo durante este proceso. A partir del 26 de Septiembre del 2015<\/span><\/i><a href=\"http:\/\/blogs.magicjudges.org\/rules\/cr103#4-es\"> <i><span style=\"font-weight: 400\">la regla 103.4<\/span><\/i><\/a><i><span style=\"font-weight: 400\"> cambi\u00f3 para permitir a cualquier jugador que realiz\u00f3 un mulligan Adivinar 1 luego de haber decidido quedarse con su mano inicial. Para los detalles t\u00e9cnicos de c\u00f3mo proceder con un mulligan, referirse a las Reglas Completas<\/span><\/i><a href=\"http:\/\/blogs.magicjudges.org\/rules\/cr103#4\"> <i><span style=\"font-weight: 400\">regla 103.4<\/span><\/i><\/a><i><span style=\"font-weight: 400\">.<\/span><\/i><span style=\"font-weight: 400\"><\/div><\/span><\/p>\n<p><span style=\"font-weight: 400\">Se considera que el juego comienza una vez que todos los jugadores terminaron sus mulligans. Los procedimientos pre-juego pueden realizarse antes de que comience oficialmente el tiempo de ronda.<\/span><\/p>\n<p><span style=\"font-weight: 400\"><div class=\"alert alert-info\" role=\"alert\"> <\/span><i><span style=\"font-weight: 400\">Esto premia a los jugadores que se presenten con puntualidad, los cuales pueden aprovechar todo el tiempo de la ronda para jugar, a la par de crear una delimitaci\u00f3n acerca de que se puede hacer y que no se puede antes de que el inicio de ronda sea anunciado.<\/span><\/i><span style=\"font-weight: 400\"><\/div><\/span><\/p>\n","protected":false},"excerpt":{"rendered":"<p>Se deben realizar los siguientes pasos en un tiempo razonable antes de que cada juego comience: 1. Si se permite usar el sideboard, los jugadores pueden quitar cartas de sus mazos y agregar cartas de su sideboard. 2. Los jugadores barajan sus mazos. Los pasos 1 y 2 pueden repetirse. 3.\u00a0Los jugadores presentan sus mazos [&hellip;]<\/p>\n","protected":false},"author":243,"featured_media":0,"parent":0,"menu_order":0,"comment_status":"closed","ping_status":"closed","template":"","meta":{"footnotes":"","_links_to":"","_links_to_target":""},"language":[8],"class_list":["post-5729","page","type-page","status-publish","hentry","language-es"],"_links":{"self":[{"href":"https:\/\/blogs.magicjudges.org\/rules\/wp-json\/wp\/v2\/pages\/5729","targetHints":{"allow":["GET"]}}],"collection":[{"href":"https:\/\/blogs.magicjudges.org\/rules\/wp-json\/wp\/v2\/pages"}],"about":[{"href":"https:\/\/blogs.magicjudges.org\/rules\/wp-json\/wp\/v2\/types\/page"}],"author":[{"embeddable":true,"href":"https:\/\/blogs.magicjudges.org\/rules\/wp-json\/wp\/v2\/users\/243"}],"replies":[{"embeddable":true,"href":"https:\/\/blogs.magicjudges.org\/rules\/wp-json\/wp\/v2\/comments?post=5729"}],"version-history":[{"count":7,"href":"https:\/\/blogs.magicjudges.org\/rules\/wp-json\/wp\/v2\/pages\/5729\/revisions"}],"predecessor-version":[{"id":8547,"href":"https:\/\/blogs.magicjudges.org\/rules\/wp-json\/wp\/v2\/pages\/5729\/revisions\/8547"}],"wp:attachment":[{"href":"https:\/\/blogs.magicjudges.org\/rules\/wp-json\/wp\/v2\/media?parent=5729"}],"wp:term":[{"taxonomy":"language","embeddable":true,"href":"https:\/\/blogs.magicjudges.org\/rules\/wp-json\/wp\/v2\/language?post=5729"}],"curies":[{"name":"wp","href":"https:\/\/api.w.org\/{rel}","templated":true}]}}