{"id":5740,"date":"2016-12-16T00:11:59","date_gmt":"2016-12-15T21:11:59","guid":{"rendered":"http:\/\/blogs.magicjudges.org\/rules\/?page_id=5740"},"modified":"2018-10-03T08:21:00","modified_gmt":"2018-10-03T05:21:00","slug":"mtr2-6-es","status":"publish","type":"page","link":"https:\/\/blogs.magicjudges.org\/rules\/mtr2-6-es\/","title":{"rendered":"MTR 2.6 Extensiones de tiempo"},"content":{"rendered":"<p><span style=\"font-weight: 400\">Si un juez pausa una partida por m\u00e1s de un minuto mientras est\u00e1 corriendo el reloj, debe extender el tiempo de partida adecuadamente.<\/span><\/p>\n<p><span style=\"font-weight: 400\"><div class=\"alert alert-info\" role=\"alert\"> <\/span><i><span style=\"font-weight: 400\">Los jugadores tienen el derecho de usar todo el tiempo de la ronda para finalizar su partida de Magic. Si una interrupci\u00f3n fuera a ocurrir, las extensiones de tiempo permiten a los jugadores poder completar sus juegos. Los jugadores que tengan una extensi\u00f3n de tiempo cuando finalice el tiempo de ronda deben llamar a un juez para asegurarse que el tiempo siga corriendo de forma adecuada.<\/span><\/i><span style=\"font-weight: 400\"><\/div><\/span><\/p>\n<p><span style=\"font-weight: 400\">Si la partida fue interrumpida para realizar una revisi\u00f3n de mazo, los jugadores reciben tiempo adicional igual al tiempo que demor\u00f3 la revisi\u00f3n m\u00e1s tres minutos.<\/span><\/p>\n<p><span style=\"font-weight: 400\"><div class=\"alert alert-info\" role=\"alert\"> <\/span><i><span style=\"font-weight: 400\">Dado que las revisiones de mazo ordenan el mazo de formas no aleatorias de manera intencional, los jugadores deben recibir una cantidad adecuada de tiempo para barajar sus mazos antes de proceder con el siguiente juego. Si bien ya no est\u00e1 codificado, el lapso de tiempo para los procedimientos tanto de Pre-Juego como entre juegos es de tres minutos, as\u00ed que este es el tiempo otorgado a cada jugador.<\/span><\/i><span style=\"font-weight: 400\"><\/div><\/span><\/p>\n<p><span style=\"font-weight: 400\">Las partidas destacadas en un torneo con cobertura online reciben una extensi\u00f3n de tiempo de tres minutos m\u00e1s el tiempo usado durante la ronda cuando los jugadores llegan a su mesa. Esto no es necesario si las partidas destacadas usan un reloj independiente.<\/span><\/p>\n<p><span style=\"font-weight: 400\"><div class=\"alert alert-info\" role=\"alert\"> <\/span><i><span style=\"font-weight: 400\">Los jugadores que est\u00e1n siendo cubiertos lo hacen a pedido del organizador del torneo. No es nuestra intenci\u00f3n poner a los jugadores en desventaja solo porque est\u00e1n teniendo una partida interesante de mirar, y le est\u00e1n haciendo un favor al organizador del torneo. Por supuesto, si las partidas con cobertura se cronometran de forma separada, no tenemos que preocuparnos de que los jugadores tengan una desventaja de tiempo.<\/span><\/i><span style=\"font-weight: 400\"><\/div><\/span><\/p>\n<p><span style=\"font-weight: 400\">Algunas penalizaciones por juego lento agregan turnos en lugar de una extensi\u00f3n de tiempo. Estos turnos adicionales se agregan a los turnos adicionales de final de partida.<\/span><\/p>\n<p><span style=\"font-weight: 400\"><div class=\"alert alert-info\" role=\"alert\"> <\/span><i><span style=\"font-weight: 400\">Para m\u00e1s informaci\u00f3n, ver<\/span><\/i><a href=\"http:\/\/blogs.magicjudges.org\/rules\/ipg3-3-es\/\"> <i><span style=\"font-weight: 400\">IPG 3.3: Juego Lento<\/span><\/i><\/a><i><span style=\"font-weight: 400\">. Si un jugador recibe una advertencia por juego lento, cada jugador recibe un turno adicional, totalizando siete turnos adicionales si uno de los jugadores recibe la advertencia, y nueve turnos adicionales si ambos jugadores son advertidos. Tener en cuenta que no se otorgan turnos adicionales si se penaliza Juego Lento durante el procedimiento de turnos adicionales. Esto se realiza a manera de devolver una parte del tiempo perdido, sin tratar de cuantificar cu\u00e1nto tiempo exactamente se perdi\u00f3.<\/span><\/i><span style=\"font-weight: 400\"><\/div><\/span><\/p>\n<p style=\"text-align: justify;margin-bottom: 0px\">\n","protected":false},"excerpt":{"rendered":"<p>Si un juez pausa una partida por m\u00e1s de un minuto mientras est\u00e1 corriendo el reloj, debe extender el tiempo de partida adecuadamente. Si la partida fue interrumpida para realizar una revisi\u00f3n de mazo, los jugadores reciben tiempo adicional igual al tiempo que demor\u00f3 la revisi\u00f3n m\u00e1s tres minutos. Las partidas destacadas en un torneo [&hellip;]<\/p>\n","protected":false},"author":243,"featured_media":0,"parent":0,"menu_order":0,"comment_status":"closed","ping_status":"closed","template":"","meta":{"footnotes":"","_links_to":"","_links_to_target":""},"language":[8],"class_list":["post-5740","page","type-page","status-publish","hentry","language-es"],"_links":{"self":[{"href":"https:\/\/blogs.magicjudges.org\/rules\/wp-json\/wp\/v2\/pages\/5740","targetHints":{"allow":["GET"]}}],"collection":[{"href":"https:\/\/blogs.magicjudges.org\/rules\/wp-json\/wp\/v2\/pages"}],"about":[{"href":"https:\/\/blogs.magicjudges.org\/rules\/wp-json\/wp\/v2\/types\/page"}],"author":[{"embeddable":true,"href":"https:\/\/blogs.magicjudges.org\/rules\/wp-json\/wp\/v2\/users\/243"}],"replies":[{"embeddable":true,"href":"https:\/\/blogs.magicjudges.org\/rules\/wp-json\/wp\/v2\/comments?post=5740"}],"version-history":[{"count":4,"href":"https:\/\/blogs.magicjudges.org\/rules\/wp-json\/wp\/v2\/pages\/5740\/revisions"}],"predecessor-version":[{"id":8358,"href":"https:\/\/blogs.magicjudges.org\/rules\/wp-json\/wp\/v2\/pages\/5740\/revisions\/8358"}],"wp:attachment":[{"href":"https:\/\/blogs.magicjudges.org\/rules\/wp-json\/wp\/v2\/media?parent=5740"}],"wp:term":[{"taxonomy":"language","embeddable":true,"href":"https:\/\/blogs.magicjudges.org\/rules\/wp-json\/wp\/v2\/language?post=5740"}],"curies":[{"name":"wp","href":"https:\/\/api.w.org\/{rel}","templated":true}]}}