{"id":5743,"date":"2016-12-16T01:11:20","date_gmt":"2016-12-15T22:11:20","guid":{"rendered":"http:\/\/blogs.magicjudges.org\/rules\/?page_id=5743"},"modified":"2019-02-13T08:35:16","modified_gmt":"2019-02-13T05:35:16","slug":"mtr2-7-es","status":"publish","type":"page","link":"https:\/\/blogs.magicjudges.org\/rules\/mtr2-7-es\/","title":{"rendered":"MTR 2.7 Registro de Mazo"},"content":{"rendered":"<p><span style=\"font-weight: 400\">Los jugadores deben registrar sus mazos y sideboards (si corresponde) en los torneos Nivel de Imposici\u00f3n de Reglas Competitivo y Profesional. El juez principal puede requerir registro en torneos Nivel de Imposici\u00f3n de Reglas Normal.<\/span><\/p>\n<p><span style=\"font-weight: 400\"><div class=\"alert alert-info\" role=\"alert\"> <\/span><i><span style=\"font-weight: 400\">Si un Juez u Organizador de Torneo decide utilizar hojas de registro de mazo en torneos de NIR Regular, deben asegurarse de informar a los jugadores lo antes posible. Si un Juez u Organizador de Torneo decide que el evento es suficientemente serio para requerir hojas de registro de mazo en NIR Regular, posiblemente sea una mejor idea cambiar el NIR del evento a Competitivo. Eventos de NIR Regular con hojas de registro de mazo no suelen ser muy comunes.<\/span><\/i><span style=\"font-weight: 400\"><\/div><\/span><\/p>\n<p><span style=\"font-weight: 400\">Las hojas de registro de mazo tienen anotada la composici\u00f3n de cada mazo y sideboard (si corresponde). Una vez que tu lista de mazo fue aceptada por un oficial del torneo, no puede ser alterada.<\/span><\/p>\n<p><span style=\"font-weight: 400\"><div class=\"alert alert-info\" role=\"alert\"> <\/span><i><span style=\"font-weight: 400\">Alterar una lista de mazo luego de que haya sido aceptada por un Oficial de Torneo no est\u00e1 permitido ya que permitir\u00eda a los jugadores ganar informaci\u00f3n estrat\u00e9gica adicional esperando a que un amigo les ayude a decidir acerca de qu\u00e9 jugar, o investigando acerca de qu\u00e9 est\u00e1n jugando sus oponentes. A un juez se le permite alterar la lista de mazo cuando aplique una de las soluciones adicionales para<\/span><\/i><a href=\"https:\/\/blogs.magicjudges.org\/rules\/ipg3-es\/ipg3-4-es\/\"> <i><span style=\"font-weight: 400\">Problema de Lista de Mazo<\/span><\/i><\/a><i><span style=\"font-weight: 400\">.<\/span><\/i><span style=\"font-weight: 400\"><\/div><\/span><\/p>\n<p><span style=\"font-weight: 400\">En los torneos construidos se deben entregar hojas de registro de mazo a un oficial del torneo antes del comienzo de la ronda 1, incluso si el jugador tiene una ronda libre para esa ronda.<\/span><\/p>\n<p><span style=\"font-weight: 400\">En los torneos limitados, las hojas de registro de mazo se deben entregar al comienzo de la primera ronda en la cual el jugador participa y no tiene una ronda libre.<\/span><\/p>\n<p><span style=\"font-weight: 400\"><div class=\"alert alert-info\" role=\"alert\"> <\/span><i><span style=\"font-weight: 400\">Las listas de mazos para torneos construidos deben entregarse antes del comienzo de la ronda 1. Las de torneos limitados deben entregarse antes de la primer ronda donde el jugador efectivamente juegue. La diferencia aqu\u00ed es que la selecci\u00f3n de mazo en construido puede variar mucho basada en investigar a los oponentes, y los eventos sellados t\u00edpicamente requieren que los mazos se armen en el evento. Esto es algo realmente raro fuera de eventos Grand Prix con una gran cantidad de jugadores con una, dos o tres rondas libres.<\/span><\/i><\/p>\n<p><i><span style=\"font-weight: 400\">Esta regla es la que permite la existencia del Sleep in Special. Podemos permitir a los jugadores presentarse a un Grand Prix Limitado una ronda antes de la cual deber\u00edan de empezar a jugar para que puedan construir sus mazos con tiempo de sobra. En eventos construidos, los jugadores pueden entregar sus listas la noche anterior.<\/span><\/i><span style=\"font-weight: 400\"><\/div><\/span><\/p>\n<p><span style=\"font-weight: 400\">Los jugadores tienen el derecho de solicitar ver su hoja de registro de mazo entre partidas. Esos pedidos ser\u00e1n cumplidos mientras sea log\u00edsticamente posible.<\/span><\/p>\n<p><span style=\"font-weight: 400\"><div class=\"alert alert-info\" role=\"alert\"> <\/span><i><span style=\"font-weight: 400\">Lo que constituya log\u00edsticamente posible depende de los jueces del evento. Algunos eventos tienen miles de hojas de registro de mazo recogidas al mismo tiempo, y tratar de encontrar una antes de que sean organizadas puede no ser posible. Si un jugador alert\u00f3 a un juez acerca de un error antes de que pudiera ganar una ventaja, o antes de que el evento empiece, se debe tener en cuenta esta informaci\u00f3n en caso de no poder proveer al jugador su lista. Adicionalmente, los jugadores usualmente toman una fotograf\u00eda de su hoja de registro de mazo una vez que la requirieron, para referencia futura.<\/span><\/i><span style=\"font-weight: 400\"><\/div><\/span><\/p>\n<p><span style=\"font-weight: 400\">Generalmente, las hojas de registro de mazo no son informaci\u00f3n p\u00fablica y no se comparten con otros jugadores durante el torneo. En torneos que se juegan a Nivel de Imposici\u00f3n de Reglas Profesional (<\/span><b>Magic<\/b><span style=\"font-weight: 400\"> Tabletop Mythic Championship, World Championship y Grand Prix), se proveer\u00e1n a los jugadores copias de las hojas de registro de mazo de los oponentes en las rondas de eliminaci\u00f3n simple. <\/span><\/p>\n<p><span style=\"font-weight: 400\"><div class=\"alert alert-info\" role=\"alert\"> <\/span><i><span style=\"font-weight: 400\">En rondas de eliminaci\u00f3n simple en eventos limitados, las chances de que un oponente gane informaci\u00f3n acerca de otro mazo son mucho m\u00e1s peque\u00f1as. Por ende, s\u00f3lo se proveen hojas de mazo para eventos Construidos. Los Open Series de Star City Games tambi\u00e9n permiten a los jugadores del Top 8 ver las hojas de mazo de sus oponentes.<\/span><\/i><\/p>\n<p><i><span style=\"font-weight: 400\">N\u00f3tese que mientras aunque se entreguen las listas de mazo, estas son consideradas notas tomadas fuera del juego, as\u00ed que los jugadores solo pueden verlas entre juegos.<\/span><\/i><span style=\"font-weight: 400\"><\/div><\/span><\/p>\n<p style=\"text-align: justify;margin-bottom: 0px\">\n","protected":false},"excerpt":{"rendered":"<p>Los jugadores deben registrar sus mazos y sideboards (si corresponde) en los torneos Nivel de Imposici\u00f3n de Reglas Competitivo y Profesional. El juez principal puede requerir registro en torneos Nivel de Imposici\u00f3n de Reglas Normal. Las hojas de registro de mazo tienen anotada la composici\u00f3n de cada mazo y sideboard (si corresponde). Una vez que [&hellip;]<\/p>\n","protected":false},"author":243,"featured_media":0,"parent":0,"menu_order":0,"comment_status":"closed","ping_status":"closed","template":"","meta":{"footnotes":"","_links_to":"","_links_to_target":""},"language":[8],"class_list":["post-5743","page","type-page","status-publish","hentry","language-es"],"_links":{"self":[{"href":"https:\/\/blogs.magicjudges.org\/rules\/wp-json\/wp\/v2\/pages\/5743","targetHints":{"allow":["GET"]}}],"collection":[{"href":"https:\/\/blogs.magicjudges.org\/rules\/wp-json\/wp\/v2\/pages"}],"about":[{"href":"https:\/\/blogs.magicjudges.org\/rules\/wp-json\/wp\/v2\/types\/page"}],"author":[{"embeddable":true,"href":"https:\/\/blogs.magicjudges.org\/rules\/wp-json\/wp\/v2\/users\/243"}],"replies":[{"embeddable":true,"href":"https:\/\/blogs.magicjudges.org\/rules\/wp-json\/wp\/v2\/comments?post=5743"}],"version-history":[{"count":8,"href":"https:\/\/blogs.magicjudges.org\/rules\/wp-json\/wp\/v2\/pages\/5743\/revisions"}],"predecessor-version":[{"id":8812,"href":"https:\/\/blogs.magicjudges.org\/rules\/wp-json\/wp\/v2\/pages\/5743\/revisions\/8812"}],"wp:attachment":[{"href":"https:\/\/blogs.magicjudges.org\/rules\/wp-json\/wp\/v2\/media?parent=5743"}],"wp:term":[{"taxonomy":"language","embeddable":true,"href":"https:\/\/blogs.magicjudges.org\/rules\/wp-json\/wp\/v2\/language?post=5743"}],"curies":[{"name":"wp","href":"https:\/\/api.w.org\/{rel}","templated":true}]}}