{"id":5748,"date":"2016-12-16T01:14:52","date_gmt":"2016-12-15T22:14:52","guid":{"rendered":"http:\/\/blogs.magicjudges.org\/rules\/?page_id=5748"},"modified":"2018-10-03T08:21:19","modified_gmt":"2018-10-03T05:21:19","slug":"mtr2-8-es","status":"publish","type":"page","link":"https:\/\/blogs.magicjudges.org\/rules\/mtr2-8-es\/","title":{"rendered":"MTR 2.8 Control de Mazos"},"content":{"rendered":"<p><span style=\"font-weight: 400\">Se deben realizar controles de mazos en todos los torneos de Nivel de Imposici\u00f3n de Reglas Competitivo y Profesional, y el juez principal tiene la opci\u00f3n de realizar controles de mazo en torneos Nivel de Imposici\u00f3n de Reglas Normal. Al menos el diez por ciento de los mazos deber\u00edan ser controlados durante el transcurso del torneo.<\/span><\/p>\n<p><span style=\"font-weight: 400\"><div class=\"alert alert-info\" role=\"alert\"> <\/span><i><span style=\"font-weight: 400\">N\u00f3tese que esta es una recomendaci\u00f3n. Aun cuando los controles de mazo son muy importantes, el torneo en s\u00ed siempre tiene la prioridad. Cubrir el piso siempre es prioridad sobre controlar mazos. Los controles de mazo son una forma de tratar de impedir ciertas formas de hacer trampa. El factor m\u00e1s grande es que estas act\u00faan para disuadir a los jugadores de ser deshonestos con sus mazos, ya que se est\u00e1n realizando controles.<\/span><\/i><span style=\"font-weight: 400\"><\/div><\/span><\/p>\n<p><span style=\"font-weight: 400\">Un control del mazo completo no deber\u00eda realizarse si un jugador ya rob\u00f3 una mano inicial y tom\u00f3 potencialmente decisiones de mulligan.<\/span><\/p>\n<p><span style=\"font-weight: 400\"><div class=\"alert alert-info\" role=\"alert\"> <\/span><i><span style=\"font-weight: 400\">Hay que tener en cuenta que esta secci\u00f3n cambi\u00f3. En el pasado simplemente se recomendaba que un control de mazo no se realizar\u00e1 si el jugador hab\u00eda robado su mano inicial; ahora se menciona que no se deber\u00eda realizar un control completo. Real\u00edsticamente, a menos que exista una raz\u00f3n muy importante para elegir a esos jugadores en particular, es mejor simplemente elegir una partida diferente para realizar el control de mazo.<\/span><\/i><span style=\"font-weight: 400\"><\/div><\/span><\/p>\n<p style=\"text-align: justify;margin-bottom: 0px\">\n","protected":false},"excerpt":{"rendered":"<p>Se deben realizar controles de mazos en todos los torneos de Nivel de Imposici\u00f3n de Reglas Competitivo y Profesional, y el juez principal tiene la opci\u00f3n de realizar controles de mazo en torneos Nivel de Imposici\u00f3n de Reglas Normal. Al menos el diez por ciento de los mazos deber\u00edan ser controlados durante el transcurso del [&hellip;]<\/p>\n","protected":false},"author":243,"featured_media":0,"parent":0,"menu_order":0,"comment_status":"closed","ping_status":"closed","template":"","meta":{"footnotes":"","_links_to":"","_links_to_target":""},"language":[8],"class_list":["post-5748","page","type-page","status-publish","hentry","language-es"],"_links":{"self":[{"href":"https:\/\/blogs.magicjudges.org\/rules\/wp-json\/wp\/v2\/pages\/5748","targetHints":{"allow":["GET"]}}],"collection":[{"href":"https:\/\/blogs.magicjudges.org\/rules\/wp-json\/wp\/v2\/pages"}],"about":[{"href":"https:\/\/blogs.magicjudges.org\/rules\/wp-json\/wp\/v2\/types\/page"}],"author":[{"embeddable":true,"href":"https:\/\/blogs.magicjudges.org\/rules\/wp-json\/wp\/v2\/users\/243"}],"replies":[{"embeddable":true,"href":"https:\/\/blogs.magicjudges.org\/rules\/wp-json\/wp\/v2\/comments?post=5748"}],"version-history":[{"count":4,"href":"https:\/\/blogs.magicjudges.org\/rules\/wp-json\/wp\/v2\/pages\/5748\/revisions"}],"predecessor-version":[{"id":8360,"href":"https:\/\/blogs.magicjudges.org\/rules\/wp-json\/wp\/v2\/pages\/5748\/revisions\/8360"}],"wp:attachment":[{"href":"https:\/\/blogs.magicjudges.org\/rules\/wp-json\/wp\/v2\/media?parent=5748"}],"wp:term":[{"taxonomy":"language","embeddable":true,"href":"https:\/\/blogs.magicjudges.org\/rules\/wp-json\/wp\/v2\/language?post=5748"}],"curies":[{"name":"wp","href":"https:\/\/api.w.org\/{rel}","templated":true}]}}