{"id":5750,"date":"2016-12-16T01:18:38","date_gmt":"2016-12-15T22:18:38","guid":{"rendered":"http:\/\/blogs.magicjudges.org\/rules\/?page_id=5750"},"modified":"2018-10-03T08:22:16","modified_gmt":"2018-10-03T05:22:16","slug":"mtr2-9-es","status":"publish","type":"page","link":"https:\/\/blogs.magicjudges.org\/rules\/mtr2-9-es\/","title":{"rendered":"MTR 2.9 Apelaciones al Juez Principal"},"content":{"rendered":"<p><span style=\"font-weight: 400\">Si un jugador no est\u00e1 de acuerdo con la decisi\u00f3n de un juez, puede apelar la decisi\u00f3n al juez principal.<\/span><\/p>\n<p><span style=\"font-weight: 400\"><div class=\"alert alert-info\" role=\"alert\"> <\/span><i><span style=\"font-weight: 400\">El derecho a apelar es una de las protecciones garantizadas a los jugadores. Esta les permite tener una segunda opini\u00f3n si no est\u00e1n de acuerdo con la decisi\u00f3n de un juez de piso, o si simplemente piensan que la penalizaci\u00f3n es muy severa.<\/span><\/i><span style=\"font-weight: 400\"><\/div><\/span><\/p>\n<p><span style=\"font-weight: 400\">En torneos m\u00e1s grandes, de nivel Premier (como Grand Prix y Pro Tours), con aprobaci\u00f3n previa, el Juez principal puede designar jueces de apelaci\u00f3n adicionales que tienen el poder de escuchar apelaciones. Estar\u00e1n usando el mismo uniforme que el Juez principal.<\/span><\/p>\n<p><span style=\"font-weight: 400\">Los jugadores no pueden apelar antes de que el juez de piso haya respondido completamente la duda de reglas. Las decisiones del Juez principal o de los jueces de apelaci\u00f3n designados son finales.<\/span><\/p>\n<p><span style=\"font-weight: 400\"><div class=\"alert alert-info\" role=\"alert\"> <\/span><i><span style=\"font-weight: 400\">Los jugadores deben mostrar respeto a los jueces, lo cual incluye permitirles terminar de explicar su decisi\u00f3n antes de demostrar que est\u00e1n en desacuerdo con ella. Los jugadores que apelan la decisi\u00f3n de un juez basados en sus percepciones del mismo, o creyendo saber c\u00f3mo el juez dictaminar\u00e1 su decisi\u00f3n, socavan la autoridad del juez, y esto puede considerarse<\/span><\/i><a href=\"http:\/\/blogs.magicjudges.org\/rules\/ipg4-1-es\/\"> <i><span style=\"font-weight: 400\">Conducta Antideportiva \u2014 Menor<\/span><\/i><\/a><i><span style=\"font-weight: 400\">.<\/span><\/i><span style=\"font-weight: 400\"><\/div><\/span><\/p>\n<p style=\"text-align: justify;margin-bottom: 0px\">\n","protected":false},"excerpt":{"rendered":"<p>Si un jugador no est\u00e1 de acuerdo con la decisi\u00f3n de un juez, puede apelar la decisi\u00f3n al juez principal. En torneos m\u00e1s grandes, de nivel Premier (como Grand Prix y Pro Tours), con aprobaci\u00f3n previa, el Juez principal puede designar jueces de apelaci\u00f3n adicionales que tienen el poder de escuchar apelaciones. Estar\u00e1n usando el [&hellip;]<\/p>\n","protected":false},"author":243,"featured_media":0,"parent":0,"menu_order":0,"comment_status":"closed","ping_status":"closed","template":"","meta":{"footnotes":"","_links_to":"","_links_to_target":""},"language":[8],"class_list":["post-5750","page","type-page","status-publish","hentry","language-es"],"_links":{"self":[{"href":"https:\/\/blogs.magicjudges.org\/rules\/wp-json\/wp\/v2\/pages\/5750","targetHints":{"allow":["GET"]}}],"collection":[{"href":"https:\/\/blogs.magicjudges.org\/rules\/wp-json\/wp\/v2\/pages"}],"about":[{"href":"https:\/\/blogs.magicjudges.org\/rules\/wp-json\/wp\/v2\/types\/page"}],"author":[{"embeddable":true,"href":"https:\/\/blogs.magicjudges.org\/rules\/wp-json\/wp\/v2\/users\/243"}],"replies":[{"embeddable":true,"href":"https:\/\/blogs.magicjudges.org\/rules\/wp-json\/wp\/v2\/comments?post=5750"}],"version-history":[{"count":2,"href":"https:\/\/blogs.magicjudges.org\/rules\/wp-json\/wp\/v2\/pages\/5750\/revisions"}],"predecessor-version":[{"id":8361,"href":"https:\/\/blogs.magicjudges.org\/rules\/wp-json\/wp\/v2\/pages\/5750\/revisions\/8361"}],"wp:attachment":[{"href":"https:\/\/blogs.magicjudges.org\/rules\/wp-json\/wp\/v2\/media?parent=5750"}],"wp:term":[{"taxonomy":"language","embeddable":true,"href":"https:\/\/blogs.magicjudges.org\/rules\/wp-json\/wp\/v2\/language?post=5750"}],"curies":[{"name":"wp","href":"https:\/\/api.w.org\/{rel}","templated":true}]}}