{"id":5804,"date":"2017-01-08T01:02:28","date_gmt":"2017-01-07T22:02:28","guid":{"rendered":"http:\/\/blogs.magicjudges.org\/rules\/?page_id=5804"},"modified":"2018-10-03T08:27:26","modified_gmt":"2018-10-03T05:27:26","slug":"mtr3-2-es","status":"publish","type":"page","link":"https:\/\/blogs.magicjudges.org\/rules\/mtr3-2-es\/","title":{"rendered":"MTR 3.2 Formatos y categor\u00edas de puntajes"},"content":{"rendered":"<p><span style=\"font-weight: 400\">Wizards of the Coast sanciona los siguientes formatos de torneos oficiales para individuos, equipos de tres personas y torneos de Gigante de dos cabezas:<\/span><\/p>\n<p><i><span style=\"font-weight: 400\">Formatos Construidos:<\/span><\/i><\/p>\n<ul>\n<li style=\"font-weight: 400\"><span style=\"font-weight: 400\">Est\u00e1ndar<\/span><\/li>\n<li style=\"font-weight: 400\"><span style=\"font-weight: 400\">Modern<\/span><\/li>\n<\/ul>\n<p><i><span style=\"font-weight: 400\">Formatos Construidos Eternos<\/span><\/i><\/p>\n<ul>\n<li style=\"font-weight: 400\"><span style=\"font-weight: 400\">Vintage<\/span><\/li>\n<li style=\"font-weight: 400\"><span style=\"font-weight: 400\">Legacy<\/span><\/li>\n<\/ul>\n<p><span style=\"font-weight: 400\"><div class=\"alert alert-info\" role=\"alert\"> <\/span><i><span style=\"font-weight: 400\">Para ver los detalles completos de cada uno de los formatos Construidos, incluyendo sus listas de cartas prohibidas y restringidas, revisar: <\/span><\/i><a href=\"http:\/\/blogs.magicjudges.org\/rules\/mtr6-3-es\/\"><i><span style=\"font-weight: 400\">MTR Secciones 6.3\u20136.6<\/span><\/i><\/a><span style=\"font-weight: 400\"><\/div><\/span><\/p>\n<p><i><span style=\"font-weight: 400\">Formatos Limitados<\/span><\/i><\/p>\n<p><span style=\"font-weight: 400\"><div class=\"alert alert-info\" role=\"alert\"> <\/span><i><span style=\"font-weight: 400\">Cada jugador o jugadora construye un mazo de m\u00ednimo 40 cartas con el producto que recibi\u00f3\/drafte\u00f3. Los jugadores pueden a\u00f1adir cualquier cantidad de tierras b\u00e1sicas a sus mazos. En Nivel de Imposici\u00f3n de Reglas Regular, los jugadores tienen permitido cambiar la composici\u00f3n de sus mazos entre rondas. En NIR Competitivo y Profesional los jugadores deben registrar las cartas que est\u00e1n usando y deben regresar el mazo a su composici\u00f3n original antes del primer juego de cada ronda.<\/span><\/i><span style=\"font-weight: 400\"><\/div><\/span><\/p>\n<ul>\n<li style=\"font-weight: 400\"><span style=\"font-weight: 400\">Mazo Sellado<\/span><\/li>\n<\/ul>\n<p><span style=\"font-weight: 400\"><div class=\"alert alert-info\" role=\"alert\"> <\/span><a href=\"http:\/\/blogs.magicjudges.org\/rules\/mtr\/#7-es.-limited-tournament-rules\"><i><span style=\"font-weight: 400\">MTR Secci\u00f3n 7<\/span><\/i><\/a><i><span style=\"font-weight: 400\"> cubre las reglas de Torneos Limitados, y Mazo Sellado se explica mejor ah\u00ed.<\/span><\/i><span style=\"font-weight: 400\"><\/div><\/span><\/p>\n<ul>\n<li style=\"font-weight: 400\"><span style=\"font-weight: 400\">Draft de sobres (s\u00f3lo individual y Gigante de dos cabezas)<\/span><\/li>\n<\/ul>\n<p><span style=\"font-weight: 400\"><div class=\"alert alert-info\" role=\"alert\"> Las <\/span><a href=\"http:\/\/blogs.magicjudges.org\/rules\/mtr7-6-es\/\"><i><span style=\"font-weight: 400\">secciones 7.6<\/span><\/i><\/a><i><span style=\"font-weight: 400\"> y<\/span><\/i><a href=\"http:\/\/blogs.magicjudges.org\/rules\/mtr7-7-es\/\"> <i><span style=\"font-weight: 400\">7.7<\/span><\/i><\/a><i><span style=\"font-weight: 400\"> de las MTR cubren la organizaci\u00f3n de las mesas de draft y sus procedimientos, respectivamente. Adicionalmente,<\/span><\/i><a href=\"http:\/\/blogs.magicjudges.org\/rules\/mtr9-7-es\/\"> <i><span style=\"font-weight: 400\">la secci\u00f3n 9.7<\/span><\/i><\/a><i><span style=\"font-weight: 400\"> cubre los procedimientos de draft de Gigante de dos cabezas.<\/span><\/i><span style=\"font-weight: 400\"><\/div><\/span><\/p>\n<ul>\n<li style=\"font-weight: 400\"><span style=\"font-weight: 400\">Rochester Draft (s\u00f3lo equipos de tres personas)<\/span><\/li>\n<\/ul>\n<p><span style=\"font-weight: 400\"><div class=\"alert alert-info\" role=\"alert\"> La <\/span><a href=\"http:\/\/blogs.magicjudges.org\/rules\/mtr8-5-es\/\"><i><span style=\"font-weight: 400\">secci\u00f3n 8.5<\/span><\/i><\/a><i><span style=\"font-weight: 400\"> de las MTR engloba los detalles de este formato.<\/span><\/i><span style=\"font-weight: 400\"><\/div><\/span><\/p>\n<p><span style=\"font-weight: 400\">Wizards of the Coast mantiene las siguientes categor\u00edas de puntajes de Puntos Planeswalker:<\/span><\/p>\n<ul>\n<li style=\"font-weight: 400\"><span style=\"font-weight: 400\">Vitalicios<\/span><\/li>\n<\/ul>\n<p><span style=\"font-weight: 400\"><div class=\"alert alert-info\" role=\"alert\"> <\/span><i><span style=\"font-weight: 400\">El total de puntos acumulados en todos los eventos sancionados de Magic, tanto casuales como competitivos.<\/span><\/i><span style=\"font-weight: 400\"><\/div><\/span><\/p>\n<ul>\n<li style=\"font-weight: 400\"><span style=\"font-weight: 400\">Anuales<\/span><\/li>\n<\/ul>\n<p><span style=\"font-weight: 400\"><div class=\"alert alert-info\" role=\"alert\"> <\/span><i><span style=\"font-weight: 400\">Los puntos acumulados durante el a\u00f1o de los Puntos Planeswalker, medidos desde junio hasta mayo. Esto no incluye puntos de eventos casuales. Los Puntos Planeswalker anuales son usados para determinar los \u201cbyes\u201d ganados para un Grand Prix. Un bye es otorgado por 1300 puntos, dos byes por 2250 puntos. Al llegar a este umbral se otorgar\u00e1n byes para el resto de la temporada, y para la pr\u00f3xima.<\/span><\/i><span style=\"font-weight: 400\"><\/div><\/span><\/p>\n<ul>\n<li style=\"font-weight: 400\"><span style=\"font-weight: 400\">Profesional<\/span><\/li>\n<\/ul>\n<p><span style=\"font-weight: 400\"><div class=\"alert alert-info\" role=\"alert\"> <\/span><i><span style=\"font-weight: 400\">Pro points ganados en Grand Prix, Pro Tour, World Magic Cup y Magic World Championship.<\/span><\/i><span style=\"font-weight: 400\"><\/div><\/span><\/p>\n<p>&nbsp;<\/p>\n<p><span style=\"font-weight: 400\">Un jugador que es descalificado de un torneo no recibe Puntos Planeswalker por ese torneo.<\/span><\/p>\n<p>&nbsp;<\/p>\n<p><span style=\"font-weight: 400\">Para informaci\u00f3n completa sobre los Puntos Planeswalker, visita el sitio web de los Puntos Planeswalker en <\/span><a href=\"http:\/\/www.wizards.com\/Magic\/PlaneswalkerPoints\"><span style=\"font-weight: 400\">http:\/\/www.wizards.com\/Magic\/PlaneswalkerPoints<\/span><\/a><span style=\"font-weight: 400\">.<\/span><\/p>\n<p>&nbsp;<\/p>\n","protected":false},"excerpt":{"rendered":"<p>Wizards of the Coast sanciona los siguientes formatos de torneos oficiales para individuos, equipos de tres personas y torneos de Gigante de dos cabezas: Formatos Construidos: Est\u00e1ndar Modern Formatos Construidos Eternos Vintage Legacy Formatos Limitados Mazo Sellado Draft de sobres (s\u00f3lo individual y Gigante de dos cabezas) Rochester Draft (s\u00f3lo equipos de tres personas) Wizards [&hellip;]<\/p>\n","protected":false},"author":190,"featured_media":0,"parent":0,"menu_order":0,"comment_status":"closed","ping_status":"closed","template":"","meta":{"footnotes":"","_links_to":"","_links_to_target":""},"language":[8],"class_list":["post-5804","page","type-page","status-publish","hentry","language-es"],"_links":{"self":[{"href":"https:\/\/blogs.magicjudges.org\/rules\/wp-json\/wp\/v2\/pages\/5804","targetHints":{"allow":["GET"]}}],"collection":[{"href":"https:\/\/blogs.magicjudges.org\/rules\/wp-json\/wp\/v2\/pages"}],"about":[{"href":"https:\/\/blogs.magicjudges.org\/rules\/wp-json\/wp\/v2\/types\/page"}],"author":[{"embeddable":true,"href":"https:\/\/blogs.magicjudges.org\/rules\/wp-json\/wp\/v2\/users\/190"}],"replies":[{"embeddable":true,"href":"https:\/\/blogs.magicjudges.org\/rules\/wp-json\/wp\/v2\/comments?post=5804"}],"version-history":[{"count":4,"href":"https:\/\/blogs.magicjudges.org\/rules\/wp-json\/wp\/v2\/pages\/5804\/revisions"}],"predecessor-version":[{"id":8368,"href":"https:\/\/blogs.magicjudges.org\/rules\/wp-json\/wp\/v2\/pages\/5804\/revisions\/8368"}],"wp:attachment":[{"href":"https:\/\/blogs.magicjudges.org\/rules\/wp-json\/wp\/v2\/media?parent=5804"}],"wp:term":[{"taxonomy":"language","embeddable":true,"href":"https:\/\/blogs.magicjudges.org\/rules\/wp-json\/wp\/v2\/language?post=5804"}],"curies":[{"name":"wp","href":"https:\/\/api.w.org\/{rel}","templated":true}]}}