{"id":5806,"date":"2017-01-08T01:05:23","date_gmt":"2017-01-07T22:05:23","guid":{"rendered":"http:\/\/blogs.magicjudges.org\/rules\/?page_id=5806"},"modified":"2018-10-03T08:27:35","modified_gmt":"2018-10-03T05:27:35","slug":"mtr3-3-es","status":"publish","type":"page","link":"https:\/\/blogs.magicjudges.org\/rules\/mtr3-3-es\/","title":{"rendered":"MTR 3.3 Cartas Permitidas"},"content":{"rendered":"<p><span style=\"font-weight: 400\">Los jugadores pueden utilizar cualquier carta autorizada de expansiones, colecciones b\u00e1sicas, colecciones especiales, suplementos e impresiones promocionales de <\/span><b>Magic: The Gathering<\/b><span style=\"font-weight: 400\">. Las cartas de juego autorizadas son las que, sin alteraci\u00f3n, cumplen con las siguientes condiciones:<\/span><\/p>\n<ul>\n<li style=\"font-weight: 400\"><span style=\"font-weight: 400\">La carta es genuina y publicada por Wizards of the Coast<\/span><\/li>\n<\/ul>\n<p><span style=\"font-weight: 400\"><div class=\"alert alert-info\" role=\"alert\"> <\/span><i><span style=\"font-weight: 400\">Es importante recordar que las cartas falsas de Magic existen. Normalmente las cartas falsas se pueden identificar inspeccion\u00e1ndolas. Si se descubre que tales cartas est\u00e1n siendo utilizadas en un torneo, no deben seguir siendo utilizadas. Adem\u00e1s, el jugador que las est\u00e1 utilizando puede no haberse percatado que est\u00e1 utilizando cartas falsas, as\u00ed que, adem\u00e1s de alertarlo de que est\u00e1 utilizando cartas falsas e informarle que debe reemplazarlas, nosotros, como jueces, no deber\u00edamos realizar m\u00e1s medidas, a menos que creamos que sab\u00edan de estas cartas y que las estaban utilizando intencionalmente.<\/span><\/i><\/p>\n<p><i><span style=\"font-weight: 400\">Adicionalmente, los oficiales de torneo no tienen la autoridad legal para confiscar cartas falsas y no deber\u00edan intentar hacerlo. Detener su uso en el evento es suficiente.<\/span><\/i><span style=\"font-weight: 400\"><\/div><\/span><\/p>\n<ul>\n<li style=\"font-weight: 400\"><span style=\"font-weight: 400\">La carta tiene un reverso est\u00e1ndar de <\/span><b>Magic,<\/b><span style=\"font-weight: 400\"> es una carta de dos caras, o es parte de un par combinado.<\/span><\/li>\n<\/ul>\n<p><span style=\"font-weight: 400\"><div class=\"alert alert-info\" role=\"alert\"> <\/span><i><span style=\"font-weight: 400\">Las pruebas de artistas son publicadas por Wizard of the Coast, pero no tienen un reverso est\u00e1ndar de Magic. Por ello, no son usables para jugar en torneos.<\/span><\/i><span style=\"font-weight: 400\"><\/div><\/span><\/p>\n<ul>\n<li style=\"font-weight: 400\"><span style=\"font-weight: 400\">La carta no tiene bordes cuadrados.<\/span><\/li>\n<\/ul>\n<p><span style=\"font-weight: 400\"><div class=\"alert alert-info\" role=\"alert\"> <\/span><i><span style=\"font-weight: 400\">Las ediciones de coleccionista tienen borde negro en su cara frontal, pero esquinas cuadradas y un borde dorado en su reverso. No son legales para ser usadas en torneo. Tambi\u00e9n, las hojas sin cortar de cartas algunas veces son cortadas para ser usadas. Es importante que estas cartas tengan las mismas esquinas que todas las otras cartas.<\/span><\/i><span style=\"font-weight: 400\"><\/div><\/span><\/p>\n<ul>\n<li style=\"font-weight: 400\"><span style=\"font-weight: 400\">La carta no es una carta de ficha.<\/span><\/li>\n<\/ul>\n<p><span style=\"font-weight: 400\"><div class=\"alert alert-info\" role=\"alert\"> <\/span><i><span style=\"font-weight: 400\">Las fichas se usan para representar objetos que no existen como cartas normales de Magic. Aunque existen algunas fichas oficiales,, no se requiere que sean usadas mientras se juega un torneo.<\/span><\/i><span style=\"font-weight: 400\"><\/div><\/span><\/p>\n<ul>\n<li style=\"font-weight: 400\"><span style=\"font-weight: 400\">La carta no est\u00e1 da\u00f1ada o modificada de manera tal que est\u00e9 marcada.<\/span><\/li>\n<\/ul>\n<p><span style=\"font-weight: 400\"><div class=\"alert alert-info\" role=\"alert\"> <\/span><i><span style=\"font-weight: 400\">Las cartas dobladas pueden ser distinguidas de las otras cartas en un mazo, incluso enfundadas. Tambi\u00e9n las cartas alteradas pueden ser m\u00e1s gruesas que las otras cartas en un mazo, dependiendo del m\u00e9todo que se us\u00f3 para alterar la carta. Si algunas cartas pueden ser distinguidas de las otras en un mazo sin ver su cara frontal, estas cartas se consideran marcadas y no son legales para su uso en torneos.<\/span><\/i><span style=\"font-weight: 400\"><\/div><\/span><\/p>\n<ul>\n<li style=\"font-weight: 400\"><span style=\"font-weight: 400\">La carta es legal para el torneo seg\u00fan defIne su formato<\/span><\/li>\n<\/ul>\n<p><span style=\"font-weight: 400\"><div class=\"alert alert-info\" role=\"alert\"> <\/span><i><span style=\"font-weight: 400\">Las cartas que se jueguen en un mazo deben estar impresas en una edici\u00f3n que sea legal en el formato, incluso si la impresi\u00f3n que se est\u00e1 utilizando pertenece a una edici\u00f3n ilegal. Por ejemplo, es correcto utilizar la impresi\u00f3n de Stronghold de Mana Leak en Modern aunque Stronghold no es una edici\u00f3n legal para ser usada en Modern.<\/span><\/i><span style=\"font-weight: 400\"><\/div><\/span><\/p>\n<p><span style=\"font-weight: 400\">El juez principal de un torneo puede autorizar una carta de reemplazo (ver la<\/span><a href=\"http:\/\/blogs.magicjudges.org\/rules\/mtr3-4-es\/\"> <span style=\"font-weight: 400\">secci\u00f3n 3.4<\/span><\/a><span style=\"font-weight: 400\">) para una carta que fue da\u00f1ada o marcada durante el torneo.<\/span><\/p>\n<p><span style=\"font-weight: 400\"><div class=\"alert alert-info\" role=\"alert\"> <\/span><i><span style=\"font-weight: 400\">Discusiones adicionales sobre cartas de reemplazo pueden ser encontradas en<\/span><\/i><a href=\"http:\/\/blogs.magicjudges.org\/rules\/mtr3-4-es\/\"> <i><span style=\"font-weight: 400\">secci\u00f3n 3.4<\/span><\/i><\/a><i><span style=\"font-weight: 400\">, pero es importante mencionar que una carta de reemplazo s\u00f3lo puede ser autorizada por el \u00a0juez principal de un evento y solo debe ser asignada a cartas que se da\u00f1en en el transcurso de un evento o de producto limitado da\u00f1ado o mal impreso. La carta original que se ha da\u00f1ado debe mantenerse cerca del \u00e1rea de juego y reemplazar\u00e1 al reemplazo cuando esta carta est\u00e9 en la pila o en el campo de batalla.<\/span><\/i><span style=\"font-weight: 400\"><\/div><\/span><\/p>\n<p><span style=\"font-weight: 400\">Cualquier otra carta que no sea una carta de juego autorizada est\u00e1 prohibida en todos los torneos sancionados.<\/span><\/p>\n<p><span style=\"font-weight: 400\"><div class=\"alert alert-info\" role=\"alert\"> <\/span><i><span style=\"font-weight: 400\">Cualquier carta que no cumpla con los criterios anteriores, incluyendo las cartas de reemplazo hechas en casa, podr\u00edan no ser jugables en un torneo que est\u00e9 sancionado por una tienda de la WPN. Mientras que existen algunos eventos que permiten cartas de reemplazo (usualmente para eventos de Vintage, Legacy y Commander), estos eventos no deben ser realizados como un evento sancionado con el software de reporte WER.<\/span><\/i><span style=\"font-weight: 400\"><\/div><\/span><\/p>\n<p><span style=\"font-weight: 400\">Los jugadores pueden usar cartas de Alpha s\u00f3lo si el mazo est\u00e1 en protectores opacos.<\/span><\/p>\n<p><span style=\"font-weight: 400\"><div class=\"alert alert-info\" role=\"alert\"> <\/span><i><span style=\"font-weight: 400\">Cartas impresas en Alfa tienen bordes que son significativamente m\u00e1s redondeados que todas las cartas impresas desde Beta en adelante. Son f\u00e1cilmente reconocibles de cualquier otra carta en el mazo si las fundas son transparentes.<\/span><\/i><span style=\"font-weight: 400\"><\/div><\/span><\/p>\n<p><span style=\"font-weight: 400\">Los jugadores pueden usar cartas legales, no en ingl\u00e9s y\/o mal impresas siempre y cuando no las est\u00e9n usando para crear una ventaja usando texto o im\u00e1genes que lleven a error. Los hechizos promocionales oficiales sin texto est\u00e1n permitidos en los torneos de Magic sancionados en los cuales de otra manera ser\u00edan legales.<\/span><\/p>\n<p><span style=\"font-weight: 400\"><div class=\"alert alert-info\" role=\"alert\"> <\/span><i><span style=\"font-weight: 400\">No se requiere que los jugadores jueguen con cartas impresas en el idioma nativo de \u00e1rea en que se realiza el torneo. Si un jugador necesita saber que hace la carta, bien porqu\u00e9 est\u00e1 en un idioma que no puede leer o es una impresi\u00f3n sin texto, pueden llamar a un juez y solicitar el texto del Oracle.<\/span><\/i><\/p>\n<p><i><span style=\"font-weight: 400\">Existen algunas mal impresiones famosas cuyo arte es de una carta distinta. Por ejemplo, la impresi\u00f3n en Alem\u00e1n de Revised ten\u00eda un Bosque (Wald) con el arte de una Llanura. Estas cartas, aunque son muy curiosas, crean un ambiguo y confuso estado de juego y no deber\u00edan ser utilizadas en torneo.<\/span><\/i><span style=\"font-weight: 400\"><\/div><\/span><\/p>\n<p><span style=\"font-weight: 400\">Las modificaciones art\u00edsticas son aceptables en torneos sancionados, siempre y cuando las modificaciones no hagan que el arte de la carta sea irreconocible, contenga consejos estrat\u00e9gicos importantes o im\u00e1genes ofensivas. Las modificaciones art\u00edsticas tampoco pueden obstruir o cambiar el coste de man\u00e1 o el nombre de la carta.<\/span><\/p>\n<p><span style=\"font-weight: 400\"><div class=\"alert alert-info\" role=\"alert\"> <\/span><i><span style=\"font-weight: 400\">Mientras que el juez principal de un evento puede decidir permitir o rechazar cualquier carta alterada, es importante mantener las gu\u00edas anteriores en mente. Si el arte es reconocible, el nombre y el coste de man\u00e1 no est\u00e1n obstruidos y la carta no es distinguible entre alguna otra carta del mazo mientras est\u00e9 en una zona oculta, deber\u00eda ser permitida. El potencial efecto de ofender de una alteraci\u00f3n es un \u00e1rea m\u00e1s subjetiva y deber\u00eda tener un acercamiento m\u00e1s conservador.<\/span><\/i><span style=\"font-weight: 400\"><\/div><\/span><\/p>\n<p><span style=\"font-weight: 400\">El juez principal es la autoridad final sobre qu\u00e9 cartas son aceptables para un torneo.<\/span><\/p>\n<p><span style=\"font-weight: 400\"><div class=\"alert alert-info\" role=\"alert\"> <\/span><i><span style=\"font-weight: 400\">Para asegurar la consistencia dada en un torneo, el juez principal es el \u00fanico \u00e1rbitro de la legalidad de una carta. Es una buena pr\u00e1ctica para los jugadores que quienes quieran usar cartas alteradas obtengan la aprobaci\u00f3n del juez principal antes de que inicie el torneo.<\/span><\/i><span style=\"font-weight: 400\"><\/div><\/span><\/p>\n<p><span style=\"font-weight: 400\">Si se le pide a un jugador que reemplace una carta en su mazo y no puede encontrar un reemplazo, el jugador puede reemplazar la carta con una carta llamada Llanura, Isla, Pantano, Monta\u00f1a o Bosque de su elecci\u00f3n. Esto tambi\u00e9n se aplica a cartas que se perdieron.<\/span><\/p>\n<p><span style=\"font-weight: 400\"><div class=\"alert alert-info\" role=\"alert\"> <\/span><i><span style=\"font-weight: 400\">Nunca deben autorizarse cartas de reemplazo para cartas marcadas, a menos que sea un evento de formato Limitado y las cartas abiertas ya estuvieran marcadas. Las cartas con tratamiento brillante en ambientes h\u00famedos usualmente est\u00e1n marcadas aun reci\u00e9n sacadas del paquete. T\u00e9ngase en cuenta que cartas perdidas del sideboard no requieren ser reemplazadas con tierras. El jugador puede volver a completar su mazo a su configuraci\u00f3n original si eventualmente consigue reemplazos aceptables durante el evento. Por favor, tener en cuenta que Yermos y tierras nevadas no son tierras aceptables para reemplazos.<\/span><\/i><span style=\"font-weight: 400\"><\/div><\/span><\/p>\n<p style=\"text-align: justify\">\n","protected":false},"excerpt":{"rendered":"<p>Los jugadores pueden utilizar cualquier carta autorizada de expansiones, colecciones b\u00e1sicas, colecciones especiales, suplementos e impresiones promocionales de Magic: The Gathering. Las cartas de juego autorizadas son las que, sin alteraci\u00f3n, cumplen con las siguientes condiciones: La carta es genuina y publicada por Wizards of the Coast La carta tiene un reverso est\u00e1ndar de Magic, [&hellip;]<\/p>\n","protected":false},"author":190,"featured_media":0,"parent":0,"menu_order":0,"comment_status":"closed","ping_status":"closed","template":"","meta":{"footnotes":"","_links_to":"","_links_to_target":""},"language":[8],"class_list":["post-5806","page","type-page","status-publish","hentry","language-es"],"_links":{"self":[{"href":"https:\/\/blogs.magicjudges.org\/rules\/wp-json\/wp\/v2\/pages\/5806","targetHints":{"allow":["GET"]}}],"collection":[{"href":"https:\/\/blogs.magicjudges.org\/rules\/wp-json\/wp\/v2\/pages"}],"about":[{"href":"https:\/\/blogs.magicjudges.org\/rules\/wp-json\/wp\/v2\/types\/page"}],"author":[{"embeddable":true,"href":"https:\/\/blogs.magicjudges.org\/rules\/wp-json\/wp\/v2\/users\/190"}],"replies":[{"embeddable":true,"href":"https:\/\/blogs.magicjudges.org\/rules\/wp-json\/wp\/v2\/comments?post=5806"}],"version-history":[{"count":5,"href":"https:\/\/blogs.magicjudges.org\/rules\/wp-json\/wp\/v2\/pages\/5806\/revisions"}],"predecessor-version":[{"id":8369,"href":"https:\/\/blogs.magicjudges.org\/rules\/wp-json\/wp\/v2\/pages\/5806\/revisions\/8369"}],"wp:attachment":[{"href":"https:\/\/blogs.magicjudges.org\/rules\/wp-json\/wp\/v2\/media?parent=5806"}],"wp:term":[{"taxonomy":"language","embeddable":true,"href":"https:\/\/blogs.magicjudges.org\/rules\/wp-json\/wp\/v2\/language?post=5806"}],"curies":[{"name":"wp","href":"https:\/\/api.w.org\/{rel}","templated":true}]}}