{"id":5809,"date":"2017-01-08T01:07:15","date_gmt":"2017-01-07T22:07:15","guid":{"rendered":"http:\/\/blogs.magicjudges.org\/rules\/?page_id=5809"},"modified":"2018-10-19T22:44:24","modified_gmt":"2018-10-19T19:44:24","slug":"mtr3-4-es","status":"publish","type":"page","link":"https:\/\/blogs.magicjudges.org\/rules\/mtr3-4-es\/","title":{"rendered":"MTR 3.4 Cartas de Reemplazo"},"content":{"rendered":"<p><span style=\"font-weight: 400\">Una carta de reemplazo se usa durante una competencia para representar una carta de <\/span><b>Magic <span style=\"font-weight: 400\">o carta de listado\u00a0<\/span><\/b><span style=\"font-weight: 400\">legal que no puede ser incluida en un mazo sin que el mismo est\u00e9 marcado. Para autorizar una carta de reemplazo, la carta que est\u00e1 reemplazando debe cumplir al menos uno de los siguientes criterios:<\/span><\/p>\n<ul>\n<li style=\"font-weight: 400\"><span style=\"font-weight: 400\">La carta se da\u00f1\u00f3 accidentalmente o se gast\u00f3 excesivamente durante el torneo actual, incluyendo material da\u00f1ado o mal impreso de producto en Limitado. No se permitir\u00e1n cartas de reemplazo como sustituto de cartas da\u00f1adas intencionalmente por su propietario o por negligencia.<\/span><\/li>\n<li style=\"font-weight: 400\"><span style=\"font-weight: 400\">La carta es una carta foil o premium para la cual no existen versiones no foil o premium.<\/span><\/li>\n<\/ul>\n<p><span style=\"font-weight: 400\"><div class=\"alert alert-info\" role=\"alert\"> <\/span><i><span style=\"font-weight: 400\">Queremos utilizar cartas de reemplazo solo en casos donde la o las cartas hayan sido da\u00f1adas de manera no intencional o no existen en versi\u00f3n no-foil (\u201cKess, maga disidente\u201d por ejemplo). Que las cartas sean caras o raras no es raz\u00f3n para utilizar cartas de reemplazo. Adem\u00e1s, si bien comprar cartas muy gastadas o da\u00f1adas puede ser m\u00e1s barato, si las cartas son distinguibles de las dem\u00e1s en el mazo, entonces no pueden ser jugadas y no se otorgar\u00e1n cartas de reemplazo.<\/span><\/i><span style=\"font-weight: 400\"><\/div><\/span><\/p>\n<p><span style=\"font-weight: 400\">Los jugadores no pueden crear sus propias cartas de reemplazo; s\u00f3lo pueden ser creadas por el juez principal quien a su discreci\u00f3n decidir\u00e1 si la creaci\u00f3n de la carta de reemplazo es apropiada. Cuando un juez crea una carta de reemplazo, es incluida en el mazo del jugador y debe ser marcada como un reemplazo de manera clara y evidente. La carta original se mantiene cerca durante la partida y se cambia por la carta de reemplazo mientras est\u00e1 en una zona p\u00fablica y mientras sea reconocible. Una carta de reemplazo es v\u00e1lida solo durante el torneo para el cual fue creada.<\/span><\/p>\n<p><span style=\"font-weight: 400\"><div class=\"alert alert-info\" role=\"alert\"> <\/span><i><span style=\"font-weight: 400\">Utilizar un fibr\u00f3n permanente (Sharpie) en una tierra b\u00e1sica es una forma simple y efectiva de crear una carta de reemplazo. Se recomienda poner las iniciales en la carta de reemplazo para que el staff de jueces y otros jugadores en el evento puedan reconocer que fue hecha de forma leg\u00edtima. Incluir el nombre de la carta, y su coste de man\u00e1 en la carta de reemplazo. Cualquier otra informaci\u00f3n puede ser agregada a discreci\u00f3n del juez principal.<\/span><\/i><span style=\"font-weight: 400\"><\/div><\/span><\/p>\n<p><span style=\"font-weight: 400\"><div class=\"alert alert-info\" role=\"alert\"> <\/span><i><span style=\"font-weight: 400\">Las cartas de listado son consideradas cartas de juego como cualquier otra cuando es necesario determinar si se puede crear un reemplazo. Indicar la carta a la que la carta de listado hace referencia y que el reemplazo es para ella.<\/span><\/i><span style=\"font-weight: 400\"><\/div><\/span><\/p>\n<p style=\"text-align: justify;margin-bottom: 0px\">\n","protected":false},"excerpt":{"rendered":"<p>Una carta de reemplazo se usa durante una competencia para representar una carta de Magic o carta de listado\u00a0legal que no puede ser incluida en un mazo sin que el mismo est\u00e9 marcado. Para autorizar una carta de reemplazo, la carta que est\u00e1 reemplazando debe cumplir al menos uno de los siguientes criterios: La carta [&hellip;]<\/p>\n","protected":false},"author":190,"featured_media":0,"parent":0,"menu_order":0,"comment_status":"closed","ping_status":"closed","template":"","meta":{"footnotes":"","_links_to":"","_links_to_target":""},"language":[8],"class_list":["post-5809","page","type-page","status-publish","hentry","language-es"],"_links":{"self":[{"href":"https:\/\/blogs.magicjudges.org\/rules\/wp-json\/wp\/v2\/pages\/5809","targetHints":{"allow":["GET"]}}],"collection":[{"href":"https:\/\/blogs.magicjudges.org\/rules\/wp-json\/wp\/v2\/pages"}],"about":[{"href":"https:\/\/blogs.magicjudges.org\/rules\/wp-json\/wp\/v2\/types\/page"}],"author":[{"embeddable":true,"href":"https:\/\/blogs.magicjudges.org\/rules\/wp-json\/wp\/v2\/users\/190"}],"replies":[{"embeddable":true,"href":"https:\/\/blogs.magicjudges.org\/rules\/wp-json\/wp\/v2\/comments?post=5809"}],"version-history":[{"count":4,"href":"https:\/\/blogs.magicjudges.org\/rules\/wp-json\/wp\/v2\/pages\/5809\/revisions"}],"predecessor-version":[{"id":8549,"href":"https:\/\/blogs.magicjudges.org\/rules\/wp-json\/wp\/v2\/pages\/5809\/revisions\/8549"}],"wp:attachment":[{"href":"https:\/\/blogs.magicjudges.org\/rules\/wp-json\/wp\/v2\/media?parent=5809"}],"wp:term":[{"taxonomy":"language","embeddable":true,"href":"https:\/\/blogs.magicjudges.org\/rules\/wp-json\/wp\/v2\/language?post=5809"}],"curies":[{"name":"wp","href":"https:\/\/api.w.org\/{rel}","templated":true}]}}