{"id":5811,"date":"2017-01-08T01:08:53","date_gmt":"2017-01-07T22:08:53","guid":{"rendered":"http:\/\/blogs.magicjudges.org\/rules\/?page_id=5811"},"modified":"2018-10-03T08:28:32","modified_gmt":"2018-10-03T05:28:32","slug":"mtr3-5-es","status":"publish","type":"page","link":"https:\/\/blogs.magicjudges.org\/rules\/mtr3-5-es\/","title":{"rendered":"MTR 3.5 Cartas de listado"},"content":{"rendered":"<p><span style=\"font-weight: 400\">Las cartas de listado oficiales se usan para representar cartas de dos caras en las colecciones que las incluyen. S\u00f3lo las cartas de listado oficiales pueden usarse para representar cartas de dos caras en un mazo.<\/span><\/p>\n<p><span style=\"font-weight: 400\"><div class=\"alert alert-info\" role=\"alert\"> <\/span><i><span style=\"font-weight: 400\">Es responsabilidad de los jugadores tener cartas de listado o protectores apropiados. Un juez no debe crear proxies para representar cartas de listado a menos que la carta original haya sido da\u00f1ada durante el torneo.<\/span><\/i><span style=\"font-weight: 400\"><\/div><\/span><\/p>\n<p><span style=\"font-weight: 400\">El uso de cartas de listado es necesario si un jugador tiene cartas dobles en su mazo y <\/span><i><span style=\"font-weight: 400\">no<\/span><\/i><span style=\"font-weight: 400\"> est\u00e1 usando protectores completamente opacos.<\/span><\/p>\n<p><span style=\"font-weight: 400\"><div class=\"alert alert-info\" role=\"alert\"> <\/span><i><span style=\"font-weight: 400\">La manera m\u00e1s f\u00e1cil de revisar la opacidad de los protectores es buscar el s\u00edmbolo de man\u00e1 blanco en la cara posterior de una carta que no sea doble.<\/span><\/i><span style=\"font-weight: 400\"><\/div><\/span><\/p>\n<p><span style=\"font-weight: 400\">Si un jugador usa una carta de listado para representar una carta de dos caras en su mazo, todas las copias de esa carta de dos caras en el mazo deben estar representadas por cartas de listado, y cualquier copia de esa carta de dos caras en una zona oculta se considera como que no existen para determinar la legalidad de un mazo.<\/span><\/p>\n<p><span style=\"font-weight: 400\"><div class=\"alert alert-info\" role=\"alert\"> <\/span><i><span style=\"font-weight: 400\">Si un jugador baraja accidentalmente su carta doble en su mazo con cartas de listado, lo tratamos de la misma manera que si hubiera barajado una carta de ficha y la removemos del mazo sin asignar ninguna infracci\u00f3n. Ten en cuenta que esto significa, adem\u00e1s, que <\/span><\/i><b><i>ahora puedes<\/i><\/b><i><span style=\"font-weight: 400\"> combinar. Si un jugador tiene la carta de listado de <a href=\"https:\/\/blogs.magicjudges.org\/rules\/wp-content\/plugins\/lems-mtg-helper\/lems-mtg-helper-cardfinder.php?find=Archangel+Avacyn&width=223&height=310\" class=\"jTip\" name=\"\">Archangel Avacyn<\/a> en su mazo, tambi\u00e9n puede tener tambi\u00e9n cartas de <a href=\"https:\/\/blogs.magicjudges.org\/rules\/wp-content\/plugins\/lems-mtg-helper\/lems-mtg-helper-cardfinder.php?find=Duskwatch+Recruiter&width=223&height=310\" class=\"jTip\" name=\"\">Duskwatch Recruiter<\/a>.<\/span><\/i><span style=\"font-weight: 400\"><\/div><\/span><\/p>\n<p><span style=\"font-weight: 400\">Cada carta de listado individual usada debe tener uno (y solo uno) de los nombres marcado.<\/span><\/p>\n<p><span style=\"font-weight: 400\"><div class=\"alert alert-info\" role=\"alert\"> <\/span><i><span style=\"font-weight: 400\">Algunos jugadores ennegrecer\u00e1n todas las cajas excepto por aquella a la cual representa la carta de listado. Cualquier forma que marque la carta de lista de forma clara es aceptable.<\/span><\/i><span style=\"font-weight: 400\"><\/div><\/span><\/p>\n<p><span style=\"font-weight: 400\">Una carta de listado solo se usa cuando la carta que representa est\u00e1 en una zona oculta. La carta representada por la carta de listado no es una carta jugable de Magic hasta que la carta de listado ha sido puesta en una zona p\u00fablica. No se puede usar varias cartas de listado para representar a una misma copia de la carta actual. Por cada carta de listado usada, el jugador debe tener una copia de la carta disponible, aunque no se consideran<\/span><\/p>\n<p><span style=\"font-weight: 400\">cartas de sideboard y no se presentan al oponente.<\/span><\/p>\n<p><span style=\"font-weight: 400\"><div class=\"alert alert-info\" role=\"alert\"> <\/span><i><span style=\"font-weight: 400\">Cuando la carta de listado est\u00e1 en juego, la carta real debe ser puesta sobre esta. Durante las revisiones de mazo es muy importante verificar la cantidad de cartas de listado y cartas dobles que el jugador posee.<\/span><\/i><span style=\"font-weight: 400\"><\/div><\/span><\/p>\n<p style=\"text-align: justify;margin-bottom: 0px\">\n","protected":false},"excerpt":{"rendered":"<p>Las cartas de listado oficiales se usan para representar cartas de dos caras en las colecciones que las incluyen. S\u00f3lo las cartas de listado oficiales pueden usarse para representar cartas de dos caras en un mazo. El uso de cartas de listado es necesario si un jugador tiene cartas dobles en su mazo y no [&hellip;]<\/p>\n","protected":false},"author":190,"featured_media":0,"parent":0,"menu_order":0,"comment_status":"closed","ping_status":"closed","template":"","meta":{"footnotes":"","_links_to":"","_links_to_target":""},"language":[8],"class_list":["post-5811","page","type-page","status-publish","hentry","language-es"],"_links":{"self":[{"href":"https:\/\/blogs.magicjudges.org\/rules\/wp-json\/wp\/v2\/pages\/5811","targetHints":{"allow":["GET"]}}],"collection":[{"href":"https:\/\/blogs.magicjudges.org\/rules\/wp-json\/wp\/v2\/pages"}],"about":[{"href":"https:\/\/blogs.magicjudges.org\/rules\/wp-json\/wp\/v2\/types\/page"}],"author":[{"embeddable":true,"href":"https:\/\/blogs.magicjudges.org\/rules\/wp-json\/wp\/v2\/users\/190"}],"replies":[{"embeddable":true,"href":"https:\/\/blogs.magicjudges.org\/rules\/wp-json\/wp\/v2\/comments?post=5811"}],"version-history":[{"count":2,"href":"https:\/\/blogs.magicjudges.org\/rules\/wp-json\/wp\/v2\/pages\/5811\/revisions"}],"predecessor-version":[{"id":8371,"href":"https:\/\/blogs.magicjudges.org\/rules\/wp-json\/wp\/v2\/pages\/5811\/revisions\/8371"}],"wp:attachment":[{"href":"https:\/\/blogs.magicjudges.org\/rules\/wp-json\/wp\/v2\/media?parent=5811"}],"wp:term":[{"taxonomy":"language","embeddable":true,"href":"https:\/\/blogs.magicjudges.org\/rules\/wp-json\/wp\/v2\/language?post=5811"}],"curies":[{"name":"wp","href":"https:\/\/api.w.org\/{rel}","templated":true}]}}