{"id":5815,"date":"2017-01-08T01:11:37","date_gmt":"2017-01-07T22:11:37","guid":{"rendered":"http:\/\/blogs.magicjudges.org\/rules\/?page_id=5815"},"modified":"2019-05-21T22:39:44","modified_gmt":"2019-05-21T19:39:44","slug":"mtr3-7-es","status":"publish","type":"page","link":"https:\/\/blogs.magicjudges.org\/rules\/mtr3-7-es\/","title":{"rendered":"MTR 3.7 Nuevos lanzamientos"},"content":{"rendered":"<p><span style=\"font-weight: 400\">Las colecciones de cartas lanzadas son legales en torneos oficiales sancionados en las siguientes fechas:<\/span><\/p>\n<table>\n<tbody>\n<tr>\n<td><span style=\"font-weight: 400\">\u2022<em> La guerra de la chispa<\/em><\/span><i><span style=\"font-weight: 400\">\u2122<\/span><\/i><\/td>\n<td><span style=\"font-weight: 400\">03 de mayo de 2019<\/span><\/td>\n<\/tr>\n<tr>\n<td><span style=\"font-weight: 400\"><i>\u2022 Horizontes de Modern<\/i><i>\u2122<\/i><\/span><\/td>\n<td><span style=\"font-weight: 400\">14 de junio de 2019<\/span><\/td>\n<\/tr>\n<\/tbody>\n<\/table>\n<p><span style=\"font-weight: 400\"><div class=\"alert alert-info\" role=\"alert\"> <\/span><i><span style=\"font-weight: 400\">Las cartas de torneos de presentaci\u00f3n, de spoiler y cartas robadas a Wizards of the Coast no son legales para su uso en torneos hasta que la colecci\u00f3n en el que vienen sea lanzada oficialmente. Esta lista est\u00e1 constantemente actualiz\u00e1ndose, y nos sorprenderemos si las MTR son el primer lugar en el que revisas las fechas.<\/span><\/i><\/p>\n<p><span style=\"font-weight: 400\"><\/div><\/span><\/p>\n<p><span style=\"font-weight: 400\">Solo para los torneos presentaci\u00f3n oficiales, las nuevas colecciones son legales para su uso antes de la fecha oficial para el formato. En estos casos, cualquier actualizaci\u00f3n de reglas anunciada estar\u00e1 en efecto en esos incluyendo explicaciones informales de nuevas reglas y mec\u00e1nicas. Los jueces pueden aplicar reglas adicionales que creen han sido actualizadas.<\/span><\/p>\n<p><span style=\"font-weight: 400\"><div class=\"alert alert-info\" role=\"alert\"> <\/span><i><span style=\"font-weight: 400\">Esta la \u00fanica excepci\u00f3n. Los torneos de presentaci\u00f3n son tratados como si la edici\u00f3n ya hubiera sido lanzada. Cualquier cambio a las reglas, ya sea grande o peque\u00f1o, entra en efecto en el torneo de presentaci\u00f3n a pesar de que no haya sido puesto en efecto hasta el lanzamiento de la edici\u00f3n.<\/span><\/i><\/p>\n<p><i><span style=\"font-weight: 400\">Los jueces pueden aplicar reglas que creen que ser\u00e1n actualizadas, ya sean estas nuevas reglas incre\u00edblemente obvias, como el permitir el uso de Masterpieces sin que tengan un marco de carta legal.<\/span><\/i><span style=\"font-weight: 400\"><\/div><\/span><\/p>\n<p><span style=\"font-weight: 400\">Estas fechas est\u00e1n sujetas a cambios. Cualquier cambio ser\u00e1 anunciado en <\/span><a href=\"http:\/\/www.magicthegathering.com\"><span style=\"font-weight: 400\">http:\/\/www.magicthegathering.com<\/span><\/a><span style=\"font-weight: 400\">.<\/span><\/p>\n<p><span style=\"font-weight: 400\"><div class=\"alert alert-info\" role=\"alert\"> <\/span><i><span style=\"font-weight: 400\">Esta cl\u00e1usula es probable que nunca sea relevante, pero est\u00e1 aqu\u00ed en caso de ser necesaria.<\/span><\/i><span style=\"font-weight: 400\"><\/div><\/span><\/p>\n<p style=\"text-align: justify;margin-bottom: 0px\">\n","protected":false},"excerpt":{"rendered":"<p>Las colecciones de cartas lanzadas son legales en torneos oficiales sancionados en las siguientes fechas: \u2022 La guerra de la chispa\u2122 03 de mayo de 2019 \u2022 Horizontes de Modern\u2122 14 de junio de 2019 Solo para los torneos presentaci\u00f3n oficiales, las nuevas colecciones son legales para su uso antes de la fecha oficial para [&hellip;]<\/p>\n","protected":false},"author":190,"featured_media":0,"parent":0,"menu_order":0,"comment_status":"closed","ping_status":"closed","template":"","meta":{"footnotes":"","_links_to":"","_links_to_target":""},"language":[8],"class_list":["post-5815","page","type-page","status-publish","hentry","language-es"],"_links":{"self":[{"href":"https:\/\/blogs.magicjudges.org\/rules\/wp-json\/wp\/v2\/pages\/5815","targetHints":{"allow":["GET"]}}],"collection":[{"href":"https:\/\/blogs.magicjudges.org\/rules\/wp-json\/wp\/v2\/pages"}],"about":[{"href":"https:\/\/blogs.magicjudges.org\/rules\/wp-json\/wp\/v2\/types\/page"}],"author":[{"embeddable":true,"href":"https:\/\/blogs.magicjudges.org\/rules\/wp-json\/wp\/v2\/users\/190"}],"replies":[{"embeddable":true,"href":"https:\/\/blogs.magicjudges.org\/rules\/wp-json\/wp\/v2\/comments?post=5815"}],"version-history":[{"count":7,"href":"https:\/\/blogs.magicjudges.org\/rules\/wp-json\/wp\/v2\/pages\/5815\/revisions"}],"predecessor-version":[{"id":9081,"href":"https:\/\/blogs.magicjudges.org\/rules\/wp-json\/wp\/v2\/pages\/5815\/revisions\/9081"}],"wp:attachment":[{"href":"https:\/\/blogs.magicjudges.org\/rules\/wp-json\/wp\/v2\/media?parent=5815"}],"wp:term":[{"taxonomy":"language","embeddable":true,"href":"https:\/\/blogs.magicjudges.org\/rules\/wp-json\/wp\/v2\/language?post=5815"}],"curies":[{"name":"wp","href":"https:\/\/api.w.org\/{rel}","templated":true}]}}