{"id":5817,"date":"2017-01-08T01:13:01","date_gmt":"2017-01-07T22:13:01","guid":{"rendered":"http:\/\/blogs.magicjudges.org\/rules\/?page_id=5817"},"modified":"2018-10-03T08:29:50","modified_gmt":"2018-10-03T05:29:50","slug":"mtr3-8-es","status":"publish","type":"page","link":"https:\/\/blogs.magicjudges.org\/rules\/mtr3-8-es\/","title":{"rendered":"MTR 3.8 Marcadores de juego"},"content":{"rendered":"<p><span style=\"font-weight: 400\">Elementos peque\u00f1os (como perlas de vidrio) pueden usarse como marcadores y colocarse encima de la biblioteca o cementerio como recordatorio de efectos del juego. Estos marcadores no pueden ocultar la cantidad de cartas que quedan en esa zona ni tapar completamente alguna carta.<\/span><\/p>\n<p><span style=\"font-weight: 400\"><div class=\"alert alert-info\" role=\"alert\"> <\/span><i><span style=\"font-weight: 400\">Los jugadores usualmente ponen objetos encima de sus mazos para evitar olvidarse de efectos como habilidades disparadas que ocurren en el mantenimiento, por ejemplo Rebote (Rebound), as\u00ed como objetos encima de sus cementerios para no olvidar alg\u00fan efecto continuo. \u201cPeque\u00f1os\u201d es un t\u00e9rmino muy subjetivo, y hasta hay historias de jugadores usando peceras, las cuales cubr\u00edan completamente sus respectivos mazos, con el fin de evitar robar una carta antes de recordar una habilidad disparada en el mantenimiento. Las reglas importantes aqu\u00ed son que el objeto no puede ocultar las cartas, no puede hacer que sea dif\u00edcil ver cartas que ya est\u00e9n reveladas, y tampoco se puede usar una carta como dicho objeto.<\/span><\/i><span style=\"font-weight: 400\"><\/div><\/span><\/p>\n<p><span style=\"font-weight: 400\">Los jugadores que usen marcadores para representar componentes del juego (como permanentes) deben usar una manera clara de representar el estatus en juego, como por ejemplo si un permanente est\u00e1 girado.<\/span><\/p>\n<p><span style=\"font-weight: 400\"><div class=\"alert alert-info\" role=\"alert\"> <\/span><i><span style=\"font-weight: 400\">Los jugadores suelen usar dados, piedritas, monedas u otros objetos similares para representar Fichas. Esto est\u00e1 perfectamente bien, pero deben ser capaces de demostrar si es que el objeto est\u00e1 girado o no.<\/span><\/i><span style=\"font-weight: 400\"><\/div><\/span><\/p>\n<p><span style=\"font-weight: 400\">Los protectores (fundas) o reversos de cartas que parecen similares a los protectores de un jugador o a los reversos de las cartas de su mazo no pueden usarse como marcadores.<\/span><\/p>\n<p><span style=\"font-weight: 400\"><div class=\"alert alert-info\" role=\"alert\"> <\/span><i><span style=\"font-weight: 400\">Siempre tratamos de evitar que el estado de juego se vuelva innecesariamente confuso, as\u00ed que tener algo que represente una Ficha, y que no sea obvio que es una Ficha es un problema. Como los protectores y los reversos de cartas pueden confundirse con cartas reales o por criaturas con Metamorfosis, su uso no est\u00e1 permitido si es que fueran a generar dicha confusi\u00f3n.<\/span><\/i><span style=\"font-weight: 400\"><\/div><\/span><\/p>\n<p><span style=\"font-weight: 400\">Un oficial de torneo puede prohibir el uso de marcadores que causan confusi\u00f3n o que sean inapropiados u ofensivos.<\/span><\/p>\n<p><span style=\"font-weight: 400\"><div class=\"alert alert-info\" role=\"alert\"> <\/span><i><span style=\"font-weight: 400\">Siempre apuntamos a crear un ambiente acogedor en los eventos de Magic, y as\u00ed como tambi\u00e9n ocurre con el comportamiento, alteraciones de cartas, camisetas, y a veces las Fichas personalizadas pueden cruzar esta l\u00ednea. Si el juez cree que algo usado por el jugador puede generar disrupci\u00f3n o incomodidad, el juez tambi\u00e9n puede reforzar esto con una penalizaci\u00f3n de<\/span><\/i><a href=\"http:\/\/blogs.magicjudges.org\/rules\/ipg4-1-es\/\"> <i><span style=\"font-weight: 400\">Conducta Antideportiva \u2014 Menor<\/span><\/i><\/a><i><span style=\"font-weight: 400\">. Adicionalmente, si no est\u00e1 claro qu\u00e9 es lo que una Ficha representa, un juez puede requerir el uso de otro m\u00e9todo para que la situaci\u00f3n sea m\u00e1s clara. No hay ninguna l\u00ednea estricta aqu\u00ed, as\u00ed que se utiliza el criterio de los Oficiales de Torneo.<\/span><\/i><span style=\"font-weight: 400\"><\/div><\/span><\/p>\n<p style=\"text-align: justify;margin-bottom: 0px\">\n","protected":false},"excerpt":{"rendered":"<p>Elementos peque\u00f1os (como perlas de vidrio) pueden usarse como marcadores y colocarse encima de la biblioteca o cementerio como recordatorio de efectos del juego. Estos marcadores no pueden ocultar la cantidad de cartas que quedan en esa zona ni tapar completamente alguna carta. Los jugadores que usen marcadores para representar componentes del juego (como permanentes) [&hellip;]<\/p>\n","protected":false},"author":190,"featured_media":0,"parent":0,"menu_order":0,"comment_status":"closed","ping_status":"closed","template":"","meta":{"footnotes":"","_links_to":"","_links_to_target":""},"language":[8],"class_list":["post-5817","page","type-page","status-publish","hentry","language-es"],"_links":{"self":[{"href":"https:\/\/blogs.magicjudges.org\/rules\/wp-json\/wp\/v2\/pages\/5817","targetHints":{"allow":["GET"]}}],"collection":[{"href":"https:\/\/blogs.magicjudges.org\/rules\/wp-json\/wp\/v2\/pages"}],"about":[{"href":"https:\/\/blogs.magicjudges.org\/rules\/wp-json\/wp\/v2\/types\/page"}],"author":[{"embeddable":true,"href":"https:\/\/blogs.magicjudges.org\/rules\/wp-json\/wp\/v2\/users\/190"}],"replies":[{"embeddable":true,"href":"https:\/\/blogs.magicjudges.org\/rules\/wp-json\/wp\/v2\/comments?post=5817"}],"version-history":[{"count":2,"href":"https:\/\/blogs.magicjudges.org\/rules\/wp-json\/wp\/v2\/pages\/5817\/revisions"}],"predecessor-version":[{"id":8374,"href":"https:\/\/blogs.magicjudges.org\/rules\/wp-json\/wp\/v2\/pages\/5817\/revisions\/8374"}],"wp:attachment":[{"href":"https:\/\/blogs.magicjudges.org\/rules\/wp-json\/wp\/v2\/media?parent=5817"}],"wp:term":[{"taxonomy":"language","embeddable":true,"href":"https:\/\/blogs.magicjudges.org\/rules\/wp-json\/wp\/v2\/language?post=5817"}],"curies":[{"name":"wp","href":"https:\/\/api.w.org\/{rel}","templated":true}]}}