{"id":5823,"date":"2017-01-08T01:16:36","date_gmt":"2017-01-07T22:16:36","guid":{"rendered":"http:\/\/blogs.magicjudges.org\/rules\/?page_id=5823"},"modified":"2018-10-03T08:31:34","modified_gmt":"2018-10-03T05:31:34","slug":"mtr3-11-es","status":"publish","type":"page","link":"https:\/\/blogs.magicjudges.org\/rules\/mtr3-11-es\/","title":{"rendered":"MTR 3.11 Cartas marcadas"},"content":{"rendered":"<p><span style=\"font-weight: 400\">Los jugadores son responsables de asegurarse que sus cartas y\/o protectores no est\u00e1n marcados durante un torneo. Se considera que una carta est\u00e1 marcada si tiene algo que hace posible su identificaci\u00f3n sin ver su frente, incluyendo (pero no limitado a) rayas, decoloraciones, dobleces no naturales, etc.<\/span><\/p>\n<p><span style=\"font-weight: 400\"><div class=\"alert alert-info\" role=\"alert\"> <\/span><i><span style=\"font-weight: 400\">Las cartas deben resaltar del mazo para considerarse marcadas. Si debemos doblar la carta y observar desde \u00e1ngulos poco convencionales a contra luz, entonces no se considera marcada.<\/span><\/i><\/p>\n<p><span style=\"font-weight: 400\"><\/div><\/span><\/p>\n<p><span style=\"font-weight: 400\">Si las cartas de un jugador tienen protectores, las cartas deben ser examinadas dentro de los protectores para determinar si est\u00e1n marcadas. Los jugadores deben tener cuidado al colocar protectores a sus mazos y deben aleatorizar sus mazos antes de colocarles protectores para reducir la posibilidad de que las cartas se marquen con un patr\u00f3n. Los jugadores deben recordar que las cartas o protectores se gastan y potencialmente marcan durante un torneo.<\/span><\/p>\n<p><span style=\"font-weight: 400\"><div class=\"alert alert-info\" role=\"alert\"> <\/span><i><span style=\"font-weight: 400\">Muchas marcas de protectores tendr\u00e1n inconsistencias en sus cortes o colores. Los jugadores deber\u00e1n barajar los protectores y las cartas antes de usarlos en conjunto para prevenir inconsistencias o crear un patr\u00f3n reconocible.<\/span><\/i><span style=\"font-weight: 400\"><\/div><\/span><\/p>\n<p><span style=\"font-weight: 400\">El juez principal tiene la autoridad para determinar si una carta o serie de cartas en el mazo de un jugador est\u00e1n marcadas o no. Los jueces pueden pedir a un jugador que quite sus protectores o reemplace algunos de inmediato, o antes de la pr\u00f3xima ronda.<\/span><\/p>\n<p><span style=\"font-weight: 400\"><div class=\"alert alert-info\" role=\"alert\"> <\/span><i><span style=\"font-weight: 400\">Si los protectores est\u00e1n lo suficientemente marcados para sancionar con una Advertencia (Warning) durante un torneo de NIR Competitivo, indicarle al jugador que cambie los protectores entre rondas. Si se le acaba el tiempo de ronda, otorgar el tiempo suficiente durante la siguiente ronda para que pueda colocar los protectores de la mejor forma. Si la sanci\u00f3n ha sido aumentada a un Juego Perdido (Game Loss), el jugador deber\u00e1 reemplazar los protectores inmediatamente. A menudo se solicita a los jueces que asistan al jugador para acelerar el proceso. Aseg\u00farate de seguir al jugador luego de un rato para estar seguros de que reemplaz\u00f3 los protectores.<\/span><\/i><span style=\"font-weight: 400\"><\/div><\/span><\/p>\n","protected":false},"excerpt":{"rendered":"<p>Los jugadores son responsables de asegurarse que sus cartas y\/o protectores no est\u00e1n marcados durante un torneo. Se considera que una carta est\u00e1 marcada si tiene algo que hace posible su identificaci\u00f3n sin ver su frente, incluyendo (pero no limitado a) rayas, decoloraciones, dobleces no naturales, etc. Si las cartas de un jugador tienen protectores, [&hellip;]<\/p>\n","protected":false},"author":190,"featured_media":0,"parent":0,"menu_order":0,"comment_status":"closed","ping_status":"closed","template":"","meta":{"footnotes":"","_links_to":"","_links_to_target":""},"language":[8],"class_list":["post-5823","page","type-page","status-publish","hentry","language-es"],"_links":{"self":[{"href":"https:\/\/blogs.magicjudges.org\/rules\/wp-json\/wp\/v2\/pages\/5823","targetHints":{"allow":["GET"]}}],"collection":[{"href":"https:\/\/blogs.magicjudges.org\/rules\/wp-json\/wp\/v2\/pages"}],"about":[{"href":"https:\/\/blogs.magicjudges.org\/rules\/wp-json\/wp\/v2\/types\/page"}],"author":[{"embeddable":true,"href":"https:\/\/blogs.magicjudges.org\/rules\/wp-json\/wp\/v2\/users\/190"}],"replies":[{"embeddable":true,"href":"https:\/\/blogs.magicjudges.org\/rules\/wp-json\/wp\/v2\/comments?post=5823"}],"version-history":[{"count":3,"href":"https:\/\/blogs.magicjudges.org\/rules\/wp-json\/wp\/v2\/pages\/5823\/revisions"}],"predecessor-version":[{"id":8378,"href":"https:\/\/blogs.magicjudges.org\/rules\/wp-json\/wp\/v2\/pages\/5823\/revisions\/8378"}],"wp:attachment":[{"href":"https:\/\/blogs.magicjudges.org\/rules\/wp-json\/wp\/v2\/media?parent=5823"}],"wp:term":[{"taxonomy":"language","embeddable":true,"href":"https:\/\/blogs.magicjudges.org\/rules\/wp-json\/wp\/v2\/language?post=5823"}],"curies":[{"name":"wp","href":"https:\/\/api.w.org\/{rel}","templated":true}]}}