{"id":5825,"date":"2017-01-08T01:18:08","date_gmt":"2017-01-07T22:18:08","guid":{"rendered":"http:\/\/blogs.magicjudges.org\/rules\/?page_id=5825"},"modified":"2018-10-03T08:31:41","modified_gmt":"2018-10-03T05:31:41","slug":"mtr3-12-es","status":"publish","type":"page","link":"https:\/\/blogs.magicjudges.org\/rules\/mtr3-12-es\/","title":{"rendered":"MTR 3.12 Informaci\u00f3n oculta"},"content":{"rendered":"<p><span style=\"font-weight: 400\">La informaci\u00f3n oculta hace referencia a las caras de las cartas y a otros objetos a los cuales las reglas de juego y formato no te permiten mirar.<\/span><\/p>\n<p><span style=\"font-weight: 400\"><div class=\"alert alert-info\" role=\"alert\"> <\/span><i><span style=\"font-weight: 400\">Las cartas en la biblioteca, cartas en la mano de tu oponente, cartas exiliadas boca abajo (como con Pyxis del pandem\u00f3nium\/<a href=\"https:\/\/blogs.magicjudges.org\/rules\/wp-content\/plugins\/lems-mtg-helper\/lems-mtg-helper-cardfinder.php?find=Pyxis+of+Pandemonium&width=223&height=310\" class=\"jTip\" name=\"\">Pyxis of Pandemonium<\/a>), y cartas que otros jugadores hayan drafteado, son ejemplos de informaci\u00f3n oculta. <\/span><\/i><span style=\"font-weight: 400\"><\/div><\/span><\/p>\n<p><span style=\"font-weight: 400\">Durante una partida, un draft, y procedimientos pre-juego, los jugadores son responsables de mantener sus cartas sobre el nivel de la superficie de juego, tomando recaudos para no revelar informaci\u00f3n oculta. Sin embargo, los jugadores pueden elegir mostrar sus manos o cualquier otra informaci\u00f3n oculta disponible para ellos, a menos que est\u00e9 espec\u00edficamente prohibido por las reglas. Los jugadores no pueden activamente intentar obtener informaci\u00f3n oculta para ellos, pero no tienen que informar a sus oponentes que accidentalmente est\u00e1n revelando informaci\u00f3n oculta.<\/span><\/p>\n<p><span style=\"font-weight: 400\"><div class=\"alert alert-info\" role=\"alert\"> <\/span><i><span style=\"font-weight: 400\">Los jugadores pueden mostrar a sus oponentes cualquier informaci\u00f3n que a ese jugador le est\u00e9 permitido ver. Esto significa que no pueden mostrar el contenido de su mazo a menos que le est\u00e9 permitido hacerlo (p.e. al buscar). Los jugadores no pueden intentar mirar la mano de su oponente, pero si el oponente la est\u00e1 revelando, no es necesario informarle. <\/span><\/i><span style=\"font-weight: 400\"><\/div><\/span><\/p>\n<p style=\"text-align: justify;margin-bottom: 0px\">\n","protected":false},"excerpt":{"rendered":"<p>La informaci\u00f3n oculta hace referencia a las caras de las cartas y a otros objetos a los cuales las reglas de juego y formato no te permiten mirar. Durante una partida, un draft, y procedimientos pre-juego, los jugadores son responsables de mantener sus cartas sobre el nivel de la superficie de juego, tomando recaudos para [&hellip;]<\/p>\n","protected":false},"author":190,"featured_media":0,"parent":0,"menu_order":0,"comment_status":"closed","ping_status":"closed","template":"","meta":{"footnotes":"","_links_to":"","_links_to_target":""},"language":[8],"class_list":["post-5825","page","type-page","status-publish","hentry","language-es"],"_links":{"self":[{"href":"https:\/\/blogs.magicjudges.org\/rules\/wp-json\/wp\/v2\/pages\/5825","targetHints":{"allow":["GET"]}}],"collection":[{"href":"https:\/\/blogs.magicjudges.org\/rules\/wp-json\/wp\/v2\/pages"}],"about":[{"href":"https:\/\/blogs.magicjudges.org\/rules\/wp-json\/wp\/v2\/types\/page"}],"author":[{"embeddable":true,"href":"https:\/\/blogs.magicjudges.org\/rules\/wp-json\/wp\/v2\/users\/190"}],"replies":[{"embeddable":true,"href":"https:\/\/blogs.magicjudges.org\/rules\/wp-json\/wp\/v2\/comments?post=5825"}],"version-history":[{"count":2,"href":"https:\/\/blogs.magicjudges.org\/rules\/wp-json\/wp\/v2\/pages\/5825\/revisions"}],"predecessor-version":[{"id":8379,"href":"https:\/\/blogs.magicjudges.org\/rules\/wp-json\/wp\/v2\/pages\/5825\/revisions\/8379"}],"wp:attachment":[{"href":"https:\/\/blogs.magicjudges.org\/rules\/wp-json\/wp\/v2\/media?parent=5825"}],"wp:term":[{"taxonomy":"language","embeddable":true,"href":"https:\/\/blogs.magicjudges.org\/rules\/wp-json\/wp\/v2\/language?post=5825"}],"curies":[{"name":"wp","href":"https:\/\/api.w.org\/{rel}","templated":true}]}}