{"id":5827,"date":"2017-01-08T01:19:12","date_gmt":"2017-01-07T22:19:12","guid":{"rendered":"http:\/\/blogs.magicjudges.org\/rules\/?page_id=5827"},"modified":"2018-10-03T08:31:47","modified_gmt":"2018-10-03T05:31:47","slug":"mtr3-13-es","status":"publish","type":"page","link":"https:\/\/blogs.magicjudges.org\/rules\/mtr3-13-es\/","title":{"rendered":"MTR 3.13 Cartas giradas o invertidas"},"content":{"rendered":"<p><span style=\"font-weight: 400\">S\u00ed una carta debe estar girada o invertida, debe estar rotada aproximadamente 90 grados (girada) o 180 grados (invertida), lo que sea adecuado.<\/span><\/p>\n<p><span style=\"font-weight: 400\"><div class=\"alert alert-info\" role=\"alert\"> <\/span><i><span style=\"font-weight: 400\">Las cartas volteadas fueron introducidas, y \u00fanicamente est\u00e1n, en el bloque de Kamigawa. Consisten en cartas con dos textos de reglas, y tienen una condici\u00f3n para voltearse de su forma original a su forma alternada.<\/span><\/i><\/p>\n<p><i><span style=\"font-weight: 400\">Si una carta est\u00e1 girada o volteada corresponde a un estado del juego, y necesita ser claramente comunicado con el oponente, y las referencias visuales son muy \u00fatiles en estos casos.<\/span><\/i><span style=\"font-weight: 400\"><\/div><\/span><\/p>\n<p style=\"text-align: justify;margin-bottom: 0px\">\n","protected":false},"excerpt":{"rendered":"<p>S\u00ed una carta debe estar girada o invertida, debe estar rotada aproximadamente 90 grados (girada) o 180 grados (invertida), lo que sea adecuado.<\/p>\n","protected":false},"author":190,"featured_media":0,"parent":0,"menu_order":0,"comment_status":"closed","ping_status":"closed","template":"","meta":{"footnotes":"","_links_to":"","_links_to_target":""},"language":[8],"class_list":["post-5827","page","type-page","status-publish","hentry","language-es"],"_links":{"self":[{"href":"https:\/\/blogs.magicjudges.org\/rules\/wp-json\/wp\/v2\/pages\/5827","targetHints":{"allow":["GET"]}}],"collection":[{"href":"https:\/\/blogs.magicjudges.org\/rules\/wp-json\/wp\/v2\/pages"}],"about":[{"href":"https:\/\/blogs.magicjudges.org\/rules\/wp-json\/wp\/v2\/types\/page"}],"author":[{"embeddable":true,"href":"https:\/\/blogs.magicjudges.org\/rules\/wp-json\/wp\/v2\/users\/190"}],"replies":[{"embeddable":true,"href":"https:\/\/blogs.magicjudges.org\/rules\/wp-json\/wp\/v2\/comments?post=5827"}],"version-history":[{"count":3,"href":"https:\/\/blogs.magicjudges.org\/rules\/wp-json\/wp\/v2\/pages\/5827\/revisions"}],"predecessor-version":[{"id":8380,"href":"https:\/\/blogs.magicjudges.org\/rules\/wp-json\/wp\/v2\/pages\/5827\/revisions\/8380"}],"wp:attachment":[{"href":"https:\/\/blogs.magicjudges.org\/rules\/wp-json\/wp\/v2\/media?parent=5827"}],"wp:term":[{"taxonomy":"language","embeddable":true,"href":"https:\/\/blogs.magicjudges.org\/rules\/wp-json\/wp\/v2\/language?post=5827"}],"curies":[{"name":"wp","href":"https:\/\/api.w.org\/{rel}","templated":true}]}}